{"id":8107,"date":"2025-09-19T08:44:52","date_gmt":"2025-09-19T06:44:52","guid":{"rendered":"https:\/\/bythemoon.eu\/en\/?post_type=product&#038;p=8107"},"modified":"2025-11-14T14:16:49","modified_gmt":"2025-11-14T13:16:49","slug":"kuloty-aya-dark-choco","status":"publish","type":"product","link":"https:\/\/bythemoon.eu\/en\/product\/kuloty-aya-dark-choco\/","title":{"rendered":"kuloty Aya dark choco"},"content":{"rendered":"<p>Damskie spodnie typu kuloty w odcieniu g\u0142\u0119bokiej, ciemnej czekolady. Szerokie nogawki o d\u0142ugo\u015bci do po\u0142owy \u0142ydki nadaj\u0105 spodniom lekko\u015bci, charakteru i nonszalancji \u2013 to fason, kt\u00f3ry daje swobod\u0119 ruchu i nowoczesny, minimalistyczny look. Guma w pasie podkre\u015bla tali\u0119 bez opinania i u\u0142atwia komfortowe noszenie. Kolor Dark Choco to ciep\u0142y, otulaj\u0105cy br\u0105z \u2013 idealny do naszych br\u0105zowych lub niebieskich swetr\u00f3w merino, delikatnego r\u00f3\u017cu i b\u0142\u0119kitu. No\u015b je z balerinami, trampkami czy wysokimi kozakami.<\/p>\n","protected":false},"excerpt":{"rendered":"<p>Damskie spodnie typu kuloty w odcieniu g\u0142\u0119bokiej, ciemnej czekolady. Szerokie nogawki o d\u0142ugo\u015bci do po\u0142owy \u0142ydki nadaj\u0105 spodniom lekko\u015bci, charakteru i nonszalancji \u2013 to fason, kt\u00f3ry daje swobod\u0119 ruchu i nowoczesny, minimalistyczny look. Guma w pasie podkre\u015bla tali\u0119 bez opinania i u\u0142atwia komfortowe noszenie. Kolor Dark Choco to ciep\u0142y, otulaj\u0105cy br\u0105z \u2013 idealny do naszych [&#8230;]\n","protected":false},"featured_media":8138,"template":"","meta":[],"product_brand":[],"product_cat":[22,21,50],"product_tag":[],"class_list":{"0":"post-8107","1":"product","2":"type-product","3":"status-publish","4":"has-post-thumbnail","6":"product_cat-bottoms","7":"product_cat-btm-en","8":"product_cat-new-in","10":"first","11":"outofstock","12":"taxable","13":"shipping-taxable","14":"purchasable","15":"product-type-variable"},"yoast_head":"<!-- This site is optimized with the Yoast SEO plugin v27.0 - https:\/\/yoast.com\/product\/yoast-seo-wordpress\/ -->\n<title>kuloty Aya dark choco - By The Moon EN<\/title>\n<meta name=\"robots\" content=\"index, follow, max-snippet:-1, max-image-preview:large, max-video-preview:-1\" \/>\n<link rel=\"canonical\" href=\"https:\/\/bythemoon.eu\/en\/product\/kuloty-aya-dark-choco\/\" \/>\n<meta property=\"og:locale\" content=\"en_US\" \/>\n<meta property=\"og:type\" content=\"article\" \/>\n<meta property=\"og:title\" content=\"kuloty Aya dark choco - By The Moon EN\" \/>\n<meta property=\"og:description\" content=\"Damskie spodnie typu kuloty w odcieniu g\u0142\u0119bokiej, ciemnej czekolady. Szerokie nogawki o d\u0142ugo\u015bci do po\u0142owy \u0142ydki nadaj\u0105 spodniom lekko\u015bci, charakteru i nonszalancji \u2013 to fason, kt\u00f3ry daje swobod\u0119 ruchu i nowoczesny, minimalistyczny look. Guma w pasie podkre\u015bla tali\u0119 bez opinania i u\u0142atwia komfortowe noszenie. Kolor Dark Choco to ciep\u0142y, otulaj\u0105cy br\u0105z \u2013 idealny do naszych [...]\" \/>\n<meta property=\"og:url\" content=\"https:\/\/bythemoon.eu\/en\/product\/kuloty-aya-dark-choco\/\" \/>\n<meta property=\"og:site_name\" content=\"By The Moon EN\" \/>\n<meta property=\"article:modified_time\" content=\"2025-11-14T13:16:49+00:00\" \/>\n<meta property=\"og:image\" content=\"https:\/\/bythemoon.eu\/en\/wp-content\/uploads\/2025\/09\/kafelek-spodnie2.jpg\" \/>\n\t<meta property=\"og:image:width\" content=\"1000\" \/>\n\t<meta property=\"og:image:height\" content=\"1400\" \/>\n\t<meta property=\"og:image:type\" content=\"image\/jpeg\" \/>\n<script type=\"application\/ld+json\" class=\"yoast-schema-graph\">{\"@context\":\"https:\/\/schema.org\",\"@graph\":[{\"@type\":\"WebPage\",\"@id\":\"https:\/\/bythemoon.eu\/en\/product\/kuloty-aya-dark-choco\/\",\"url\":\"https:\/\/bythemoon.eu\/en\/product\/kuloty-aya-dark-choco\/\",\"name\":\"kuloty Aya dark choco - By The Moon EN\",\"isPartOf\":{\"@id\":\"https:\/\/bythemoon.eu\/en\/#website\"},\"primaryImageOfPage\":{\"@id\":\"https:\/\/bythemoon.eu\/en\/product\/kuloty-aya-dark-choco\/#primaryimage\"},\"image\":{\"@id\":\"https:\/\/bythemoon.eu\/en\/product\/kuloty-aya-dark-choco\/#primaryimage\"},\"thumbnailUrl\":\"https:\/\/bythemoon.eu\/en\/wp-content\/uploads\/2025\/09\/kafelek-spodnie2.jpg\",\"datePublished\":\"2025-09-19T06:44:52+00:00\",\"dateModified\":\"2025-11-14T13:16:49+00:00\",\"breadcrumb\":{\"@id\":\"https:\/\/bythemoon.eu\/en\/product\/kuloty-aya-dark-choco\/#breadcrumb\"},\"inLanguage\":\"en-US\",\"potentialAction\":[{\"@type\":\"ReadAction\",\"target\":[\"https:\/\/bythemoon.eu\/en\/product\/kuloty-aya-dark-choco\/\"]}]},{\"@type\":\"ImageObject\",\"inLanguage\":\"en-US\",\"@id\":\"https:\/\/bythemoon.eu\/en\/product\/kuloty-aya-dark-choco\/#primaryimage\",\"url\":\"https:\/\/bythemoon.eu\/en\/wp-content\/uploads\/2025\/09\/kafelek-spodnie2.jpg\",\"contentUrl\":\"https:\/\/bythemoon.eu\/en\/wp-content\/uploads\/2025\/09\/kafelek-spodnie2.jpg\",\"width\":1000,\"height\":1400,\"caption\":\"r\u0105zowe kuloty damskie, 100% bawe\u0142na, b\u0142\u0119kitny sweter merino,\"},{\"@type\":\"BreadcrumbList\",\"@id\":\"https:\/\/bythemoon.eu\/en\/product\/kuloty-aya-dark-choco\/#breadcrumb\",\"itemListElement\":[{\"@type\":\"ListItem\",\"position\":1,\"name\":\"Strona g\u0142\u00f3wna\",\"item\":\"https:\/\/bythemoon.eu\/en\/\"},{\"@type\":\"ListItem\",\"position\":2,\"name\":\"Shop\",\"item\":\"https:\/\/bythemoon.eu\/en\/shop\/\"},{\"@type\":\"ListItem\",\"position\":3,\"name\":\"kuloty Aya dark choco\"}]},{\"@type\":\"WebSite\",\"@id\":\"https:\/\/bythemoon.eu\/en\/#website\",\"url\":\"https:\/\/bythemoon.eu\/en\/\",\"name\":\"By The Moon EN\",\"description\":\"\",\"potentialAction\":[{\"@type\":\"SearchAction\",\"target\":{\"@type\":\"EntryPoint\",\"urlTemplate\":\"https:\/\/bythemoon.eu\/en\/?s={search_term_string}\"},\"query-input\":{\"@type\":\"PropertyValueSpecification\",\"valueRequired\":true,\"valueName\":\"search_term_string\"}}],\"inLanguage\":\"en-US\"}]}<\/script>\n<!-- \/ Yoast SEO plugin. -->","yoast_head_json":{"title":"kuloty Aya dark choco - By The Moon EN","robots":{"index":"index","follow":"follow","max-snippet":"max-snippet:-1","max-image-preview":"max-image-preview:large","max-video-preview":"max-video-preview:-1"},"canonical":"https:\/\/bythemoon.eu\/en\/product\/kuloty-aya-dark-choco\/","og_locale":"en_US","og_type":"article","og_title":"kuloty Aya dark choco - By The Moon EN","og_description":"Damskie spodnie typu kuloty w odcieniu g\u0142\u0119bokiej, ciemnej czekolady. Szerokie nogawki o d\u0142ugo\u015bci do po\u0142owy \u0142ydki nadaj\u0105 spodniom lekko\u015bci, charakteru i nonszalancji \u2013 to fason, kt\u00f3ry daje swobod\u0119 ruchu i nowoczesny, minimalistyczny look. Guma w pasie podkre\u015bla tali\u0119 bez opinania i u\u0142atwia komfortowe noszenie. Kolor Dark Choco to ciep\u0142y, otulaj\u0105cy br\u0105z \u2013 idealny do naszych [...]","og_url":"https:\/\/bythemoon.eu\/en\/product\/kuloty-aya-dark-choco\/","og_site_name":"By The Moon EN","article_modified_time":"2025-11-14T13:16:49+00:00","og_image":[{"width":1000,"height":1400,"url":"https:\/\/bythemoon.eu\/en\/wp-content\/uploads\/2025\/09\/kafelek-spodnie2.jpg","type":"image\/jpeg"}],"schema":{"@context":"https:\/\/schema.org","@graph":[{"@type":"WebPage","@id":"https:\/\/bythemoon.eu\/en\/product\/kuloty-aya-dark-choco\/","url":"https:\/\/bythemoon.eu\/en\/product\/kuloty-aya-dark-choco\/","name":"kuloty Aya dark choco - By The Moon EN","isPartOf":{"@id":"https:\/\/bythemoon.eu\/en\/#website"},"primaryImageOfPage":{"@id":"https:\/\/bythemoon.eu\/en\/product\/kuloty-aya-dark-choco\/#primaryimage"},"image":{"@id":"https:\/\/bythemoon.eu\/en\/product\/kuloty-aya-dark-choco\/#primaryimage"},"thumbnailUrl":"https:\/\/bythemoon.eu\/en\/wp-content\/uploads\/2025\/09\/kafelek-spodnie2.jpg","datePublished":"2025-09-19T06:44:52+00:00","dateModified":"2025-11-14T13:16:49+00:00","breadcrumb":{"@id":"https:\/\/bythemoon.eu\/en\/product\/kuloty-aya-dark-choco\/#breadcrumb"},"inLanguage":"en-US","potentialAction":[{"@type":"ReadAction","target":["https:\/\/bythemoon.eu\/en\/product\/kuloty-aya-dark-choco\/"]}]},{"@type":"ImageObject","inLanguage":"en-US","@id":"https:\/\/bythemoon.eu\/en\/product\/kuloty-aya-dark-choco\/#primaryimage","url":"https:\/\/bythemoon.eu\/en\/wp-content\/uploads\/2025\/09\/kafelek-spodnie2.jpg","contentUrl":"https:\/\/bythemoon.eu\/en\/wp-content\/uploads\/2025\/09\/kafelek-spodnie2.jpg","width":1000,"height":1400,"caption":"r\u0105zowe kuloty damskie, 100% bawe\u0142na, b\u0142\u0119kitny sweter merino,"},{"@type":"BreadcrumbList","@id":"https:\/\/bythemoon.eu\/en\/product\/kuloty-aya-dark-choco\/#breadcrumb","itemListElement":[{"@type":"ListItem","position":1,"name":"Strona g\u0142\u00f3wna","item":"https:\/\/bythemoon.eu\/en\/"},{"@type":"ListItem","position":2,"name":"Shop","item":"https:\/\/bythemoon.eu\/en\/shop\/"},{"@type":"ListItem","position":3,"name":"kuloty Aya dark choco"}]},{"@type":"WebSite","@id":"https:\/\/bythemoon.eu\/en\/#website","url":"https:\/\/bythemoon.eu\/en\/","name":"By The Moon EN","description":"","potentialAction":[{"@type":"SearchAction","target":{"@type":"EntryPoint","urlTemplate":"https:\/\/bythemoon.eu\/en\/?s={search_term_string}"},"query-input":{"@type":"PropertyValueSpecification","valueRequired":true,"valueName":"search_term_string"}}],"inLanguage":"en-US"}]}},"_links":{"self":[{"href":"https:\/\/bythemoon.eu\/en\/wp-json\/wp\/v2\/product\/8107","targetHints":{"allow":["GET"]}}],"collection":[{"href":"https:\/\/bythemoon.eu\/en\/wp-json\/wp\/v2\/product"}],"about":[{"href":"https:\/\/bythemoon.eu\/en\/wp-json\/wp\/v2\/types\/product"}],"wp:featuredmedia":[{"embeddable":true,"href":"https:\/\/bythemoon.eu\/en\/wp-json\/wp\/v2\/media\/8138"}],"wp:attachment":[{"href":"https:\/\/bythemoon.eu\/en\/wp-json\/wp\/v2\/media?parent=8107"}],"wp:term":[{"taxonomy":"product_brand","embeddable":true,"href":"https:\/\/bythemoon.eu\/en\/wp-json\/wp\/v2\/product_brand?post=8107"},{"taxonomy":"product_cat","embeddable":true,"href":"https:\/\/bythemoon.eu\/en\/wp-json\/wp\/v2\/product_cat?post=8107"},{"taxonomy":"product_tag","embeddable":true,"href":"https:\/\/bythemoon.eu\/en\/wp-json\/wp\/v2\/product_tag?post=8107"}],"curies":[{"name":"wp","href":"https:\/\/api.w.org\/{rel}","templated":true}]}}