{"id":8101,"date":"2025-09-19T08:44:50","date_gmt":"2025-09-19T06:44:50","guid":{"rendered":"https:\/\/bythemoon.eu\/en\/?post_type=product&#038;p=8101"},"modified":"2025-11-14T14:16:49","modified_gmt":"2025-11-14T13:16:49","slug":"spodnie-wander-sage","status":"publish","type":"product","link":"https:\/\/bythemoon.eu\/en\/product\/spodnie-wander-sage\/","title":{"rendered":"spodnie Wander sage"},"content":{"rendered":"<p>Lu\u017ane, zw\u0119\u017cane spodnie damskie, o kroju carrot fit, w najmodniejszym kolorze sza\u0142wiowo-oliwkowym. Maj\u0105 lu\u017aniejsz\u0105 form\u0119 z nogawkami zw\u0119\u017caj\u0105cymi si\u0119 ku do\u0142owi, Niezobowi\u0105zuj\u0105ce, ale dopracowane \u2013 z charakterystycznym bocznym szwem przesuni\u0119tym na prz\u00f3d, kt\u00f3ry nadaje lu\u017anego charakteru. Z ty\u0142u \u2013 dwie naszywane kieszenie, kt\u00f3re r\u00f3wnowa\u017c\u0105 proporcje. Mo\u017cesz nosi\u0107 je klasycznie lub podwin\u0105\u0107 nogawki dla jeszcze bardziej swobodnego looku. Idealne na co dzie\u0144 \u2013 do swetra, T-shirtu i sneakers\u00f3w, ale te\u017c do koszuli i balerinek.<\/p>\n","protected":false},"excerpt":{"rendered":"<p>Lu\u017ane, zw\u0119\u017cane spodnie damskie, o kroju carrot fit, w najmodniejszym kolorze sza\u0142wiowo-oliwkowym. Maj\u0105 lu\u017aniejsz\u0105 form\u0119 z nogawkami zw\u0119\u017caj\u0105cymi si\u0119 ku do\u0142owi, Niezobowi\u0105zuj\u0105ce, ale dopracowane \u2013 z charakterystycznym bocznym szwem przesuni\u0119tym na prz\u00f3d, kt\u00f3ry nadaje lu\u017anego charakteru. Z ty\u0142u \u2013 dwie naszywane kieszenie, kt\u00f3re r\u00f3wnowa\u017c\u0105 proporcje. Mo\u017cesz nosi\u0107 je klasycznie lub podwin\u0105\u0107 nogawki dla jeszcze bardziej [&#8230;]\n","protected":false},"featured_media":8219,"template":"","meta":[],"product_brand":[],"product_cat":[21,50,38],"product_tag":[],"class_list":{"0":"post-8101","1":"product","2":"type-product","3":"status-publish","4":"has-post-thumbnail","6":"product_cat-btm-en","7":"product_cat-new-in","8":"product_cat-skirts","10":"first","11":"instock","12":"taxable","13":"shipping-taxable","14":"purchasable","15":"product-type-variable"},"yoast_head":"<!-- This site is optimized with the Yoast SEO plugin v27.0 - https:\/\/yoast.com\/product\/yoast-seo-wordpress\/ -->\n<title>spodnie Wander sage - By The Moon EN<\/title>\n<meta name=\"robots\" content=\"index, follow, max-snippet:-1, max-image-preview:large, max-video-preview:-1\" \/>\n<link rel=\"canonical\" href=\"https:\/\/bythemoon.eu\/en\/product\/spodnie-wander-sage\/\" \/>\n<meta property=\"og:locale\" content=\"en_US\" \/>\n<meta property=\"og:type\" content=\"article\" \/>\n<meta property=\"og:title\" content=\"spodnie Wander sage - By The Moon EN\" \/>\n<meta property=\"og:description\" content=\"Lu\u017ane, zw\u0119\u017cane spodnie damskie, o kroju carrot fit, w najmodniejszym kolorze sza\u0142wiowo-oliwkowym. Maj\u0105 lu\u017aniejsz\u0105 form\u0119 z nogawkami zw\u0119\u017caj\u0105cymi si\u0119 ku do\u0142owi, Niezobowi\u0105zuj\u0105ce, ale dopracowane \u2013 z charakterystycznym bocznym szwem przesuni\u0119tym na prz\u00f3d, kt\u00f3ry nadaje lu\u017anego charakteru. Z ty\u0142u \u2013 dwie naszywane kieszenie, kt\u00f3re r\u00f3wnowa\u017c\u0105 proporcje. Mo\u017cesz nosi\u0107 je klasycznie lub podwin\u0105\u0107 nogawki dla jeszcze bardziej [...]\" \/>\n<meta property=\"og:url\" content=\"https:\/\/bythemoon.eu\/en\/product\/spodnie-wander-sage\/\" \/>\n<meta property=\"og:site_name\" content=\"By The Moon EN\" \/>\n<meta property=\"article:modified_time\" content=\"2025-11-14T13:16:49+00:00\" \/>\n<meta property=\"og:image\" content=\"https:\/\/bythemoon.eu\/en\/wp-content\/uploads\/2025\/09\/spodnie_wander_.jpg\" \/>\n\t<meta property=\"og:image:width\" content=\"1000\" \/>\n\t<meta property=\"og:image:height\" content=\"1500\" \/>\n\t<meta property=\"og:image:type\" content=\"image\/jpeg\" \/>\n<script type=\"application\/ld+json\" class=\"yoast-schema-graph\">{\"@context\":\"https:\/\/schema.org\",\"@graph\":[{\"@type\":\"WebPage\",\"@id\":\"https:\/\/bythemoon.eu\/en\/product\/spodnie-wander-sage\/\",\"url\":\"https:\/\/bythemoon.eu\/en\/product\/spodnie-wander-sage\/\",\"name\":\"spodnie Wander sage - By The Moon EN\",\"isPartOf\":{\"@id\":\"https:\/\/bythemoon.eu\/en\/#website\"},\"primaryImageOfPage\":{\"@id\":\"https:\/\/bythemoon.eu\/en\/product\/spodnie-wander-sage\/#primaryimage\"},\"image\":{\"@id\":\"https:\/\/bythemoon.eu\/en\/product\/spodnie-wander-sage\/#primaryimage\"},\"thumbnailUrl\":\"https:\/\/bythemoon.eu\/en\/wp-content\/uploads\/2025\/09\/spodnie_wander_.jpg\",\"datePublished\":\"2025-09-19T06:44:50+00:00\",\"dateModified\":\"2025-11-14T13:16:49+00:00\",\"breadcrumb\":{\"@id\":\"https:\/\/bythemoon.eu\/en\/product\/spodnie-wander-sage\/#breadcrumb\"},\"inLanguage\":\"en-US\",\"potentialAction\":[{\"@type\":\"ReadAction\",\"target\":[\"https:\/\/bythemoon.eu\/en\/product\/spodnie-wander-sage\/\"]}]},{\"@type\":\"ImageObject\",\"inLanguage\":\"en-US\",\"@id\":\"https:\/\/bythemoon.eu\/en\/product\/spodnie-wander-sage\/#primaryimage\",\"url\":\"https:\/\/bythemoon.eu\/en\/wp-content\/uploads\/2025\/09\/spodnie_wander_.jpg\",\"contentUrl\":\"https:\/\/bythemoon.eu\/en\/wp-content\/uploads\/2025\/09\/spodnie_wander_.jpg\",\"width\":1000,\"height\":1500,\"caption\":\"zielone; khaki, oliwkowe spodnie damskie z bawe\u0142ny, zw\u0119\u017cane nogawki, lu\u017ane, sportowe, szerokie, polska marka by the moon\"},{\"@type\":\"BreadcrumbList\",\"@id\":\"https:\/\/bythemoon.eu\/en\/product\/spodnie-wander-sage\/#breadcrumb\",\"itemListElement\":[{\"@type\":\"ListItem\",\"position\":1,\"name\":\"Strona g\u0142\u00f3wna\",\"item\":\"https:\/\/bythemoon.eu\/en\/\"},{\"@type\":\"ListItem\",\"position\":2,\"name\":\"Shop\",\"item\":\"https:\/\/bythemoon.eu\/en\/shop\/\"},{\"@type\":\"ListItem\",\"position\":3,\"name\":\"spodnie Wander sage\"}]},{\"@type\":\"WebSite\",\"@id\":\"https:\/\/bythemoon.eu\/en\/#website\",\"url\":\"https:\/\/bythemoon.eu\/en\/\",\"name\":\"By The Moon EN\",\"description\":\"\",\"potentialAction\":[{\"@type\":\"SearchAction\",\"target\":{\"@type\":\"EntryPoint\",\"urlTemplate\":\"https:\/\/bythemoon.eu\/en\/?s={search_term_string}\"},\"query-input\":{\"@type\":\"PropertyValueSpecification\",\"valueRequired\":true,\"valueName\":\"search_term_string\"}}],\"inLanguage\":\"en-US\"}]}<\/script>\n<!-- \/ Yoast SEO plugin. -->","yoast_head_json":{"title":"spodnie Wander sage - By The Moon EN","robots":{"index":"index","follow":"follow","max-snippet":"max-snippet:-1","max-image-preview":"max-image-preview:large","max-video-preview":"max-video-preview:-1"},"canonical":"https:\/\/bythemoon.eu\/en\/product\/spodnie-wander-sage\/","og_locale":"en_US","og_type":"article","og_title":"spodnie Wander sage - By The Moon EN","og_description":"Lu\u017ane, zw\u0119\u017cane spodnie damskie, o kroju carrot fit, w najmodniejszym kolorze sza\u0142wiowo-oliwkowym. Maj\u0105 lu\u017aniejsz\u0105 form\u0119 z nogawkami zw\u0119\u017caj\u0105cymi si\u0119 ku do\u0142owi, Niezobowi\u0105zuj\u0105ce, ale dopracowane \u2013 z charakterystycznym bocznym szwem przesuni\u0119tym na prz\u00f3d, kt\u00f3ry nadaje lu\u017anego charakteru. Z ty\u0142u \u2013 dwie naszywane kieszenie, kt\u00f3re r\u00f3wnowa\u017c\u0105 proporcje. Mo\u017cesz nosi\u0107 je klasycznie lub podwin\u0105\u0107 nogawki dla jeszcze bardziej [...]","og_url":"https:\/\/bythemoon.eu\/en\/product\/spodnie-wander-sage\/","og_site_name":"By The Moon EN","article_modified_time":"2025-11-14T13:16:49+00:00","og_image":[{"width":1000,"height":1500,"url":"https:\/\/bythemoon.eu\/en\/wp-content\/uploads\/2025\/09\/spodnie_wander_.jpg","type":"image\/jpeg"}],"schema":{"@context":"https:\/\/schema.org","@graph":[{"@type":"WebPage","@id":"https:\/\/bythemoon.eu\/en\/product\/spodnie-wander-sage\/","url":"https:\/\/bythemoon.eu\/en\/product\/spodnie-wander-sage\/","name":"spodnie Wander sage - By The Moon EN","isPartOf":{"@id":"https:\/\/bythemoon.eu\/en\/#website"},"primaryImageOfPage":{"@id":"https:\/\/bythemoon.eu\/en\/product\/spodnie-wander-sage\/#primaryimage"},"image":{"@id":"https:\/\/bythemoon.eu\/en\/product\/spodnie-wander-sage\/#primaryimage"},"thumbnailUrl":"https:\/\/bythemoon.eu\/en\/wp-content\/uploads\/2025\/09\/spodnie_wander_.jpg","datePublished":"2025-09-19T06:44:50+00:00","dateModified":"2025-11-14T13:16:49+00:00","breadcrumb":{"@id":"https:\/\/bythemoon.eu\/en\/product\/spodnie-wander-sage\/#breadcrumb"},"inLanguage":"en-US","potentialAction":[{"@type":"ReadAction","target":["https:\/\/bythemoon.eu\/en\/product\/spodnie-wander-sage\/"]}]},{"@type":"ImageObject","inLanguage":"en-US","@id":"https:\/\/bythemoon.eu\/en\/product\/spodnie-wander-sage\/#primaryimage","url":"https:\/\/bythemoon.eu\/en\/wp-content\/uploads\/2025\/09\/spodnie_wander_.jpg","contentUrl":"https:\/\/bythemoon.eu\/en\/wp-content\/uploads\/2025\/09\/spodnie_wander_.jpg","width":1000,"height":1500,"caption":"zielone; khaki, oliwkowe spodnie damskie z bawe\u0142ny, zw\u0119\u017cane nogawki, lu\u017ane, sportowe, szerokie, polska marka by the moon"},{"@type":"BreadcrumbList","@id":"https:\/\/bythemoon.eu\/en\/product\/spodnie-wander-sage\/#breadcrumb","itemListElement":[{"@type":"ListItem","position":1,"name":"Strona g\u0142\u00f3wna","item":"https:\/\/bythemoon.eu\/en\/"},{"@type":"ListItem","position":2,"name":"Shop","item":"https:\/\/bythemoon.eu\/en\/shop\/"},{"@type":"ListItem","position":3,"name":"spodnie Wander sage"}]},{"@type":"WebSite","@id":"https:\/\/bythemoon.eu\/en\/#website","url":"https:\/\/bythemoon.eu\/en\/","name":"By The Moon EN","description":"","potentialAction":[{"@type":"SearchAction","target":{"@type":"EntryPoint","urlTemplate":"https:\/\/bythemoon.eu\/en\/?s={search_term_string}"},"query-input":{"@type":"PropertyValueSpecification","valueRequired":true,"valueName":"search_term_string"}}],"inLanguage":"en-US"}]}},"_links":{"self":[{"href":"https:\/\/bythemoon.eu\/en\/wp-json\/wp\/v2\/product\/8101","targetHints":{"allow":["GET"]}}],"collection":[{"href":"https:\/\/bythemoon.eu\/en\/wp-json\/wp\/v2\/product"}],"about":[{"href":"https:\/\/bythemoon.eu\/en\/wp-json\/wp\/v2\/types\/product"}],"wp:featuredmedia":[{"embeddable":true,"href":"https:\/\/bythemoon.eu\/en\/wp-json\/wp\/v2\/media\/8219"}],"wp:attachment":[{"href":"https:\/\/bythemoon.eu\/en\/wp-json\/wp\/v2\/media?parent=8101"}],"wp:term":[{"taxonomy":"product_brand","embeddable":true,"href":"https:\/\/bythemoon.eu\/en\/wp-json\/wp\/v2\/product_brand?post=8101"},{"taxonomy":"product_cat","embeddable":true,"href":"https:\/\/bythemoon.eu\/en\/wp-json\/wp\/v2\/product_cat?post=8101"},{"taxonomy":"product_tag","embeddable":true,"href":"https:\/\/bythemoon.eu\/en\/wp-json\/wp\/v2\/product_tag?post=8101"}],"curies":[{"name":"wp","href":"https:\/\/api.w.org\/{rel}","templated":true}]}}