{"id":8090,"date":"2025-09-19T08:44:48","date_gmt":"2025-09-19T06:44:48","guid":{"rendered":"https:\/\/bythemoon.eu\/en\/?post_type=product&#038;p=8090"},"modified":"2025-11-14T14:16:50","modified_gmt":"2025-11-14T13:16:50","slug":"chusta-merino-blue-sky","status":"publish","type":"product","link":"https:\/\/bythemoon.eu\/en\/product\/chusta-merino-blue-sky\/","title":{"rendered":"chusta merino Blue sky"},"content":{"rendered":"<p><span style=\"font-size: 13.5pt;font-family: 'Times New Roman',serif\">Chusta Blue sky to pi\u0119kny dodatek, kt\u00f3ry potrafi odmieni\u0107 ca\u0142\u0105 stylizacj\u0119, staj\u0105c si\u0119 g\u0142\u00f3wnym elementem jesiennego outfitu. Zr<span style=\"font-family: 'Times New Roman', serif;font-size: 13.5pt\">obiona ze szlachetnej, w\u0142oskiej prz\u0119dzy merino, kt\u00f3ra zapewnia <\/span><span style=\"font-family: 'Times New Roman', serif;font-size: 18px\">ciep\u0142o i komfort. <\/span>Mo\u017cesz nosi\u0107 j\u0105 klasycznie na g\u0142owie, owin\u0105\u0107 wok\u00f3\u0142 szyi jak szal, zawi\u0105za\u0107 na biodrach albo ople\u015b\u0107 na r\u0105czce torebki \u2013 zawsze b\u0119dzie wygl\u0105da\u0107 stylowo, dodaj\u0105c charakteru stylizacji. To wyj\u0105tkowy element stroju, kt\u00f3ry pasuje zar\u00f3wno do casualowych look\u00f3w, jak i bardziej eleganckich zestaw\u00f3w. To jednocze\u015bnie mi\u0142a ochrona przed ch\u0142odem i super modny akcent jesiennej garderoby. Po\u0142\u0105cz z naszym sweterkiem Noemi w tym samym pi\u0119knym kolorze nieba, aby otrzyma\u0107 pi\u0119kne zestawienie. Chusta wykonana jest z <span style=\"font-family: 'Times New Roman', serif;font-size: 13.5pt\">w\u0142oskiej prz\u0119dzy 100% merino.<\/span><\/span><\/p>\n","protected":false},"excerpt":{"rendered":"<p>Chusta Blue sky to pi\u0119kny dodatek, kt\u00f3ry potrafi odmieni\u0107 ca\u0142\u0105 stylizacj\u0119, staj\u0105c si\u0119 g\u0142\u00f3wnym elementem jesiennego outfitu. Zrobiona ze szlachetnej, w\u0142oskiej prz\u0119dzy merino, kt\u00f3ra zapewnia ciep\u0142o i komfort. Mo\u017cesz nosi\u0107 j\u0105 klasycznie na g\u0142owie, owin\u0105\u0107 wok\u00f3\u0142 szyi jak szal, zawi\u0105za\u0107 na biodrach albo ople\u015b\u0107 na r\u0105czce torebki \u2013 zawsze b\u0119dzie wygl\u0105da\u0107 stylowo, dodaj\u0105c charakteru stylizacji. [&#8230;]\n","protected":false},"featured_media":8118,"template":"","meta":[],"product_brand":[],"product_cat":[30,21,50],"product_tag":[],"class_list":{"0":"post-8090","1":"product","2":"type-product","3":"status-publish","4":"has-post-thumbnail","6":"product_cat-accessories","7":"product_cat-btm-en","8":"product_cat-new-in","10":"first","11":"instock","12":"taxable","13":"shipping-taxable","14":"purchasable","15":"product-type-variable"},"yoast_head":"<!-- This site is optimized with the Yoast SEO plugin v27.0 - https:\/\/yoast.com\/product\/yoast-seo-wordpress\/ -->\n<title>chusta merino Blue sky - By The Moon EN<\/title>\n<meta name=\"robots\" content=\"index, follow, max-snippet:-1, max-image-preview:large, max-video-preview:-1\" \/>\n<link rel=\"canonical\" href=\"https:\/\/bythemoon.eu\/en\/product\/chusta-merino-blue-sky\/\" \/>\n<meta property=\"og:locale\" content=\"en_US\" \/>\n<meta property=\"og:type\" content=\"article\" \/>\n<meta property=\"og:title\" content=\"chusta merino Blue sky - By The Moon EN\" \/>\n<meta property=\"og:description\" content=\"Chusta Blue sky to pi\u0119kny dodatek, kt\u00f3ry potrafi odmieni\u0107 ca\u0142\u0105 stylizacj\u0119, staj\u0105c si\u0119 g\u0142\u00f3wnym elementem jesiennego outfitu. Zrobiona ze szlachetnej, w\u0142oskiej prz\u0119dzy merino, kt\u00f3ra zapewnia ciep\u0142o i komfort. Mo\u017cesz nosi\u0107 j\u0105 klasycznie na g\u0142owie, owin\u0105\u0107 wok\u00f3\u0142 szyi jak szal, zawi\u0105za\u0107 na biodrach albo ople\u015b\u0107 na r\u0105czce torebki \u2013 zawsze b\u0119dzie wygl\u0105da\u0107 stylowo, dodaj\u0105c charakteru stylizacji. [...]\" \/>\n<meta property=\"og:url\" content=\"https:\/\/bythemoon.eu\/en\/product\/chusta-merino-blue-sky\/\" \/>\n<meta property=\"og:site_name\" content=\"By The Moon EN\" \/>\n<meta property=\"article:modified_time\" content=\"2025-11-14T13:16:50+00:00\" \/>\n<meta property=\"og:image\" content=\"https:\/\/bythemoon.eu\/en\/wp-content\/uploads\/2025\/09\/small_P1A1898-Edit.jpg\" \/>\n\t<meta property=\"og:image:width\" content=\"1000\" \/>\n\t<meta property=\"og:image:height\" content=\"1500\" \/>\n\t<meta property=\"og:image:type\" content=\"image\/jpeg\" \/>\n<script type=\"application\/ld+json\" class=\"yoast-schema-graph\">{\"@context\":\"https:\/\/schema.org\",\"@graph\":[{\"@type\":\"WebPage\",\"@id\":\"https:\/\/bythemoon.eu\/en\/product\/chusta-merino-blue-sky\/\",\"url\":\"https:\/\/bythemoon.eu\/en\/product\/chusta-merino-blue-sky\/\",\"name\":\"chusta merino Blue sky - By The Moon EN\",\"isPartOf\":{\"@id\":\"https:\/\/bythemoon.eu\/en\/#website\"},\"primaryImageOfPage\":{\"@id\":\"https:\/\/bythemoon.eu\/en\/product\/chusta-merino-blue-sky\/#primaryimage\"},\"image\":{\"@id\":\"https:\/\/bythemoon.eu\/en\/product\/chusta-merino-blue-sky\/#primaryimage\"},\"thumbnailUrl\":\"https:\/\/bythemoon.eu\/en\/wp-content\/uploads\/2025\/09\/small_P1A1898-Edit.jpg\",\"datePublished\":\"2025-09-19T06:44:48+00:00\",\"dateModified\":\"2025-11-14T13:16:50+00:00\",\"breadcrumb\":{\"@id\":\"https:\/\/bythemoon.eu\/en\/product\/chusta-merino-blue-sky\/#breadcrumb\"},\"inLanguage\":\"en-US\",\"potentialAction\":[{\"@type\":\"ReadAction\",\"target\":[\"https:\/\/bythemoon.eu\/en\/product\/chusta-merino-blue-sky\/\"]}]},{\"@type\":\"ImageObject\",\"inLanguage\":\"en-US\",\"@id\":\"https:\/\/bythemoon.eu\/en\/product\/chusta-merino-blue-sky\/#primaryimage\",\"url\":\"https:\/\/bythemoon.eu\/en\/wp-content\/uploads\/2025\/09\/small_P1A1898-Edit.jpg\",\"contentUrl\":\"https:\/\/bythemoon.eu\/en\/wp-content\/uploads\/2025\/09\/small_P1A1898-Edit.jpg\",\"width\":1000,\"height\":1500,\"caption\":\"chusta we\u0142niana merino 100%, b\u0142\u0119kitna, niebieska, na jesie\u0144, polska marka\"},{\"@type\":\"BreadcrumbList\",\"@id\":\"https:\/\/bythemoon.eu\/en\/product\/chusta-merino-blue-sky\/#breadcrumb\",\"itemListElement\":[{\"@type\":\"ListItem\",\"position\":1,\"name\":\"Strona g\u0142\u00f3wna\",\"item\":\"https:\/\/bythemoon.eu\/en\/\"},{\"@type\":\"ListItem\",\"position\":2,\"name\":\"Shop\",\"item\":\"https:\/\/bythemoon.eu\/en\/shop\/\"},{\"@type\":\"ListItem\",\"position\":3,\"name\":\"chusta merino Blue sky\"}]},{\"@type\":\"WebSite\",\"@id\":\"https:\/\/bythemoon.eu\/en\/#website\",\"url\":\"https:\/\/bythemoon.eu\/en\/\",\"name\":\"By The Moon EN\",\"description\":\"\",\"potentialAction\":[{\"@type\":\"SearchAction\",\"target\":{\"@type\":\"EntryPoint\",\"urlTemplate\":\"https:\/\/bythemoon.eu\/en\/?s={search_term_string}\"},\"query-input\":{\"@type\":\"PropertyValueSpecification\",\"valueRequired\":true,\"valueName\":\"search_term_string\"}}],\"inLanguage\":\"en-US\"}]}<\/script>\n<!-- \/ Yoast SEO plugin. -->","yoast_head_json":{"title":"chusta merino Blue sky - By The Moon EN","robots":{"index":"index","follow":"follow","max-snippet":"max-snippet:-1","max-image-preview":"max-image-preview:large","max-video-preview":"max-video-preview:-1"},"canonical":"https:\/\/bythemoon.eu\/en\/product\/chusta-merino-blue-sky\/","og_locale":"en_US","og_type":"article","og_title":"chusta merino Blue sky - By The Moon EN","og_description":"Chusta Blue sky to pi\u0119kny dodatek, kt\u00f3ry potrafi odmieni\u0107 ca\u0142\u0105 stylizacj\u0119, staj\u0105c si\u0119 g\u0142\u00f3wnym elementem jesiennego outfitu. Zrobiona ze szlachetnej, w\u0142oskiej prz\u0119dzy merino, kt\u00f3ra zapewnia ciep\u0142o i komfort. Mo\u017cesz nosi\u0107 j\u0105 klasycznie na g\u0142owie, owin\u0105\u0107 wok\u00f3\u0142 szyi jak szal, zawi\u0105za\u0107 na biodrach albo ople\u015b\u0107 na r\u0105czce torebki \u2013 zawsze b\u0119dzie wygl\u0105da\u0107 stylowo, dodaj\u0105c charakteru stylizacji. [...]","og_url":"https:\/\/bythemoon.eu\/en\/product\/chusta-merino-blue-sky\/","og_site_name":"By The Moon EN","article_modified_time":"2025-11-14T13:16:50+00:00","og_image":[{"width":1000,"height":1500,"url":"https:\/\/bythemoon.eu\/en\/wp-content\/uploads\/2025\/09\/small_P1A1898-Edit.jpg","type":"image\/jpeg"}],"schema":{"@context":"https:\/\/schema.org","@graph":[{"@type":"WebPage","@id":"https:\/\/bythemoon.eu\/en\/product\/chusta-merino-blue-sky\/","url":"https:\/\/bythemoon.eu\/en\/product\/chusta-merino-blue-sky\/","name":"chusta merino Blue sky - By The Moon EN","isPartOf":{"@id":"https:\/\/bythemoon.eu\/en\/#website"},"primaryImageOfPage":{"@id":"https:\/\/bythemoon.eu\/en\/product\/chusta-merino-blue-sky\/#primaryimage"},"image":{"@id":"https:\/\/bythemoon.eu\/en\/product\/chusta-merino-blue-sky\/#primaryimage"},"thumbnailUrl":"https:\/\/bythemoon.eu\/en\/wp-content\/uploads\/2025\/09\/small_P1A1898-Edit.jpg","datePublished":"2025-09-19T06:44:48+00:00","dateModified":"2025-11-14T13:16:50+00:00","breadcrumb":{"@id":"https:\/\/bythemoon.eu\/en\/product\/chusta-merino-blue-sky\/#breadcrumb"},"inLanguage":"en-US","potentialAction":[{"@type":"ReadAction","target":["https:\/\/bythemoon.eu\/en\/product\/chusta-merino-blue-sky\/"]}]},{"@type":"ImageObject","inLanguage":"en-US","@id":"https:\/\/bythemoon.eu\/en\/product\/chusta-merino-blue-sky\/#primaryimage","url":"https:\/\/bythemoon.eu\/en\/wp-content\/uploads\/2025\/09\/small_P1A1898-Edit.jpg","contentUrl":"https:\/\/bythemoon.eu\/en\/wp-content\/uploads\/2025\/09\/small_P1A1898-Edit.jpg","width":1000,"height":1500,"caption":"chusta we\u0142niana merino 100%, b\u0142\u0119kitna, niebieska, na jesie\u0144, polska marka"},{"@type":"BreadcrumbList","@id":"https:\/\/bythemoon.eu\/en\/product\/chusta-merino-blue-sky\/#breadcrumb","itemListElement":[{"@type":"ListItem","position":1,"name":"Strona g\u0142\u00f3wna","item":"https:\/\/bythemoon.eu\/en\/"},{"@type":"ListItem","position":2,"name":"Shop","item":"https:\/\/bythemoon.eu\/en\/shop\/"},{"@type":"ListItem","position":3,"name":"chusta merino Blue sky"}]},{"@type":"WebSite","@id":"https:\/\/bythemoon.eu\/en\/#website","url":"https:\/\/bythemoon.eu\/en\/","name":"By The Moon EN","description":"","potentialAction":[{"@type":"SearchAction","target":{"@type":"EntryPoint","urlTemplate":"https:\/\/bythemoon.eu\/en\/?s={search_term_string}"},"query-input":{"@type":"PropertyValueSpecification","valueRequired":true,"valueName":"search_term_string"}}],"inLanguage":"en-US"}]}},"_links":{"self":[{"href":"https:\/\/bythemoon.eu\/en\/wp-json\/wp\/v2\/product\/8090","targetHints":{"allow":["GET"]}}],"collection":[{"href":"https:\/\/bythemoon.eu\/en\/wp-json\/wp\/v2\/product"}],"about":[{"href":"https:\/\/bythemoon.eu\/en\/wp-json\/wp\/v2\/types\/product"}],"wp:featuredmedia":[{"embeddable":true,"href":"https:\/\/bythemoon.eu\/en\/wp-json\/wp\/v2\/media\/8118"}],"wp:attachment":[{"href":"https:\/\/bythemoon.eu\/en\/wp-json\/wp\/v2\/media?parent=8090"}],"wp:term":[{"taxonomy":"product_brand","embeddable":true,"href":"https:\/\/bythemoon.eu\/en\/wp-json\/wp\/v2\/product_brand?post=8090"},{"taxonomy":"product_cat","embeddable":true,"href":"https:\/\/bythemoon.eu\/en\/wp-json\/wp\/v2\/product_cat?post=8090"},{"taxonomy":"product_tag","embeddable":true,"href":"https:\/\/bythemoon.eu\/en\/wp-json\/wp\/v2\/product_tag?post=8090"}],"curies":[{"name":"wp","href":"https:\/\/api.w.org\/{rel}","templated":true}]}}