{"id":8087,"date":"2025-09-19T08:44:49","date_gmt":"2025-09-19T06:44:49","guid":{"rendered":"https:\/\/bythemoon.eu\/en\/?post_type=product&#038;p=8087"},"modified":"2025-11-14T14:16:50","modified_gmt":"2025-11-14T13:16:50","slug":"chusta-merino-dark-choco","status":"publish","type":"product","link":"https:\/\/bythemoon.eu\/en\/product\/chusta-merino-dark-choco\/","title":{"rendered":"chusta merino Dark choco"},"content":{"rendered":"<p><span style=\"font-size: 13.5pt;font-family: 'Times New Roman',serif\">Pi\u0119kny, czekoladowy akcent, kt\u00f3ry potrafi odmieni\u0107 ca\u0142\u0105 stylizacj\u0119. Nasza chusta z mi\u0119kkiej, szlachetnej we\u0142ny merino to dodatek, kt\u00f3ry z \u0142atwo\u015bci\u0105 staje si\u0119 g\u0142\u00f3wnym elementem outfitu. Mo\u017cesz owin\u0105\u0107 j\u0105 wok\u00f3\u0142 szyi, zawi\u0105za\u0107 na g\u0142owie, przewi\u0105za\u0107 na biodrach albo ople\u015b\u0107 na r\u0105czce torebki \u2013 zawsze wygl\u0105da stylowo i nadaje charakteru. Szczeg\u00f3lnie efektownie prezentuje si\u0119 w po\u0142\u0105czeniu z ciemnymi okularami albo czapk\u0105 z daszkiem \u2013 taki duet dodaje jej nowoczesnego, miejskiego looku. To najmodniejszy element garderoby, kt\u00f3ry pasuje zar\u00f3wno do casualowych zestaw\u00f3w, jak i eleganckich stylizacji. A przy tym przyjemnie otula w ch\u0142odniejsze dni, staj\u0105c si\u0119 zar\u00f3wno ochron\u0105, jak i modnym akcentem w jednym.<\/span><\/p>\n","protected":false},"excerpt":{"rendered":"<p>Pi\u0119kny, czekoladowy akcent, kt\u00f3ry potrafi odmieni\u0107 ca\u0142\u0105 stylizacj\u0119. Nasza chusta z mi\u0119kkiej, szlachetnej we\u0142ny merino to dodatek, kt\u00f3ry z \u0142atwo\u015bci\u0105 staje si\u0119 g\u0142\u00f3wnym elementem outfitu. Mo\u017cesz owin\u0105\u0107 j\u0105 wok\u00f3\u0142 szyi, zawi\u0105za\u0107 na g\u0142owie, przewi\u0105za\u0107 na biodrach albo ople\u015b\u0107 na r\u0105czce torebki \u2013 zawsze wygl\u0105da stylowo i nadaje charakteru. Szczeg\u00f3lnie efektownie prezentuje si\u0119 w po\u0142\u0105czeniu z [&#8230;]\n","protected":false},"featured_media":8123,"template":"","meta":[],"product_brand":[],"product_cat":[30,21,50],"product_tag":[],"class_list":{"0":"post-8087","1":"product","2":"type-product","3":"status-publish","4":"has-post-thumbnail","6":"product_cat-accessories","7":"product_cat-btm-en","8":"product_cat-new-in","10":"first","11":"instock","12":"taxable","13":"shipping-taxable","14":"purchasable","15":"product-type-variable"},"yoast_head":"<!-- This site is optimized with the Yoast SEO plugin v27.0 - https:\/\/yoast.com\/product\/yoast-seo-wordpress\/ -->\n<title>chusta merino Dark choco - By The Moon EN<\/title>\n<meta name=\"robots\" content=\"index, follow, max-snippet:-1, max-image-preview:large, max-video-preview:-1\" \/>\n<link rel=\"canonical\" href=\"https:\/\/bythemoon.eu\/en\/product\/chusta-merino-dark-choco\/\" \/>\n<meta property=\"og:locale\" content=\"en_US\" \/>\n<meta property=\"og:type\" content=\"article\" \/>\n<meta property=\"og:title\" content=\"chusta merino Dark choco - By The Moon EN\" \/>\n<meta property=\"og:description\" content=\"Pi\u0119kny, czekoladowy akcent, kt\u00f3ry potrafi odmieni\u0107 ca\u0142\u0105 stylizacj\u0119. Nasza chusta z mi\u0119kkiej, szlachetnej we\u0142ny merino to dodatek, kt\u00f3ry z \u0142atwo\u015bci\u0105 staje si\u0119 g\u0142\u00f3wnym elementem outfitu. Mo\u017cesz owin\u0105\u0107 j\u0105 wok\u00f3\u0142 szyi, zawi\u0105za\u0107 na g\u0142owie, przewi\u0105za\u0107 na biodrach albo ople\u015b\u0107 na r\u0105czce torebki \u2013 zawsze wygl\u0105da stylowo i nadaje charakteru. Szczeg\u00f3lnie efektownie prezentuje si\u0119 w po\u0142\u0105czeniu z [...]\" \/>\n<meta property=\"og:url\" content=\"https:\/\/bythemoon.eu\/en\/product\/chusta-merino-dark-choco\/\" \/>\n<meta property=\"og:site_name\" content=\"By The Moon EN\" \/>\n<meta property=\"article:modified_time\" content=\"2025-11-14T13:16:50+00:00\" \/>\n<meta property=\"og:image\" content=\"https:\/\/bythemoon.eu\/en\/wp-content\/uploads\/2025\/09\/small_P1A2079-Edit.jpg\" \/>\n\t<meta property=\"og:image:width\" content=\"1000\" \/>\n\t<meta property=\"og:image:height\" content=\"1500\" \/>\n\t<meta property=\"og:image:type\" content=\"image\/jpeg\" \/>\n<script type=\"application\/ld+json\" class=\"yoast-schema-graph\">{\"@context\":\"https:\/\/schema.org\",\"@graph\":[{\"@type\":\"WebPage\",\"@id\":\"https:\/\/bythemoon.eu\/en\/product\/chusta-merino-dark-choco\/\",\"url\":\"https:\/\/bythemoon.eu\/en\/product\/chusta-merino-dark-choco\/\",\"name\":\"chusta merino Dark choco - By The Moon EN\",\"isPartOf\":{\"@id\":\"https:\/\/bythemoon.eu\/en\/#website\"},\"primaryImageOfPage\":{\"@id\":\"https:\/\/bythemoon.eu\/en\/product\/chusta-merino-dark-choco\/#primaryimage\"},\"image\":{\"@id\":\"https:\/\/bythemoon.eu\/en\/product\/chusta-merino-dark-choco\/#primaryimage\"},\"thumbnailUrl\":\"https:\/\/bythemoon.eu\/en\/wp-content\/uploads\/2025\/09\/small_P1A2079-Edit.jpg\",\"datePublished\":\"2025-09-19T06:44:49+00:00\",\"dateModified\":\"2025-11-14T13:16:50+00:00\",\"breadcrumb\":{\"@id\":\"https:\/\/bythemoon.eu\/en\/product\/chusta-merino-dark-choco\/#breadcrumb\"},\"inLanguage\":\"en-US\",\"potentialAction\":[{\"@type\":\"ReadAction\",\"target\":[\"https:\/\/bythemoon.eu\/en\/product\/chusta-merino-dark-choco\/\"]}]},{\"@type\":\"ImageObject\",\"inLanguage\":\"en-US\",\"@id\":\"https:\/\/bythemoon.eu\/en\/product\/chusta-merino-dark-choco\/#primaryimage\",\"url\":\"https:\/\/bythemoon.eu\/en\/wp-content\/uploads\/2025\/09\/small_P1A2079-Edit.jpg\",\"contentUrl\":\"https:\/\/bythemoon.eu\/en\/wp-content\/uploads\/2025\/09\/small_P1A2079-Edit.jpg\",\"width\":1000,\"height\":1500,\"caption\":\"chusta na g\u0142ow\u0119 100% we\u0142na merino, br\u0105zowa, czekoladowa, sweter Noemi choco, br\u0105zowy, damski\"},{\"@type\":\"BreadcrumbList\",\"@id\":\"https:\/\/bythemoon.eu\/en\/product\/chusta-merino-dark-choco\/#breadcrumb\",\"itemListElement\":[{\"@type\":\"ListItem\",\"position\":1,\"name\":\"Strona g\u0142\u00f3wna\",\"item\":\"https:\/\/bythemoon.eu\/en\/\"},{\"@type\":\"ListItem\",\"position\":2,\"name\":\"Shop\",\"item\":\"https:\/\/bythemoon.eu\/en\/shop\/\"},{\"@type\":\"ListItem\",\"position\":3,\"name\":\"chusta merino Dark choco\"}]},{\"@type\":\"WebSite\",\"@id\":\"https:\/\/bythemoon.eu\/en\/#website\",\"url\":\"https:\/\/bythemoon.eu\/en\/\",\"name\":\"By The Moon EN\",\"description\":\"\",\"potentialAction\":[{\"@type\":\"SearchAction\",\"target\":{\"@type\":\"EntryPoint\",\"urlTemplate\":\"https:\/\/bythemoon.eu\/en\/?s={search_term_string}\"},\"query-input\":{\"@type\":\"PropertyValueSpecification\",\"valueRequired\":true,\"valueName\":\"search_term_string\"}}],\"inLanguage\":\"en-US\"}]}<\/script>\n<!-- \/ Yoast SEO plugin. -->","yoast_head_json":{"title":"chusta merino Dark choco - By The Moon EN","robots":{"index":"index","follow":"follow","max-snippet":"max-snippet:-1","max-image-preview":"max-image-preview:large","max-video-preview":"max-video-preview:-1"},"canonical":"https:\/\/bythemoon.eu\/en\/product\/chusta-merino-dark-choco\/","og_locale":"en_US","og_type":"article","og_title":"chusta merino Dark choco - By The Moon EN","og_description":"Pi\u0119kny, czekoladowy akcent, kt\u00f3ry potrafi odmieni\u0107 ca\u0142\u0105 stylizacj\u0119. Nasza chusta z mi\u0119kkiej, szlachetnej we\u0142ny merino to dodatek, kt\u00f3ry z \u0142atwo\u015bci\u0105 staje si\u0119 g\u0142\u00f3wnym elementem outfitu. Mo\u017cesz owin\u0105\u0107 j\u0105 wok\u00f3\u0142 szyi, zawi\u0105za\u0107 na g\u0142owie, przewi\u0105za\u0107 na biodrach albo ople\u015b\u0107 na r\u0105czce torebki \u2013 zawsze wygl\u0105da stylowo i nadaje charakteru. Szczeg\u00f3lnie efektownie prezentuje si\u0119 w po\u0142\u0105czeniu z [...]","og_url":"https:\/\/bythemoon.eu\/en\/product\/chusta-merino-dark-choco\/","og_site_name":"By The Moon EN","article_modified_time":"2025-11-14T13:16:50+00:00","og_image":[{"width":1000,"height":1500,"url":"https:\/\/bythemoon.eu\/en\/wp-content\/uploads\/2025\/09\/small_P1A2079-Edit.jpg","type":"image\/jpeg"}],"schema":{"@context":"https:\/\/schema.org","@graph":[{"@type":"WebPage","@id":"https:\/\/bythemoon.eu\/en\/product\/chusta-merino-dark-choco\/","url":"https:\/\/bythemoon.eu\/en\/product\/chusta-merino-dark-choco\/","name":"chusta merino Dark choco - By The Moon EN","isPartOf":{"@id":"https:\/\/bythemoon.eu\/en\/#website"},"primaryImageOfPage":{"@id":"https:\/\/bythemoon.eu\/en\/product\/chusta-merino-dark-choco\/#primaryimage"},"image":{"@id":"https:\/\/bythemoon.eu\/en\/product\/chusta-merino-dark-choco\/#primaryimage"},"thumbnailUrl":"https:\/\/bythemoon.eu\/en\/wp-content\/uploads\/2025\/09\/small_P1A2079-Edit.jpg","datePublished":"2025-09-19T06:44:49+00:00","dateModified":"2025-11-14T13:16:50+00:00","breadcrumb":{"@id":"https:\/\/bythemoon.eu\/en\/product\/chusta-merino-dark-choco\/#breadcrumb"},"inLanguage":"en-US","potentialAction":[{"@type":"ReadAction","target":["https:\/\/bythemoon.eu\/en\/product\/chusta-merino-dark-choco\/"]}]},{"@type":"ImageObject","inLanguage":"en-US","@id":"https:\/\/bythemoon.eu\/en\/product\/chusta-merino-dark-choco\/#primaryimage","url":"https:\/\/bythemoon.eu\/en\/wp-content\/uploads\/2025\/09\/small_P1A2079-Edit.jpg","contentUrl":"https:\/\/bythemoon.eu\/en\/wp-content\/uploads\/2025\/09\/small_P1A2079-Edit.jpg","width":1000,"height":1500,"caption":"chusta na g\u0142ow\u0119 100% we\u0142na merino, br\u0105zowa, czekoladowa, sweter Noemi choco, br\u0105zowy, damski"},{"@type":"BreadcrumbList","@id":"https:\/\/bythemoon.eu\/en\/product\/chusta-merino-dark-choco\/#breadcrumb","itemListElement":[{"@type":"ListItem","position":1,"name":"Strona g\u0142\u00f3wna","item":"https:\/\/bythemoon.eu\/en\/"},{"@type":"ListItem","position":2,"name":"Shop","item":"https:\/\/bythemoon.eu\/en\/shop\/"},{"@type":"ListItem","position":3,"name":"chusta merino Dark choco"}]},{"@type":"WebSite","@id":"https:\/\/bythemoon.eu\/en\/#website","url":"https:\/\/bythemoon.eu\/en\/","name":"By The Moon EN","description":"","potentialAction":[{"@type":"SearchAction","target":{"@type":"EntryPoint","urlTemplate":"https:\/\/bythemoon.eu\/en\/?s={search_term_string}"},"query-input":{"@type":"PropertyValueSpecification","valueRequired":true,"valueName":"search_term_string"}}],"inLanguage":"en-US"}]}},"_links":{"self":[{"href":"https:\/\/bythemoon.eu\/en\/wp-json\/wp\/v2\/product\/8087","targetHints":{"allow":["GET"]}}],"collection":[{"href":"https:\/\/bythemoon.eu\/en\/wp-json\/wp\/v2\/product"}],"about":[{"href":"https:\/\/bythemoon.eu\/en\/wp-json\/wp\/v2\/types\/product"}],"wp:featuredmedia":[{"embeddable":true,"href":"https:\/\/bythemoon.eu\/en\/wp-json\/wp\/v2\/media\/8123"}],"wp:attachment":[{"href":"https:\/\/bythemoon.eu\/en\/wp-json\/wp\/v2\/media?parent=8087"}],"wp:term":[{"taxonomy":"product_brand","embeddable":true,"href":"https:\/\/bythemoon.eu\/en\/wp-json\/wp\/v2\/product_brand?post=8087"},{"taxonomy":"product_cat","embeddable":true,"href":"https:\/\/bythemoon.eu\/en\/wp-json\/wp\/v2\/product_cat?post=8087"},{"taxonomy":"product_tag","embeddable":true,"href":"https:\/\/bythemoon.eu\/en\/wp-json\/wp\/v2\/product_tag?post=8087"}],"curies":[{"name":"wp","href":"https:\/\/api.w.org\/{rel}","templated":true}]}}