{"id":8074,"date":"2025-09-19T08:44:50","date_gmt":"2025-09-19T06:44:50","guid":{"rendered":"https:\/\/bythemoon.eu\/en\/?post_type=product&#038;p=8074"},"modified":"2025-11-14T14:16:50","modified_gmt":"2025-11-14T13:16:50","slug":"spodnie-dresowe-relax-cream-mousse","status":"publish","type":"product","link":"https:\/\/bythemoon.eu\/en\/product\/spodnie-dresowe-relax-cream-mousse\/","title":{"rendered":"spodnie dresowe Relax cream mousse"},"content":{"rendered":"<p>Damskie spodnie dresowe Relax w kolorze cream to baza, kt\u00f3ra daje niesko\u0144czone mo\u017cliwo\u015bci stylizacji. Szerokie nogawki, elastyczna talia i mi\u0119kka, bawe\u0142niana dzianina z meszkiem od wewn\u0105trz tworz\u0105 po\u0142\u0105czenie komfortu i miejskiej nonszalancji. W duecie z nasz\u0105 bluz\u0105 Cream mousse tworz\u0105 pe\u0142ny, minimalistyczny total look, kt\u00f3ry mo\u017cesz podkr\u0119ci\u0107 mocnymi dodatkami: czapk\u0105 z daszkiem, okularami i modnymi sneakersami. Styl street z kobiecym twistem \u2013 na spacer, na spotkanie, na dzie\u0144 w biegu. Spodnie uszyte s\u0105 z wysokiej jako\u015bci dzianiny z certyfikatem OEKO-TEX 100 standard.<\/p>\n<p>&nbsp;<\/p>\n","protected":false},"excerpt":{"rendered":"<p>Damskie spodnie dresowe Relax w kolorze cream to baza, kt\u00f3ra daje niesko\u0144czone mo\u017cliwo\u015bci stylizacji. Szerokie nogawki, elastyczna talia i mi\u0119kka, bawe\u0142niana dzianina z meszkiem od wewn\u0105trz tworz\u0105 po\u0142\u0105czenie komfortu i miejskiej nonszalancji. W duecie z nasz\u0105 bluz\u0105 Cream mousse tworz\u0105 pe\u0142ny, minimalistyczny total look, kt\u00f3ry mo\u017cesz podkr\u0119ci\u0107 mocnymi dodatkami: czapk\u0105 z daszkiem, okularami i modnymi [&#8230;]\n","protected":false},"featured_media":8071,"template":"","meta":[],"product_brand":[],"product_cat":[22,21,50],"product_tag":[],"class_list":{"0":"post-8074","1":"product","2":"type-product","3":"status-publish","4":"has-post-thumbnail","6":"product_cat-bottoms","7":"product_cat-btm-en","8":"product_cat-new-in","10":"first","11":"instock","12":"taxable","13":"shipping-taxable","14":"purchasable","15":"product-type-variable"},"yoast_head":"<!-- This site is optimized with the Yoast SEO plugin v27.0 - https:\/\/yoast.com\/product\/yoast-seo-wordpress\/ -->\n<title>spodnie dresowe Relax cream mousse - By The Moon EN<\/title>\n<meta name=\"robots\" content=\"index, follow, max-snippet:-1, max-image-preview:large, max-video-preview:-1\" \/>\n<link rel=\"canonical\" href=\"https:\/\/bythemoon.eu\/en\/product\/spodnie-dresowe-relax-cream-mousse\/\" \/>\n<meta property=\"og:locale\" content=\"en_US\" \/>\n<meta property=\"og:type\" content=\"article\" \/>\n<meta property=\"og:title\" content=\"spodnie dresowe Relax cream mousse - By The Moon EN\" \/>\n<meta property=\"og:description\" content=\"Damskie spodnie dresowe Relax w kolorze cream to baza, kt\u00f3ra daje niesko\u0144czone mo\u017cliwo\u015bci stylizacji. Szerokie nogawki, elastyczna talia i mi\u0119kka, bawe\u0142niana dzianina z meszkiem od wewn\u0105trz tworz\u0105 po\u0142\u0105czenie komfortu i miejskiej nonszalancji. W duecie z nasz\u0105 bluz\u0105 Cream mousse tworz\u0105 pe\u0142ny, minimalistyczny total look, kt\u00f3ry mo\u017cesz podkr\u0119ci\u0107 mocnymi dodatkami: czapk\u0105 z daszkiem, okularami i modnymi [...]\" \/>\n<meta property=\"og:url\" content=\"https:\/\/bythemoon.eu\/en\/product\/spodnie-dresowe-relax-cream-mousse\/\" \/>\n<meta property=\"og:site_name\" content=\"By The Moon EN\" \/>\n<meta property=\"article:modified_time\" content=\"2025-11-14T13:16:50+00:00\" \/>\n<meta property=\"og:image\" content=\"https:\/\/bythemoon.eu\/en\/wp-content\/uploads\/2025\/09\/spodnie_cream_2.jpg\" \/>\n\t<meta property=\"og:image:width\" content=\"1000\" \/>\n\t<meta property=\"og:image:height\" content=\"1400\" \/>\n\t<meta property=\"og:image:type\" content=\"image\/jpeg\" \/>\n<script type=\"application\/ld+json\" class=\"yoast-schema-graph\">{\"@context\":\"https:\/\/schema.org\",\"@graph\":[{\"@type\":\"WebPage\",\"@id\":\"https:\/\/bythemoon.eu\/en\/product\/spodnie-dresowe-relax-cream-mousse\/\",\"url\":\"https:\/\/bythemoon.eu\/en\/product\/spodnie-dresowe-relax-cream-mousse\/\",\"name\":\"spodnie dresowe Relax cream mousse - By The Moon EN\",\"isPartOf\":{\"@id\":\"https:\/\/bythemoon.eu\/en\/#website\"},\"primaryImageOfPage\":{\"@id\":\"https:\/\/bythemoon.eu\/en\/product\/spodnie-dresowe-relax-cream-mousse\/#primaryimage\"},\"image\":{\"@id\":\"https:\/\/bythemoon.eu\/en\/product\/spodnie-dresowe-relax-cream-mousse\/#primaryimage\"},\"thumbnailUrl\":\"https:\/\/bythemoon.eu\/en\/wp-content\/uploads\/2025\/09\/spodnie_cream_2.jpg\",\"datePublished\":\"2025-09-19T06:44:50+00:00\",\"dateModified\":\"2025-11-14T13:16:50+00:00\",\"breadcrumb\":{\"@id\":\"https:\/\/bythemoon.eu\/en\/product\/spodnie-dresowe-relax-cream-mousse\/#breadcrumb\"},\"inLanguage\":\"en-US\",\"potentialAction\":[{\"@type\":\"ReadAction\",\"target\":[\"https:\/\/bythemoon.eu\/en\/product\/spodnie-dresowe-relax-cream-mousse\/\"]}]},{\"@type\":\"ImageObject\",\"inLanguage\":\"en-US\",\"@id\":\"https:\/\/bythemoon.eu\/en\/product\/spodnie-dresowe-relax-cream-mousse\/#primaryimage\",\"url\":\"https:\/\/bythemoon.eu\/en\/wp-content\/uploads\/2025\/09\/spodnie_cream_2.jpg\",\"contentUrl\":\"https:\/\/bythemoon.eu\/en\/wp-content\/uploads\/2025\/09\/spodnie_cream_2.jpg\",\"width\":1000,\"height\":1400,\"caption\":\"damski komplet, zestaw dresowy, dresy, cream musse, lu\u017ane spodnie dresowe, kremowe, polska marka\"},{\"@type\":\"BreadcrumbList\",\"@id\":\"https:\/\/bythemoon.eu\/en\/product\/spodnie-dresowe-relax-cream-mousse\/#breadcrumb\",\"itemListElement\":[{\"@type\":\"ListItem\",\"position\":1,\"name\":\"Strona g\u0142\u00f3wna\",\"item\":\"https:\/\/bythemoon.eu\/en\/\"},{\"@type\":\"ListItem\",\"position\":2,\"name\":\"Shop\",\"item\":\"https:\/\/bythemoon.eu\/en\/shop\/\"},{\"@type\":\"ListItem\",\"position\":3,\"name\":\"spodnie dresowe Relax cream mousse\"}]},{\"@type\":\"WebSite\",\"@id\":\"https:\/\/bythemoon.eu\/en\/#website\",\"url\":\"https:\/\/bythemoon.eu\/en\/\",\"name\":\"By The Moon EN\",\"description\":\"\",\"potentialAction\":[{\"@type\":\"SearchAction\",\"target\":{\"@type\":\"EntryPoint\",\"urlTemplate\":\"https:\/\/bythemoon.eu\/en\/?s={search_term_string}\"},\"query-input\":{\"@type\":\"PropertyValueSpecification\",\"valueRequired\":true,\"valueName\":\"search_term_string\"}}],\"inLanguage\":\"en-US\"}]}<\/script>\n<!-- \/ Yoast SEO plugin. -->","yoast_head_json":{"title":"spodnie dresowe Relax cream mousse - By The Moon EN","robots":{"index":"index","follow":"follow","max-snippet":"max-snippet:-1","max-image-preview":"max-image-preview:large","max-video-preview":"max-video-preview:-1"},"canonical":"https:\/\/bythemoon.eu\/en\/product\/spodnie-dresowe-relax-cream-mousse\/","og_locale":"en_US","og_type":"article","og_title":"spodnie dresowe Relax cream mousse - By The Moon EN","og_description":"Damskie spodnie dresowe Relax w kolorze cream to baza, kt\u00f3ra daje niesko\u0144czone mo\u017cliwo\u015bci stylizacji. Szerokie nogawki, elastyczna talia i mi\u0119kka, bawe\u0142niana dzianina z meszkiem od wewn\u0105trz tworz\u0105 po\u0142\u0105czenie komfortu i miejskiej nonszalancji. W duecie z nasz\u0105 bluz\u0105 Cream mousse tworz\u0105 pe\u0142ny, minimalistyczny total look, kt\u00f3ry mo\u017cesz podkr\u0119ci\u0107 mocnymi dodatkami: czapk\u0105 z daszkiem, okularami i modnymi [...]","og_url":"https:\/\/bythemoon.eu\/en\/product\/spodnie-dresowe-relax-cream-mousse\/","og_site_name":"By The Moon EN","article_modified_time":"2025-11-14T13:16:50+00:00","og_image":[{"width":1000,"height":1400,"url":"https:\/\/bythemoon.eu\/en\/wp-content\/uploads\/2025\/09\/spodnie_cream_2.jpg","type":"image\/jpeg"}],"schema":{"@context":"https:\/\/schema.org","@graph":[{"@type":"WebPage","@id":"https:\/\/bythemoon.eu\/en\/product\/spodnie-dresowe-relax-cream-mousse\/","url":"https:\/\/bythemoon.eu\/en\/product\/spodnie-dresowe-relax-cream-mousse\/","name":"spodnie dresowe Relax cream mousse - By The Moon EN","isPartOf":{"@id":"https:\/\/bythemoon.eu\/en\/#website"},"primaryImageOfPage":{"@id":"https:\/\/bythemoon.eu\/en\/product\/spodnie-dresowe-relax-cream-mousse\/#primaryimage"},"image":{"@id":"https:\/\/bythemoon.eu\/en\/product\/spodnie-dresowe-relax-cream-mousse\/#primaryimage"},"thumbnailUrl":"https:\/\/bythemoon.eu\/en\/wp-content\/uploads\/2025\/09\/spodnie_cream_2.jpg","datePublished":"2025-09-19T06:44:50+00:00","dateModified":"2025-11-14T13:16:50+00:00","breadcrumb":{"@id":"https:\/\/bythemoon.eu\/en\/product\/spodnie-dresowe-relax-cream-mousse\/#breadcrumb"},"inLanguage":"en-US","potentialAction":[{"@type":"ReadAction","target":["https:\/\/bythemoon.eu\/en\/product\/spodnie-dresowe-relax-cream-mousse\/"]}]},{"@type":"ImageObject","inLanguage":"en-US","@id":"https:\/\/bythemoon.eu\/en\/product\/spodnie-dresowe-relax-cream-mousse\/#primaryimage","url":"https:\/\/bythemoon.eu\/en\/wp-content\/uploads\/2025\/09\/spodnie_cream_2.jpg","contentUrl":"https:\/\/bythemoon.eu\/en\/wp-content\/uploads\/2025\/09\/spodnie_cream_2.jpg","width":1000,"height":1400,"caption":"damski komplet, zestaw dresowy, dresy, cream musse, lu\u017ane spodnie dresowe, kremowe, polska marka"},{"@type":"BreadcrumbList","@id":"https:\/\/bythemoon.eu\/en\/product\/spodnie-dresowe-relax-cream-mousse\/#breadcrumb","itemListElement":[{"@type":"ListItem","position":1,"name":"Strona g\u0142\u00f3wna","item":"https:\/\/bythemoon.eu\/en\/"},{"@type":"ListItem","position":2,"name":"Shop","item":"https:\/\/bythemoon.eu\/en\/shop\/"},{"@type":"ListItem","position":3,"name":"spodnie dresowe Relax cream mousse"}]},{"@type":"WebSite","@id":"https:\/\/bythemoon.eu\/en\/#website","url":"https:\/\/bythemoon.eu\/en\/","name":"By The Moon EN","description":"","potentialAction":[{"@type":"SearchAction","target":{"@type":"EntryPoint","urlTemplate":"https:\/\/bythemoon.eu\/en\/?s={search_term_string}"},"query-input":{"@type":"PropertyValueSpecification","valueRequired":true,"valueName":"search_term_string"}}],"inLanguage":"en-US"}]}},"_links":{"self":[{"href":"https:\/\/bythemoon.eu\/en\/wp-json\/wp\/v2\/product\/8074","targetHints":{"allow":["GET"]}}],"collection":[{"href":"https:\/\/bythemoon.eu\/en\/wp-json\/wp\/v2\/product"}],"about":[{"href":"https:\/\/bythemoon.eu\/en\/wp-json\/wp\/v2\/types\/product"}],"wp:featuredmedia":[{"embeddable":true,"href":"https:\/\/bythemoon.eu\/en\/wp-json\/wp\/v2\/media\/8071"}],"wp:attachment":[{"href":"https:\/\/bythemoon.eu\/en\/wp-json\/wp\/v2\/media?parent=8074"}],"wp:term":[{"taxonomy":"product_brand","embeddable":true,"href":"https:\/\/bythemoon.eu\/en\/wp-json\/wp\/v2\/product_brand?post=8074"},{"taxonomy":"product_cat","embeddable":true,"href":"https:\/\/bythemoon.eu\/en\/wp-json\/wp\/v2\/product_cat?post=8074"},{"taxonomy":"product_tag","embeddable":true,"href":"https:\/\/bythemoon.eu\/en\/wp-json\/wp\/v2\/product_tag?post=8074"}],"curies":[{"name":"wp","href":"https:\/\/api.w.org\/{rel}","templated":true}]}}