{"id":8043,"date":"2025-09-19T08:44:48","date_gmt":"2025-09-19T06:44:48","guid":{"rendered":"https:\/\/bythemoon.eu\/en\/?post_type=product&#038;p=8043"},"modified":"2025-11-14T14:16:51","modified_gmt":"2025-11-14T13:16:51","slug":"sweter-merino-noemi-blue-sky","status":"publish","type":"product","link":"https:\/\/bythemoon.eu\/en\/product\/sweter-merino-noemi-blue-sky\/","title":{"rendered":"sweter merino Noemi blue sky"},"content":{"rendered":"<p><span style=\"font-size: 13.5pt;font-family: 'Times New Roman',serif\">Damski sweter zrobiony z mi\u0119kkiej, szlachetnej we\u0142ny merino extra fine w subtelnym odcieniu b\u0142\u0119kitu, prze\u0142amanym kontrastowymi wyko\u0144czeniami w kolorze czekolady. Klasyczna forma z okr\u0105g\u0142ym dekoltem sprawia, \u017ce sweterek z \u0142atwo\u015bci\u0105 wpisuje si\u0119 w miejski look &#8211; od porannych spotka\u0144 przy kawie, po wieczorne wyj\u015bcia z przyjaci\u00f3\u0142mi.\u00a0 Minimalistyczny, a jednocze\u015bnie wyrazisty. Szczeg\u00f3lnie pi\u0119knie wygl\u0105da w duecie z chust\u0105 Blue sky w tym samym odcieniu b\u0142\u0119kitu, tworz\u0105c monochromatyczny super modny zestaw. To po\u0142\u0105czenie, to kwintesencja niewymuszonej elegancji. Sweter \u015bwietnie wygl\u0105da w zestawieniu z naszymi czekoladowymi kulotami, sp\u00f3dnicami czy spodniami od garnituru. Wykonany <\/span><span style=\"font-family: 'Times New Roman', serif;font-size: 13.5pt\">z w\u0142oskiej prz\u0119dzy <\/span><span style=\"font-family: 'Times New Roman', serif;font-size: 18px\">100% <\/span><span style=\"font-family: 'Times New Roman', serif;font-size: 13.5pt\">merino, kt\u00f3ra zapewnia <\/span><span style=\"font-family: 'Times New Roman', serif;font-size: 18px\">ciep\u0142o i komfort. Idealny na ka\u017cd\u0105 por\u0119 roku.<\/span><\/p>\n","protected":false},"excerpt":{"rendered":"<p>Damski sweter zrobiony z mi\u0119kkiej, szlachetnej we\u0142ny merino extra fine w subtelnym odcieniu b\u0142\u0119kitu, prze\u0142amanym kontrastowymi wyko\u0144czeniami w kolorze czekolady. Klasyczna forma z okr\u0105g\u0142ym dekoltem sprawia, \u017ce sweterek z \u0142atwo\u015bci\u0105 wpisuje si\u0119 w miejski look &#8211; od porannych spotka\u0144 przy kawie, po wieczorne wyj\u015bcia z przyjaci\u00f3\u0142mi.\u00a0 Minimalistyczny, a jednocze\u015bnie wyrazisty. Szczeg\u00f3lnie pi\u0119knie wygl\u0105da w duecie [&#8230;]\n","protected":false},"featured_media":8119,"template":"","meta":[],"product_brand":[],"product_cat":[21,50,53],"product_tag":[],"class_list":{"0":"post-8043","1":"product","2":"type-product","3":"status-publish","4":"has-post-thumbnail","6":"product_cat-btm-en","7":"product_cat-new-in","8":"product_cat-sweaters","10":"first","11":"instock","12":"taxable","13":"shipping-taxable","14":"purchasable","15":"product-type-variable"},"yoast_head":"<!-- This site is optimized with the Yoast SEO plugin v27.0 - https:\/\/yoast.com\/product\/yoast-seo-wordpress\/ -->\n<title>sweter merino Noemi blue sky - By The Moon EN<\/title>\n<meta name=\"robots\" content=\"index, follow, max-snippet:-1, max-image-preview:large, max-video-preview:-1\" \/>\n<link rel=\"canonical\" href=\"https:\/\/bythemoon.eu\/en\/product\/sweter-merino-noemi-blue-sky\/\" \/>\n<meta property=\"og:locale\" content=\"en_US\" \/>\n<meta property=\"og:type\" content=\"article\" \/>\n<meta property=\"og:title\" content=\"sweter merino Noemi blue sky - By The Moon EN\" \/>\n<meta property=\"og:description\" content=\"Damski sweter zrobiony z mi\u0119kkiej, szlachetnej we\u0142ny merino extra fine w subtelnym odcieniu b\u0142\u0119kitu, prze\u0142amanym kontrastowymi wyko\u0144czeniami w kolorze czekolady. Klasyczna forma z okr\u0105g\u0142ym dekoltem sprawia, \u017ce sweterek z \u0142atwo\u015bci\u0105 wpisuje si\u0119 w miejski look &#8211; od porannych spotka\u0144 przy kawie, po wieczorne wyj\u015bcia z przyjaci\u00f3\u0142mi.\u00a0 Minimalistyczny, a jednocze\u015bnie wyrazisty. Szczeg\u00f3lnie pi\u0119knie wygl\u0105da w duecie [...]\" \/>\n<meta property=\"og:url\" content=\"https:\/\/bythemoon.eu\/en\/product\/sweter-merino-noemi-blue-sky\/\" \/>\n<meta property=\"og:site_name\" content=\"By The Moon EN\" \/>\n<meta property=\"article:modified_time\" content=\"2025-11-14T13:16:51+00:00\" \/>\n<meta property=\"og:image\" content=\"https:\/\/bythemoon.eu\/en\/wp-content\/uploads\/2025\/09\/small_P1A1954-Edit.jpg\" \/>\n\t<meta property=\"og:image:width\" content=\"1000\" \/>\n\t<meta property=\"og:image:height\" content=\"1500\" \/>\n\t<meta property=\"og:image:type\" content=\"image\/jpeg\" \/>\n<script type=\"application\/ld+json\" class=\"yoast-schema-graph\">{\"@context\":\"https:\/\/schema.org\",\"@graph\":[{\"@type\":\"WebPage\",\"@id\":\"https:\/\/bythemoon.eu\/en\/product\/sweter-merino-noemi-blue-sky\/\",\"url\":\"https:\/\/bythemoon.eu\/en\/product\/sweter-merino-noemi-blue-sky\/\",\"name\":\"sweter merino Noemi blue sky - By The Moon EN\",\"isPartOf\":{\"@id\":\"https:\/\/bythemoon.eu\/en\/#website\"},\"primaryImageOfPage\":{\"@id\":\"https:\/\/bythemoon.eu\/en\/product\/sweter-merino-noemi-blue-sky\/#primaryimage\"},\"image\":{\"@id\":\"https:\/\/bythemoon.eu\/en\/product\/sweter-merino-noemi-blue-sky\/#primaryimage\"},\"thumbnailUrl\":\"https:\/\/bythemoon.eu\/en\/wp-content\/uploads\/2025\/09\/small_P1A1954-Edit.jpg\",\"datePublished\":\"2025-09-19T06:44:48+00:00\",\"dateModified\":\"2025-11-14T13:16:51+00:00\",\"breadcrumb\":{\"@id\":\"https:\/\/bythemoon.eu\/en\/product\/sweter-merino-noemi-blue-sky\/#breadcrumb\"},\"inLanguage\":\"en-US\",\"potentialAction\":[{\"@type\":\"ReadAction\",\"target\":[\"https:\/\/bythemoon.eu\/en\/product\/sweter-merino-noemi-blue-sky\/\"]}]},{\"@type\":\"ImageObject\",\"inLanguage\":\"en-US\",\"@id\":\"https:\/\/bythemoon.eu\/en\/product\/sweter-merino-noemi-blue-sky\/#primaryimage\",\"url\":\"https:\/\/bythemoon.eu\/en\/wp-content\/uploads\/2025\/09\/small_P1A1954-Edit.jpg\",\"contentUrl\":\"https:\/\/bythemoon.eu\/en\/wp-content\/uploads\/2025\/09\/small_P1A1954-Edit.jpg\",\"width\":1000,\"height\":1500,\"caption\":\"niebieski, b\u0142\u0119kitny sweter sweterek merino 100%, na jesie\u0144, wiosne, cienki, wyprodukowany w polsce, niegryz\u0105cy\"},{\"@type\":\"BreadcrumbList\",\"@id\":\"https:\/\/bythemoon.eu\/en\/product\/sweter-merino-noemi-blue-sky\/#breadcrumb\",\"itemListElement\":[{\"@type\":\"ListItem\",\"position\":1,\"name\":\"Strona g\u0142\u00f3wna\",\"item\":\"https:\/\/bythemoon.eu\/en\/\"},{\"@type\":\"ListItem\",\"position\":2,\"name\":\"Shop\",\"item\":\"https:\/\/bythemoon.eu\/en\/shop\/\"},{\"@type\":\"ListItem\",\"position\":3,\"name\":\"sweter merino Noemi blue sky\"}]},{\"@type\":\"WebSite\",\"@id\":\"https:\/\/bythemoon.eu\/en\/#website\",\"url\":\"https:\/\/bythemoon.eu\/en\/\",\"name\":\"By The Moon EN\",\"description\":\"\",\"potentialAction\":[{\"@type\":\"SearchAction\",\"target\":{\"@type\":\"EntryPoint\",\"urlTemplate\":\"https:\/\/bythemoon.eu\/en\/?s={search_term_string}\"},\"query-input\":{\"@type\":\"PropertyValueSpecification\",\"valueRequired\":true,\"valueName\":\"search_term_string\"}}],\"inLanguage\":\"en-US\"}]}<\/script>\n<!-- \/ Yoast SEO plugin. -->","yoast_head_json":{"title":"sweter merino Noemi blue sky - By The Moon EN","robots":{"index":"index","follow":"follow","max-snippet":"max-snippet:-1","max-image-preview":"max-image-preview:large","max-video-preview":"max-video-preview:-1"},"canonical":"https:\/\/bythemoon.eu\/en\/product\/sweter-merino-noemi-blue-sky\/","og_locale":"en_US","og_type":"article","og_title":"sweter merino Noemi blue sky - By The Moon EN","og_description":"Damski sweter zrobiony z mi\u0119kkiej, szlachetnej we\u0142ny merino extra fine w subtelnym odcieniu b\u0142\u0119kitu, prze\u0142amanym kontrastowymi wyko\u0144czeniami w kolorze czekolady. Klasyczna forma z okr\u0105g\u0142ym dekoltem sprawia, \u017ce sweterek z \u0142atwo\u015bci\u0105 wpisuje si\u0119 w miejski look &#8211; od porannych spotka\u0144 przy kawie, po wieczorne wyj\u015bcia z przyjaci\u00f3\u0142mi.\u00a0 Minimalistyczny, a jednocze\u015bnie wyrazisty. Szczeg\u00f3lnie pi\u0119knie wygl\u0105da w duecie [...]","og_url":"https:\/\/bythemoon.eu\/en\/product\/sweter-merino-noemi-blue-sky\/","og_site_name":"By The Moon EN","article_modified_time":"2025-11-14T13:16:51+00:00","og_image":[{"width":1000,"height":1500,"url":"https:\/\/bythemoon.eu\/en\/wp-content\/uploads\/2025\/09\/small_P1A1954-Edit.jpg","type":"image\/jpeg"}],"schema":{"@context":"https:\/\/schema.org","@graph":[{"@type":"WebPage","@id":"https:\/\/bythemoon.eu\/en\/product\/sweter-merino-noemi-blue-sky\/","url":"https:\/\/bythemoon.eu\/en\/product\/sweter-merino-noemi-blue-sky\/","name":"sweter merino Noemi blue sky - By The Moon EN","isPartOf":{"@id":"https:\/\/bythemoon.eu\/en\/#website"},"primaryImageOfPage":{"@id":"https:\/\/bythemoon.eu\/en\/product\/sweter-merino-noemi-blue-sky\/#primaryimage"},"image":{"@id":"https:\/\/bythemoon.eu\/en\/product\/sweter-merino-noemi-blue-sky\/#primaryimage"},"thumbnailUrl":"https:\/\/bythemoon.eu\/en\/wp-content\/uploads\/2025\/09\/small_P1A1954-Edit.jpg","datePublished":"2025-09-19T06:44:48+00:00","dateModified":"2025-11-14T13:16:51+00:00","breadcrumb":{"@id":"https:\/\/bythemoon.eu\/en\/product\/sweter-merino-noemi-blue-sky\/#breadcrumb"},"inLanguage":"en-US","potentialAction":[{"@type":"ReadAction","target":["https:\/\/bythemoon.eu\/en\/product\/sweter-merino-noemi-blue-sky\/"]}]},{"@type":"ImageObject","inLanguage":"en-US","@id":"https:\/\/bythemoon.eu\/en\/product\/sweter-merino-noemi-blue-sky\/#primaryimage","url":"https:\/\/bythemoon.eu\/en\/wp-content\/uploads\/2025\/09\/small_P1A1954-Edit.jpg","contentUrl":"https:\/\/bythemoon.eu\/en\/wp-content\/uploads\/2025\/09\/small_P1A1954-Edit.jpg","width":1000,"height":1500,"caption":"niebieski, b\u0142\u0119kitny sweter sweterek merino 100%, na jesie\u0144, wiosne, cienki, wyprodukowany w polsce, niegryz\u0105cy"},{"@type":"BreadcrumbList","@id":"https:\/\/bythemoon.eu\/en\/product\/sweter-merino-noemi-blue-sky\/#breadcrumb","itemListElement":[{"@type":"ListItem","position":1,"name":"Strona g\u0142\u00f3wna","item":"https:\/\/bythemoon.eu\/en\/"},{"@type":"ListItem","position":2,"name":"Shop","item":"https:\/\/bythemoon.eu\/en\/shop\/"},{"@type":"ListItem","position":3,"name":"sweter merino Noemi blue sky"}]},{"@type":"WebSite","@id":"https:\/\/bythemoon.eu\/en\/#website","url":"https:\/\/bythemoon.eu\/en\/","name":"By The Moon EN","description":"","potentialAction":[{"@type":"SearchAction","target":{"@type":"EntryPoint","urlTemplate":"https:\/\/bythemoon.eu\/en\/?s={search_term_string}"},"query-input":{"@type":"PropertyValueSpecification","valueRequired":true,"valueName":"search_term_string"}}],"inLanguage":"en-US"}]}},"_links":{"self":[{"href":"https:\/\/bythemoon.eu\/en\/wp-json\/wp\/v2\/product\/8043","targetHints":{"allow":["GET"]}}],"collection":[{"href":"https:\/\/bythemoon.eu\/en\/wp-json\/wp\/v2\/product"}],"about":[{"href":"https:\/\/bythemoon.eu\/en\/wp-json\/wp\/v2\/types\/product"}],"wp:featuredmedia":[{"embeddable":true,"href":"https:\/\/bythemoon.eu\/en\/wp-json\/wp\/v2\/media\/8119"}],"wp:attachment":[{"href":"https:\/\/bythemoon.eu\/en\/wp-json\/wp\/v2\/media?parent=8043"}],"wp:term":[{"taxonomy":"product_brand","embeddable":true,"href":"https:\/\/bythemoon.eu\/en\/wp-json\/wp\/v2\/product_brand?post=8043"},{"taxonomy":"product_cat","embeddable":true,"href":"https:\/\/bythemoon.eu\/en\/wp-json\/wp\/v2\/product_cat?post=8043"},{"taxonomy":"product_tag","embeddable":true,"href":"https:\/\/bythemoon.eu\/en\/wp-json\/wp\/v2\/product_tag?post=8043"}],"curies":[{"name":"wp","href":"https:\/\/api.w.org\/{rel}","templated":true}]}}