{"id":7984,"date":"2025-09-19T08:44:49","date_gmt":"2025-09-19T06:44:49","guid":{"rendered":"https:\/\/bythemoon.eu\/en\/?post_type=product&#038;p=7984"},"modified":"2025-11-14T14:16:52","modified_gmt":"2025-11-14T13:16:52","slug":"bluza-poppy","status":"publish","type":"product","link":"https:\/\/bythemoon.eu\/en\/product\/bluza-poppy\/","title":{"rendered":"bluza Poppy"},"content":{"rendered":"<p>Bluza damska Poppy, w kolorze intensywnej czerwieni, to wyrazista propozycja na ch\u0142odniejsze dni. Poppy red to energetyczny czerwony kolor, kt\u00f3ry dzia\u0142a na zmys\u0142y \u2013 a w po\u0142\u0105czeniu z mocnym krojem i grub\u0105, ale mi\u0119kk\u0105 dzianin\u0105, daje efekt pe\u0142en stylu i charakteru. Ma lekko oversize\u2019owy fason z charakterystycznymi ci\u0119ciami, kt\u00f3re tworz\u0105 modne, mocne linie. Mi\u0119kki meszek wewn\u0105trz bluzy dodaje komfortu i ciep\u0142a, a nasycona czerwie\u0144 podkr\u0119ca ka\u017cd\u0105 stylizacj\u0119 \u2013 od casualowej po bardziej wyj\u015bciow\u0105. ta propozycja, to energia czerwieni i si\u0142a detalu. \u00adMust have dla pa\u0144, kt\u00f3re chc\u0105 si\u0119 wyr\u00f3\u017cni\u0107 strojem.<\/p>\n","protected":false},"excerpt":{"rendered":"<p>Bluza damska Poppy, w kolorze intensywnej czerwieni, to wyrazista propozycja na ch\u0142odniejsze dni. Poppy red to energetyczny czerwony kolor, kt\u00f3ry dzia\u0142a na zmys\u0142y \u2013 a w po\u0142\u0105czeniu z mocnym krojem i grub\u0105, ale mi\u0119kk\u0105 dzianin\u0105, daje efekt pe\u0142en stylu i charakteru. Ma lekko oversize\u2019owy fason z charakterystycznymi ci\u0119ciami, kt\u00f3re tworz\u0105 modne, mocne linie. Mi\u0119kki meszek [&#8230;]\n","protected":false},"featured_media":8218,"template":"","meta":[],"product_brand":[],"product_cat":[21,50,52],"product_tag":[],"class_list":{"0":"post-7984","1":"product","2":"type-product","3":"status-publish","4":"has-post-thumbnail","6":"product_cat-btm-en","7":"product_cat-new-in","8":"product_cat-sweatshirts","10":"first","11":"instock","12":"taxable","13":"shipping-taxable","14":"purchasable","15":"product-type-variable"},"yoast_head":"<!-- This site is optimized with the Yoast SEO plugin v27.0 - https:\/\/yoast.com\/product\/yoast-seo-wordpress\/ -->\n<title>bluza Poppy - By The Moon EN<\/title>\n<meta name=\"robots\" content=\"index, follow, max-snippet:-1, max-image-preview:large, max-video-preview:-1\" \/>\n<link rel=\"canonical\" href=\"https:\/\/bythemoon.eu\/en\/product\/bluza-poppy\/\" \/>\n<meta property=\"og:locale\" content=\"en_US\" \/>\n<meta property=\"og:type\" content=\"article\" \/>\n<meta property=\"og:title\" content=\"bluza Poppy - By The Moon EN\" \/>\n<meta property=\"og:description\" content=\"Bluza damska Poppy, w kolorze intensywnej czerwieni, to wyrazista propozycja na ch\u0142odniejsze dni. Poppy red to energetyczny czerwony kolor, kt\u00f3ry dzia\u0142a na zmys\u0142y \u2013 a w po\u0142\u0105czeniu z mocnym krojem i grub\u0105, ale mi\u0119kk\u0105 dzianin\u0105, daje efekt pe\u0142en stylu i charakteru. Ma lekko oversize\u2019owy fason z charakterystycznymi ci\u0119ciami, kt\u00f3re tworz\u0105 modne, mocne linie. Mi\u0119kki meszek [...]\" \/>\n<meta property=\"og:url\" content=\"https:\/\/bythemoon.eu\/en\/product\/bluza-poppy\/\" \/>\n<meta property=\"og:site_name\" content=\"By The Moon EN\" \/>\n<meta property=\"article:modified_time\" content=\"2025-11-14T13:16:52+00:00\" \/>\n<meta property=\"og:image\" content=\"https:\/\/bythemoon.eu\/en\/wp-content\/uploads\/2025\/09\/bluza_poppy_01.jpg\" \/>\n\t<meta property=\"og:image:width\" content=\"1000\" \/>\n\t<meta property=\"og:image:height\" content=\"1500\" \/>\n\t<meta property=\"og:image:type\" content=\"image\/jpeg\" \/>\n<script type=\"application\/ld+json\" class=\"yoast-schema-graph\">{\"@context\":\"https:\/\/schema.org\",\"@graph\":[{\"@type\":\"WebPage\",\"@id\":\"https:\/\/bythemoon.eu\/en\/product\/bluza-poppy\/\",\"url\":\"https:\/\/bythemoon.eu\/en\/product\/bluza-poppy\/\",\"name\":\"bluza Poppy - By The Moon EN\",\"isPartOf\":{\"@id\":\"https:\/\/bythemoon.eu\/en\/#website\"},\"primaryImageOfPage\":{\"@id\":\"https:\/\/bythemoon.eu\/en\/product\/bluza-poppy\/#primaryimage\"},\"image\":{\"@id\":\"https:\/\/bythemoon.eu\/en\/product\/bluza-poppy\/#primaryimage\"},\"thumbnailUrl\":\"https:\/\/bythemoon.eu\/en\/wp-content\/uploads\/2025\/09\/bluza_poppy_01.jpg\",\"datePublished\":\"2025-09-19T06:44:49+00:00\",\"dateModified\":\"2025-11-14T13:16:52+00:00\",\"breadcrumb\":{\"@id\":\"https:\/\/bythemoon.eu\/en\/product\/bluza-poppy\/#breadcrumb\"},\"inLanguage\":\"en-US\",\"potentialAction\":[{\"@type\":\"ReadAction\",\"target\":[\"https:\/\/bythemoon.eu\/en\/product\/bluza-poppy\/\"]}]},{\"@type\":\"ImageObject\",\"inLanguage\":\"en-US\",\"@id\":\"https:\/\/bythemoon.eu\/en\/product\/bluza-poppy\/#primaryimage\",\"url\":\"https:\/\/bythemoon.eu\/en\/wp-content\/uploads\/2025\/09\/bluza_poppy_01.jpg\",\"contentUrl\":\"https:\/\/bythemoon.eu\/en\/wp-content\/uploads\/2025\/09\/bluza_poppy_01.jpg\",\"width\":1000,\"height\":1500,\"caption\":\"czerwona bluza damska, sportowa, casual, bawe\u0142niana, bawe\u0142na, polska marka, dobrej jako\u015bci,\"},{\"@type\":\"BreadcrumbList\",\"@id\":\"https:\/\/bythemoon.eu\/en\/product\/bluza-poppy\/#breadcrumb\",\"itemListElement\":[{\"@type\":\"ListItem\",\"position\":1,\"name\":\"Strona g\u0142\u00f3wna\",\"item\":\"https:\/\/bythemoon.eu\/en\/\"},{\"@type\":\"ListItem\",\"position\":2,\"name\":\"Shop\",\"item\":\"https:\/\/bythemoon.eu\/en\/shop\/\"},{\"@type\":\"ListItem\",\"position\":3,\"name\":\"bluza Poppy\"}]},{\"@type\":\"WebSite\",\"@id\":\"https:\/\/bythemoon.eu\/en\/#website\",\"url\":\"https:\/\/bythemoon.eu\/en\/\",\"name\":\"By The Moon EN\",\"description\":\"\",\"potentialAction\":[{\"@type\":\"SearchAction\",\"target\":{\"@type\":\"EntryPoint\",\"urlTemplate\":\"https:\/\/bythemoon.eu\/en\/?s={search_term_string}\"},\"query-input\":{\"@type\":\"PropertyValueSpecification\",\"valueRequired\":true,\"valueName\":\"search_term_string\"}}],\"inLanguage\":\"en-US\"}]}<\/script>\n<!-- \/ Yoast SEO plugin. -->","yoast_head_json":{"title":"bluza Poppy - By The Moon EN","robots":{"index":"index","follow":"follow","max-snippet":"max-snippet:-1","max-image-preview":"max-image-preview:large","max-video-preview":"max-video-preview:-1"},"canonical":"https:\/\/bythemoon.eu\/en\/product\/bluza-poppy\/","og_locale":"en_US","og_type":"article","og_title":"bluza Poppy - By The Moon EN","og_description":"Bluza damska Poppy, w kolorze intensywnej czerwieni, to wyrazista propozycja na ch\u0142odniejsze dni. Poppy red to energetyczny czerwony kolor, kt\u00f3ry dzia\u0142a na zmys\u0142y \u2013 a w po\u0142\u0105czeniu z mocnym krojem i grub\u0105, ale mi\u0119kk\u0105 dzianin\u0105, daje efekt pe\u0142en stylu i charakteru. Ma lekko oversize\u2019owy fason z charakterystycznymi ci\u0119ciami, kt\u00f3re tworz\u0105 modne, mocne linie. Mi\u0119kki meszek [...]","og_url":"https:\/\/bythemoon.eu\/en\/product\/bluza-poppy\/","og_site_name":"By The Moon EN","article_modified_time":"2025-11-14T13:16:52+00:00","og_image":[{"width":1000,"height":1500,"url":"https:\/\/bythemoon.eu\/en\/wp-content\/uploads\/2025\/09\/bluza_poppy_01.jpg","type":"image\/jpeg"}],"schema":{"@context":"https:\/\/schema.org","@graph":[{"@type":"WebPage","@id":"https:\/\/bythemoon.eu\/en\/product\/bluza-poppy\/","url":"https:\/\/bythemoon.eu\/en\/product\/bluza-poppy\/","name":"bluza Poppy - By The Moon EN","isPartOf":{"@id":"https:\/\/bythemoon.eu\/en\/#website"},"primaryImageOfPage":{"@id":"https:\/\/bythemoon.eu\/en\/product\/bluza-poppy\/#primaryimage"},"image":{"@id":"https:\/\/bythemoon.eu\/en\/product\/bluza-poppy\/#primaryimage"},"thumbnailUrl":"https:\/\/bythemoon.eu\/en\/wp-content\/uploads\/2025\/09\/bluza_poppy_01.jpg","datePublished":"2025-09-19T06:44:49+00:00","dateModified":"2025-11-14T13:16:52+00:00","breadcrumb":{"@id":"https:\/\/bythemoon.eu\/en\/product\/bluza-poppy\/#breadcrumb"},"inLanguage":"en-US","potentialAction":[{"@type":"ReadAction","target":["https:\/\/bythemoon.eu\/en\/product\/bluza-poppy\/"]}]},{"@type":"ImageObject","inLanguage":"en-US","@id":"https:\/\/bythemoon.eu\/en\/product\/bluza-poppy\/#primaryimage","url":"https:\/\/bythemoon.eu\/en\/wp-content\/uploads\/2025\/09\/bluza_poppy_01.jpg","contentUrl":"https:\/\/bythemoon.eu\/en\/wp-content\/uploads\/2025\/09\/bluza_poppy_01.jpg","width":1000,"height":1500,"caption":"czerwona bluza damska, sportowa, casual, bawe\u0142niana, bawe\u0142na, polska marka, dobrej jako\u015bci,"},{"@type":"BreadcrumbList","@id":"https:\/\/bythemoon.eu\/en\/product\/bluza-poppy\/#breadcrumb","itemListElement":[{"@type":"ListItem","position":1,"name":"Strona g\u0142\u00f3wna","item":"https:\/\/bythemoon.eu\/en\/"},{"@type":"ListItem","position":2,"name":"Shop","item":"https:\/\/bythemoon.eu\/en\/shop\/"},{"@type":"ListItem","position":3,"name":"bluza Poppy"}]},{"@type":"WebSite","@id":"https:\/\/bythemoon.eu\/en\/#website","url":"https:\/\/bythemoon.eu\/en\/","name":"By The Moon EN","description":"","potentialAction":[{"@type":"SearchAction","target":{"@type":"EntryPoint","urlTemplate":"https:\/\/bythemoon.eu\/en\/?s={search_term_string}"},"query-input":{"@type":"PropertyValueSpecification","valueRequired":true,"valueName":"search_term_string"}}],"inLanguage":"en-US"}]}},"_links":{"self":[{"href":"https:\/\/bythemoon.eu\/en\/wp-json\/wp\/v2\/product\/7984","targetHints":{"allow":["GET"]}}],"collection":[{"href":"https:\/\/bythemoon.eu\/en\/wp-json\/wp\/v2\/product"}],"about":[{"href":"https:\/\/bythemoon.eu\/en\/wp-json\/wp\/v2\/types\/product"}],"wp:featuredmedia":[{"embeddable":true,"href":"https:\/\/bythemoon.eu\/en\/wp-json\/wp\/v2\/media\/8218"}],"wp:attachment":[{"href":"https:\/\/bythemoon.eu\/en\/wp-json\/wp\/v2\/media?parent=7984"}],"wp:term":[{"taxonomy":"product_brand","embeddable":true,"href":"https:\/\/bythemoon.eu\/en\/wp-json\/wp\/v2\/product_brand?post=7984"},{"taxonomy":"product_cat","embeddable":true,"href":"https:\/\/bythemoon.eu\/en\/wp-json\/wp\/v2\/product_cat?post=7984"},{"taxonomy":"product_tag","embeddable":true,"href":"https:\/\/bythemoon.eu\/en\/wp-json\/wp\/v2\/product_tag?post=7984"}],"curies":[{"name":"wp","href":"https:\/\/api.w.org\/{rel}","templated":true}]}}