{"id":7979,"date":"2025-09-19T08:44:50","date_gmt":"2025-09-19T06:44:50","guid":{"rendered":"https:\/\/bythemoon.eu\/en\/?post_type=product&#038;p=7979"},"modified":"2025-11-14T14:16:52","modified_gmt":"2025-11-14T13:16:52","slug":"bluza-sapphire","status":"publish","type":"product","link":"https:\/\/bythemoon.eu\/en\/product\/bluza-sapphire\/","title":{"rendered":"bluza Sapphire"},"content":{"rendered":"<p>Bluza damska Sapphire, kt\u00f3ra przyci\u0105ga spojrzenia. G\u0142\u0119boki odcie\u0144 niebieskiego i mocny, miejski kr\u00f3j z wyra\u017anymi ci\u0119ciami tworz\u0105 nowoczesny city look. Mi\u0119kka dzianina bawe\u0142niana\u00a0 z meszkiem przyjemnie otula cia\u0142o, a przy tym dobrze trzyma form\u0119 \u2013 to bluza, kt\u00f3ra wygl\u0105da \u015bwietnie w ka\u017cdym zestawieniu. Szeroki fason, obni\u017cona linia ramion i mocna kolorystyka nadaj\u0105 stylizacji charakteru. \u0141\u0105cz z d\u017cinsem, czerni\u0105, be\u017cem lub kontrastowymi wyrazistymi kolorami \u2013 zale\u017cnie od nastroju. Bluza uszyta jest z wysokiej jako\u015bci dzianiny z certyfikatem OEKO-TEX 100 standard.<\/p>\n","protected":false},"excerpt":{"rendered":"<p>Bluza damska Sapphire, kt\u00f3ra przyci\u0105ga spojrzenia. G\u0142\u0119boki odcie\u0144 niebieskiego i mocny, miejski kr\u00f3j z wyra\u017anymi ci\u0119ciami tworz\u0105 nowoczesny city look. Mi\u0119kka dzianina bawe\u0142niana\u00a0 z meszkiem przyjemnie otula cia\u0142o, a przy tym dobrze trzyma form\u0119 \u2013 to bluza, kt\u00f3ra wygl\u0105da \u015bwietnie w ka\u017cdym zestawieniu. Szeroki fason, obni\u017cona linia ramion i mocna kolorystyka nadaj\u0105 stylizacji charakteru. \u0141\u0105cz [&#8230;]\n","protected":false},"featured_media":8128,"template":"","meta":[],"product_brand":[],"product_cat":[21,50,52],"product_tag":[],"class_list":{"0":"post-7979","1":"product","2":"type-product","3":"status-publish","4":"has-post-thumbnail","6":"product_cat-btm-en","7":"product_cat-new-in","8":"product_cat-sweatshirts","10":"first","11":"instock","12":"taxable","13":"shipping-taxable","14":"purchasable","15":"product-type-variable"},"yoast_head":"<!-- This site is optimized with the Yoast SEO plugin v27.0 - https:\/\/yoast.com\/product\/yoast-seo-wordpress\/ -->\n<title>bluza Sapphire - By The Moon EN<\/title>\n<meta name=\"robots\" content=\"index, follow, max-snippet:-1, max-image-preview:large, max-video-preview:-1\" \/>\n<link rel=\"canonical\" href=\"https:\/\/bythemoon.eu\/en\/product\/bluza-sapphire\/\" \/>\n<meta property=\"og:locale\" content=\"en_US\" \/>\n<meta property=\"og:type\" content=\"article\" \/>\n<meta property=\"og:title\" content=\"bluza Sapphire - By The Moon EN\" \/>\n<meta property=\"og:description\" content=\"Bluza damska Sapphire, kt\u00f3ra przyci\u0105ga spojrzenia. G\u0142\u0119boki odcie\u0144 niebieskiego i mocny, miejski kr\u00f3j z wyra\u017anymi ci\u0119ciami tworz\u0105 nowoczesny city look. Mi\u0119kka dzianina bawe\u0142niana\u00a0 z meszkiem przyjemnie otula cia\u0142o, a przy tym dobrze trzyma form\u0119 \u2013 to bluza, kt\u00f3ra wygl\u0105da \u015bwietnie w ka\u017cdym zestawieniu. Szeroki fason, obni\u017cona linia ramion i mocna kolorystyka nadaj\u0105 stylizacji charakteru. \u0141\u0105cz [...]\" \/>\n<meta property=\"og:url\" content=\"https:\/\/bythemoon.eu\/en\/product\/bluza-sapphire\/\" \/>\n<meta property=\"og:site_name\" content=\"By The Moon EN\" \/>\n<meta property=\"article:modified_time\" content=\"2025-11-14T13:16:52+00:00\" \/>\n<meta property=\"og:image\" content=\"https:\/\/bythemoon.eu\/en\/wp-content\/uploads\/2025\/09\/bluza_sapphire2.jpg\" \/>\n\t<meta property=\"og:image:width\" content=\"1000\" \/>\n\t<meta property=\"og:image:height\" content=\"1500\" \/>\n\t<meta property=\"og:image:type\" content=\"image\/jpeg\" \/>\n<script type=\"application\/ld+json\" class=\"yoast-schema-graph\">{\"@context\":\"https:\/\/schema.org\",\"@graph\":[{\"@type\":\"WebPage\",\"@id\":\"https:\/\/bythemoon.eu\/en\/product\/bluza-sapphire\/\",\"url\":\"https:\/\/bythemoon.eu\/en\/product\/bluza-sapphire\/\",\"name\":\"bluza Sapphire - By The Moon EN\",\"isPartOf\":{\"@id\":\"https:\/\/bythemoon.eu\/en\/#website\"},\"primaryImageOfPage\":{\"@id\":\"https:\/\/bythemoon.eu\/en\/product\/bluza-sapphire\/#primaryimage\"},\"image\":{\"@id\":\"https:\/\/bythemoon.eu\/en\/product\/bluza-sapphire\/#primaryimage\"},\"thumbnailUrl\":\"https:\/\/bythemoon.eu\/en\/wp-content\/uploads\/2025\/09\/bluza_sapphire2.jpg\",\"datePublished\":\"2025-09-19T06:44:50+00:00\",\"dateModified\":\"2025-11-14T13:16:52+00:00\",\"breadcrumb\":{\"@id\":\"https:\/\/bythemoon.eu\/en\/product\/bluza-sapphire\/#breadcrumb\"},\"inLanguage\":\"en-US\",\"potentialAction\":[{\"@type\":\"ReadAction\",\"target\":[\"https:\/\/bythemoon.eu\/en\/product\/bluza-sapphire\/\"]}]},{\"@type\":\"ImageObject\",\"inLanguage\":\"en-US\",\"@id\":\"https:\/\/bythemoon.eu\/en\/product\/bluza-sapphire\/#primaryimage\",\"url\":\"https:\/\/bythemoon.eu\/en\/wp-content\/uploads\/2025\/09\/bluza_sapphire2.jpg\",\"contentUrl\":\"https:\/\/bythemoon.eu\/en\/wp-content\/uploads\/2025\/09\/bluza_sapphire2.jpg\",\"width\":1000,\"height\":1500,\"caption\":\"niebieska, szafirowa bluza damska, sportowa, bawe\u0142niana, bawe\u0142na, lu\u017ana, mi\u0119kka dzianina, polska marka, wyprodukowano w polsce\"},{\"@type\":\"BreadcrumbList\",\"@id\":\"https:\/\/bythemoon.eu\/en\/product\/bluza-sapphire\/#breadcrumb\",\"itemListElement\":[{\"@type\":\"ListItem\",\"position\":1,\"name\":\"Strona g\u0142\u00f3wna\",\"item\":\"https:\/\/bythemoon.eu\/en\/\"},{\"@type\":\"ListItem\",\"position\":2,\"name\":\"Shop\",\"item\":\"https:\/\/bythemoon.eu\/en\/shop\/\"},{\"@type\":\"ListItem\",\"position\":3,\"name\":\"bluza Sapphire\"}]},{\"@type\":\"WebSite\",\"@id\":\"https:\/\/bythemoon.eu\/en\/#website\",\"url\":\"https:\/\/bythemoon.eu\/en\/\",\"name\":\"By The Moon EN\",\"description\":\"\",\"potentialAction\":[{\"@type\":\"SearchAction\",\"target\":{\"@type\":\"EntryPoint\",\"urlTemplate\":\"https:\/\/bythemoon.eu\/en\/?s={search_term_string}\"},\"query-input\":{\"@type\":\"PropertyValueSpecification\",\"valueRequired\":true,\"valueName\":\"search_term_string\"}}],\"inLanguage\":\"en-US\"}]}<\/script>\n<!-- \/ Yoast SEO plugin. -->","yoast_head_json":{"title":"bluza Sapphire - By The Moon EN","robots":{"index":"index","follow":"follow","max-snippet":"max-snippet:-1","max-image-preview":"max-image-preview:large","max-video-preview":"max-video-preview:-1"},"canonical":"https:\/\/bythemoon.eu\/en\/product\/bluza-sapphire\/","og_locale":"en_US","og_type":"article","og_title":"bluza Sapphire - By The Moon EN","og_description":"Bluza damska Sapphire, kt\u00f3ra przyci\u0105ga spojrzenia. G\u0142\u0119boki odcie\u0144 niebieskiego i mocny, miejski kr\u00f3j z wyra\u017anymi ci\u0119ciami tworz\u0105 nowoczesny city look. Mi\u0119kka dzianina bawe\u0142niana\u00a0 z meszkiem przyjemnie otula cia\u0142o, a przy tym dobrze trzyma form\u0119 \u2013 to bluza, kt\u00f3ra wygl\u0105da \u015bwietnie w ka\u017cdym zestawieniu. Szeroki fason, obni\u017cona linia ramion i mocna kolorystyka nadaj\u0105 stylizacji charakteru. \u0141\u0105cz [...]","og_url":"https:\/\/bythemoon.eu\/en\/product\/bluza-sapphire\/","og_site_name":"By The Moon EN","article_modified_time":"2025-11-14T13:16:52+00:00","og_image":[{"width":1000,"height":1500,"url":"https:\/\/bythemoon.eu\/en\/wp-content\/uploads\/2025\/09\/bluza_sapphire2.jpg","type":"image\/jpeg"}],"schema":{"@context":"https:\/\/schema.org","@graph":[{"@type":"WebPage","@id":"https:\/\/bythemoon.eu\/en\/product\/bluza-sapphire\/","url":"https:\/\/bythemoon.eu\/en\/product\/bluza-sapphire\/","name":"bluza Sapphire - By The Moon EN","isPartOf":{"@id":"https:\/\/bythemoon.eu\/en\/#website"},"primaryImageOfPage":{"@id":"https:\/\/bythemoon.eu\/en\/product\/bluza-sapphire\/#primaryimage"},"image":{"@id":"https:\/\/bythemoon.eu\/en\/product\/bluza-sapphire\/#primaryimage"},"thumbnailUrl":"https:\/\/bythemoon.eu\/en\/wp-content\/uploads\/2025\/09\/bluza_sapphire2.jpg","datePublished":"2025-09-19T06:44:50+00:00","dateModified":"2025-11-14T13:16:52+00:00","breadcrumb":{"@id":"https:\/\/bythemoon.eu\/en\/product\/bluza-sapphire\/#breadcrumb"},"inLanguage":"en-US","potentialAction":[{"@type":"ReadAction","target":["https:\/\/bythemoon.eu\/en\/product\/bluza-sapphire\/"]}]},{"@type":"ImageObject","inLanguage":"en-US","@id":"https:\/\/bythemoon.eu\/en\/product\/bluza-sapphire\/#primaryimage","url":"https:\/\/bythemoon.eu\/en\/wp-content\/uploads\/2025\/09\/bluza_sapphire2.jpg","contentUrl":"https:\/\/bythemoon.eu\/en\/wp-content\/uploads\/2025\/09\/bluza_sapphire2.jpg","width":1000,"height":1500,"caption":"niebieska, szafirowa bluza damska, sportowa, bawe\u0142niana, bawe\u0142na, lu\u017ana, mi\u0119kka dzianina, polska marka, wyprodukowano w polsce"},{"@type":"BreadcrumbList","@id":"https:\/\/bythemoon.eu\/en\/product\/bluza-sapphire\/#breadcrumb","itemListElement":[{"@type":"ListItem","position":1,"name":"Strona g\u0142\u00f3wna","item":"https:\/\/bythemoon.eu\/en\/"},{"@type":"ListItem","position":2,"name":"Shop","item":"https:\/\/bythemoon.eu\/en\/shop\/"},{"@type":"ListItem","position":3,"name":"bluza Sapphire"}]},{"@type":"WebSite","@id":"https:\/\/bythemoon.eu\/en\/#website","url":"https:\/\/bythemoon.eu\/en\/","name":"By The Moon EN","description":"","potentialAction":[{"@type":"SearchAction","target":{"@type":"EntryPoint","urlTemplate":"https:\/\/bythemoon.eu\/en\/?s={search_term_string}"},"query-input":{"@type":"PropertyValueSpecification","valueRequired":true,"valueName":"search_term_string"}}],"inLanguage":"en-US"}]}},"_links":{"self":[{"href":"https:\/\/bythemoon.eu\/en\/wp-json\/wp\/v2\/product\/7979","targetHints":{"allow":["GET"]}}],"collection":[{"href":"https:\/\/bythemoon.eu\/en\/wp-json\/wp\/v2\/product"}],"about":[{"href":"https:\/\/bythemoon.eu\/en\/wp-json\/wp\/v2\/types\/product"}],"wp:featuredmedia":[{"embeddable":true,"href":"https:\/\/bythemoon.eu\/en\/wp-json\/wp\/v2\/media\/8128"}],"wp:attachment":[{"href":"https:\/\/bythemoon.eu\/en\/wp-json\/wp\/v2\/media?parent=7979"}],"wp:term":[{"taxonomy":"product_brand","embeddable":true,"href":"https:\/\/bythemoon.eu\/en\/wp-json\/wp\/v2\/product_brand?post=7979"},{"taxonomy":"product_cat","embeddable":true,"href":"https:\/\/bythemoon.eu\/en\/wp-json\/wp\/v2\/product_cat?post=7979"},{"taxonomy":"product_tag","embeddable":true,"href":"https:\/\/bythemoon.eu\/en\/wp-json\/wp\/v2\/product_tag?post=7979"}],"curies":[{"name":"wp","href":"https:\/\/api.w.org\/{rel}","templated":true}]}}