{"id":7974,"date":"2025-09-19T08:44:49","date_gmt":"2025-09-19T06:44:49","guid":{"rendered":"https:\/\/bythemoon.eu\/en\/?post_type=product&#038;p=7974"},"modified":"2025-11-14T14:16:53","modified_gmt":"2025-11-14T13:16:53","slug":"bluza-cream-mousse","status":"publish","type":"product","link":"https:\/\/bythemoon.eu\/en\/product\/bluza-cream-mousse\/","title":{"rendered":"bluza Cream mousse"},"content":{"rendered":"<p>Minimalizm z charakterem. Bluza Cream mousse w kolorze kremowym, to prosta, ale wyrazista propozycja na ch\u0142odniejsze dni. Uszyta z grubej dzianiny z meszkiem od wewn\u0105trz, otula cia\u0142o i daje poczucie komfortu bez rezygnacji ze stylu. Charakterystyczne ci\u0119cia na r\u0119kawach i ramionach dodaj\u0105 formie wyrazisto\u015bci i miejskiego pazura. Kremowy odcie\u0144 ociepla look i wprowadza subteln\u0105 elegancj\u0119 do codziennego zestawu. Po\u0142\u0105cz z naszymi spodniami dresowymi Cream mousse i skompletuj na jesie\u0144 pi\u0119kny, pastelowy look. Wykonana z wysokiej jako\u015bci dzianiny z certyfikatem OEKO-TEX 100 standard.<\/p>\n","protected":false},"excerpt":{"rendered":"<p>Minimalizm z charakterem. Bluza Cream mousse w kolorze kremowym, to prosta, ale wyrazista propozycja na ch\u0142odniejsze dni. Uszyta z grubej dzianiny z meszkiem od wewn\u0105trz, otula cia\u0142o i daje poczucie komfortu bez rezygnacji ze stylu. Charakterystyczne ci\u0119cia na r\u0119kawach i ramionach dodaj\u0105 formie wyrazisto\u015bci i miejskiego pazura. Kremowy odcie\u0144 ociepla look i wprowadza subteln\u0105 elegancj\u0119 [&#8230;]\n","protected":false},"featured_media":8060,"template":"","meta":[],"product_brand":[],"product_cat":[21,50,52],"product_tag":[],"class_list":{"0":"post-7974","1":"product","2":"type-product","3":"status-publish","4":"has-post-thumbnail","6":"product_cat-btm-en","7":"product_cat-new-in","8":"product_cat-sweatshirts","10":"first","11":"instock","12":"taxable","13":"shipping-taxable","14":"purchasable","15":"product-type-variable"},"yoast_head":"<!-- This site is optimized with the Yoast SEO plugin v27.0 - https:\/\/yoast.com\/product\/yoast-seo-wordpress\/ -->\n<title>bluza Cream mousse - By The Moon EN<\/title>\n<meta name=\"robots\" content=\"index, follow, max-snippet:-1, max-image-preview:large, max-video-preview:-1\" \/>\n<link rel=\"canonical\" href=\"https:\/\/bythemoon.eu\/en\/product\/bluza-cream-mousse\/\" \/>\n<meta property=\"og:locale\" content=\"en_US\" \/>\n<meta property=\"og:type\" content=\"article\" \/>\n<meta property=\"og:title\" content=\"bluza Cream mousse - By The Moon EN\" \/>\n<meta property=\"og:description\" content=\"Minimalizm z charakterem. Bluza Cream mousse w kolorze kremowym, to prosta, ale wyrazista propozycja na ch\u0142odniejsze dni. Uszyta z grubej dzianiny z meszkiem od wewn\u0105trz, otula cia\u0142o i daje poczucie komfortu bez rezygnacji ze stylu. Charakterystyczne ci\u0119cia na r\u0119kawach i ramionach dodaj\u0105 formie wyrazisto\u015bci i miejskiego pazura. Kremowy odcie\u0144 ociepla look i wprowadza subteln\u0105 elegancj\u0119 [...]\" \/>\n<meta property=\"og:url\" content=\"https:\/\/bythemoon.eu\/en\/product\/bluza-cream-mousse\/\" \/>\n<meta property=\"og:site_name\" content=\"By The Moon EN\" \/>\n<meta property=\"article:modified_time\" content=\"2025-11-14T13:16:53+00:00\" \/>\n<meta property=\"og:image\" content=\"https:\/\/bythemoon.eu\/en\/wp-content\/uploads\/2025\/09\/bluza_cream_4.jpg\" \/>\n\t<meta property=\"og:image:width\" content=\"1000\" \/>\n\t<meta property=\"og:image:height\" content=\"1400\" \/>\n\t<meta property=\"og:image:type\" content=\"image\/jpeg\" \/>\n<script type=\"application\/ld+json\" class=\"yoast-schema-graph\">{\"@context\":\"https:\/\/schema.org\",\"@graph\":[{\"@type\":\"WebPage\",\"@id\":\"https:\/\/bythemoon.eu\/en\/product\/bluza-cream-mousse\/\",\"url\":\"https:\/\/bythemoon.eu\/en\/product\/bluza-cream-mousse\/\",\"name\":\"bluza Cream mousse - By The Moon EN\",\"isPartOf\":{\"@id\":\"https:\/\/bythemoon.eu\/en\/#website\"},\"primaryImageOfPage\":{\"@id\":\"https:\/\/bythemoon.eu\/en\/product\/bluza-cream-mousse\/#primaryimage\"},\"image\":{\"@id\":\"https:\/\/bythemoon.eu\/en\/product\/bluza-cream-mousse\/#primaryimage\"},\"thumbnailUrl\":\"https:\/\/bythemoon.eu\/en\/wp-content\/uploads\/2025\/09\/bluza_cream_4.jpg\",\"datePublished\":\"2025-09-19T06:44:49+00:00\",\"dateModified\":\"2025-11-14T13:16:53+00:00\",\"breadcrumb\":{\"@id\":\"https:\/\/bythemoon.eu\/en\/product\/bluza-cream-mousse\/#breadcrumb\"},\"inLanguage\":\"en-US\",\"potentialAction\":[{\"@type\":\"ReadAction\",\"target\":[\"https:\/\/bythemoon.eu\/en\/product\/bluza-cream-mousse\/\"]}]},{\"@type\":\"ImageObject\",\"inLanguage\":\"en-US\",\"@id\":\"https:\/\/bythemoon.eu\/en\/product\/bluza-cream-mousse\/#primaryimage\",\"url\":\"https:\/\/bythemoon.eu\/en\/wp-content\/uploads\/2025\/09\/bluza_cream_4.jpg\",\"contentUrl\":\"https:\/\/bythemoon.eu\/en\/wp-content\/uploads\/2025\/09\/bluza_cream_4.jpg\",\"width\":1000,\"height\":1400,\"caption\":\"bluza z bawe\u0142ny, bawe\u0142niana, damska, g\u0142adka, jasna, kremowa, cream musse, polska marka\"},{\"@type\":\"BreadcrumbList\",\"@id\":\"https:\/\/bythemoon.eu\/en\/product\/bluza-cream-mousse\/#breadcrumb\",\"itemListElement\":[{\"@type\":\"ListItem\",\"position\":1,\"name\":\"Strona g\u0142\u00f3wna\",\"item\":\"https:\/\/bythemoon.eu\/en\/\"},{\"@type\":\"ListItem\",\"position\":2,\"name\":\"Shop\",\"item\":\"https:\/\/bythemoon.eu\/en\/shop\/\"},{\"@type\":\"ListItem\",\"position\":3,\"name\":\"bluza Cream mousse\"}]},{\"@type\":\"WebSite\",\"@id\":\"https:\/\/bythemoon.eu\/en\/#website\",\"url\":\"https:\/\/bythemoon.eu\/en\/\",\"name\":\"By The Moon EN\",\"description\":\"\",\"potentialAction\":[{\"@type\":\"SearchAction\",\"target\":{\"@type\":\"EntryPoint\",\"urlTemplate\":\"https:\/\/bythemoon.eu\/en\/?s={search_term_string}\"},\"query-input\":{\"@type\":\"PropertyValueSpecification\",\"valueRequired\":true,\"valueName\":\"search_term_string\"}}],\"inLanguage\":\"en-US\"}]}<\/script>\n<!-- \/ Yoast SEO plugin. -->","yoast_head_json":{"title":"bluza Cream mousse - By The Moon EN","robots":{"index":"index","follow":"follow","max-snippet":"max-snippet:-1","max-image-preview":"max-image-preview:large","max-video-preview":"max-video-preview:-1"},"canonical":"https:\/\/bythemoon.eu\/en\/product\/bluza-cream-mousse\/","og_locale":"en_US","og_type":"article","og_title":"bluza Cream mousse - By The Moon EN","og_description":"Minimalizm z charakterem. Bluza Cream mousse w kolorze kremowym, to prosta, ale wyrazista propozycja na ch\u0142odniejsze dni. Uszyta z grubej dzianiny z meszkiem od wewn\u0105trz, otula cia\u0142o i daje poczucie komfortu bez rezygnacji ze stylu. Charakterystyczne ci\u0119cia na r\u0119kawach i ramionach dodaj\u0105 formie wyrazisto\u015bci i miejskiego pazura. Kremowy odcie\u0144 ociepla look i wprowadza subteln\u0105 elegancj\u0119 [...]","og_url":"https:\/\/bythemoon.eu\/en\/product\/bluza-cream-mousse\/","og_site_name":"By The Moon EN","article_modified_time":"2025-11-14T13:16:53+00:00","og_image":[{"width":1000,"height":1400,"url":"https:\/\/bythemoon.eu\/en\/wp-content\/uploads\/2025\/09\/bluza_cream_4.jpg","type":"image\/jpeg"}],"schema":{"@context":"https:\/\/schema.org","@graph":[{"@type":"WebPage","@id":"https:\/\/bythemoon.eu\/en\/product\/bluza-cream-mousse\/","url":"https:\/\/bythemoon.eu\/en\/product\/bluza-cream-mousse\/","name":"bluza Cream mousse - By The Moon EN","isPartOf":{"@id":"https:\/\/bythemoon.eu\/en\/#website"},"primaryImageOfPage":{"@id":"https:\/\/bythemoon.eu\/en\/product\/bluza-cream-mousse\/#primaryimage"},"image":{"@id":"https:\/\/bythemoon.eu\/en\/product\/bluza-cream-mousse\/#primaryimage"},"thumbnailUrl":"https:\/\/bythemoon.eu\/en\/wp-content\/uploads\/2025\/09\/bluza_cream_4.jpg","datePublished":"2025-09-19T06:44:49+00:00","dateModified":"2025-11-14T13:16:53+00:00","breadcrumb":{"@id":"https:\/\/bythemoon.eu\/en\/product\/bluza-cream-mousse\/#breadcrumb"},"inLanguage":"en-US","potentialAction":[{"@type":"ReadAction","target":["https:\/\/bythemoon.eu\/en\/product\/bluza-cream-mousse\/"]}]},{"@type":"ImageObject","inLanguage":"en-US","@id":"https:\/\/bythemoon.eu\/en\/product\/bluza-cream-mousse\/#primaryimage","url":"https:\/\/bythemoon.eu\/en\/wp-content\/uploads\/2025\/09\/bluza_cream_4.jpg","contentUrl":"https:\/\/bythemoon.eu\/en\/wp-content\/uploads\/2025\/09\/bluza_cream_4.jpg","width":1000,"height":1400,"caption":"bluza z bawe\u0142ny, bawe\u0142niana, damska, g\u0142adka, jasna, kremowa, cream musse, polska marka"},{"@type":"BreadcrumbList","@id":"https:\/\/bythemoon.eu\/en\/product\/bluza-cream-mousse\/#breadcrumb","itemListElement":[{"@type":"ListItem","position":1,"name":"Strona g\u0142\u00f3wna","item":"https:\/\/bythemoon.eu\/en\/"},{"@type":"ListItem","position":2,"name":"Shop","item":"https:\/\/bythemoon.eu\/en\/shop\/"},{"@type":"ListItem","position":3,"name":"bluza Cream mousse"}]},{"@type":"WebSite","@id":"https:\/\/bythemoon.eu\/en\/#website","url":"https:\/\/bythemoon.eu\/en\/","name":"By The Moon EN","description":"","potentialAction":[{"@type":"SearchAction","target":{"@type":"EntryPoint","urlTemplate":"https:\/\/bythemoon.eu\/en\/?s={search_term_string}"},"query-input":{"@type":"PropertyValueSpecification","valueRequired":true,"valueName":"search_term_string"}}],"inLanguage":"en-US"}]}},"_links":{"self":[{"href":"https:\/\/bythemoon.eu\/en\/wp-json\/wp\/v2\/product\/7974","targetHints":{"allow":["GET"]}}],"collection":[{"href":"https:\/\/bythemoon.eu\/en\/wp-json\/wp\/v2\/product"}],"about":[{"href":"https:\/\/bythemoon.eu\/en\/wp-json\/wp\/v2\/types\/product"}],"wp:featuredmedia":[{"embeddable":true,"href":"https:\/\/bythemoon.eu\/en\/wp-json\/wp\/v2\/media\/8060"}],"wp:attachment":[{"href":"https:\/\/bythemoon.eu\/en\/wp-json\/wp\/v2\/media?parent=7974"}],"wp:term":[{"taxonomy":"product_brand","embeddable":true,"href":"https:\/\/bythemoon.eu\/en\/wp-json\/wp\/v2\/product_brand?post=7974"},{"taxonomy":"product_cat","embeddable":true,"href":"https:\/\/bythemoon.eu\/en\/wp-json\/wp\/v2\/product_cat?post=7974"},{"taxonomy":"product_tag","embeddable":true,"href":"https:\/\/bythemoon.eu\/en\/wp-json\/wp\/v2\/product_tag?post=7974"}],"curies":[{"name":"wp","href":"https:\/\/api.w.org\/{rel}","templated":true}]}}