{"id":7951,"date":"2025-09-19T08:44:47","date_gmt":"2025-09-19T06:44:47","guid":{"rendered":"https:\/\/bythemoon.eu\/en\/?post_type=product&#038;p=7951"},"modified":"2025-11-14T14:16:54","modified_gmt":"2025-11-14T13:16:54","slug":"bluza-le-chocolat-dark-choco","status":"publish","type":"product","link":"https:\/\/bythemoon.eu\/en\/product\/bluza-le-chocolat-dark-choco\/","title":{"rendered":"bluza Le Chocolat dark choco"},"content":{"rendered":"<p>Bawe\u0142niana, damska bluza w kolorze g\u0142\u0119bokiej czekolady, kt\u00f3ra zawsze poprawia nastr\u00f3j. Bluza ma klasyczny lu\u017any fason z raglanowym r\u0119kawem i \u015bci\u0105gaczem na dole. Na przodzie napis <em><strong data-start=\"227\" data-end=\"242\">Le Chocolat<\/strong><\/em> wykonany technik\u0105 haftu chenille w kontrastuj\u0105cym odcieniu jasnego b\u0142\u0119kitu. To s\u0142odki akcent w ch\u0142odnej tonacji. Mi\u0119kka dzianina otula cia\u0142o, a czekoladowy br\u0105z idealnie wpisuje si\u0119 w jesienne dni. Sprawdzi si\u0119 w komplecie z denimem lub naszymi br\u0105zowymi dresowymi spodniami Relax w wersji sportowej i na mi\u0142e chwile w domu. Uszyta z wysokiej jako\u015bci dzianiny z certyfikatem OEKO-TEX 100 standard.<\/p>\n","protected":false},"excerpt":{"rendered":"<p>Bawe\u0142niana, damska bluza w kolorze g\u0142\u0119bokiej czekolady, kt\u00f3ra zawsze poprawia nastr\u00f3j. Bluza ma klasyczny lu\u017any fason z raglanowym r\u0119kawem i \u015bci\u0105gaczem na dole. Na przodzie napis Le Chocolat wykonany technik\u0105 haftu chenille w kontrastuj\u0105cym odcieniu jasnego b\u0142\u0119kitu. To s\u0142odki akcent w ch\u0142odnej tonacji. Mi\u0119kka dzianina otula cia\u0142o, a czekoladowy br\u0105z idealnie wpisuje si\u0119 w jesienne [&#8230;]\n","protected":false},"featured_media":8067,"template":"","meta":[],"product_brand":[],"product_cat":[21,50,52],"product_tag":[],"class_list":{"0":"post-7951","1":"product","2":"type-product","3":"status-publish","4":"has-post-thumbnail","6":"product_cat-btm-en","7":"product_cat-new-in","8":"product_cat-sweatshirts","10":"first","11":"instock","12":"taxable","13":"shipping-taxable","14":"purchasable","15":"product-type-variable"},"yoast_head":"<!-- This site is optimized with the Yoast SEO plugin v27.0 - https:\/\/yoast.com\/product\/yoast-seo-wordpress\/ -->\n<title>bluza Le Chocolat dark choco - By The Moon EN<\/title>\n<meta name=\"robots\" content=\"index, follow, max-snippet:-1, max-image-preview:large, max-video-preview:-1\" \/>\n<link rel=\"canonical\" href=\"https:\/\/bythemoon.eu\/en\/product\/bluza-le-chocolat-dark-choco\/\" \/>\n<meta property=\"og:locale\" content=\"en_US\" \/>\n<meta property=\"og:type\" content=\"article\" \/>\n<meta property=\"og:title\" content=\"bluza Le Chocolat dark choco - By The Moon EN\" \/>\n<meta property=\"og:description\" content=\"Bawe\u0142niana, damska bluza w kolorze g\u0142\u0119bokiej czekolady, kt\u00f3ra zawsze poprawia nastr\u00f3j. Bluza ma klasyczny lu\u017any fason z raglanowym r\u0119kawem i \u015bci\u0105gaczem na dole. Na przodzie napis Le Chocolat wykonany technik\u0105 haftu chenille w kontrastuj\u0105cym odcieniu jasnego b\u0142\u0119kitu. To s\u0142odki akcent w ch\u0142odnej tonacji. Mi\u0119kka dzianina otula cia\u0142o, a czekoladowy br\u0105z idealnie wpisuje si\u0119 w jesienne [...]\" \/>\n<meta property=\"og:url\" content=\"https:\/\/bythemoon.eu\/en\/product\/bluza-le-chocolat-dark-choco\/\" \/>\n<meta property=\"og:site_name\" content=\"By The Moon EN\" \/>\n<meta property=\"article:modified_time\" content=\"2025-11-14T13:16:54+00:00\" \/>\n<meta property=\"og:image\" content=\"https:\/\/bythemoon.eu\/en\/wp-content\/uploads\/2025\/09\/bluza_le_chcolat_brawn1.jpg\" \/>\n\t<meta property=\"og:image:width\" content=\"1000\" \/>\n\t<meta property=\"og:image:height\" content=\"1400\" \/>\n\t<meta property=\"og:image:type\" content=\"image\/jpeg\" \/>\n<script type=\"application\/ld+json\" class=\"yoast-schema-graph\">{\"@context\":\"https:\/\/schema.org\",\"@graph\":[{\"@type\":\"WebPage\",\"@id\":\"https:\/\/bythemoon.eu\/en\/product\/bluza-le-chocolat-dark-choco\/\",\"url\":\"https:\/\/bythemoon.eu\/en\/product\/bluza-le-chocolat-dark-choco\/\",\"name\":\"bluza Le Chocolat dark choco - By The Moon EN\",\"isPartOf\":{\"@id\":\"https:\/\/bythemoon.eu\/en\/#website\"},\"primaryImageOfPage\":{\"@id\":\"https:\/\/bythemoon.eu\/en\/product\/bluza-le-chocolat-dark-choco\/#primaryimage\"},\"image\":{\"@id\":\"https:\/\/bythemoon.eu\/en\/product\/bluza-le-chocolat-dark-choco\/#primaryimage\"},\"thumbnailUrl\":\"https:\/\/bythemoon.eu\/en\/wp-content\/uploads\/2025\/09\/bluza_le_chcolat_brawn1.jpg\",\"datePublished\":\"2025-09-19T06:44:47+00:00\",\"dateModified\":\"2025-11-14T13:16:54+00:00\",\"breadcrumb\":{\"@id\":\"https:\/\/bythemoon.eu\/en\/product\/bluza-le-chocolat-dark-choco\/#breadcrumb\"},\"inLanguage\":\"en-US\",\"potentialAction\":[{\"@type\":\"ReadAction\",\"target\":[\"https:\/\/bythemoon.eu\/en\/product\/bluza-le-chocolat-dark-choco\/\"]}]},{\"@type\":\"ImageObject\",\"inLanguage\":\"en-US\",\"@id\":\"https:\/\/bythemoon.eu\/en\/product\/bluza-le-chocolat-dark-choco\/#primaryimage\",\"url\":\"https:\/\/bythemoon.eu\/en\/wp-content\/uploads\/2025\/09\/bluza_le_chcolat_brawn1.jpg\",\"contentUrl\":\"https:\/\/bythemoon.eu\/en\/wp-content\/uploads\/2025\/09\/bluza_le_chcolat_brawn1.jpg\",\"width\":1000,\"height\":1400,\"caption\":\"br\u0105zowa bluza damska le chocolat, z haftem chenille, polska marka, by the moon,\"},{\"@type\":\"BreadcrumbList\",\"@id\":\"https:\/\/bythemoon.eu\/en\/product\/bluza-le-chocolat-dark-choco\/#breadcrumb\",\"itemListElement\":[{\"@type\":\"ListItem\",\"position\":1,\"name\":\"Strona g\u0142\u00f3wna\",\"item\":\"https:\/\/bythemoon.eu\/en\/\"},{\"@type\":\"ListItem\",\"position\":2,\"name\":\"Shop\",\"item\":\"https:\/\/bythemoon.eu\/en\/shop\/\"},{\"@type\":\"ListItem\",\"position\":3,\"name\":\"bluza Le Chocolat dark choco\"}]},{\"@type\":\"WebSite\",\"@id\":\"https:\/\/bythemoon.eu\/en\/#website\",\"url\":\"https:\/\/bythemoon.eu\/en\/\",\"name\":\"By The Moon EN\",\"description\":\"\",\"potentialAction\":[{\"@type\":\"SearchAction\",\"target\":{\"@type\":\"EntryPoint\",\"urlTemplate\":\"https:\/\/bythemoon.eu\/en\/?s={search_term_string}\"},\"query-input\":{\"@type\":\"PropertyValueSpecification\",\"valueRequired\":true,\"valueName\":\"search_term_string\"}}],\"inLanguage\":\"en-US\"}]}<\/script>\n<!-- \/ Yoast SEO plugin. -->","yoast_head_json":{"title":"bluza Le Chocolat dark choco - By The Moon EN","robots":{"index":"index","follow":"follow","max-snippet":"max-snippet:-1","max-image-preview":"max-image-preview:large","max-video-preview":"max-video-preview:-1"},"canonical":"https:\/\/bythemoon.eu\/en\/product\/bluza-le-chocolat-dark-choco\/","og_locale":"en_US","og_type":"article","og_title":"bluza Le Chocolat dark choco - By The Moon EN","og_description":"Bawe\u0142niana, damska bluza w kolorze g\u0142\u0119bokiej czekolady, kt\u00f3ra zawsze poprawia nastr\u00f3j. Bluza ma klasyczny lu\u017any fason z raglanowym r\u0119kawem i \u015bci\u0105gaczem na dole. Na przodzie napis Le Chocolat wykonany technik\u0105 haftu chenille w kontrastuj\u0105cym odcieniu jasnego b\u0142\u0119kitu. To s\u0142odki akcent w ch\u0142odnej tonacji. Mi\u0119kka dzianina otula cia\u0142o, a czekoladowy br\u0105z idealnie wpisuje si\u0119 w jesienne [...]","og_url":"https:\/\/bythemoon.eu\/en\/product\/bluza-le-chocolat-dark-choco\/","og_site_name":"By The Moon EN","article_modified_time":"2025-11-14T13:16:54+00:00","og_image":[{"width":1000,"height":1400,"url":"https:\/\/bythemoon.eu\/en\/wp-content\/uploads\/2025\/09\/bluza_le_chcolat_brawn1.jpg","type":"image\/jpeg"}],"schema":{"@context":"https:\/\/schema.org","@graph":[{"@type":"WebPage","@id":"https:\/\/bythemoon.eu\/en\/product\/bluza-le-chocolat-dark-choco\/","url":"https:\/\/bythemoon.eu\/en\/product\/bluza-le-chocolat-dark-choco\/","name":"bluza Le Chocolat dark choco - By The Moon EN","isPartOf":{"@id":"https:\/\/bythemoon.eu\/en\/#website"},"primaryImageOfPage":{"@id":"https:\/\/bythemoon.eu\/en\/product\/bluza-le-chocolat-dark-choco\/#primaryimage"},"image":{"@id":"https:\/\/bythemoon.eu\/en\/product\/bluza-le-chocolat-dark-choco\/#primaryimage"},"thumbnailUrl":"https:\/\/bythemoon.eu\/en\/wp-content\/uploads\/2025\/09\/bluza_le_chcolat_brawn1.jpg","datePublished":"2025-09-19T06:44:47+00:00","dateModified":"2025-11-14T13:16:54+00:00","breadcrumb":{"@id":"https:\/\/bythemoon.eu\/en\/product\/bluza-le-chocolat-dark-choco\/#breadcrumb"},"inLanguage":"en-US","potentialAction":[{"@type":"ReadAction","target":["https:\/\/bythemoon.eu\/en\/product\/bluza-le-chocolat-dark-choco\/"]}]},{"@type":"ImageObject","inLanguage":"en-US","@id":"https:\/\/bythemoon.eu\/en\/product\/bluza-le-chocolat-dark-choco\/#primaryimage","url":"https:\/\/bythemoon.eu\/en\/wp-content\/uploads\/2025\/09\/bluza_le_chcolat_brawn1.jpg","contentUrl":"https:\/\/bythemoon.eu\/en\/wp-content\/uploads\/2025\/09\/bluza_le_chcolat_brawn1.jpg","width":1000,"height":1400,"caption":"br\u0105zowa bluza damska le chocolat, z haftem chenille, polska marka, by the moon,"},{"@type":"BreadcrumbList","@id":"https:\/\/bythemoon.eu\/en\/product\/bluza-le-chocolat-dark-choco\/#breadcrumb","itemListElement":[{"@type":"ListItem","position":1,"name":"Strona g\u0142\u00f3wna","item":"https:\/\/bythemoon.eu\/en\/"},{"@type":"ListItem","position":2,"name":"Shop","item":"https:\/\/bythemoon.eu\/en\/shop\/"},{"@type":"ListItem","position":3,"name":"bluza Le Chocolat dark choco"}]},{"@type":"WebSite","@id":"https:\/\/bythemoon.eu\/en\/#website","url":"https:\/\/bythemoon.eu\/en\/","name":"By The Moon EN","description":"","potentialAction":[{"@type":"SearchAction","target":{"@type":"EntryPoint","urlTemplate":"https:\/\/bythemoon.eu\/en\/?s={search_term_string}"},"query-input":{"@type":"PropertyValueSpecification","valueRequired":true,"valueName":"search_term_string"}}],"inLanguage":"en-US"}]}},"_links":{"self":[{"href":"https:\/\/bythemoon.eu\/en\/wp-json\/wp\/v2\/product\/7951","targetHints":{"allow":["GET"]}}],"collection":[{"href":"https:\/\/bythemoon.eu\/en\/wp-json\/wp\/v2\/product"}],"about":[{"href":"https:\/\/bythemoon.eu\/en\/wp-json\/wp\/v2\/types\/product"}],"wp:featuredmedia":[{"embeddable":true,"href":"https:\/\/bythemoon.eu\/en\/wp-json\/wp\/v2\/media\/8067"}],"wp:attachment":[{"href":"https:\/\/bythemoon.eu\/en\/wp-json\/wp\/v2\/media?parent=7951"}],"wp:term":[{"taxonomy":"product_brand","embeddable":true,"href":"https:\/\/bythemoon.eu\/en\/wp-json\/wp\/v2\/product_brand?post=7951"},{"taxonomy":"product_cat","embeddable":true,"href":"https:\/\/bythemoon.eu\/en\/wp-json\/wp\/v2\/product_cat?post=7951"},{"taxonomy":"product_tag","embeddable":true,"href":"https:\/\/bythemoon.eu\/en\/wp-json\/wp\/v2\/product_tag?post=7951"}],"curies":[{"name":"wp","href":"https:\/\/api.w.org\/{rel}","templated":true}]}}