{"id":7946,"date":"2025-09-19T08:44:47","date_gmt":"2025-09-19T06:44:47","guid":{"rendered":"https:\/\/bythemoon.eu\/en\/?post_type=product&#038;p=7946"},"modified":"2025-11-14T14:16:54","modified_gmt":"2025-11-14T13:16:54","slug":"bluza-creme-de-la-creme-matcha","status":"publish","type":"product","link":"https:\/\/bythemoon.eu\/en\/product\/bluza-creme-de-la-creme-matcha\/","title":{"rendered":"bluza Cr\u00e8me de la cr\u00e8me matcha"},"content":{"rendered":"<p><strong><span style=\"font-size: 13.5pt;font-weight: normal\">Lu\u017ana, wygodna bluza damska w kolorze matcha<\/span><\/strong><span style=\"font-size: 13.5pt;font-family: 'Times New Roman',serif\">\u00a0\u2013 \u015bwie\u017cy, zgaszony odcie\u0144 zieleni, kt\u00f3ry idealnie wpisuje si\u0119 w jesienny klimat i dzia\u0142a koj\u0105co na zmys\u0142y. Haftowany napis\u00a0<em>cr\u00e8me de la cr\u00e8me<\/em> wykonany technik\u0105 chenille na przodzie dodaje jej charakteru i podkre\u015bla dobre samopoczucie od samego rana. Raglanowe r\u0119kawy zapewniaj\u0105 swobod\u0119 ruchu, a mi\u0119kka dzianina otula cia\u0142o przez ca\u0142y dzie\u0144. To komfort, kt\u00f3ry wida\u0107 i czu\u0107 w dotyku, w ruchu, w nastroju. \u015awietnie sprawdzi si\u0119 w komplecie ze spodniami dresowymi Relax matcha w tym samym kolorze \u2013 na spacer, na weekend i wszystko pomi\u0119dzy. Uszyta z bawe\u0142nianej dzianiny drapanej, z meszkiem, certyfikowanej OEKO-TEX 100 standard.<\/span><\/p>\n","protected":false},"excerpt":{"rendered":"<p>Lu\u017ana, wygodna bluza damska w kolorze matcha\u00a0\u2013 \u015bwie\u017cy, zgaszony odcie\u0144 zieleni, kt\u00f3ry idealnie wpisuje si\u0119 w jesienny klimat i dzia\u0142a koj\u0105co na zmys\u0142y. Haftowany napis\u00a0cr\u00e8me de la cr\u00e8me wykonany technik\u0105 chenille na przodzie dodaje jej charakteru i podkre\u015bla dobre samopoczucie od samego rana. Raglanowe r\u0119kawy zapewniaj\u0105 swobod\u0119 ruchu, a mi\u0119kka dzianina otula cia\u0142o przez ca\u0142y [&#8230;]\n","protected":false},"featured_media":8041,"template":"","meta":[],"product_brand":[],"product_cat":[21,50,52],"product_tag":[],"class_list":{"0":"post-7946","1":"product","2":"type-product","3":"status-publish","4":"has-post-thumbnail","6":"product_cat-btm-en","7":"product_cat-new-in","8":"product_cat-sweatshirts","10":"first","11":"instock","12":"taxable","13":"shipping-taxable","14":"purchasable","15":"product-type-variable"},"yoast_head":"<!-- This site is optimized with the Yoast SEO plugin v27.0 - https:\/\/yoast.com\/product\/yoast-seo-wordpress\/ -->\n<title>bluza Cr\u00e8me de la cr\u00e8me matcha - By The Moon EN<\/title>\n<meta name=\"robots\" content=\"index, follow, max-snippet:-1, max-image-preview:large, max-video-preview:-1\" \/>\n<link rel=\"canonical\" href=\"https:\/\/bythemoon.eu\/en\/product\/bluza-creme-de-la-creme-matcha\/\" \/>\n<meta property=\"og:locale\" content=\"en_US\" \/>\n<meta property=\"og:type\" content=\"article\" \/>\n<meta property=\"og:title\" content=\"bluza Cr\u00e8me de la cr\u00e8me matcha - By The Moon EN\" \/>\n<meta property=\"og:description\" content=\"Lu\u017ana, wygodna bluza damska w kolorze matcha\u00a0\u2013 \u015bwie\u017cy, zgaszony odcie\u0144 zieleni, kt\u00f3ry idealnie wpisuje si\u0119 w jesienny klimat i dzia\u0142a koj\u0105co na zmys\u0142y. Haftowany napis\u00a0cr\u00e8me de la cr\u00e8me wykonany technik\u0105 chenille na przodzie dodaje jej charakteru i podkre\u015bla dobre samopoczucie od samego rana. Raglanowe r\u0119kawy zapewniaj\u0105 swobod\u0119 ruchu, a mi\u0119kka dzianina otula cia\u0142o przez ca\u0142y [...]\" \/>\n<meta property=\"og:url\" content=\"https:\/\/bythemoon.eu\/en\/product\/bluza-creme-de-la-creme-matcha\/\" \/>\n<meta property=\"og:site_name\" content=\"By The Moon EN\" \/>\n<meta property=\"article:modified_time\" content=\"2025-11-14T13:16:54+00:00\" \/>\n<meta property=\"og:image\" content=\"https:\/\/bythemoon.eu\/en\/wp-content\/uploads\/2025\/09\/bluza_creme_matcha_3.jpg\" \/>\n\t<meta property=\"og:image:width\" content=\"1000\" \/>\n\t<meta property=\"og:image:height\" content=\"1400\" \/>\n\t<meta property=\"og:image:type\" content=\"image\/jpeg\" \/>\n<script type=\"application\/ld+json\" class=\"yoast-schema-graph\">{\"@context\":\"https:\/\/schema.org\",\"@graph\":[{\"@type\":\"WebPage\",\"@id\":\"https:\/\/bythemoon.eu\/en\/product\/bluza-creme-de-la-creme-matcha\/\",\"url\":\"https:\/\/bythemoon.eu\/en\/product\/bluza-creme-de-la-creme-matcha\/\",\"name\":\"bluza Cr\u00e8me de la cr\u00e8me matcha - By The Moon EN\",\"isPartOf\":{\"@id\":\"https:\/\/bythemoon.eu\/en\/#website\"},\"primaryImageOfPage\":{\"@id\":\"https:\/\/bythemoon.eu\/en\/product\/bluza-creme-de-la-creme-matcha\/#primaryimage\"},\"image\":{\"@id\":\"https:\/\/bythemoon.eu\/en\/product\/bluza-creme-de-la-creme-matcha\/#primaryimage\"},\"thumbnailUrl\":\"https:\/\/bythemoon.eu\/en\/wp-content\/uploads\/2025\/09\/bluza_creme_matcha_3.jpg\",\"datePublished\":\"2025-09-19T06:44:47+00:00\",\"dateModified\":\"2025-11-14T13:16:54+00:00\",\"breadcrumb\":{\"@id\":\"https:\/\/bythemoon.eu\/en\/product\/bluza-creme-de-la-creme-matcha\/#breadcrumb\"},\"inLanguage\":\"en-US\",\"potentialAction\":[{\"@type\":\"ReadAction\",\"target\":[\"https:\/\/bythemoon.eu\/en\/product\/bluza-creme-de-la-creme-matcha\/\"]}]},{\"@type\":\"ImageObject\",\"inLanguage\":\"en-US\",\"@id\":\"https:\/\/bythemoon.eu\/en\/product\/bluza-creme-de-la-creme-matcha\/#primaryimage\",\"url\":\"https:\/\/bythemoon.eu\/en\/wp-content\/uploads\/2025\/09\/bluza_creme_matcha_3.jpg\",\"contentUrl\":\"https:\/\/bythemoon.eu\/en\/wp-content\/uploads\/2025\/09\/bluza_creme_matcha_3.jpg\",\"width\":1000,\"height\":1400,\"caption\":\"damska bluza dresowa, sportowa, khaki, oliwkowa, z haftem chenille creme de la creme, polska marka, bawe\u0142na, bawe\u0142niana\"},{\"@type\":\"BreadcrumbList\",\"@id\":\"https:\/\/bythemoon.eu\/en\/product\/bluza-creme-de-la-creme-matcha\/#breadcrumb\",\"itemListElement\":[{\"@type\":\"ListItem\",\"position\":1,\"name\":\"Strona g\u0142\u00f3wna\",\"item\":\"https:\/\/bythemoon.eu\/en\/\"},{\"@type\":\"ListItem\",\"position\":2,\"name\":\"Shop\",\"item\":\"https:\/\/bythemoon.eu\/en\/shop\/\"},{\"@type\":\"ListItem\",\"position\":3,\"name\":\"bluza Cr\u00e8me de la cr\u00e8me matcha\"}]},{\"@type\":\"WebSite\",\"@id\":\"https:\/\/bythemoon.eu\/en\/#website\",\"url\":\"https:\/\/bythemoon.eu\/en\/\",\"name\":\"By The Moon EN\",\"description\":\"\",\"potentialAction\":[{\"@type\":\"SearchAction\",\"target\":{\"@type\":\"EntryPoint\",\"urlTemplate\":\"https:\/\/bythemoon.eu\/en\/?s={search_term_string}\"},\"query-input\":{\"@type\":\"PropertyValueSpecification\",\"valueRequired\":true,\"valueName\":\"search_term_string\"}}],\"inLanguage\":\"en-US\"}]}<\/script>\n<!-- \/ Yoast SEO plugin. -->","yoast_head_json":{"title":"bluza Cr\u00e8me de la cr\u00e8me matcha - By The Moon EN","robots":{"index":"index","follow":"follow","max-snippet":"max-snippet:-1","max-image-preview":"max-image-preview:large","max-video-preview":"max-video-preview:-1"},"canonical":"https:\/\/bythemoon.eu\/en\/product\/bluza-creme-de-la-creme-matcha\/","og_locale":"en_US","og_type":"article","og_title":"bluza Cr\u00e8me de la cr\u00e8me matcha - By The Moon EN","og_description":"Lu\u017ana, wygodna bluza damska w kolorze matcha\u00a0\u2013 \u015bwie\u017cy, zgaszony odcie\u0144 zieleni, kt\u00f3ry idealnie wpisuje si\u0119 w jesienny klimat i dzia\u0142a koj\u0105co na zmys\u0142y. Haftowany napis\u00a0cr\u00e8me de la cr\u00e8me wykonany technik\u0105 chenille na przodzie dodaje jej charakteru i podkre\u015bla dobre samopoczucie od samego rana. Raglanowe r\u0119kawy zapewniaj\u0105 swobod\u0119 ruchu, a mi\u0119kka dzianina otula cia\u0142o przez ca\u0142y [...]","og_url":"https:\/\/bythemoon.eu\/en\/product\/bluza-creme-de-la-creme-matcha\/","og_site_name":"By The Moon EN","article_modified_time":"2025-11-14T13:16:54+00:00","og_image":[{"width":1000,"height":1400,"url":"https:\/\/bythemoon.eu\/en\/wp-content\/uploads\/2025\/09\/bluza_creme_matcha_3.jpg","type":"image\/jpeg"}],"schema":{"@context":"https:\/\/schema.org","@graph":[{"@type":"WebPage","@id":"https:\/\/bythemoon.eu\/en\/product\/bluza-creme-de-la-creme-matcha\/","url":"https:\/\/bythemoon.eu\/en\/product\/bluza-creme-de-la-creme-matcha\/","name":"bluza Cr\u00e8me de la cr\u00e8me matcha - By The Moon EN","isPartOf":{"@id":"https:\/\/bythemoon.eu\/en\/#website"},"primaryImageOfPage":{"@id":"https:\/\/bythemoon.eu\/en\/product\/bluza-creme-de-la-creme-matcha\/#primaryimage"},"image":{"@id":"https:\/\/bythemoon.eu\/en\/product\/bluza-creme-de-la-creme-matcha\/#primaryimage"},"thumbnailUrl":"https:\/\/bythemoon.eu\/en\/wp-content\/uploads\/2025\/09\/bluza_creme_matcha_3.jpg","datePublished":"2025-09-19T06:44:47+00:00","dateModified":"2025-11-14T13:16:54+00:00","breadcrumb":{"@id":"https:\/\/bythemoon.eu\/en\/product\/bluza-creme-de-la-creme-matcha\/#breadcrumb"},"inLanguage":"en-US","potentialAction":[{"@type":"ReadAction","target":["https:\/\/bythemoon.eu\/en\/product\/bluza-creme-de-la-creme-matcha\/"]}]},{"@type":"ImageObject","inLanguage":"en-US","@id":"https:\/\/bythemoon.eu\/en\/product\/bluza-creme-de-la-creme-matcha\/#primaryimage","url":"https:\/\/bythemoon.eu\/en\/wp-content\/uploads\/2025\/09\/bluza_creme_matcha_3.jpg","contentUrl":"https:\/\/bythemoon.eu\/en\/wp-content\/uploads\/2025\/09\/bluza_creme_matcha_3.jpg","width":1000,"height":1400,"caption":"damska bluza dresowa, sportowa, khaki, oliwkowa, z haftem chenille creme de la creme, polska marka, bawe\u0142na, bawe\u0142niana"},{"@type":"BreadcrumbList","@id":"https:\/\/bythemoon.eu\/en\/product\/bluza-creme-de-la-creme-matcha\/#breadcrumb","itemListElement":[{"@type":"ListItem","position":1,"name":"Strona g\u0142\u00f3wna","item":"https:\/\/bythemoon.eu\/en\/"},{"@type":"ListItem","position":2,"name":"Shop","item":"https:\/\/bythemoon.eu\/en\/shop\/"},{"@type":"ListItem","position":3,"name":"bluza Cr\u00e8me de la cr\u00e8me matcha"}]},{"@type":"WebSite","@id":"https:\/\/bythemoon.eu\/en\/#website","url":"https:\/\/bythemoon.eu\/en\/","name":"By The Moon EN","description":"","potentialAction":[{"@type":"SearchAction","target":{"@type":"EntryPoint","urlTemplate":"https:\/\/bythemoon.eu\/en\/?s={search_term_string}"},"query-input":{"@type":"PropertyValueSpecification","valueRequired":true,"valueName":"search_term_string"}}],"inLanguage":"en-US"}]}},"_links":{"self":[{"href":"https:\/\/bythemoon.eu\/en\/wp-json\/wp\/v2\/product\/7946","targetHints":{"allow":["GET"]}}],"collection":[{"href":"https:\/\/bythemoon.eu\/en\/wp-json\/wp\/v2\/product"}],"about":[{"href":"https:\/\/bythemoon.eu\/en\/wp-json\/wp\/v2\/types\/product"}],"wp:featuredmedia":[{"embeddable":true,"href":"https:\/\/bythemoon.eu\/en\/wp-json\/wp\/v2\/media\/8041"}],"wp:attachment":[{"href":"https:\/\/bythemoon.eu\/en\/wp-json\/wp\/v2\/media?parent=7946"}],"wp:term":[{"taxonomy":"product_brand","embeddable":true,"href":"https:\/\/bythemoon.eu\/en\/wp-json\/wp\/v2\/product_brand?post=7946"},{"taxonomy":"product_cat","embeddable":true,"href":"https:\/\/bythemoon.eu\/en\/wp-json\/wp\/v2\/product_cat?post=7946"},{"taxonomy":"product_tag","embeddable":true,"href":"https:\/\/bythemoon.eu\/en\/wp-json\/wp\/v2\/product_tag?post=7946"}],"curies":[{"name":"wp","href":"https:\/\/api.w.org\/{rel}","templated":true}]}}