{"id":7331,"date":"2025-08-27T03:58:27","date_gmt":"2025-08-27T01:58:27","guid":{"rendered":"https:\/\/bythemoon.eu\/en\/produkt\/bluza-so-romantic-yellow\/"},"modified":"2025-11-14T14:16:54","modified_gmt":"2025-11-14T13:16:54","slug":"bluza-so-romantic-yellow","status":"publish","type":"product","link":"https:\/\/bythemoon.eu\/en\/product\/bluza-so-romantic-yellow\/","title":{"rendered":"So romantic yellow sweatshirt"},"content":{"rendered":"<p>Our bestselling <em>So Romantic s<\/em>weatshirt in light blue has a new look! This time in the season&#8217;s trendiest color \u2013 creamy butter, with a contrasting print. This sweatshirt offers comfort with a romantic twist.&nbsp;<span style=\"font-size: 13.5pt; font-family: 'Times New Roman',serif;\">This short, loose-fit sweatshirt will wrap you in comfort while the trending buttery colour will light up your skin. The \u201cso romantic\u201d message is made in the flock technique \u2013 soft to the touch, bold in contrast, sweet in spirit. Wear it with jeans, skirts, or throw it effortlessly over a dress. Take it with you on holiday or wear it on a date in the city.&nbsp;<\/span>The sweatshirt is made of soft, OEKO-TEX-certified jersey fabric with a brushed interior.<\/p>\n<p>Sweatshirt measurements in cm:<\/p>\n<p>NOTE! New model. This sweatshirt is shorter than our sweatshirts with raglan sleeves. Before purchasing, check the measurements:<\/p>\n<table style=\"height: 155px;\" width=\"521\">\n<tbody>\n<tr>\n<td width=\"143\">&nbsp;<\/td>\n<td style=\"text-align: center;\" width=\"64\"><strong>XS<\/strong><\/td>\n<td style=\"text-align: center;\" width=\"64\"><strong>S<\/strong><\/td>\n<td style=\"text-align: center;\" width=\"64\"><strong>M<\/strong><\/td>\n<td style=\"text-align: center;\" width=\"64\"><strong>L<\/strong><\/td>\n<\/tr>\n<tr>\n<td>chest width<\/td>\n<td style=\"text-align: center;\">56<\/td>\n<td style=\"text-align: center;\">58<\/td>\n<td style=\"text-align: center;\">60<\/td>\n<td style=\"text-align: center;\">64<\/td>\n<\/tr>\n<tr>\n<td style=\"text-align: left;\">length from the shoulder<\/td>\n<td style=\"text-align: center;\">57<\/td>\n<td style=\"text-align: center;\">58<\/td>\n<td style=\"text-align: center;\">60<\/td>\n<td style=\"text-align: center;\">62<\/td>\n<\/tr>\n<\/tbody>\n<\/table>\n<p>&nbsp;<\/p>\n<p><strong>Composition:<\/strong> 80% cotton, 20% polyester<\/p>\n","protected":false},"excerpt":{"rendered":"<p>Our bestselling So Romantic sweatshirt in light blue has a new look! This time in the season&#8217;s trendiest color \u2013 creamy butter, with a contrasting print. This sweatshirt offers comfort with a romantic twist.&nbsp;This short, loose-fit sweatshirt will wrap you in comfort while the trending buttery colour will light up your skin. The \u201cso romantic\u201d [&#8230;]\n","protected":false},"featured_media":7332,"template":"","meta":[],"product_brand":[],"product_cat":[21,50,52],"product_tag":[],"class_list":{"0":"post-7331","1":"product","2":"type-product","3":"status-publish","4":"has-post-thumbnail","6":"product_cat-btm-en","7":"product_cat-new-in","8":"product_cat-sweatshirts","10":"first","11":"outofstock","12":"taxable","13":"shipping-taxable","14":"purchasable","15":"product-type-variable"},"yoast_head":"<!-- This site is optimized with the Yoast SEO plugin v27.0 - https:\/\/yoast.com\/product\/yoast-seo-wordpress\/ -->\n<title>So romantic yellow sweatshirt - By The Moon EN<\/title>\n<meta name=\"robots\" content=\"index, follow, max-snippet:-1, max-image-preview:large, max-video-preview:-1\" \/>\n<link rel=\"canonical\" href=\"https:\/\/bythemoon.eu\/en\/product\/bluza-so-romantic-yellow\/\" \/>\n<meta property=\"og:locale\" content=\"en_US\" \/>\n<meta property=\"og:type\" content=\"article\" \/>\n<meta property=\"og:title\" content=\"So romantic yellow sweatshirt - By The Moon EN\" \/>\n<meta property=\"og:description\" content=\"Our bestselling So Romantic sweatshirt in light blue has a new look! This time in the season&#8217;s trendiest color \u2013 creamy butter, with a contrasting print. This sweatshirt offers comfort with a romantic twist.&nbsp;This short, loose-fit sweatshirt will wrap you in comfort while the trending buttery colour will light up your skin. The \u201cso romantic\u201d [...]\" \/>\n<meta property=\"og:url\" content=\"https:\/\/bythemoon.eu\/en\/product\/bluza-so-romantic-yellow\/\" \/>\n<meta property=\"og:site_name\" content=\"By The Moon EN\" \/>\n<meta property=\"article:modified_time\" content=\"2025-11-14T13:16:54+00:00\" \/>\n<meta property=\"og:image\" content=\"https:\/\/bythemoon.eu\/en\/wp-content\/uploads\/2025\/08\/bluza_soromantic_yellow4-1.jpg\" \/>\n\t<meta property=\"og:image:width\" content=\"1000\" \/>\n\t<meta property=\"og:image:height\" content=\"1400\" \/>\n\t<meta property=\"og:image:type\" content=\"image\/jpeg\" \/>\n<script type=\"application\/ld+json\" class=\"yoast-schema-graph\">{\"@context\":\"https:\/\/schema.org\",\"@graph\":[{\"@type\":\"WebPage\",\"@id\":\"https:\/\/bythemoon.eu\/en\/product\/bluza-so-romantic-yellow\/\",\"url\":\"https:\/\/bythemoon.eu\/en\/product\/bluza-so-romantic-yellow\/\",\"name\":\"So romantic yellow sweatshirt - By The Moon EN\",\"isPartOf\":{\"@id\":\"https:\/\/bythemoon.eu\/en\/#website\"},\"primaryImageOfPage\":{\"@id\":\"https:\/\/bythemoon.eu\/en\/product\/bluza-so-romantic-yellow\/#primaryimage\"},\"image\":{\"@id\":\"https:\/\/bythemoon.eu\/en\/product\/bluza-so-romantic-yellow\/#primaryimage\"},\"thumbnailUrl\":\"https:\/\/bythemoon.eu\/en\/wp-content\/uploads\/2025\/08\/bluza_soromantic_yellow4-1.jpg\",\"datePublished\":\"2025-08-27T01:58:27+00:00\",\"dateModified\":\"2025-11-14T13:16:54+00:00\",\"breadcrumb\":{\"@id\":\"https:\/\/bythemoon.eu\/en\/product\/bluza-so-romantic-yellow\/#breadcrumb\"},\"inLanguage\":\"en-US\",\"potentialAction\":[{\"@type\":\"ReadAction\",\"target\":[\"https:\/\/bythemoon.eu\/en\/product\/bluza-so-romantic-yellow\/\"]}]},{\"@type\":\"ImageObject\",\"inLanguage\":\"en-US\",\"@id\":\"https:\/\/bythemoon.eu\/en\/product\/bluza-so-romantic-yellow\/#primaryimage\",\"url\":\"https:\/\/bythemoon.eu\/en\/wp-content\/uploads\/2025\/08\/bluza_soromantic_yellow4-1.jpg\",\"contentUrl\":\"https:\/\/bythemoon.eu\/en\/wp-content\/uploads\/2025\/08\/bluza_soromantic_yellow4-1.jpg\",\"width\":1000,\"height\":1400,\"caption\":\"bluza mase\u0142kowa, \u017c\u00f3\u0142ta, z napisem, nadrukiem so romantic, polska marka, bawe\u0142na\"},{\"@type\":\"BreadcrumbList\",\"@id\":\"https:\/\/bythemoon.eu\/en\/product\/bluza-so-romantic-yellow\/#breadcrumb\",\"itemListElement\":[{\"@type\":\"ListItem\",\"position\":1,\"name\":\"Strona g\u0142\u00f3wna\",\"item\":\"https:\/\/bythemoon.eu\/en\/\"},{\"@type\":\"ListItem\",\"position\":2,\"name\":\"Shop\",\"item\":\"https:\/\/bythemoon.eu\/en\/shop\/\"},{\"@type\":\"ListItem\",\"position\":3,\"name\":\"So romantic yellow sweatshirt\"}]},{\"@type\":\"WebSite\",\"@id\":\"https:\/\/bythemoon.eu\/en\/#website\",\"url\":\"https:\/\/bythemoon.eu\/en\/\",\"name\":\"By The Moon EN\",\"description\":\"\",\"potentialAction\":[{\"@type\":\"SearchAction\",\"target\":{\"@type\":\"EntryPoint\",\"urlTemplate\":\"https:\/\/bythemoon.eu\/en\/?s={search_term_string}\"},\"query-input\":{\"@type\":\"PropertyValueSpecification\",\"valueRequired\":true,\"valueName\":\"search_term_string\"}}],\"inLanguage\":\"en-US\"}]}<\/script>\n<!-- \/ Yoast SEO plugin. -->","yoast_head_json":{"title":"So romantic yellow sweatshirt - By The Moon EN","robots":{"index":"index","follow":"follow","max-snippet":"max-snippet:-1","max-image-preview":"max-image-preview:large","max-video-preview":"max-video-preview:-1"},"canonical":"https:\/\/bythemoon.eu\/en\/product\/bluza-so-romantic-yellow\/","og_locale":"en_US","og_type":"article","og_title":"So romantic yellow sweatshirt - By The Moon EN","og_description":"Our bestselling So Romantic sweatshirt in light blue has a new look! This time in the season&#8217;s trendiest color \u2013 creamy butter, with a contrasting print. This sweatshirt offers comfort with a romantic twist.&nbsp;This short, loose-fit sweatshirt will wrap you in comfort while the trending buttery colour will light up your skin. The \u201cso romantic\u201d [...]","og_url":"https:\/\/bythemoon.eu\/en\/product\/bluza-so-romantic-yellow\/","og_site_name":"By The Moon EN","article_modified_time":"2025-11-14T13:16:54+00:00","og_image":[{"width":1000,"height":1400,"url":"https:\/\/bythemoon.eu\/en\/wp-content\/uploads\/2025\/08\/bluza_soromantic_yellow4-1.jpg","type":"image\/jpeg"}],"schema":{"@context":"https:\/\/schema.org","@graph":[{"@type":"WebPage","@id":"https:\/\/bythemoon.eu\/en\/product\/bluza-so-romantic-yellow\/","url":"https:\/\/bythemoon.eu\/en\/product\/bluza-so-romantic-yellow\/","name":"So romantic yellow sweatshirt - By The Moon EN","isPartOf":{"@id":"https:\/\/bythemoon.eu\/en\/#website"},"primaryImageOfPage":{"@id":"https:\/\/bythemoon.eu\/en\/product\/bluza-so-romantic-yellow\/#primaryimage"},"image":{"@id":"https:\/\/bythemoon.eu\/en\/product\/bluza-so-romantic-yellow\/#primaryimage"},"thumbnailUrl":"https:\/\/bythemoon.eu\/en\/wp-content\/uploads\/2025\/08\/bluza_soromantic_yellow4-1.jpg","datePublished":"2025-08-27T01:58:27+00:00","dateModified":"2025-11-14T13:16:54+00:00","breadcrumb":{"@id":"https:\/\/bythemoon.eu\/en\/product\/bluza-so-romantic-yellow\/#breadcrumb"},"inLanguage":"en-US","potentialAction":[{"@type":"ReadAction","target":["https:\/\/bythemoon.eu\/en\/product\/bluza-so-romantic-yellow\/"]}]},{"@type":"ImageObject","inLanguage":"en-US","@id":"https:\/\/bythemoon.eu\/en\/product\/bluza-so-romantic-yellow\/#primaryimage","url":"https:\/\/bythemoon.eu\/en\/wp-content\/uploads\/2025\/08\/bluza_soromantic_yellow4-1.jpg","contentUrl":"https:\/\/bythemoon.eu\/en\/wp-content\/uploads\/2025\/08\/bluza_soromantic_yellow4-1.jpg","width":1000,"height":1400,"caption":"bluza mase\u0142kowa, \u017c\u00f3\u0142ta, z napisem, nadrukiem so romantic, polska marka, bawe\u0142na"},{"@type":"BreadcrumbList","@id":"https:\/\/bythemoon.eu\/en\/product\/bluza-so-romantic-yellow\/#breadcrumb","itemListElement":[{"@type":"ListItem","position":1,"name":"Strona g\u0142\u00f3wna","item":"https:\/\/bythemoon.eu\/en\/"},{"@type":"ListItem","position":2,"name":"Shop","item":"https:\/\/bythemoon.eu\/en\/shop\/"},{"@type":"ListItem","position":3,"name":"So romantic yellow sweatshirt"}]},{"@type":"WebSite","@id":"https:\/\/bythemoon.eu\/en\/#website","url":"https:\/\/bythemoon.eu\/en\/","name":"By The Moon EN","description":"","potentialAction":[{"@type":"SearchAction","target":{"@type":"EntryPoint","urlTemplate":"https:\/\/bythemoon.eu\/en\/?s={search_term_string}"},"query-input":{"@type":"PropertyValueSpecification","valueRequired":true,"valueName":"search_term_string"}}],"inLanguage":"en-US"}]}},"_links":{"self":[{"href":"https:\/\/bythemoon.eu\/en\/wp-json\/wp\/v2\/product\/7331","targetHints":{"allow":["GET"]}}],"collection":[{"href":"https:\/\/bythemoon.eu\/en\/wp-json\/wp\/v2\/product"}],"about":[{"href":"https:\/\/bythemoon.eu\/en\/wp-json\/wp\/v2\/types\/product"}],"wp:featuredmedia":[{"embeddable":true,"href":"https:\/\/bythemoon.eu\/en\/wp-json\/wp\/v2\/media\/7332"}],"wp:attachment":[{"href":"https:\/\/bythemoon.eu\/en\/wp-json\/wp\/v2\/media?parent=7331"}],"wp:term":[{"taxonomy":"product_brand","embeddable":true,"href":"https:\/\/bythemoon.eu\/en\/wp-json\/wp\/v2\/product_brand?post=7331"},{"taxonomy":"product_cat","embeddable":true,"href":"https:\/\/bythemoon.eu\/en\/wp-json\/wp\/v2\/product_cat?post=7331"},{"taxonomy":"product_tag","embeddable":true,"href":"https:\/\/bythemoon.eu\/en\/wp-json\/wp\/v2\/product_tag?post=7331"}],"curies":[{"name":"wp","href":"https:\/\/api.w.org\/{rel}","templated":true}]}}