{"id":6971,"date":"2025-07-18T21:14:21","date_gmt":"2025-07-18T19:14:21","guid":{"rendered":"https:\/\/bythemoon.eu\/en\/produkt\/kuloty-aya-sage\/"},"modified":"2025-11-14T14:16:55","modified_gmt":"2025-11-14T13:16:55","slug":"kuloty-aya-sage","status":"publish","type":"product","link":"https:\/\/bythemoon.eu\/en\/product\/kuloty-aya-sage\/","title":{"rendered":"culottes Aya sage"},"content":{"rendered":"<p><span style=\"font-size: 13.5pt; font-family: 'Times New Roman',serif;\">Aya Sage culottes are your new everyday staple &#8211; comfy, stylish, and in the most flattering sage green. They&#8217;re cut from soft peach-finish fabric that feels soft on the skin. The relaxed fit, wide legs, and elastic waist make them effortless to wear from morning to night. The versatile color and shape work with everything &#8211; from tonal neutrals to bold contrasts or classic black. Pair with flip-flops, sneakers, or boots, depending on the vibe.<\/span><\/p>\n<p><strong>Culottes measurements in cm.:<\/strong><\/p>\n<table style=\"height: 224px;\" width=\"604\">\n<tbody>\n<tr>\n<td width=\"119\">&nbsp;<\/td>\n<td style=\"text-align: center;\" width=\"64\"><strong>XS<\/strong><\/td>\n<td style=\"text-align: center;\" width=\"64\"><strong>S<\/strong><\/td>\n<td style=\"text-align: center;\" width=\"64\"><strong>M<\/strong><\/td>\n<td style=\"text-align: center;\" width=\"64\"><strong>L<\/strong><\/td>\n<\/tr>\n<tr>\n<td width=\"119\">elastic waist (flat)<\/td>\n<td style=\"text-align: center;\">30,5<\/td>\n<td style=\"text-align: center;\">33<\/td>\n<td style=\"text-align: center;\">35,5<\/td>\n<td style=\"text-align: center;\">38<\/td>\n<\/tr>\n<tr>\n<td width=\"119\">hips width<\/td>\n<td style=\"text-align: center;\">52<\/td>\n<td style=\"text-align: center;\">55<\/td>\n<td style=\"text-align: center;\">58<\/td>\n<td style=\"text-align: center;\">61<\/td>\n<\/tr>\n<tr>\n<td width=\"119\">length (outside leg)<\/td>\n<td style=\"text-align: center;\">85<\/td>\n<td style=\"text-align: center;\">85<\/td>\n<td style=\"text-align: center;\">85<\/td>\n<td style=\"text-align: center;\">85<\/td>\n<\/tr>\n<\/tbody>\n<\/table>\n<p>&nbsp;<\/p>\n<p><strong>Composition:<\/strong><\/p>\n<p>97% cotton, 3% elastane<\/p>\n","protected":false},"excerpt":{"rendered":"<p>Aya Sage culottes are your new everyday staple &#8211; comfy, stylish, and in the most flattering sage green. They&#8217;re cut from soft peach-finish fabric that feels soft on the skin. The relaxed fit, wide legs, and elastic waist make them effortless to wear from morning to night. The versatile color and shape work with everything [&#8230;]\n","protected":false},"featured_media":6972,"template":"","meta":[],"product_brand":[],"product_cat":[22,21,50],"product_tag":[],"class_list":{"0":"post-6971","1":"product","2":"type-product","3":"status-publish","4":"has-post-thumbnail","6":"product_cat-bottoms","7":"product_cat-btm-en","8":"product_cat-new-in","10":"first","11":"instock","12":"taxable","13":"shipping-taxable","14":"purchasable","15":"product-type-variable"},"yoast_head":"<!-- This site is optimized with the Yoast SEO plugin v27.0 - https:\/\/yoast.com\/product\/yoast-seo-wordpress\/ -->\n<title>culottes Aya sage - By The Moon EN<\/title>\n<meta name=\"robots\" content=\"index, follow, max-snippet:-1, max-image-preview:large, max-video-preview:-1\" \/>\n<link rel=\"canonical\" href=\"https:\/\/bythemoon.eu\/en\/product\/kuloty-aya-sage\/\" \/>\n<meta property=\"og:locale\" content=\"en_US\" \/>\n<meta property=\"og:type\" content=\"article\" \/>\n<meta property=\"og:title\" content=\"culottes Aya sage - By The Moon EN\" \/>\n<meta property=\"og:description\" content=\"Aya Sage culottes are your new everyday staple &#8211; comfy, stylish, and in the most flattering sage green. They&#8217;re cut from soft peach-finish fabric that feels soft on the skin. The relaxed fit, wide legs, and elastic waist make them effortless to wear from morning to night. The versatile color and shape work with everything [...]\" \/>\n<meta property=\"og:url\" content=\"https:\/\/bythemoon.eu\/en\/product\/kuloty-aya-sage\/\" \/>\n<meta property=\"og:site_name\" content=\"By The Moon EN\" \/>\n<meta property=\"article:modified_time\" content=\"2025-11-14T13:16:55+00:00\" \/>\n<meta property=\"og:image\" content=\"https:\/\/bythemoon.eu\/en\/wp-content\/uploads\/2025\/07\/kuloty_sage_3.jpg\" \/>\n\t<meta property=\"og:image:width\" content=\"1000\" \/>\n\t<meta property=\"og:image:height\" content=\"1400\" \/>\n\t<meta property=\"og:image:type\" content=\"image\/jpeg\" \/>\n<script type=\"application\/ld+json\" class=\"yoast-schema-graph\">{\"@context\":\"https:\/\/schema.org\",\"@graph\":[{\"@type\":\"WebPage\",\"@id\":\"https:\/\/bythemoon.eu\/en\/product\/kuloty-aya-sage\/\",\"url\":\"https:\/\/bythemoon.eu\/en\/product\/kuloty-aya-sage\/\",\"name\":\"culottes Aya sage - By The Moon EN\",\"isPartOf\":{\"@id\":\"https:\/\/bythemoon.eu\/en\/#website\"},\"primaryImageOfPage\":{\"@id\":\"https:\/\/bythemoon.eu\/en\/product\/kuloty-aya-sage\/#primaryimage\"},\"image\":{\"@id\":\"https:\/\/bythemoon.eu\/en\/product\/kuloty-aya-sage\/#primaryimage\"},\"thumbnailUrl\":\"https:\/\/bythemoon.eu\/en\/wp-content\/uploads\/2025\/07\/kuloty_sage_3.jpg\",\"datePublished\":\"2025-07-18T19:14:21+00:00\",\"dateModified\":\"2025-11-14T13:16:55+00:00\",\"breadcrumb\":{\"@id\":\"https:\/\/bythemoon.eu\/en\/product\/kuloty-aya-sage\/#breadcrumb\"},\"inLanguage\":\"en-US\",\"potentialAction\":[{\"@type\":\"ReadAction\",\"target\":[\"https:\/\/bythemoon.eu\/en\/product\/kuloty-aya-sage\/\"]}]},{\"@type\":\"ImageObject\",\"inLanguage\":\"en-US\",\"@id\":\"https:\/\/bythemoon.eu\/en\/product\/kuloty-aya-sage\/#primaryimage\",\"url\":\"https:\/\/bythemoon.eu\/en\/wp-content\/uploads\/2025\/07\/kuloty_sage_3.jpg\",\"contentUrl\":\"https:\/\/bythemoon.eu\/en\/wp-content\/uploads\/2025\/07\/kuloty_sage_3.jpg\",\"width\":1000,\"height\":1400,\"caption\":\"top na ramiaczkach pepper, w zeberk\u0119, zebra print, kuloty damskie khaki, sza\u0142wiowe, na gumk\u0119, szerokie za kolana, by the moon, polska marka\"},{\"@type\":\"BreadcrumbList\",\"@id\":\"https:\/\/bythemoon.eu\/en\/product\/kuloty-aya-sage\/#breadcrumb\",\"itemListElement\":[{\"@type\":\"ListItem\",\"position\":1,\"name\":\"Strona g\u0142\u00f3wna\",\"item\":\"https:\/\/bythemoon.eu\/en\/\"},{\"@type\":\"ListItem\",\"position\":2,\"name\":\"Shop\",\"item\":\"https:\/\/bythemoon.eu\/en\/shop\/\"},{\"@type\":\"ListItem\",\"position\":3,\"name\":\"culottes Aya sage\"}]},{\"@type\":\"WebSite\",\"@id\":\"https:\/\/bythemoon.eu\/en\/#website\",\"url\":\"https:\/\/bythemoon.eu\/en\/\",\"name\":\"By The Moon EN\",\"description\":\"\",\"potentialAction\":[{\"@type\":\"SearchAction\",\"target\":{\"@type\":\"EntryPoint\",\"urlTemplate\":\"https:\/\/bythemoon.eu\/en\/?s={search_term_string}\"},\"query-input\":{\"@type\":\"PropertyValueSpecification\",\"valueRequired\":true,\"valueName\":\"search_term_string\"}}],\"inLanguage\":\"en-US\"}]}<\/script>\n<!-- \/ Yoast SEO plugin. -->","yoast_head_json":{"title":"culottes Aya sage - By The Moon EN","robots":{"index":"index","follow":"follow","max-snippet":"max-snippet:-1","max-image-preview":"max-image-preview:large","max-video-preview":"max-video-preview:-1"},"canonical":"https:\/\/bythemoon.eu\/en\/product\/kuloty-aya-sage\/","og_locale":"en_US","og_type":"article","og_title":"culottes Aya sage - By The Moon EN","og_description":"Aya Sage culottes are your new everyday staple &#8211; comfy, stylish, and in the most flattering sage green. They&#8217;re cut from soft peach-finish fabric that feels soft on the skin. The relaxed fit, wide legs, and elastic waist make them effortless to wear from morning to night. The versatile color and shape work with everything [...]","og_url":"https:\/\/bythemoon.eu\/en\/product\/kuloty-aya-sage\/","og_site_name":"By The Moon EN","article_modified_time":"2025-11-14T13:16:55+00:00","og_image":[{"width":1000,"height":1400,"url":"https:\/\/bythemoon.eu\/en\/wp-content\/uploads\/2025\/07\/kuloty_sage_3.jpg","type":"image\/jpeg"}],"schema":{"@context":"https:\/\/schema.org","@graph":[{"@type":"WebPage","@id":"https:\/\/bythemoon.eu\/en\/product\/kuloty-aya-sage\/","url":"https:\/\/bythemoon.eu\/en\/product\/kuloty-aya-sage\/","name":"culottes Aya sage - By The Moon EN","isPartOf":{"@id":"https:\/\/bythemoon.eu\/en\/#website"},"primaryImageOfPage":{"@id":"https:\/\/bythemoon.eu\/en\/product\/kuloty-aya-sage\/#primaryimage"},"image":{"@id":"https:\/\/bythemoon.eu\/en\/product\/kuloty-aya-sage\/#primaryimage"},"thumbnailUrl":"https:\/\/bythemoon.eu\/en\/wp-content\/uploads\/2025\/07\/kuloty_sage_3.jpg","datePublished":"2025-07-18T19:14:21+00:00","dateModified":"2025-11-14T13:16:55+00:00","breadcrumb":{"@id":"https:\/\/bythemoon.eu\/en\/product\/kuloty-aya-sage\/#breadcrumb"},"inLanguage":"en-US","potentialAction":[{"@type":"ReadAction","target":["https:\/\/bythemoon.eu\/en\/product\/kuloty-aya-sage\/"]}]},{"@type":"ImageObject","inLanguage":"en-US","@id":"https:\/\/bythemoon.eu\/en\/product\/kuloty-aya-sage\/#primaryimage","url":"https:\/\/bythemoon.eu\/en\/wp-content\/uploads\/2025\/07\/kuloty_sage_3.jpg","contentUrl":"https:\/\/bythemoon.eu\/en\/wp-content\/uploads\/2025\/07\/kuloty_sage_3.jpg","width":1000,"height":1400,"caption":"top na ramiaczkach pepper, w zeberk\u0119, zebra print, kuloty damskie khaki, sza\u0142wiowe, na gumk\u0119, szerokie za kolana, by the moon, polska marka"},{"@type":"BreadcrumbList","@id":"https:\/\/bythemoon.eu\/en\/product\/kuloty-aya-sage\/#breadcrumb","itemListElement":[{"@type":"ListItem","position":1,"name":"Strona g\u0142\u00f3wna","item":"https:\/\/bythemoon.eu\/en\/"},{"@type":"ListItem","position":2,"name":"Shop","item":"https:\/\/bythemoon.eu\/en\/shop\/"},{"@type":"ListItem","position":3,"name":"culottes Aya sage"}]},{"@type":"WebSite","@id":"https:\/\/bythemoon.eu\/en\/#website","url":"https:\/\/bythemoon.eu\/en\/","name":"By The Moon EN","description":"","potentialAction":[{"@type":"SearchAction","target":{"@type":"EntryPoint","urlTemplate":"https:\/\/bythemoon.eu\/en\/?s={search_term_string}"},"query-input":{"@type":"PropertyValueSpecification","valueRequired":true,"valueName":"search_term_string"}}],"inLanguage":"en-US"}]}},"_links":{"self":[{"href":"https:\/\/bythemoon.eu\/en\/wp-json\/wp\/v2\/product\/6971","targetHints":{"allow":["GET"]}}],"collection":[{"href":"https:\/\/bythemoon.eu\/en\/wp-json\/wp\/v2\/product"}],"about":[{"href":"https:\/\/bythemoon.eu\/en\/wp-json\/wp\/v2\/types\/product"}],"wp:featuredmedia":[{"embeddable":true,"href":"https:\/\/bythemoon.eu\/en\/wp-json\/wp\/v2\/media\/6972"}],"wp:attachment":[{"href":"https:\/\/bythemoon.eu\/en\/wp-json\/wp\/v2\/media?parent=6971"}],"wp:term":[{"taxonomy":"product_brand","embeddable":true,"href":"https:\/\/bythemoon.eu\/en\/wp-json\/wp\/v2\/product_brand?post=6971"},{"taxonomy":"product_cat","embeddable":true,"href":"https:\/\/bythemoon.eu\/en\/wp-json\/wp\/v2\/product_cat?post=6971"},{"taxonomy":"product_tag","embeddable":true,"href":"https:\/\/bythemoon.eu\/en\/wp-json\/wp\/v2\/product_tag?post=6971"}],"curies":[{"name":"wp","href":"https:\/\/api.w.org\/{rel}","templated":true}]}}