{"id":6802,"date":"2025-06-25T15:14:29","date_gmt":"2025-06-25T13:14:29","guid":{"rendered":"https:\/\/bythemoon.eu\/en\/produkt\/bluza-creamy-butter\/"},"modified":"2025-11-14T14:16:56","modified_gmt":"2025-11-14T13:16:56","slug":"bluza-creamy-butter","status":"publish","type":"product","link":"https:\/\/bythemoon.eu\/en\/product\/bluza-creamy-butter\/","title":{"rendered":"Creamy butter sweatshirt"},"content":{"rendered":"<p><span style=\"font-size: 13.5pt; font-family: 'Times New Roman',serif;\">Lovely creamy butter sweatshirt \u2013 this season\u2019s must-have! Cropped, loose, and tempting as a sweet butter cookie. The pastel shade brings a soft glow to any look. Style it with skirts, throw it over a mocha Juliette dress, or with classic jeans. Fresh, summery, and full of stylish possibilities!<\/span><\/p>\n<p><strong>Sweatshirt measurements in cm.<\/strong><\/p>\n<p>NOTE! New model. This sweatshirt is shorter than our sweatshirts with raglan sleeves. Before purchasing, check the measurements:<\/p>\n<table style=\"height: 155px;\" width=\"521\">\n<tbody>\n<tr>\n<td width=\"143\">&nbsp;<\/td>\n<td style=\"text-align: center;\" width=\"64\"><strong>XS<\/strong><\/td>\n<td style=\"text-align: center;\" width=\"64\"><strong>S<\/strong><\/td>\n<td style=\"text-align: center;\" width=\"64\"><strong>M<\/strong><\/td>\n<td style=\"text-align: center;\" width=\"64\"><strong>L<\/strong><\/td>\n<\/tr>\n<tr>\n<td>chest width<\/td>\n<td style=\"text-align: center;\">56<\/td>\n<td style=\"text-align: center;\">58<\/td>\n<td style=\"text-align: center;\">60<\/td>\n<td style=\"text-align: center;\">64<\/td>\n<\/tr>\n<tr>\n<td style=\"text-align: left;\">length from the shoulder<\/td>\n<td style=\"text-align: center;\">57<\/td>\n<td style=\"text-align: center;\">58<\/td>\n<td style=\"text-align: center;\">60<\/td>\n<td style=\"text-align: center;\">62<\/td>\n<\/tr>\n<\/tbody>\n<\/table>\n<p>&nbsp;<\/p>\n<p><strong>Composition:<\/strong> 80% cotton, 20% polyester<\/p>\n","protected":false},"excerpt":{"rendered":"<p>Lovely creamy butter sweatshirt \u2013 this season\u2019s must-have! Cropped, loose, and tempting as a sweet butter cookie. The pastel shade brings a soft glow to any look. Style it with skirts, throw it over a mocha Juliette dress, or with classic jeans. Fresh, summery, and full of stylish possibilities! Sweatshirt measurements in cm. NOTE! New [&#8230;]\n","protected":false},"featured_media":7022,"template":"","meta":[],"product_brand":[],"product_cat":[21,50,52],"product_tag":[],"class_list":{"0":"post-6802","1":"product","2":"type-product","3":"status-publish","4":"has-post-thumbnail","6":"product_cat-btm-en","7":"product_cat-new-in","8":"product_cat-sweatshirts","10":"first","11":"instock","12":"taxable","13":"shipping-taxable","14":"purchasable","15":"product-type-variable"},"yoast_head":"<!-- This site is optimized with the Yoast SEO plugin v27.0 - https:\/\/yoast.com\/product\/yoast-seo-wordpress\/ -->\n<title>Creamy butter sweatshirt - By The Moon EN<\/title>\n<meta name=\"robots\" content=\"index, follow, max-snippet:-1, max-image-preview:large, max-video-preview:-1\" \/>\n<link rel=\"canonical\" href=\"https:\/\/bythemoon.eu\/en\/product\/bluza-creamy-butter\/\" \/>\n<meta property=\"og:locale\" content=\"en_US\" \/>\n<meta property=\"og:type\" content=\"article\" \/>\n<meta property=\"og:title\" content=\"Creamy butter sweatshirt - By The Moon EN\" \/>\n<meta property=\"og:description\" content=\"Lovely creamy butter sweatshirt \u2013 this season\u2019s must-have! Cropped, loose, and tempting as a sweet butter cookie. The pastel shade brings a soft glow to any look. Style it with skirts, throw it over a mocha Juliette dress, or with classic jeans. Fresh, summery, and full of stylish possibilities! Sweatshirt measurements in cm. NOTE! New [...]\" \/>\n<meta property=\"og:url\" content=\"https:\/\/bythemoon.eu\/en\/product\/bluza-creamy-butter\/\" \/>\n<meta property=\"og:site_name\" content=\"By The Moon EN\" \/>\n<meta property=\"article:modified_time\" content=\"2025-11-14T13:16:56+00:00\" \/>\n<meta property=\"og:image\" content=\"https:\/\/bythemoon.eu\/en\/wp-content\/uploads\/2025\/07\/bluza_creamy_butter_01.jpg\" \/>\n\t<meta property=\"og:image:width\" content=\"1000\" \/>\n\t<meta property=\"og:image:height\" content=\"1400\" \/>\n\t<meta property=\"og:image:type\" content=\"image\/jpeg\" \/>\n<script type=\"application\/ld+json\" class=\"yoast-schema-graph\">{\"@context\":\"https:\/\/schema.org\",\"@graph\":[{\"@type\":\"WebPage\",\"@id\":\"https:\/\/bythemoon.eu\/en\/product\/bluza-creamy-butter\/\",\"url\":\"https:\/\/bythemoon.eu\/en\/product\/bluza-creamy-butter\/\",\"name\":\"Creamy butter sweatshirt - By The Moon EN\",\"isPartOf\":{\"@id\":\"https:\/\/bythemoon.eu\/en\/#website\"},\"primaryImageOfPage\":{\"@id\":\"https:\/\/bythemoon.eu\/en\/product\/bluza-creamy-butter\/#primaryimage\"},\"image\":{\"@id\":\"https:\/\/bythemoon.eu\/en\/product\/bluza-creamy-butter\/#primaryimage\"},\"thumbnailUrl\":\"https:\/\/bythemoon.eu\/en\/wp-content\/uploads\/2025\/07\/bluza_creamy_butter_01.jpg\",\"datePublished\":\"2025-06-25T13:14:29+00:00\",\"dateModified\":\"2025-11-14T13:16:56+00:00\",\"breadcrumb\":{\"@id\":\"https:\/\/bythemoon.eu\/en\/product\/bluza-creamy-butter\/#breadcrumb\"},\"inLanguage\":\"en-US\",\"potentialAction\":[{\"@type\":\"ReadAction\",\"target\":[\"https:\/\/bythemoon.eu\/en\/product\/bluza-creamy-butter\/\"]}]},{\"@type\":\"ImageObject\",\"inLanguage\":\"en-US\",\"@id\":\"https:\/\/bythemoon.eu\/en\/product\/bluza-creamy-butter\/#primaryimage\",\"url\":\"https:\/\/bythemoon.eu\/en\/wp-content\/uploads\/2025\/07\/bluza_creamy_butter_01.jpg\",\"contentUrl\":\"https:\/\/bythemoon.eu\/en\/wp-content\/uploads\/2025\/07\/bluza_creamy_butter_01.jpg\",\"width\":1000,\"height\":1400,\"caption\":\"bluza damska , bawe\u0142niana, z meszkiem, modna,mase\u0142kowa, w kolorze jasno \u017c\u00f3\u0142tym, budyniowym, mase\u0142kowym, bawe\u0142na, polska marka, by the moon,\"},{\"@type\":\"BreadcrumbList\",\"@id\":\"https:\/\/bythemoon.eu\/en\/product\/bluza-creamy-butter\/#breadcrumb\",\"itemListElement\":[{\"@type\":\"ListItem\",\"position\":1,\"name\":\"Strona g\u0142\u00f3wna\",\"item\":\"https:\/\/bythemoon.eu\/en\/\"},{\"@type\":\"ListItem\",\"position\":2,\"name\":\"Shop\",\"item\":\"https:\/\/bythemoon.eu\/en\/shop\/\"},{\"@type\":\"ListItem\",\"position\":3,\"name\":\"Creamy butter sweatshirt\"}]},{\"@type\":\"WebSite\",\"@id\":\"https:\/\/bythemoon.eu\/en\/#website\",\"url\":\"https:\/\/bythemoon.eu\/en\/\",\"name\":\"By The Moon EN\",\"description\":\"\",\"potentialAction\":[{\"@type\":\"SearchAction\",\"target\":{\"@type\":\"EntryPoint\",\"urlTemplate\":\"https:\/\/bythemoon.eu\/en\/?s={search_term_string}\"},\"query-input\":{\"@type\":\"PropertyValueSpecification\",\"valueRequired\":true,\"valueName\":\"search_term_string\"}}],\"inLanguage\":\"en-US\"}]}<\/script>\n<!-- \/ Yoast SEO plugin. -->","yoast_head_json":{"title":"Creamy butter sweatshirt - By The Moon EN","robots":{"index":"index","follow":"follow","max-snippet":"max-snippet:-1","max-image-preview":"max-image-preview:large","max-video-preview":"max-video-preview:-1"},"canonical":"https:\/\/bythemoon.eu\/en\/product\/bluza-creamy-butter\/","og_locale":"en_US","og_type":"article","og_title":"Creamy butter sweatshirt - By The Moon EN","og_description":"Lovely creamy butter sweatshirt \u2013 this season\u2019s must-have! Cropped, loose, and tempting as a sweet butter cookie. The pastel shade brings a soft glow to any look. Style it with skirts, throw it over a mocha Juliette dress, or with classic jeans. Fresh, summery, and full of stylish possibilities! Sweatshirt measurements in cm. NOTE! New [...]","og_url":"https:\/\/bythemoon.eu\/en\/product\/bluza-creamy-butter\/","og_site_name":"By The Moon EN","article_modified_time":"2025-11-14T13:16:56+00:00","og_image":[{"width":1000,"height":1400,"url":"https:\/\/bythemoon.eu\/en\/wp-content\/uploads\/2025\/07\/bluza_creamy_butter_01.jpg","type":"image\/jpeg"}],"schema":{"@context":"https:\/\/schema.org","@graph":[{"@type":"WebPage","@id":"https:\/\/bythemoon.eu\/en\/product\/bluza-creamy-butter\/","url":"https:\/\/bythemoon.eu\/en\/product\/bluza-creamy-butter\/","name":"Creamy butter sweatshirt - By The Moon EN","isPartOf":{"@id":"https:\/\/bythemoon.eu\/en\/#website"},"primaryImageOfPage":{"@id":"https:\/\/bythemoon.eu\/en\/product\/bluza-creamy-butter\/#primaryimage"},"image":{"@id":"https:\/\/bythemoon.eu\/en\/product\/bluza-creamy-butter\/#primaryimage"},"thumbnailUrl":"https:\/\/bythemoon.eu\/en\/wp-content\/uploads\/2025\/07\/bluza_creamy_butter_01.jpg","datePublished":"2025-06-25T13:14:29+00:00","dateModified":"2025-11-14T13:16:56+00:00","breadcrumb":{"@id":"https:\/\/bythemoon.eu\/en\/product\/bluza-creamy-butter\/#breadcrumb"},"inLanguage":"en-US","potentialAction":[{"@type":"ReadAction","target":["https:\/\/bythemoon.eu\/en\/product\/bluza-creamy-butter\/"]}]},{"@type":"ImageObject","inLanguage":"en-US","@id":"https:\/\/bythemoon.eu\/en\/product\/bluza-creamy-butter\/#primaryimage","url":"https:\/\/bythemoon.eu\/en\/wp-content\/uploads\/2025\/07\/bluza_creamy_butter_01.jpg","contentUrl":"https:\/\/bythemoon.eu\/en\/wp-content\/uploads\/2025\/07\/bluza_creamy_butter_01.jpg","width":1000,"height":1400,"caption":"bluza damska , bawe\u0142niana, z meszkiem, modna,mase\u0142kowa, w kolorze jasno \u017c\u00f3\u0142tym, budyniowym, mase\u0142kowym, bawe\u0142na, polska marka, by the moon,"},{"@type":"BreadcrumbList","@id":"https:\/\/bythemoon.eu\/en\/product\/bluza-creamy-butter\/#breadcrumb","itemListElement":[{"@type":"ListItem","position":1,"name":"Strona g\u0142\u00f3wna","item":"https:\/\/bythemoon.eu\/en\/"},{"@type":"ListItem","position":2,"name":"Shop","item":"https:\/\/bythemoon.eu\/en\/shop\/"},{"@type":"ListItem","position":3,"name":"Creamy butter sweatshirt"}]},{"@type":"WebSite","@id":"https:\/\/bythemoon.eu\/en\/#website","url":"https:\/\/bythemoon.eu\/en\/","name":"By The Moon EN","description":"","potentialAction":[{"@type":"SearchAction","target":{"@type":"EntryPoint","urlTemplate":"https:\/\/bythemoon.eu\/en\/?s={search_term_string}"},"query-input":{"@type":"PropertyValueSpecification","valueRequired":true,"valueName":"search_term_string"}}],"inLanguage":"en-US"}]}},"_links":{"self":[{"href":"https:\/\/bythemoon.eu\/en\/wp-json\/wp\/v2\/product\/6802","targetHints":{"allow":["GET"]}}],"collection":[{"href":"https:\/\/bythemoon.eu\/en\/wp-json\/wp\/v2\/product"}],"about":[{"href":"https:\/\/bythemoon.eu\/en\/wp-json\/wp\/v2\/types\/product"}],"wp:featuredmedia":[{"embeddable":true,"href":"https:\/\/bythemoon.eu\/en\/wp-json\/wp\/v2\/media\/7022"}],"wp:attachment":[{"href":"https:\/\/bythemoon.eu\/en\/wp-json\/wp\/v2\/media?parent=6802"}],"wp:term":[{"taxonomy":"product_brand","embeddable":true,"href":"https:\/\/bythemoon.eu\/en\/wp-json\/wp\/v2\/product_brand?post=6802"},{"taxonomy":"product_cat","embeddable":true,"href":"https:\/\/bythemoon.eu\/en\/wp-json\/wp\/v2\/product_cat?post=6802"},{"taxonomy":"product_tag","embeddable":true,"href":"https:\/\/bythemoon.eu\/en\/wp-json\/wp\/v2\/product_tag?post=6802"}],"curies":[{"name":"wp","href":"https:\/\/api.w.org\/{rel}","templated":true}]}}