{"id":6705,"date":"2025-06-25T15:14:13","date_gmt":"2025-06-25T13:14:13","guid":{"rendered":"https:\/\/bythemoon.eu\/en\/produkt\/t-shirt-tiny-heart\/"},"modified":"2025-11-14T14:16:59","modified_gmt":"2025-11-14T13:16:59","slug":"t-shirt-tiny-heart","status":"publish","type":"product","link":"https:\/\/bythemoon.eu\/en\/product\/t-shirt-tiny-heart\/","title":{"rendered":"t-shirt Tiny heart"},"content":{"rendered":"<p>T-shirt w intensywnym, czerwonym kolorze, o lu\u017anym, swobodnym kroju. Na przodzie delikatne, czarne serduszko \u2013 subtelny akcent, kt\u00f3ry dodaje charakteru i lekko\u015bci.<br \/>\nNiezobowi\u0105zuj\u0105cy fason sprawdzi si\u0119 zar\u00f3wno na letnie spacery, nad morzem, na wiecz\u00f3r.\u015awietnie wygl\u0105da w duecie z jeansami, szortami lub zarzucona na str\u00f3j k\u0105pielowy \u2014 o\u017cywia stylizacj\u0119 i pi\u0119knie podkre\u015bla opalenizn\u0119.<br \/>\nUszyta z mi\u0119kkiej bawe\u0142ny z dodatkiem elastanu \u2014 przyjemna w dotyku, elastyczna i wygodna na co dzie\u0144.<\/p>\n<p>&nbsp;<\/p>\n<p><strong>Wymiary koszulki w cm:<\/strong><\/p>\n<p>T-shirt ma lu\u017any kr\u00f3j, przed wyborem rozmiaru, sprawd\u017a wymiary. Je\u015bli chcesz mie\u0107 bardziej dopasowany, przy ciele &#8211; wybierz rozmiar mniejszy. Granica b\u0142\u0119du +\/- 1-1,5 cm.<\/p>\n<table width=\"550\">\n<tbody>\n<tr>\n<td width=\"90\"><\/td>\n<td style=\"text-align: center\" width=\"64\"><strong>XS<\/strong><\/td>\n<td style=\"text-align: center\" width=\"64\"><strong>S<\/strong><\/td>\n<td style=\"text-align: center\" width=\"64\"><strong>M<\/strong><\/td>\n<td style=\"text-align: center\" width=\"64\"><strong>L<\/strong><\/td>\n<\/tr>\n<tr>\n<td>szer. w klatce<\/td>\n<td style=\"text-align: center\">47<\/td>\n<td style=\"text-align: center\">50<\/td>\n<td style=\"text-align: center\">53<\/td>\n<td style=\"text-align: center\">56<\/td>\n<\/tr>\n<tr>\n<td style=\"text-align: left\" width=\"90\">d\u0142ugo\u015b\u0107 (ty\u0142 plec\u00f3w)<\/td>\n<td style=\"text-align: center\">60<\/td>\n<td style=\"text-align: center\">62<\/td>\n<td style=\"text-align: center\">63<\/td>\n<td style=\"text-align: center\">65<\/td>\n<\/tr>\n<\/tbody>\n<\/table>\n","protected":false},"excerpt":{"rendered":"<p>T-shirt w intensywnym, czerwonym kolorze, o lu\u017anym, swobodnym kroju. Na przodzie delikatne, czarne serduszko \u2013 subtelny akcent, kt\u00f3ry dodaje charakteru i lekko\u015bci. Niezobowi\u0105zuj\u0105cy fason sprawdzi si\u0119 zar\u00f3wno na letnie spacery, nad morzem, na wiecz\u00f3r.\u015awietnie wygl\u0105da w duecie z jeansami, szortami lub zarzucona na str\u00f3j k\u0105pielowy \u2014 o\u017cywia stylizacj\u0119 i pi\u0119knie podkre\u015bla opalenizn\u0119. Uszyta z mi\u0119kkiej [&#8230;]\n","protected":false},"featured_media":6693,"template":"","meta":[],"product_brand":[],"product_cat":[21,55,24],"product_tag":[],"class_list":{"0":"post-6705","1":"product","2":"type-product","3":"status-publish","4":"has-post-thumbnail","6":"product_cat-btm-en","7":"product_cat-sale","8":"product_cat-t-shirts","10":"first","11":"outofstock","12":"sale","13":"taxable","14":"shipping-taxable","15":"purchasable","16":"product-type-variable"},"yoast_head":"<!-- This site is optimized with the Yoast SEO plugin v27.0 - https:\/\/yoast.com\/product\/yoast-seo-wordpress\/ -->\n<title>t-shirt Tiny heart - By The Moon EN<\/title>\n<meta name=\"robots\" content=\"index, follow, max-snippet:-1, max-image-preview:large, max-video-preview:-1\" \/>\n<link rel=\"canonical\" href=\"https:\/\/bythemoon.eu\/en\/product\/t-shirt-tiny-heart\/\" \/>\n<meta property=\"og:locale\" content=\"en_US\" \/>\n<meta property=\"og:type\" content=\"article\" \/>\n<meta property=\"og:title\" content=\"t-shirt Tiny heart - By The Moon EN\" \/>\n<meta property=\"og:description\" content=\"T-shirt w intensywnym, czerwonym kolorze, o lu\u017anym, swobodnym kroju. Na przodzie delikatne, czarne serduszko \u2013 subtelny akcent, kt\u00f3ry dodaje charakteru i lekko\u015bci. Niezobowi\u0105zuj\u0105cy fason sprawdzi si\u0119 zar\u00f3wno na letnie spacery, nad morzem, na wiecz\u00f3r.\u015awietnie wygl\u0105da w duecie z jeansami, szortami lub zarzucona na str\u00f3j k\u0105pielowy \u2014 o\u017cywia stylizacj\u0119 i pi\u0119knie podkre\u015bla opalenizn\u0119. Uszyta z mi\u0119kkiej [...]\" \/>\n<meta property=\"og:url\" content=\"https:\/\/bythemoon.eu\/en\/product\/t-shirt-tiny-heart\/\" \/>\n<meta property=\"og:site_name\" content=\"By The Moon EN\" \/>\n<meta property=\"article:modified_time\" content=\"2025-11-14T13:16:59+00:00\" \/>\n<meta property=\"og:image\" content=\"https:\/\/bythemoon.eu\/en\/wp-content\/uploads\/2025\/06\/T-shirt_red_tiny_heart.jpg\" \/>\n\t<meta property=\"og:image:width\" content=\"1000\" \/>\n\t<meta property=\"og:image:height\" content=\"1400\" \/>\n\t<meta property=\"og:image:type\" content=\"image\/jpeg\" \/>\n<script type=\"application\/ld+json\" class=\"yoast-schema-graph\">{\"@context\":\"https:\/\/schema.org\",\"@graph\":[{\"@type\":\"WebPage\",\"@id\":\"https:\/\/bythemoon.eu\/en\/product\/t-shirt-tiny-heart\/\",\"url\":\"https:\/\/bythemoon.eu\/en\/product\/t-shirt-tiny-heart\/\",\"name\":\"t-shirt Tiny heart - By The Moon EN\",\"isPartOf\":{\"@id\":\"https:\/\/bythemoon.eu\/en\/#website\"},\"primaryImageOfPage\":{\"@id\":\"https:\/\/bythemoon.eu\/en\/product\/t-shirt-tiny-heart\/#primaryimage\"},\"image\":{\"@id\":\"https:\/\/bythemoon.eu\/en\/product\/t-shirt-tiny-heart\/#primaryimage\"},\"thumbnailUrl\":\"https:\/\/bythemoon.eu\/en\/wp-content\/uploads\/2025\/06\/T-shirt_red_tiny_heart.jpg\",\"datePublished\":\"2025-06-25T13:14:13+00:00\",\"dateModified\":\"2025-11-14T13:16:59+00:00\",\"breadcrumb\":{\"@id\":\"https:\/\/bythemoon.eu\/en\/product\/t-shirt-tiny-heart\/#breadcrumb\"},\"inLanguage\":\"en-US\",\"potentialAction\":[{\"@type\":\"ReadAction\",\"target\":[\"https:\/\/bythemoon.eu\/en\/product\/t-shirt-tiny-heart\/\"]}]},{\"@type\":\"ImageObject\",\"inLanguage\":\"en-US\",\"@id\":\"https:\/\/bythemoon.eu\/en\/product\/t-shirt-tiny-heart\/#primaryimage\",\"url\":\"https:\/\/bythemoon.eu\/en\/wp-content\/uploads\/2025\/06\/T-shirt_red_tiny_heart.jpg\",\"contentUrl\":\"https:\/\/bythemoon.eu\/en\/wp-content\/uploads\/2025\/06\/T-shirt_red_tiny_heart.jpg\",\"width\":1000,\"height\":1400,\"caption\":\"czerwony t-shirt , koszulka z serduszkiem czarnym, sercem, tiny heart, by the moon\"},{\"@type\":\"BreadcrumbList\",\"@id\":\"https:\/\/bythemoon.eu\/en\/product\/t-shirt-tiny-heart\/#breadcrumb\",\"itemListElement\":[{\"@type\":\"ListItem\",\"position\":1,\"name\":\"Strona g\u0142\u00f3wna\",\"item\":\"https:\/\/bythemoon.eu\/en\/\"},{\"@type\":\"ListItem\",\"position\":2,\"name\":\"Shop\",\"item\":\"https:\/\/bythemoon.eu\/en\/shop\/\"},{\"@type\":\"ListItem\",\"position\":3,\"name\":\"t-shirt Tiny heart\"}]},{\"@type\":\"WebSite\",\"@id\":\"https:\/\/bythemoon.eu\/en\/#website\",\"url\":\"https:\/\/bythemoon.eu\/en\/\",\"name\":\"By The Moon EN\",\"description\":\"\",\"potentialAction\":[{\"@type\":\"SearchAction\",\"target\":{\"@type\":\"EntryPoint\",\"urlTemplate\":\"https:\/\/bythemoon.eu\/en\/?s={search_term_string}\"},\"query-input\":{\"@type\":\"PropertyValueSpecification\",\"valueRequired\":true,\"valueName\":\"search_term_string\"}}],\"inLanguage\":\"en-US\"}]}<\/script>\n<!-- \/ Yoast SEO plugin. -->","yoast_head_json":{"title":"t-shirt Tiny heart - By The Moon EN","robots":{"index":"index","follow":"follow","max-snippet":"max-snippet:-1","max-image-preview":"max-image-preview:large","max-video-preview":"max-video-preview:-1"},"canonical":"https:\/\/bythemoon.eu\/en\/product\/t-shirt-tiny-heart\/","og_locale":"en_US","og_type":"article","og_title":"t-shirt Tiny heart - By The Moon EN","og_description":"T-shirt w intensywnym, czerwonym kolorze, o lu\u017anym, swobodnym kroju. Na przodzie delikatne, czarne serduszko \u2013 subtelny akcent, kt\u00f3ry dodaje charakteru i lekko\u015bci. Niezobowi\u0105zuj\u0105cy fason sprawdzi si\u0119 zar\u00f3wno na letnie spacery, nad morzem, na wiecz\u00f3r.\u015awietnie wygl\u0105da w duecie z jeansami, szortami lub zarzucona na str\u00f3j k\u0105pielowy \u2014 o\u017cywia stylizacj\u0119 i pi\u0119knie podkre\u015bla opalenizn\u0119. Uszyta z mi\u0119kkiej [...]","og_url":"https:\/\/bythemoon.eu\/en\/product\/t-shirt-tiny-heart\/","og_site_name":"By The Moon EN","article_modified_time":"2025-11-14T13:16:59+00:00","og_image":[{"width":1000,"height":1400,"url":"https:\/\/bythemoon.eu\/en\/wp-content\/uploads\/2025\/06\/T-shirt_red_tiny_heart.jpg","type":"image\/jpeg"}],"schema":{"@context":"https:\/\/schema.org","@graph":[{"@type":"WebPage","@id":"https:\/\/bythemoon.eu\/en\/product\/t-shirt-tiny-heart\/","url":"https:\/\/bythemoon.eu\/en\/product\/t-shirt-tiny-heart\/","name":"t-shirt Tiny heart - By The Moon EN","isPartOf":{"@id":"https:\/\/bythemoon.eu\/en\/#website"},"primaryImageOfPage":{"@id":"https:\/\/bythemoon.eu\/en\/product\/t-shirt-tiny-heart\/#primaryimage"},"image":{"@id":"https:\/\/bythemoon.eu\/en\/product\/t-shirt-tiny-heart\/#primaryimage"},"thumbnailUrl":"https:\/\/bythemoon.eu\/en\/wp-content\/uploads\/2025\/06\/T-shirt_red_tiny_heart.jpg","datePublished":"2025-06-25T13:14:13+00:00","dateModified":"2025-11-14T13:16:59+00:00","breadcrumb":{"@id":"https:\/\/bythemoon.eu\/en\/product\/t-shirt-tiny-heart\/#breadcrumb"},"inLanguage":"en-US","potentialAction":[{"@type":"ReadAction","target":["https:\/\/bythemoon.eu\/en\/product\/t-shirt-tiny-heart\/"]}]},{"@type":"ImageObject","inLanguage":"en-US","@id":"https:\/\/bythemoon.eu\/en\/product\/t-shirt-tiny-heart\/#primaryimage","url":"https:\/\/bythemoon.eu\/en\/wp-content\/uploads\/2025\/06\/T-shirt_red_tiny_heart.jpg","contentUrl":"https:\/\/bythemoon.eu\/en\/wp-content\/uploads\/2025\/06\/T-shirt_red_tiny_heart.jpg","width":1000,"height":1400,"caption":"czerwony t-shirt , koszulka z serduszkiem czarnym, sercem, tiny heart, by the moon"},{"@type":"BreadcrumbList","@id":"https:\/\/bythemoon.eu\/en\/product\/t-shirt-tiny-heart\/#breadcrumb","itemListElement":[{"@type":"ListItem","position":1,"name":"Strona g\u0142\u00f3wna","item":"https:\/\/bythemoon.eu\/en\/"},{"@type":"ListItem","position":2,"name":"Shop","item":"https:\/\/bythemoon.eu\/en\/shop\/"},{"@type":"ListItem","position":3,"name":"t-shirt Tiny heart"}]},{"@type":"WebSite","@id":"https:\/\/bythemoon.eu\/en\/#website","url":"https:\/\/bythemoon.eu\/en\/","name":"By The Moon EN","description":"","potentialAction":[{"@type":"SearchAction","target":{"@type":"EntryPoint","urlTemplate":"https:\/\/bythemoon.eu\/en\/?s={search_term_string}"},"query-input":{"@type":"PropertyValueSpecification","valueRequired":true,"valueName":"search_term_string"}}],"inLanguage":"en-US"}]}},"_links":{"self":[{"href":"https:\/\/bythemoon.eu\/en\/wp-json\/wp\/v2\/product\/6705","targetHints":{"allow":["GET"]}}],"collection":[{"href":"https:\/\/bythemoon.eu\/en\/wp-json\/wp\/v2\/product"}],"about":[{"href":"https:\/\/bythemoon.eu\/en\/wp-json\/wp\/v2\/types\/product"}],"wp:featuredmedia":[{"embeddable":true,"href":"https:\/\/bythemoon.eu\/en\/wp-json\/wp\/v2\/media\/6693"}],"wp:attachment":[{"href":"https:\/\/bythemoon.eu\/en\/wp-json\/wp\/v2\/media?parent=6705"}],"wp:term":[{"taxonomy":"product_brand","embeddable":true,"href":"https:\/\/bythemoon.eu\/en\/wp-json\/wp\/v2\/product_brand?post=6705"},{"taxonomy":"product_cat","embeddable":true,"href":"https:\/\/bythemoon.eu\/en\/wp-json\/wp\/v2\/product_cat?post=6705"},{"taxonomy":"product_tag","embeddable":true,"href":"https:\/\/bythemoon.eu\/en\/wp-json\/wp\/v2\/product_tag?post=6705"}],"curies":[{"name":"wp","href":"https:\/\/api.w.org\/{rel}","templated":true}]}}