{"id":6698,"date":"2025-06-25T15:14:13","date_gmt":"2025-06-25T13:14:13","guid":{"rendered":"https:\/\/bythemoon.eu\/en\/produkt\/t-shirt-mango-cin-cin\/"},"modified":"2025-11-14T14:16:59","modified_gmt":"2025-11-14T13:16:59","slug":"t-shirt-mango-cin-cin","status":"publish","type":"product","link":"https:\/\/bythemoon.eu\/en\/product\/t-shirt-mango-cin-cin\/","title":{"rendered":"t-shirt Mango cin cin"},"content":{"rendered":"<p>T-shirt w soczystym kolorze mango, o lu\u017anym kroju. Ma lu\u017any, niezobowi\u0105zuj\u0105cy fason, kt\u00f3ry sprawdzi si\u0119 zar\u00f3wno na pla\u017c\u0119, jak i na leniwe poranki nad basenem. Napis \u201ecin cin&#8221; to uk\u0142on w stron\u0119 zabawy, celebracji i s\u0142o\u0144ca. Idealna do jeans\u00f3w, short\u00f3w albo zarzucona na kostium k\u0105pielowy &#8211; w ka\u017cdej wersji pi\u0119knie podkre\u015bli Twoj\u0105 opalenizn\u0119 i wprowadzi Ci\u0119 w wakacyjny mood. Uszyta z mi\u0119kkiej bawe\u0142ny z elastanem, mi\u0119kka i mi\u0142a w dotyku.<\/p>\n<p>&nbsp;<\/p>\n<p><strong>Wymiary koszulki w cm:<\/strong><\/p>\n<p>T-shirt ma lu\u017any kr\u00f3j, przed wyborem rozmiaru, sprawd\u017a wymiary. Je\u015bli chcesz mie\u0107 bardziej dopasowany, przy ciele &#8211; wybierz rozmiar mniejszy. Granica b\u0142\u0119du +\/- 1-1,5 cm.<\/p>\n<table width=\"550\">\n<tbody>\n<tr>\n<td width=\"90\"><\/td>\n<td style=\"text-align: center\" width=\"64\"><strong>XS<\/strong><\/td>\n<td style=\"text-align: center\" width=\"64\"><strong>S<\/strong><\/td>\n<td style=\"text-align: center\" width=\"64\"><strong>M<\/strong><\/td>\n<td style=\"text-align: center\" width=\"64\"><strong>L<\/strong><\/td>\n<\/tr>\n<tr>\n<td>szer. w klatce<\/td>\n<td style=\"text-align: center\">47<\/td>\n<td style=\"text-align: center\">50<\/td>\n<td style=\"text-align: center\">53<\/td>\n<td style=\"text-align: center\">56<\/td>\n<\/tr>\n<tr>\n<td style=\"text-align: left\" width=\"90\">d\u0142ugo\u015b\u0107 (ty\u0142 plec\u00f3w)<\/td>\n<td style=\"text-align: center\">60<\/td>\n<td style=\"text-align: center\">62<\/td>\n<td style=\"text-align: center\">63<\/td>\n<td style=\"text-align: center\">65<\/td>\n<\/tr>\n<\/tbody>\n<\/table>\n","protected":false},"excerpt":{"rendered":"<p>T-shirt w soczystym kolorze mango, o lu\u017anym kroju. Ma lu\u017any, niezobowi\u0105zuj\u0105cy fason, kt\u00f3ry sprawdzi si\u0119 zar\u00f3wno na pla\u017c\u0119, jak i na leniwe poranki nad basenem. Napis \u201ecin cin&#8221; to uk\u0142on w stron\u0119 zabawy, celebracji i s\u0142o\u0144ca. Idealna do jeans\u00f3w, short\u00f3w albo zarzucona na kostium k\u0105pielowy &#8211; w ka\u017cdej wersji pi\u0119knie podkre\u015bli Twoj\u0105 opalenizn\u0119 i wprowadzi [&#8230;]\n","protected":false},"featured_media":6692,"template":"","meta":[],"product_brand":[],"product_cat":[21,55,24],"product_tag":[],"class_list":{"0":"post-6698","1":"product","2":"type-product","3":"status-publish","4":"has-post-thumbnail","6":"product_cat-btm-en","7":"product_cat-sale","8":"product_cat-t-shirts","10":"first","11":"instock","12":"sale","13":"taxable","14":"shipping-taxable","15":"purchasable","16":"product-type-variable"},"yoast_head":"<!-- This site is optimized with the Yoast SEO plugin v27.0 - https:\/\/yoast.com\/product\/yoast-seo-wordpress\/ -->\n<title>t-shirt Mango cin cin - By The Moon EN<\/title>\n<meta name=\"robots\" content=\"index, follow, max-snippet:-1, max-image-preview:large, max-video-preview:-1\" \/>\n<link rel=\"canonical\" href=\"https:\/\/bythemoon.eu\/en\/product\/t-shirt-mango-cin-cin\/\" \/>\n<meta property=\"og:locale\" content=\"en_US\" \/>\n<meta property=\"og:type\" content=\"article\" \/>\n<meta property=\"og:title\" content=\"t-shirt Mango cin cin - By The Moon EN\" \/>\n<meta property=\"og:description\" content=\"T-shirt w soczystym kolorze mango, o lu\u017anym kroju. Ma lu\u017any, niezobowi\u0105zuj\u0105cy fason, kt\u00f3ry sprawdzi si\u0119 zar\u00f3wno na pla\u017c\u0119, jak i na leniwe poranki nad basenem. Napis \u201ecin cin&#8221; to uk\u0142on w stron\u0119 zabawy, celebracji i s\u0142o\u0144ca. Idealna do jeans\u00f3w, short\u00f3w albo zarzucona na kostium k\u0105pielowy &#8211; w ka\u017cdej wersji pi\u0119knie podkre\u015bli Twoj\u0105 opalenizn\u0119 i wprowadzi [...]\" \/>\n<meta property=\"og:url\" content=\"https:\/\/bythemoon.eu\/en\/product\/t-shirt-mango-cin-cin\/\" \/>\n<meta property=\"og:site_name\" content=\"By The Moon EN\" \/>\n<meta property=\"article:modified_time\" content=\"2025-11-14T13:16:59+00:00\" \/>\n<meta property=\"og:image\" content=\"https:\/\/bythemoon.eu\/en\/wp-content\/uploads\/2025\/06\/T-shirt_mango-cincin.jpg\" \/>\n\t<meta property=\"og:image:width\" content=\"1000\" \/>\n\t<meta property=\"og:image:height\" content=\"1400\" \/>\n\t<meta property=\"og:image:type\" content=\"image\/jpeg\" \/>\n<script type=\"application\/ld+json\" class=\"yoast-schema-graph\">{\"@context\":\"https:\/\/schema.org\",\"@graph\":[{\"@type\":\"WebPage\",\"@id\":\"https:\/\/bythemoon.eu\/en\/product\/t-shirt-mango-cin-cin\/\",\"url\":\"https:\/\/bythemoon.eu\/en\/product\/t-shirt-mango-cin-cin\/\",\"name\":\"t-shirt Mango cin cin - By The Moon EN\",\"isPartOf\":{\"@id\":\"https:\/\/bythemoon.eu\/en\/#website\"},\"primaryImageOfPage\":{\"@id\":\"https:\/\/bythemoon.eu\/en\/product\/t-shirt-mango-cin-cin\/#primaryimage\"},\"image\":{\"@id\":\"https:\/\/bythemoon.eu\/en\/product\/t-shirt-mango-cin-cin\/#primaryimage\"},\"thumbnailUrl\":\"https:\/\/bythemoon.eu\/en\/wp-content\/uploads\/2025\/06\/T-shirt_mango-cincin.jpg\",\"datePublished\":\"2025-06-25T13:14:13+00:00\",\"dateModified\":\"2025-11-14T13:16:59+00:00\",\"breadcrumb\":{\"@id\":\"https:\/\/bythemoon.eu\/en\/product\/t-shirt-mango-cin-cin\/#breadcrumb\"},\"inLanguage\":\"en-US\",\"potentialAction\":[{\"@type\":\"ReadAction\",\"target\":[\"https:\/\/bythemoon.eu\/en\/product\/t-shirt-mango-cin-cin\/\"]}]},{\"@type\":\"ImageObject\",\"inLanguage\":\"en-US\",\"@id\":\"https:\/\/bythemoon.eu\/en\/product\/t-shirt-mango-cin-cin\/#primaryimage\",\"url\":\"https:\/\/bythemoon.eu\/en\/wp-content\/uploads\/2025\/06\/T-shirt_mango-cincin.jpg\",\"contentUrl\":\"https:\/\/bythemoon.eu\/en\/wp-content\/uploads\/2025\/06\/T-shirt_mango-cincin.jpg\",\"width\":1000,\"height\":1400,\"caption\":\"t-shirt z napisem, nadrukiem cin cin, \u017c\u00f3\u0142ty, mango, na lato\"},{\"@type\":\"BreadcrumbList\",\"@id\":\"https:\/\/bythemoon.eu\/en\/product\/t-shirt-mango-cin-cin\/#breadcrumb\",\"itemListElement\":[{\"@type\":\"ListItem\",\"position\":1,\"name\":\"Strona g\u0142\u00f3wna\",\"item\":\"https:\/\/bythemoon.eu\/en\/\"},{\"@type\":\"ListItem\",\"position\":2,\"name\":\"Shop\",\"item\":\"https:\/\/bythemoon.eu\/en\/shop\/\"},{\"@type\":\"ListItem\",\"position\":3,\"name\":\"t-shirt Mango cin cin\"}]},{\"@type\":\"WebSite\",\"@id\":\"https:\/\/bythemoon.eu\/en\/#website\",\"url\":\"https:\/\/bythemoon.eu\/en\/\",\"name\":\"By The Moon EN\",\"description\":\"\",\"potentialAction\":[{\"@type\":\"SearchAction\",\"target\":{\"@type\":\"EntryPoint\",\"urlTemplate\":\"https:\/\/bythemoon.eu\/en\/?s={search_term_string}\"},\"query-input\":{\"@type\":\"PropertyValueSpecification\",\"valueRequired\":true,\"valueName\":\"search_term_string\"}}],\"inLanguage\":\"en-US\"}]}<\/script>\n<!-- \/ Yoast SEO plugin. -->","yoast_head_json":{"title":"t-shirt Mango cin cin - By The Moon EN","robots":{"index":"index","follow":"follow","max-snippet":"max-snippet:-1","max-image-preview":"max-image-preview:large","max-video-preview":"max-video-preview:-1"},"canonical":"https:\/\/bythemoon.eu\/en\/product\/t-shirt-mango-cin-cin\/","og_locale":"en_US","og_type":"article","og_title":"t-shirt Mango cin cin - By The Moon EN","og_description":"T-shirt w soczystym kolorze mango, o lu\u017anym kroju. Ma lu\u017any, niezobowi\u0105zuj\u0105cy fason, kt\u00f3ry sprawdzi si\u0119 zar\u00f3wno na pla\u017c\u0119, jak i na leniwe poranki nad basenem. Napis \u201ecin cin&#8221; to uk\u0142on w stron\u0119 zabawy, celebracji i s\u0142o\u0144ca. Idealna do jeans\u00f3w, short\u00f3w albo zarzucona na kostium k\u0105pielowy &#8211; w ka\u017cdej wersji pi\u0119knie podkre\u015bli Twoj\u0105 opalenizn\u0119 i wprowadzi [...]","og_url":"https:\/\/bythemoon.eu\/en\/product\/t-shirt-mango-cin-cin\/","og_site_name":"By The Moon EN","article_modified_time":"2025-11-14T13:16:59+00:00","og_image":[{"width":1000,"height":1400,"url":"https:\/\/bythemoon.eu\/en\/wp-content\/uploads\/2025\/06\/T-shirt_mango-cincin.jpg","type":"image\/jpeg"}],"schema":{"@context":"https:\/\/schema.org","@graph":[{"@type":"WebPage","@id":"https:\/\/bythemoon.eu\/en\/product\/t-shirt-mango-cin-cin\/","url":"https:\/\/bythemoon.eu\/en\/product\/t-shirt-mango-cin-cin\/","name":"t-shirt Mango cin cin - By The Moon EN","isPartOf":{"@id":"https:\/\/bythemoon.eu\/en\/#website"},"primaryImageOfPage":{"@id":"https:\/\/bythemoon.eu\/en\/product\/t-shirt-mango-cin-cin\/#primaryimage"},"image":{"@id":"https:\/\/bythemoon.eu\/en\/product\/t-shirt-mango-cin-cin\/#primaryimage"},"thumbnailUrl":"https:\/\/bythemoon.eu\/en\/wp-content\/uploads\/2025\/06\/T-shirt_mango-cincin.jpg","datePublished":"2025-06-25T13:14:13+00:00","dateModified":"2025-11-14T13:16:59+00:00","breadcrumb":{"@id":"https:\/\/bythemoon.eu\/en\/product\/t-shirt-mango-cin-cin\/#breadcrumb"},"inLanguage":"en-US","potentialAction":[{"@type":"ReadAction","target":["https:\/\/bythemoon.eu\/en\/product\/t-shirt-mango-cin-cin\/"]}]},{"@type":"ImageObject","inLanguage":"en-US","@id":"https:\/\/bythemoon.eu\/en\/product\/t-shirt-mango-cin-cin\/#primaryimage","url":"https:\/\/bythemoon.eu\/en\/wp-content\/uploads\/2025\/06\/T-shirt_mango-cincin.jpg","contentUrl":"https:\/\/bythemoon.eu\/en\/wp-content\/uploads\/2025\/06\/T-shirt_mango-cincin.jpg","width":1000,"height":1400,"caption":"t-shirt z napisem, nadrukiem cin cin, \u017c\u00f3\u0142ty, mango, na lato"},{"@type":"BreadcrumbList","@id":"https:\/\/bythemoon.eu\/en\/product\/t-shirt-mango-cin-cin\/#breadcrumb","itemListElement":[{"@type":"ListItem","position":1,"name":"Strona g\u0142\u00f3wna","item":"https:\/\/bythemoon.eu\/en\/"},{"@type":"ListItem","position":2,"name":"Shop","item":"https:\/\/bythemoon.eu\/en\/shop\/"},{"@type":"ListItem","position":3,"name":"t-shirt Mango cin cin"}]},{"@type":"WebSite","@id":"https:\/\/bythemoon.eu\/en\/#website","url":"https:\/\/bythemoon.eu\/en\/","name":"By The Moon EN","description":"","potentialAction":[{"@type":"SearchAction","target":{"@type":"EntryPoint","urlTemplate":"https:\/\/bythemoon.eu\/en\/?s={search_term_string}"},"query-input":{"@type":"PropertyValueSpecification","valueRequired":true,"valueName":"search_term_string"}}],"inLanguage":"en-US"}]}},"_links":{"self":[{"href":"https:\/\/bythemoon.eu\/en\/wp-json\/wp\/v2\/product\/6698","targetHints":{"allow":["GET"]}}],"collection":[{"href":"https:\/\/bythemoon.eu\/en\/wp-json\/wp\/v2\/product"}],"about":[{"href":"https:\/\/bythemoon.eu\/en\/wp-json\/wp\/v2\/types\/product"}],"wp:featuredmedia":[{"embeddable":true,"href":"https:\/\/bythemoon.eu\/en\/wp-json\/wp\/v2\/media\/6692"}],"wp:attachment":[{"href":"https:\/\/bythemoon.eu\/en\/wp-json\/wp\/v2\/media?parent=6698"}],"wp:term":[{"taxonomy":"product_brand","embeddable":true,"href":"https:\/\/bythemoon.eu\/en\/wp-json\/wp\/v2\/product_brand?post=6698"},{"taxonomy":"product_cat","embeddable":true,"href":"https:\/\/bythemoon.eu\/en\/wp-json\/wp\/v2\/product_cat?post=6698"},{"taxonomy":"product_tag","embeddable":true,"href":"https:\/\/bythemoon.eu\/en\/wp-json\/wp\/v2\/product_tag?post=6698"}],"curies":[{"name":"wp","href":"https:\/\/api.w.org\/{rel}","templated":true}]}}