{"id":6689,"date":"2025-06-25T15:14:13","date_gmt":"2025-06-25T13:14:13","guid":{"rendered":"https:\/\/bythemoon.eu\/en\/produkt\/t-shirt-lemon\/"},"modified":"2025-11-14T14:16:59","modified_gmt":"2025-11-14T13:16:59","slug":"t-shirt-lemon","status":"publish","type":"product","link":"https:\/\/bythemoon.eu\/en\/product\/t-shirt-lemon\/","title":{"rendered":"t-shirt Lemon"},"content":{"rendered":"<p>T-shirt w letnim klimacie z nadrukowan\u0105 flockiem cytryn\u0105 \u2013 prosto jak z greckich wakacji. Lekki, swobodny model z orze\u017awiaj\u0105cym akcentem. Subtelny motyw cytryny dodaje ca\u0142o\u015bci wakacyjnej energii i luzu. Kontrastowy \u017c\u00f3\u0142ty dekolt dope\u0142nia ca\u0142o\u015b\u0107, nadaj\u0105c jej sp\u00f3jny i stylowy wygl\u0105d.<br data-start=\"416\" data-end=\"419\" \/>Uszyty z mi\u0119kkiej, bawe\u0142nianej dzianiny \u2013 zapewnia komfort przez ca\u0142y dzie\u0144. Idealny na lato \u2013 no\u015b tak, jak lubisz i wprowad\u017a do swoich stylizacji odrobin\u0119 \u015br\u00f3dziemnomorskiej \u015bwie\u017co\u015bci!<\/p>\n<p><strong>Piel\u0119gnacja:<\/strong> pra\u0107 w pralce w temp. 30\u00b0 C, z programem normalnego odwirowania, z jasnymi kolorami<\/p>\n<p><strong>Wymiary koszulki w cm:<\/strong><\/p>\n<p>T-shirt ma lu\u017any kr\u00f3j, przed wyborem rozmiaru, sprawd\u017a wymiary. Je\u015bli chcesz mie\u0107 bardziej dopasowany, przy ciele &#8211; wybierz rozmiar mniejszy. D\u0142ugo\u015b\u0107 koszulki mo\u017ce r\u00f3\u017cni\u0107 si\u0119 +\/- 1-1,5 cm.<\/p>\n<table width=\"550\">\n<tbody>\n<tr>\n<td width=\"90\"><\/td>\n<td style=\"text-align: center\" width=\"64\"><strong>XS<\/strong><\/td>\n<td style=\"text-align: center\" width=\"64\"><strong>S<\/strong><\/td>\n<td style=\"text-align: center\" width=\"64\"><strong>M<\/strong><\/td>\n<td style=\"text-align: center\" width=\"64\"><strong>L<\/strong><\/td>\n<\/tr>\n<tr>\n<td>szer. w klatce<\/td>\n<td style=\"text-align: center\">48<\/td>\n<td style=\"text-align: center\">50<\/td>\n<td style=\"text-align: center\">54<\/td>\n<td style=\"text-align: center\">56<\/td>\n<\/tr>\n<tr>\n<td style=\"text-align: left\" width=\"90\">d\u0142ugo\u015b\u0107<\/td>\n<td style=\"text-align: center\">60<\/td>\n<td style=\"text-align: center\">62<\/td>\n<td style=\"text-align: center\">64<\/td>\n<td style=\"text-align: center\">66<\/td>\n<\/tr>\n<\/tbody>\n<\/table>\n","protected":false},"excerpt":{"rendered":"<p>T-shirt w letnim klimacie z nadrukowan\u0105 flockiem cytryn\u0105 \u2013 prosto jak z greckich wakacji. Lekki, swobodny model z orze\u017awiaj\u0105cym akcentem. Subtelny motyw cytryny dodaje ca\u0142o\u015bci wakacyjnej energii i luzu. Kontrastowy \u017c\u00f3\u0142ty dekolt dope\u0142nia ca\u0142o\u015b\u0107, nadaj\u0105c jej sp\u00f3jny i stylowy wygl\u0105d.Uszyty z mi\u0119kkiej, bawe\u0142nianej dzianiny \u2013 zapewnia komfort przez ca\u0142y dzie\u0144. Idealny na lato \u2013 no\u015b [&#8230;]\n","protected":false},"featured_media":6690,"template":"","meta":[],"product_brand":[],"product_cat":[21,55,24],"product_tag":[],"class_list":{"0":"post-6689","1":"product","2":"type-product","3":"status-publish","4":"has-post-thumbnail","6":"product_cat-btm-en","7":"product_cat-sale","8":"product_cat-t-shirts","10":"first","11":"outofstock","12":"sale","13":"taxable","14":"shipping-taxable","15":"purchasable","16":"product-type-variable"},"yoast_head":"<!-- This site is optimized with the Yoast SEO plugin v27.0 - https:\/\/yoast.com\/product\/yoast-seo-wordpress\/ -->\n<title>t-shirt Lemon - By The Moon EN<\/title>\n<meta name=\"robots\" content=\"index, follow, max-snippet:-1, max-image-preview:large, max-video-preview:-1\" \/>\n<link rel=\"canonical\" href=\"https:\/\/bythemoon.eu\/en\/product\/t-shirt-lemon\/\" \/>\n<meta property=\"og:locale\" content=\"en_US\" \/>\n<meta property=\"og:type\" content=\"article\" \/>\n<meta property=\"og:title\" content=\"t-shirt Lemon - By The Moon EN\" \/>\n<meta property=\"og:description\" content=\"T-shirt w letnim klimacie z nadrukowan\u0105 flockiem cytryn\u0105 \u2013 prosto jak z greckich wakacji. Lekki, swobodny model z orze\u017awiaj\u0105cym akcentem. Subtelny motyw cytryny dodaje ca\u0142o\u015bci wakacyjnej energii i luzu. Kontrastowy \u017c\u00f3\u0142ty dekolt dope\u0142nia ca\u0142o\u015b\u0107, nadaj\u0105c jej sp\u00f3jny i stylowy wygl\u0105d.Uszyty z mi\u0119kkiej, bawe\u0142nianej dzianiny \u2013 zapewnia komfort przez ca\u0142y dzie\u0144. Idealny na lato \u2013 no\u015b [...]\" \/>\n<meta property=\"og:url\" content=\"https:\/\/bythemoon.eu\/en\/product\/t-shirt-lemon\/\" \/>\n<meta property=\"og:site_name\" content=\"By The Moon EN\" \/>\n<meta property=\"article:modified_time\" content=\"2025-11-14T13:16:59+00:00\" \/>\n<meta property=\"og:image\" content=\"https:\/\/bythemoon.eu\/en\/wp-content\/uploads\/2025\/06\/t-shirt_lemon1-002.jpg\" \/>\n\t<meta property=\"og:image:width\" content=\"1000\" \/>\n\t<meta property=\"og:image:height\" content=\"1400\" \/>\n\t<meta property=\"og:image:type\" content=\"image\/jpeg\" \/>\n<script type=\"application\/ld+json\" class=\"yoast-schema-graph\">{\"@context\":\"https:\/\/schema.org\",\"@graph\":[{\"@type\":\"WebPage\",\"@id\":\"https:\/\/bythemoon.eu\/en\/product\/t-shirt-lemon\/\",\"url\":\"https:\/\/bythemoon.eu\/en\/product\/t-shirt-lemon\/\",\"name\":\"t-shirt Lemon - By The Moon EN\",\"isPartOf\":{\"@id\":\"https:\/\/bythemoon.eu\/en\/#website\"},\"primaryImageOfPage\":{\"@id\":\"https:\/\/bythemoon.eu\/en\/product\/t-shirt-lemon\/#primaryimage\"},\"image\":{\"@id\":\"https:\/\/bythemoon.eu\/en\/product\/t-shirt-lemon\/#primaryimage\"},\"thumbnailUrl\":\"https:\/\/bythemoon.eu\/en\/wp-content\/uploads\/2025\/06\/t-shirt_lemon1-002.jpg\",\"datePublished\":\"2025-06-25T13:14:13+00:00\",\"dateModified\":\"2025-11-14T13:16:59+00:00\",\"breadcrumb\":{\"@id\":\"https:\/\/bythemoon.eu\/en\/product\/t-shirt-lemon\/#breadcrumb\"},\"inLanguage\":\"en-US\",\"potentialAction\":[{\"@type\":\"ReadAction\",\"target\":[\"https:\/\/bythemoon.eu\/en\/product\/t-shirt-lemon\/\"]}]},{\"@type\":\"ImageObject\",\"inLanguage\":\"en-US\",\"@id\":\"https:\/\/bythemoon.eu\/en\/product\/t-shirt-lemon\/#primaryimage\",\"url\":\"https:\/\/bythemoon.eu\/en\/wp-content\/uploads\/2025\/06\/t-shirt_lemon1-002.jpg\",\"contentUrl\":\"https:\/\/bythemoon.eu\/en\/wp-content\/uploads\/2025\/06\/t-shirt_lemon1-002.jpg\",\"width\":1000,\"height\":1400,\"caption\":\"t-shirt lemon, z cytrynka, nadruk cytryny, damski, w paseczki niebieskie\"},{\"@type\":\"BreadcrumbList\",\"@id\":\"https:\/\/bythemoon.eu\/en\/product\/t-shirt-lemon\/#breadcrumb\",\"itemListElement\":[{\"@type\":\"ListItem\",\"position\":1,\"name\":\"Strona g\u0142\u00f3wna\",\"item\":\"https:\/\/bythemoon.eu\/en\/\"},{\"@type\":\"ListItem\",\"position\":2,\"name\":\"Shop\",\"item\":\"https:\/\/bythemoon.eu\/en\/shop\/\"},{\"@type\":\"ListItem\",\"position\":3,\"name\":\"t-shirt Lemon\"}]},{\"@type\":\"WebSite\",\"@id\":\"https:\/\/bythemoon.eu\/en\/#website\",\"url\":\"https:\/\/bythemoon.eu\/en\/\",\"name\":\"By The Moon EN\",\"description\":\"\",\"potentialAction\":[{\"@type\":\"SearchAction\",\"target\":{\"@type\":\"EntryPoint\",\"urlTemplate\":\"https:\/\/bythemoon.eu\/en\/?s={search_term_string}\"},\"query-input\":{\"@type\":\"PropertyValueSpecification\",\"valueRequired\":true,\"valueName\":\"search_term_string\"}}],\"inLanguage\":\"en-US\"}]}<\/script>\n<!-- \/ Yoast SEO plugin. -->","yoast_head_json":{"title":"t-shirt Lemon - By The Moon EN","robots":{"index":"index","follow":"follow","max-snippet":"max-snippet:-1","max-image-preview":"max-image-preview:large","max-video-preview":"max-video-preview:-1"},"canonical":"https:\/\/bythemoon.eu\/en\/product\/t-shirt-lemon\/","og_locale":"en_US","og_type":"article","og_title":"t-shirt Lemon - By The Moon EN","og_description":"T-shirt w letnim klimacie z nadrukowan\u0105 flockiem cytryn\u0105 \u2013 prosto jak z greckich wakacji. Lekki, swobodny model z orze\u017awiaj\u0105cym akcentem. Subtelny motyw cytryny dodaje ca\u0142o\u015bci wakacyjnej energii i luzu. Kontrastowy \u017c\u00f3\u0142ty dekolt dope\u0142nia ca\u0142o\u015b\u0107, nadaj\u0105c jej sp\u00f3jny i stylowy wygl\u0105d.Uszyty z mi\u0119kkiej, bawe\u0142nianej dzianiny \u2013 zapewnia komfort przez ca\u0142y dzie\u0144. Idealny na lato \u2013 no\u015b [...]","og_url":"https:\/\/bythemoon.eu\/en\/product\/t-shirt-lemon\/","og_site_name":"By The Moon EN","article_modified_time":"2025-11-14T13:16:59+00:00","og_image":[{"width":1000,"height":1400,"url":"https:\/\/bythemoon.eu\/en\/wp-content\/uploads\/2025\/06\/t-shirt_lemon1-002.jpg","type":"image\/jpeg"}],"schema":{"@context":"https:\/\/schema.org","@graph":[{"@type":"WebPage","@id":"https:\/\/bythemoon.eu\/en\/product\/t-shirt-lemon\/","url":"https:\/\/bythemoon.eu\/en\/product\/t-shirt-lemon\/","name":"t-shirt Lemon - By The Moon EN","isPartOf":{"@id":"https:\/\/bythemoon.eu\/en\/#website"},"primaryImageOfPage":{"@id":"https:\/\/bythemoon.eu\/en\/product\/t-shirt-lemon\/#primaryimage"},"image":{"@id":"https:\/\/bythemoon.eu\/en\/product\/t-shirt-lemon\/#primaryimage"},"thumbnailUrl":"https:\/\/bythemoon.eu\/en\/wp-content\/uploads\/2025\/06\/t-shirt_lemon1-002.jpg","datePublished":"2025-06-25T13:14:13+00:00","dateModified":"2025-11-14T13:16:59+00:00","breadcrumb":{"@id":"https:\/\/bythemoon.eu\/en\/product\/t-shirt-lemon\/#breadcrumb"},"inLanguage":"en-US","potentialAction":[{"@type":"ReadAction","target":["https:\/\/bythemoon.eu\/en\/product\/t-shirt-lemon\/"]}]},{"@type":"ImageObject","inLanguage":"en-US","@id":"https:\/\/bythemoon.eu\/en\/product\/t-shirt-lemon\/#primaryimage","url":"https:\/\/bythemoon.eu\/en\/wp-content\/uploads\/2025\/06\/t-shirt_lemon1-002.jpg","contentUrl":"https:\/\/bythemoon.eu\/en\/wp-content\/uploads\/2025\/06\/t-shirt_lemon1-002.jpg","width":1000,"height":1400,"caption":"t-shirt lemon, z cytrynka, nadruk cytryny, damski, w paseczki niebieskie"},{"@type":"BreadcrumbList","@id":"https:\/\/bythemoon.eu\/en\/product\/t-shirt-lemon\/#breadcrumb","itemListElement":[{"@type":"ListItem","position":1,"name":"Strona g\u0142\u00f3wna","item":"https:\/\/bythemoon.eu\/en\/"},{"@type":"ListItem","position":2,"name":"Shop","item":"https:\/\/bythemoon.eu\/en\/shop\/"},{"@type":"ListItem","position":3,"name":"t-shirt Lemon"}]},{"@type":"WebSite","@id":"https:\/\/bythemoon.eu\/en\/#website","url":"https:\/\/bythemoon.eu\/en\/","name":"By The Moon EN","description":"","potentialAction":[{"@type":"SearchAction","target":{"@type":"EntryPoint","urlTemplate":"https:\/\/bythemoon.eu\/en\/?s={search_term_string}"},"query-input":{"@type":"PropertyValueSpecification","valueRequired":true,"valueName":"search_term_string"}}],"inLanguage":"en-US"}]}},"_links":{"self":[{"href":"https:\/\/bythemoon.eu\/en\/wp-json\/wp\/v2\/product\/6689","targetHints":{"allow":["GET"]}}],"collection":[{"href":"https:\/\/bythemoon.eu\/en\/wp-json\/wp\/v2\/product"}],"about":[{"href":"https:\/\/bythemoon.eu\/en\/wp-json\/wp\/v2\/types\/product"}],"wp:featuredmedia":[{"embeddable":true,"href":"https:\/\/bythemoon.eu\/en\/wp-json\/wp\/v2\/media\/6690"}],"wp:attachment":[{"href":"https:\/\/bythemoon.eu\/en\/wp-json\/wp\/v2\/media?parent=6689"}],"wp:term":[{"taxonomy":"product_brand","embeddable":true,"href":"https:\/\/bythemoon.eu\/en\/wp-json\/wp\/v2\/product_brand?post=6689"},{"taxonomy":"product_cat","embeddable":true,"href":"https:\/\/bythemoon.eu\/en\/wp-json\/wp\/v2\/product_cat?post=6689"},{"taxonomy":"product_tag","embeddable":true,"href":"https:\/\/bythemoon.eu\/en\/wp-json\/wp\/v2\/product_tag?post=6689"}],"curies":[{"name":"wp","href":"https:\/\/api.w.org\/{rel}","templated":true}]}}