{"id":6679,"date":"2025-06-25T15:14:08","date_gmt":"2025-06-25T13:14:08","guid":{"rendered":"https:\/\/bythemoon.eu\/en\/produkt\/szorty-hope\/"},"modified":"2025-11-14T14:17:00","modified_gmt":"2025-11-14T13:17:00","slug":"szorty-hope","status":"publish","type":"product","link":"https:\/\/bythemoon.eu\/en\/product\/szorty-hope\/","title":{"rendered":"szorty Hope"},"content":{"rendered":"<p>Wygodne szorty w intensywnym odcieniu fioletu \u2013 idealne do bluzy HOPE, razem tworz\u0105 zestaw pe\u0142en dobrej energii. Surowe wyko\u0144czenie nogawek dodaje im luzu, a imitacja rozporka z przodu nadaje lekko m\u0119ski, casualowy charakter. Uszyte z lekkiej, dzianiny p\u0119telkowej \u2013 mi\u0119kkie, swobodne i bardzo komfortowe. Elastyczny pas i lu\u017any kr\u00f3j sprawiaj\u0105, \u017ce nosi si\u0119 je z przyjemno\u015bci\u0105, niezale\u017cnie od planu na dzie\u0144. No\u015b je solo albo w komplecie z bluz\u0105 HOPE.<\/p>\n<p><strong>Wymiary szort\u00f3w w cm.:<\/strong><\/p>\n<p>Mo\u017cliwa granica b\u0142\u0119du +\/- 1-1,5 cm.<\/p>\n<table style=\"height: 224px\" width=\"604\">\n<tbody>\n<tr>\n<td width=\"119\"><\/td>\n<td style=\"text-align: center\" width=\"64\"><strong>XS<\/strong><\/td>\n<td style=\"text-align: center\" width=\"64\"><strong>S<\/strong><\/td>\n<td style=\"text-align: center\" width=\"64\"><strong>M<\/strong><\/td>\n<td style=\"text-align: center\" width=\"64\"><strong>L<\/strong><\/td>\n<\/tr>\n<tr>\n<td width=\"119\">pas bez rozci\u0105gania (guma)<\/td>\n<td style=\"text-align: center\">31,5<\/td>\n<td style=\"text-align: center\">34<\/td>\n<td style=\"text-align: center\">36,5<\/td>\n<td style=\"text-align: center\">39<\/td>\n<\/tr>\n<tr>\n<td width=\"119\">szeroko\u015b\u0107 w biodrach<\/td>\n<td style=\"text-align: center\">47<\/td>\n<td style=\"text-align: center\">50<\/td>\n<td style=\"text-align: center\">53<\/td>\n<td style=\"text-align: center\">55<\/td>\n<\/tr>\n<tr>\n<td width=\"119\">d\u0142ugo\u015b\u0107<\/td>\n<td style=\"text-align: center\">39,5<\/td>\n<td style=\"text-align: center\">40<\/td>\n<td style=\"text-align: center\">40,5<\/td>\n<td style=\"text-align: center\">41<\/td>\n<\/tr>\n<\/tbody>\n<\/table>\n<p>&nbsp;<\/p>\n","protected":false},"excerpt":{"rendered":"<p>Wygodne szorty w intensywnym odcieniu fioletu \u2013 idealne do bluzy HOPE, razem tworz\u0105 zestaw pe\u0142en dobrej energii. Surowe wyko\u0144czenie nogawek dodaje im luzu, a imitacja rozporka z przodu nadaje lekko m\u0119ski, casualowy charakter. Uszyte z lekkiej, dzianiny p\u0119telkowej \u2013 mi\u0119kkie, swobodne i bardzo komfortowe. Elastyczny pas i lu\u017any kr\u00f3j sprawiaj\u0105, \u017ce nosi si\u0119 je z [&#8230;]\n","protected":false},"featured_media":6666,"template":"","meta":[],"product_brand":[],"product_cat":[22,21,55],"product_tag":[],"class_list":{"0":"post-6679","1":"product","2":"type-product","3":"status-publish","4":"has-post-thumbnail","6":"product_cat-bottoms","7":"product_cat-btm-en","8":"product_cat-sale","10":"first","11":"instock","12":"sale","13":"taxable","14":"shipping-taxable","15":"purchasable","16":"product-type-variable"},"yoast_head":"<!-- This site is optimized with the Yoast SEO plugin v27.0 - https:\/\/yoast.com\/product\/yoast-seo-wordpress\/ -->\n<title>szorty Hope - By The Moon EN<\/title>\n<meta name=\"robots\" content=\"index, follow, max-snippet:-1, max-image-preview:large, max-video-preview:-1\" \/>\n<link rel=\"canonical\" href=\"https:\/\/bythemoon.eu\/en\/product\/szorty-hope\/\" \/>\n<meta property=\"og:locale\" content=\"en_US\" \/>\n<meta property=\"og:type\" content=\"article\" \/>\n<meta property=\"og:title\" content=\"szorty Hope - By The Moon EN\" \/>\n<meta property=\"og:description\" content=\"Wygodne szorty w intensywnym odcieniu fioletu \u2013 idealne do bluzy HOPE, razem tworz\u0105 zestaw pe\u0142en dobrej energii. Surowe wyko\u0144czenie nogawek dodaje im luzu, a imitacja rozporka z przodu nadaje lekko m\u0119ski, casualowy charakter. Uszyte z lekkiej, dzianiny p\u0119telkowej \u2013 mi\u0119kkie, swobodne i bardzo komfortowe. Elastyczny pas i lu\u017any kr\u00f3j sprawiaj\u0105, \u017ce nosi si\u0119 je z [...]\" \/>\n<meta property=\"og:url\" content=\"https:\/\/bythemoon.eu\/en\/product\/szorty-hope\/\" \/>\n<meta property=\"og:site_name\" content=\"By The Moon EN\" \/>\n<meta property=\"article:modified_time\" content=\"2025-11-14T13:17:00+00:00\" \/>\n<meta property=\"og:image\" content=\"https:\/\/bythemoon.eu\/en\/wp-content\/uploads\/2025\/06\/bluza_szorty_hope_4.jpg\" \/>\n\t<meta property=\"og:image:width\" content=\"1000\" \/>\n\t<meta property=\"og:image:height\" content=\"1400\" \/>\n\t<meta property=\"og:image:type\" content=\"image\/jpeg\" \/>\n<script type=\"application\/ld+json\" class=\"yoast-schema-graph\">{\"@context\":\"https:\/\/schema.org\",\"@graph\":[{\"@type\":\"WebPage\",\"@id\":\"https:\/\/bythemoon.eu\/en\/product\/szorty-hope\/\",\"url\":\"https:\/\/bythemoon.eu\/en\/product\/szorty-hope\/\",\"name\":\"szorty Hope - By The Moon EN\",\"isPartOf\":{\"@id\":\"https:\/\/bythemoon.eu\/en\/#website\"},\"primaryImageOfPage\":{\"@id\":\"https:\/\/bythemoon.eu\/en\/product\/szorty-hope\/#primaryimage\"},\"image\":{\"@id\":\"https:\/\/bythemoon.eu\/en\/product\/szorty-hope\/#primaryimage\"},\"thumbnailUrl\":\"https:\/\/bythemoon.eu\/en\/wp-content\/uploads\/2025\/06\/bluza_szorty_hope_4.jpg\",\"datePublished\":\"2025-06-25T13:14:08+00:00\",\"dateModified\":\"2025-11-14T13:17:00+00:00\",\"breadcrumb\":{\"@id\":\"https:\/\/bythemoon.eu\/en\/product\/szorty-hope\/#breadcrumb\"},\"inLanguage\":\"en-US\",\"potentialAction\":[{\"@type\":\"ReadAction\",\"target\":[\"https:\/\/bythemoon.eu\/en\/product\/szorty-hope\/\"]}]},{\"@type\":\"ImageObject\",\"inLanguage\":\"en-US\",\"@id\":\"https:\/\/bythemoon.eu\/en\/product\/szorty-hope\/#primaryimage\",\"url\":\"https:\/\/bythemoon.eu\/en\/wp-content\/uploads\/2025\/06\/bluza_szorty_hope_4.jpg\",\"contentUrl\":\"https:\/\/bythemoon.eu\/en\/wp-content\/uploads\/2025\/06\/bluza_szorty_hope_4.jpg\",\"width\":1000,\"height\":1400,\"caption\":\"zestaw szorty i bluza, na wakacje, dzianina, polska mara, fioletowa bluza damska, z nadrukiem HOPE\"},{\"@type\":\"BreadcrumbList\",\"@id\":\"https:\/\/bythemoon.eu\/en\/product\/szorty-hope\/#breadcrumb\",\"itemListElement\":[{\"@type\":\"ListItem\",\"position\":1,\"name\":\"Strona g\u0142\u00f3wna\",\"item\":\"https:\/\/bythemoon.eu\/en\/\"},{\"@type\":\"ListItem\",\"position\":2,\"name\":\"Shop\",\"item\":\"https:\/\/bythemoon.eu\/en\/shop\/\"},{\"@type\":\"ListItem\",\"position\":3,\"name\":\"szorty Hope\"}]},{\"@type\":\"WebSite\",\"@id\":\"https:\/\/bythemoon.eu\/en\/#website\",\"url\":\"https:\/\/bythemoon.eu\/en\/\",\"name\":\"By The Moon EN\",\"description\":\"\",\"potentialAction\":[{\"@type\":\"SearchAction\",\"target\":{\"@type\":\"EntryPoint\",\"urlTemplate\":\"https:\/\/bythemoon.eu\/en\/?s={search_term_string}\"},\"query-input\":{\"@type\":\"PropertyValueSpecification\",\"valueRequired\":true,\"valueName\":\"search_term_string\"}}],\"inLanguage\":\"en-US\"}]}<\/script>\n<!-- \/ Yoast SEO plugin. -->","yoast_head_json":{"title":"szorty Hope - By The Moon EN","robots":{"index":"index","follow":"follow","max-snippet":"max-snippet:-1","max-image-preview":"max-image-preview:large","max-video-preview":"max-video-preview:-1"},"canonical":"https:\/\/bythemoon.eu\/en\/product\/szorty-hope\/","og_locale":"en_US","og_type":"article","og_title":"szorty Hope - By The Moon EN","og_description":"Wygodne szorty w intensywnym odcieniu fioletu \u2013 idealne do bluzy HOPE, razem tworz\u0105 zestaw pe\u0142en dobrej energii. Surowe wyko\u0144czenie nogawek dodaje im luzu, a imitacja rozporka z przodu nadaje lekko m\u0119ski, casualowy charakter. Uszyte z lekkiej, dzianiny p\u0119telkowej \u2013 mi\u0119kkie, swobodne i bardzo komfortowe. Elastyczny pas i lu\u017any kr\u00f3j sprawiaj\u0105, \u017ce nosi si\u0119 je z [...]","og_url":"https:\/\/bythemoon.eu\/en\/product\/szorty-hope\/","og_site_name":"By The Moon EN","article_modified_time":"2025-11-14T13:17:00+00:00","og_image":[{"width":1000,"height":1400,"url":"https:\/\/bythemoon.eu\/en\/wp-content\/uploads\/2025\/06\/bluza_szorty_hope_4.jpg","type":"image\/jpeg"}],"schema":{"@context":"https:\/\/schema.org","@graph":[{"@type":"WebPage","@id":"https:\/\/bythemoon.eu\/en\/product\/szorty-hope\/","url":"https:\/\/bythemoon.eu\/en\/product\/szorty-hope\/","name":"szorty Hope - By The Moon EN","isPartOf":{"@id":"https:\/\/bythemoon.eu\/en\/#website"},"primaryImageOfPage":{"@id":"https:\/\/bythemoon.eu\/en\/product\/szorty-hope\/#primaryimage"},"image":{"@id":"https:\/\/bythemoon.eu\/en\/product\/szorty-hope\/#primaryimage"},"thumbnailUrl":"https:\/\/bythemoon.eu\/en\/wp-content\/uploads\/2025\/06\/bluza_szorty_hope_4.jpg","datePublished":"2025-06-25T13:14:08+00:00","dateModified":"2025-11-14T13:17:00+00:00","breadcrumb":{"@id":"https:\/\/bythemoon.eu\/en\/product\/szorty-hope\/#breadcrumb"},"inLanguage":"en-US","potentialAction":[{"@type":"ReadAction","target":["https:\/\/bythemoon.eu\/en\/product\/szorty-hope\/"]}]},{"@type":"ImageObject","inLanguage":"en-US","@id":"https:\/\/bythemoon.eu\/en\/product\/szorty-hope\/#primaryimage","url":"https:\/\/bythemoon.eu\/en\/wp-content\/uploads\/2025\/06\/bluza_szorty_hope_4.jpg","contentUrl":"https:\/\/bythemoon.eu\/en\/wp-content\/uploads\/2025\/06\/bluza_szorty_hope_4.jpg","width":1000,"height":1400,"caption":"zestaw szorty i bluza, na wakacje, dzianina, polska mara, fioletowa bluza damska, z nadrukiem HOPE"},{"@type":"BreadcrumbList","@id":"https:\/\/bythemoon.eu\/en\/product\/szorty-hope\/#breadcrumb","itemListElement":[{"@type":"ListItem","position":1,"name":"Strona g\u0142\u00f3wna","item":"https:\/\/bythemoon.eu\/en\/"},{"@type":"ListItem","position":2,"name":"Shop","item":"https:\/\/bythemoon.eu\/en\/shop\/"},{"@type":"ListItem","position":3,"name":"szorty Hope"}]},{"@type":"WebSite","@id":"https:\/\/bythemoon.eu\/en\/#website","url":"https:\/\/bythemoon.eu\/en\/","name":"By The Moon EN","description":"","potentialAction":[{"@type":"SearchAction","target":{"@type":"EntryPoint","urlTemplate":"https:\/\/bythemoon.eu\/en\/?s={search_term_string}"},"query-input":{"@type":"PropertyValueSpecification","valueRequired":true,"valueName":"search_term_string"}}],"inLanguage":"en-US"}]}},"_links":{"self":[{"href":"https:\/\/bythemoon.eu\/en\/wp-json\/wp\/v2\/product\/6679","targetHints":{"allow":["GET"]}}],"collection":[{"href":"https:\/\/bythemoon.eu\/en\/wp-json\/wp\/v2\/product"}],"about":[{"href":"https:\/\/bythemoon.eu\/en\/wp-json\/wp\/v2\/types\/product"}],"wp:featuredmedia":[{"embeddable":true,"href":"https:\/\/bythemoon.eu\/en\/wp-json\/wp\/v2\/media\/6666"}],"wp:attachment":[{"href":"https:\/\/bythemoon.eu\/en\/wp-json\/wp\/v2\/media?parent=6679"}],"wp:term":[{"taxonomy":"product_brand","embeddable":true,"href":"https:\/\/bythemoon.eu\/en\/wp-json\/wp\/v2\/product_brand?post=6679"},{"taxonomy":"product_cat","embeddable":true,"href":"https:\/\/bythemoon.eu\/en\/wp-json\/wp\/v2\/product_cat?post=6679"},{"taxonomy":"product_tag","embeddable":true,"href":"https:\/\/bythemoon.eu\/en\/wp-json\/wp\/v2\/product_tag?post=6679"}],"curies":[{"name":"wp","href":"https:\/\/api.w.org\/{rel}","templated":true}]}}