{"id":6656,"date":"2025-06-25T15:14:08","date_gmt":"2025-06-25T13:14:08","guid":{"rendered":"https:\/\/bythemoon.eu\/en\/produkt\/bluza-joy\/"},"modified":"2025-11-14T14:17:00","modified_gmt":"2025-11-14T13:17:00","slug":"bluza-joy","status":"publish","type":"product","link":"https:\/\/bythemoon.eu\/en\/product\/bluza-joy\/","title":{"rendered":"bluza Joy"},"content":{"rendered":"<p>Oversize\u2019owa damska bluza dodaj\u0105ca pozytywnej energii, w soczystym odcieniu zieleni. Na przodzie znajduje si\u0119 nadruk <strong data-start=\"266\" data-end=\"273\">JOY<\/strong> wykonany z folii. Pozytywny kolor z pozytywnym, optymistycznym przekazem. Uszyta jest z cienkiej dzianiny p\u0119telkowej, przyjemnej w noszeniu przez ca\u0142y rok. Wyko\u0144czona \u015bci\u0105gaczami. Lu\u017any kr\u00f3j, obni\u017cone r\u0119kawy i rozci\u0119cia po bokach sprawiaj\u0105, \u017ce \u015bwietnie si\u0119 uk\u0142ada i daje pe\u0142en komfort noszenia. Stylizuj j\u0105 z ulubionymi jeansami, naszymi szortami w tym samym kolorze lub sp\u00f3dnicami. Bluza Joy doda lekko\u015bci i pozytywnej energii ka\u017cdemu lookowi. Ten kolor nie tylko przyci\u0105ga spojrzenia, ale te\u017c dzia\u0142a jak zastrzyk dobrej energii.<\/p>\n<p><strong>Wymiary bluzy w cm.:<\/strong><\/p>\n<p>Bluza ma lu\u017any, oversize&#8217;owy kr\u00f3j, przed wyborem rozmiaru, sprawd\u017a wymiary. Granica b\u0142\u0119du +\/- 1-1,5 cm.<\/p>\n<table style=\"height: 158px\" width=\"531\">\n<tbody>\n<tr>\n<td width=\"119\"><\/td>\n<td style=\"text-align: center\" width=\"64\"><strong>XS<\/strong><\/td>\n<td style=\"text-align: center\" width=\"64\"><strong>S<\/strong><\/td>\n<td style=\"text-align: center\" width=\"64\"><strong>M<\/strong><\/td>\n<td style=\"text-align: center\" width=\"64\"><strong>L<\/strong><\/td>\n<\/tr>\n<tr>\n<td>szeroko\u015b\u0107 w biu\u015bcie<\/td>\n<td style=\"text-align: center\">53<\/td>\n<td style=\"text-align: center\">56<\/td>\n<td style=\"text-align: center\">59<\/td>\n<td style=\"text-align: center\">62<\/td>\n<\/tr>\n<tr>\n<td style=\"text-align: left\">d\u0142ugo\u015b\u0107 -ty\u0142 plec\u00f3w<\/td>\n<td style=\"text-align: center\">64<\/td>\n<td style=\"text-align: center\">66<\/td>\n<td style=\"text-align: center\">68<\/td>\n<td style=\"text-align: center\">70<\/td>\n<\/tr>\n<\/tbody>\n<\/table>\n<p>&nbsp;<\/p>\n","protected":false},"excerpt":{"rendered":"<p>Oversize\u2019owa damska bluza dodaj\u0105ca pozytywnej energii, w soczystym odcieniu zieleni. Na przodzie znajduje si\u0119 nadruk JOY wykonany z folii. Pozytywny kolor z pozytywnym, optymistycznym przekazem. Uszyta jest z cienkiej dzianiny p\u0119telkowej, przyjemnej w noszeniu przez ca\u0142y rok. Wyko\u0144czona \u015bci\u0105gaczami. Lu\u017any kr\u00f3j, obni\u017cone r\u0119kawy i rozci\u0119cia po bokach sprawiaj\u0105, \u017ce \u015bwietnie si\u0119 uk\u0142ada i daje pe\u0142en [&#8230;]\n","protected":false},"featured_media":6657,"template":"","meta":[],"product_brand":[],"product_cat":[21,55,52],"product_tag":[],"class_list":{"0":"post-6656","1":"product","2":"type-product","3":"status-publish","4":"has-post-thumbnail","6":"product_cat-btm-en","7":"product_cat-sale","8":"product_cat-sweatshirts","10":"first","11":"instock","12":"sale","13":"taxable","14":"shipping-taxable","15":"purchasable","16":"product-type-variable"},"yoast_head":"<!-- This site is optimized with the Yoast SEO plugin v27.0 - https:\/\/yoast.com\/product\/yoast-seo-wordpress\/ -->\n<title>bluza Joy - By The Moon EN<\/title>\n<meta name=\"robots\" content=\"index, follow, max-snippet:-1, max-image-preview:large, max-video-preview:-1\" \/>\n<link rel=\"canonical\" href=\"https:\/\/bythemoon.eu\/en\/product\/bluza-joy\/\" \/>\n<meta property=\"og:locale\" content=\"en_US\" \/>\n<meta property=\"og:type\" content=\"article\" \/>\n<meta property=\"og:title\" content=\"bluza Joy - By The Moon EN\" \/>\n<meta property=\"og:description\" content=\"Oversize\u2019owa damska bluza dodaj\u0105ca pozytywnej energii, w soczystym odcieniu zieleni. Na przodzie znajduje si\u0119 nadruk JOY wykonany z folii. Pozytywny kolor z pozytywnym, optymistycznym przekazem. Uszyta jest z cienkiej dzianiny p\u0119telkowej, przyjemnej w noszeniu przez ca\u0142y rok. Wyko\u0144czona \u015bci\u0105gaczami. Lu\u017any kr\u00f3j, obni\u017cone r\u0119kawy i rozci\u0119cia po bokach sprawiaj\u0105, \u017ce \u015bwietnie si\u0119 uk\u0142ada i daje pe\u0142en [...]\" \/>\n<meta property=\"og:url\" content=\"https:\/\/bythemoon.eu\/en\/product\/bluza-joy\/\" \/>\n<meta property=\"og:site_name\" content=\"By The Moon EN\" \/>\n<meta property=\"article:modified_time\" content=\"2025-11-14T13:17:00+00:00\" \/>\n<meta property=\"og:image\" content=\"https:\/\/bythemoon.eu\/en\/wp-content\/uploads\/2025\/06\/bluza_joy_3.jpg\" \/>\n\t<meta property=\"og:image:width\" content=\"1000\" \/>\n\t<meta property=\"og:image:height\" content=\"1400\" \/>\n\t<meta property=\"og:image:type\" content=\"image\/jpeg\" \/>\n<script type=\"application\/ld+json\" class=\"yoast-schema-graph\">{\"@context\":\"https:\/\/schema.org\",\"@graph\":[{\"@type\":\"WebPage\",\"@id\":\"https:\/\/bythemoon.eu\/en\/product\/bluza-joy\/\",\"url\":\"https:\/\/bythemoon.eu\/en\/product\/bluza-joy\/\",\"name\":\"bluza Joy - By The Moon EN\",\"isPartOf\":{\"@id\":\"https:\/\/bythemoon.eu\/en\/#website\"},\"primaryImageOfPage\":{\"@id\":\"https:\/\/bythemoon.eu\/en\/product\/bluza-joy\/#primaryimage\"},\"image\":{\"@id\":\"https:\/\/bythemoon.eu\/en\/product\/bluza-joy\/#primaryimage\"},\"thumbnailUrl\":\"https:\/\/bythemoon.eu\/en\/wp-content\/uploads\/2025\/06\/bluza_joy_3.jpg\",\"datePublished\":\"2025-06-25T13:14:08+00:00\",\"dateModified\":\"2025-11-14T13:17:00+00:00\",\"breadcrumb\":{\"@id\":\"https:\/\/bythemoon.eu\/en\/product\/bluza-joy\/#breadcrumb\"},\"inLanguage\":\"en-US\",\"potentialAction\":[{\"@type\":\"ReadAction\",\"target\":[\"https:\/\/bythemoon.eu\/en\/product\/bluza-joy\/\"]}]},{\"@type\":\"ImageObject\",\"inLanguage\":\"en-US\",\"@id\":\"https:\/\/bythemoon.eu\/en\/product\/bluza-joy\/#primaryimage\",\"url\":\"https:\/\/bythemoon.eu\/en\/wp-content\/uploads\/2025\/06\/bluza_joy_3.jpg\",\"contentUrl\":\"https:\/\/bythemoon.eu\/en\/wp-content\/uploads\/2025\/06\/bluza_joy_3.jpg\",\"width\":1000,\"height\":1400,\"caption\":\"bluza oversize, zielona, damska joy, by the moon\"},{\"@type\":\"BreadcrumbList\",\"@id\":\"https:\/\/bythemoon.eu\/en\/product\/bluza-joy\/#breadcrumb\",\"itemListElement\":[{\"@type\":\"ListItem\",\"position\":1,\"name\":\"Strona g\u0142\u00f3wna\",\"item\":\"https:\/\/bythemoon.eu\/en\/\"},{\"@type\":\"ListItem\",\"position\":2,\"name\":\"Shop\",\"item\":\"https:\/\/bythemoon.eu\/en\/shop\/\"},{\"@type\":\"ListItem\",\"position\":3,\"name\":\"bluza Joy\"}]},{\"@type\":\"WebSite\",\"@id\":\"https:\/\/bythemoon.eu\/en\/#website\",\"url\":\"https:\/\/bythemoon.eu\/en\/\",\"name\":\"By The Moon EN\",\"description\":\"\",\"potentialAction\":[{\"@type\":\"SearchAction\",\"target\":{\"@type\":\"EntryPoint\",\"urlTemplate\":\"https:\/\/bythemoon.eu\/en\/?s={search_term_string}\"},\"query-input\":{\"@type\":\"PropertyValueSpecification\",\"valueRequired\":true,\"valueName\":\"search_term_string\"}}],\"inLanguage\":\"en-US\"}]}<\/script>\n<!-- \/ Yoast SEO plugin. -->","yoast_head_json":{"title":"bluza Joy - By The Moon EN","robots":{"index":"index","follow":"follow","max-snippet":"max-snippet:-1","max-image-preview":"max-image-preview:large","max-video-preview":"max-video-preview:-1"},"canonical":"https:\/\/bythemoon.eu\/en\/product\/bluza-joy\/","og_locale":"en_US","og_type":"article","og_title":"bluza Joy - By The Moon EN","og_description":"Oversize\u2019owa damska bluza dodaj\u0105ca pozytywnej energii, w soczystym odcieniu zieleni. Na przodzie znajduje si\u0119 nadruk JOY wykonany z folii. Pozytywny kolor z pozytywnym, optymistycznym przekazem. Uszyta jest z cienkiej dzianiny p\u0119telkowej, przyjemnej w noszeniu przez ca\u0142y rok. Wyko\u0144czona \u015bci\u0105gaczami. Lu\u017any kr\u00f3j, obni\u017cone r\u0119kawy i rozci\u0119cia po bokach sprawiaj\u0105, \u017ce \u015bwietnie si\u0119 uk\u0142ada i daje pe\u0142en [...]","og_url":"https:\/\/bythemoon.eu\/en\/product\/bluza-joy\/","og_site_name":"By The Moon EN","article_modified_time":"2025-11-14T13:17:00+00:00","og_image":[{"width":1000,"height":1400,"url":"https:\/\/bythemoon.eu\/en\/wp-content\/uploads\/2025\/06\/bluza_joy_3.jpg","type":"image\/jpeg"}],"schema":{"@context":"https:\/\/schema.org","@graph":[{"@type":"WebPage","@id":"https:\/\/bythemoon.eu\/en\/product\/bluza-joy\/","url":"https:\/\/bythemoon.eu\/en\/product\/bluza-joy\/","name":"bluza Joy - By The Moon EN","isPartOf":{"@id":"https:\/\/bythemoon.eu\/en\/#website"},"primaryImageOfPage":{"@id":"https:\/\/bythemoon.eu\/en\/product\/bluza-joy\/#primaryimage"},"image":{"@id":"https:\/\/bythemoon.eu\/en\/product\/bluza-joy\/#primaryimage"},"thumbnailUrl":"https:\/\/bythemoon.eu\/en\/wp-content\/uploads\/2025\/06\/bluza_joy_3.jpg","datePublished":"2025-06-25T13:14:08+00:00","dateModified":"2025-11-14T13:17:00+00:00","breadcrumb":{"@id":"https:\/\/bythemoon.eu\/en\/product\/bluza-joy\/#breadcrumb"},"inLanguage":"en-US","potentialAction":[{"@type":"ReadAction","target":["https:\/\/bythemoon.eu\/en\/product\/bluza-joy\/"]}]},{"@type":"ImageObject","inLanguage":"en-US","@id":"https:\/\/bythemoon.eu\/en\/product\/bluza-joy\/#primaryimage","url":"https:\/\/bythemoon.eu\/en\/wp-content\/uploads\/2025\/06\/bluza_joy_3.jpg","contentUrl":"https:\/\/bythemoon.eu\/en\/wp-content\/uploads\/2025\/06\/bluza_joy_3.jpg","width":1000,"height":1400,"caption":"bluza oversize, zielona, damska joy, by the moon"},{"@type":"BreadcrumbList","@id":"https:\/\/bythemoon.eu\/en\/product\/bluza-joy\/#breadcrumb","itemListElement":[{"@type":"ListItem","position":1,"name":"Strona g\u0142\u00f3wna","item":"https:\/\/bythemoon.eu\/en\/"},{"@type":"ListItem","position":2,"name":"Shop","item":"https:\/\/bythemoon.eu\/en\/shop\/"},{"@type":"ListItem","position":3,"name":"bluza Joy"}]},{"@type":"WebSite","@id":"https:\/\/bythemoon.eu\/en\/#website","url":"https:\/\/bythemoon.eu\/en\/","name":"By The Moon EN","description":"","potentialAction":[{"@type":"SearchAction","target":{"@type":"EntryPoint","urlTemplate":"https:\/\/bythemoon.eu\/en\/?s={search_term_string}"},"query-input":{"@type":"PropertyValueSpecification","valueRequired":true,"valueName":"search_term_string"}}],"inLanguage":"en-US"}]}},"_links":{"self":[{"href":"https:\/\/bythemoon.eu\/en\/wp-json\/wp\/v2\/product\/6656","targetHints":{"allow":["GET"]}}],"collection":[{"href":"https:\/\/bythemoon.eu\/en\/wp-json\/wp\/v2\/product"}],"about":[{"href":"https:\/\/bythemoon.eu\/en\/wp-json\/wp\/v2\/types\/product"}],"wp:featuredmedia":[{"embeddable":true,"href":"https:\/\/bythemoon.eu\/en\/wp-json\/wp\/v2\/media\/6657"}],"wp:attachment":[{"href":"https:\/\/bythemoon.eu\/en\/wp-json\/wp\/v2\/media?parent=6656"}],"wp:term":[{"taxonomy":"product_brand","embeddable":true,"href":"https:\/\/bythemoon.eu\/en\/wp-json\/wp\/v2\/product_brand?post=6656"},{"taxonomy":"product_cat","embeddable":true,"href":"https:\/\/bythemoon.eu\/en\/wp-json\/wp\/v2\/product_cat?post=6656"},{"taxonomy":"product_tag","embeddable":true,"href":"https:\/\/bythemoon.eu\/en\/wp-json\/wp\/v2\/product_tag?post=6656"}],"curies":[{"name":"wp","href":"https:\/\/api.w.org\/{rel}","templated":true}]}}