{"id":6650,"date":"2025-06-25T15:14:02","date_gmt":"2025-06-25T13:14:02","guid":{"rendered":"https:\/\/bythemoon.eu\/en\/produkt\/bermudy-charlie\/"},"modified":"2025-11-14T14:17:01","modified_gmt":"2025-11-14T13:17:01","slug":"bermudy-charlie","status":"publish","type":"product","link":"https:\/\/bythemoon.eu\/en\/product\/bermudy-charlie\/","title":{"rendered":"bermudy Charlie"},"content":{"rendered":"<p>Bermudy o m\u0119skim, garniturowym kroju, w nowoczesnej i modnej ods\u0142onie. Uszyte z jasnoszarej, diagonalnej tkaniny o delikatnej strukturze, 100% bawe\u0142na. Szerokie nogawki si\u0119gaj\u0105ce do kolan nadaj\u0105 sylwetce lekko\u015bci i miejskiego luzu. Zapinane na suwak i haczyk, z zak\u0142adkami z przodu, kt\u00f3re podkre\u015blaj\u0105 nonszalancki charakter modelu. Idealnie \u0142\u0105cz\u0105 si\u0119 z dopasowanym tank topem i oversizow\u0105 marynark\u0105, tworz\u0105c wyrazisty, kobiecy look. Styl, kt\u00f3ry daje pe\u0142n\u0105 swobod\u0119 \u2014 sprawdz\u0105 si\u0119 zar\u00f3wno ze sportowymi sneakersami, jak i wysokimi kowbojkami. M\u0119ska forma, kt\u00f3ra podkre\u015bla si\u0142\u0119 nowoczesnej kobiety.<\/p>\n<p>&nbsp;<\/p>\n<p><strong>Wymiary w cm.:<\/strong><\/p>\n<table style=\"height: 206px\" width=\"657\">\n<tbody>\n<tr>\n<td width=\"119\"><\/td>\n<td style=\"text-align: center\" width=\"64\"><strong>XS<\/strong><\/td>\n<td style=\"text-align: center\" width=\"64\"><strong>S<\/strong><\/td>\n<td style=\"text-align: center\" width=\"64\"><strong>M<\/strong><\/td>\n<td style=\"text-align: center\" width=\"64\"><strong>L<\/strong><\/td>\n<\/tr>\n<tr>\n<td>szeroko\u015b\u0107 w pasie<\/td>\n<td style=\"text-align: center\">35<\/td>\n<td style=\"text-align: center\">37<\/td>\n<td style=\"text-align: center\">39<\/td>\n<td style=\"text-align: center\">41<\/td>\n<\/tr>\n<tr>\n<td width=\"119\">szeroko\u015b\u0107 w biodrach<\/td>\n<td style=\"text-align: center\">50<\/td>\n<td style=\"text-align: center\">52<\/td>\n<td style=\"text-align: center\">54<\/td>\n<td style=\"text-align: center\">56<\/td>\n<\/tr>\n<tr>\n<td style=\"text-align: left\" width=\"119\"><\/td>\n<td style=\"text-align: center\"><\/td>\n<td style=\"text-align: center\"><\/td>\n<td style=\"text-align: center\"><\/td>\n<td style=\"text-align: center\"><\/td>\n<\/tr>\n<\/tbody>\n<\/table>\n<p>&nbsp;<\/p>\n","protected":false},"excerpt":{"rendered":"<p>Bermudy o m\u0119skim, garniturowym kroju, w nowoczesnej i modnej ods\u0142onie. Uszyte z jasnoszarej, diagonalnej tkaniny o delikatnej strukturze, 100% bawe\u0142na. Szerokie nogawki si\u0119gaj\u0105ce do kolan nadaj\u0105 sylwetce lekko\u015bci i miejskiego luzu. Zapinane na suwak i haczyk, z zak\u0142adkami z przodu, kt\u00f3re podkre\u015blaj\u0105 nonszalancki charakter modelu. Idealnie \u0142\u0105cz\u0105 si\u0119 z dopasowanym tank topem i oversizow\u0105 marynark\u0105, [&#8230;]\n","protected":false},"featured_media":6989,"template":"","meta":[],"product_brand":[],"product_cat":[22,21,55],"product_tag":[],"class_list":{"0":"post-6650","1":"product","2":"type-product","3":"status-publish","4":"has-post-thumbnail","6":"product_cat-bottoms","7":"product_cat-btm-en","8":"product_cat-sale","10":"first","11":"instock","12":"sale","13":"taxable","14":"shipping-taxable","15":"purchasable","16":"product-type-variable"},"yoast_head":"<!-- This site is optimized with the Yoast SEO plugin v27.0 - https:\/\/yoast.com\/product\/yoast-seo-wordpress\/ -->\n<title>bermudy Charlie - By The Moon EN<\/title>\n<meta name=\"robots\" content=\"index, follow, max-snippet:-1, max-image-preview:large, max-video-preview:-1\" \/>\n<link rel=\"canonical\" href=\"https:\/\/bythemoon.eu\/en\/product\/bermudy-charlie\/\" \/>\n<meta property=\"og:locale\" content=\"en_US\" \/>\n<meta property=\"og:type\" content=\"article\" \/>\n<meta property=\"og:title\" content=\"bermudy Charlie - By The Moon EN\" \/>\n<meta property=\"og:description\" content=\"Bermudy o m\u0119skim, garniturowym kroju, w nowoczesnej i modnej ods\u0142onie. Uszyte z jasnoszarej, diagonalnej tkaniny o delikatnej strukturze, 100% bawe\u0142na. Szerokie nogawki si\u0119gaj\u0105ce do kolan nadaj\u0105 sylwetce lekko\u015bci i miejskiego luzu. Zapinane na suwak i haczyk, z zak\u0142adkami z przodu, kt\u00f3re podkre\u015blaj\u0105 nonszalancki charakter modelu. Idealnie \u0142\u0105cz\u0105 si\u0119 z dopasowanym tank topem i oversizow\u0105 marynark\u0105, [...]\" \/>\n<meta property=\"og:url\" content=\"https:\/\/bythemoon.eu\/en\/product\/bermudy-charlie\/\" \/>\n<meta property=\"og:site_name\" content=\"By The Moon EN\" \/>\n<meta property=\"article:modified_time\" content=\"2025-11-14T13:17:01+00:00\" \/>\n<meta property=\"og:image\" content=\"https:\/\/bythemoon.eu\/en\/wp-content\/uploads\/2025\/07\/bermudy_charlie_pink_02.jpg\" \/>\n\t<meta property=\"og:image:width\" content=\"1000\" \/>\n\t<meta property=\"og:image:height\" content=\"1400\" \/>\n\t<meta property=\"og:image:type\" content=\"image\/jpeg\" \/>\n<script type=\"application\/ld+json\" class=\"yoast-schema-graph\">{\"@context\":\"https:\/\/schema.org\",\"@graph\":[{\"@type\":\"WebPage\",\"@id\":\"https:\/\/bythemoon.eu\/en\/product\/bermudy-charlie\/\",\"url\":\"https:\/\/bythemoon.eu\/en\/product\/bermudy-charlie\/\",\"name\":\"bermudy Charlie - By The Moon EN\",\"isPartOf\":{\"@id\":\"https:\/\/bythemoon.eu\/en\/#website\"},\"primaryImageOfPage\":{\"@id\":\"https:\/\/bythemoon.eu\/en\/product\/bermudy-charlie\/#primaryimage\"},\"image\":{\"@id\":\"https:\/\/bythemoon.eu\/en\/product\/bermudy-charlie\/#primaryimage\"},\"thumbnailUrl\":\"https:\/\/bythemoon.eu\/en\/wp-content\/uploads\/2025\/07\/bermudy_charlie_pink_02.jpg\",\"datePublished\":\"2025-06-25T13:14:02+00:00\",\"dateModified\":\"2025-11-14T13:17:01+00:00\",\"breadcrumb\":{\"@id\":\"https:\/\/bythemoon.eu\/en\/product\/bermudy-charlie\/#breadcrumb\"},\"inLanguage\":\"en-US\",\"potentialAction\":[{\"@type\":\"ReadAction\",\"target\":[\"https:\/\/bythemoon.eu\/en\/product\/bermudy-charlie\/\"]}]},{\"@type\":\"ImageObject\",\"inLanguage\":\"en-US\",\"@id\":\"https:\/\/bythemoon.eu\/en\/product\/bermudy-charlie\/#primaryimage\",\"url\":\"https:\/\/bythemoon.eu\/en\/wp-content\/uploads\/2025\/07\/bermudy_charlie_pink_02.jpg\",\"contentUrl\":\"https:\/\/bythemoon.eu\/en\/wp-content\/uploads\/2025\/07\/bermudy_charlie_pink_02.jpg\",\"width\":1000,\"height\":1400,\"caption\":\"d\u0142ugie szorty, bermudy damskie, do kolan, z kantem, garniturowe, koszula r\u00f3\u017cowa damska\"},{\"@type\":\"BreadcrumbList\",\"@id\":\"https:\/\/bythemoon.eu\/en\/product\/bermudy-charlie\/#breadcrumb\",\"itemListElement\":[{\"@type\":\"ListItem\",\"position\":1,\"name\":\"Strona g\u0142\u00f3wna\",\"item\":\"https:\/\/bythemoon.eu\/en\/\"},{\"@type\":\"ListItem\",\"position\":2,\"name\":\"Shop\",\"item\":\"https:\/\/bythemoon.eu\/en\/shop\/\"},{\"@type\":\"ListItem\",\"position\":3,\"name\":\"bermudy Charlie\"}]},{\"@type\":\"WebSite\",\"@id\":\"https:\/\/bythemoon.eu\/en\/#website\",\"url\":\"https:\/\/bythemoon.eu\/en\/\",\"name\":\"By The Moon EN\",\"description\":\"\",\"potentialAction\":[{\"@type\":\"SearchAction\",\"target\":{\"@type\":\"EntryPoint\",\"urlTemplate\":\"https:\/\/bythemoon.eu\/en\/?s={search_term_string}\"},\"query-input\":{\"@type\":\"PropertyValueSpecification\",\"valueRequired\":true,\"valueName\":\"search_term_string\"}}],\"inLanguage\":\"en-US\"}]}<\/script>\n<!-- \/ Yoast SEO plugin. -->","yoast_head_json":{"title":"bermudy Charlie - By The Moon EN","robots":{"index":"index","follow":"follow","max-snippet":"max-snippet:-1","max-image-preview":"max-image-preview:large","max-video-preview":"max-video-preview:-1"},"canonical":"https:\/\/bythemoon.eu\/en\/product\/bermudy-charlie\/","og_locale":"en_US","og_type":"article","og_title":"bermudy Charlie - By The Moon EN","og_description":"Bermudy o m\u0119skim, garniturowym kroju, w nowoczesnej i modnej ods\u0142onie. Uszyte z jasnoszarej, diagonalnej tkaniny o delikatnej strukturze, 100% bawe\u0142na. Szerokie nogawki si\u0119gaj\u0105ce do kolan nadaj\u0105 sylwetce lekko\u015bci i miejskiego luzu. Zapinane na suwak i haczyk, z zak\u0142adkami z przodu, kt\u00f3re podkre\u015blaj\u0105 nonszalancki charakter modelu. Idealnie \u0142\u0105cz\u0105 si\u0119 z dopasowanym tank topem i oversizow\u0105 marynark\u0105, [...]","og_url":"https:\/\/bythemoon.eu\/en\/product\/bermudy-charlie\/","og_site_name":"By The Moon EN","article_modified_time":"2025-11-14T13:17:01+00:00","og_image":[{"width":1000,"height":1400,"url":"https:\/\/bythemoon.eu\/en\/wp-content\/uploads\/2025\/07\/bermudy_charlie_pink_02.jpg","type":"image\/jpeg"}],"schema":{"@context":"https:\/\/schema.org","@graph":[{"@type":"WebPage","@id":"https:\/\/bythemoon.eu\/en\/product\/bermudy-charlie\/","url":"https:\/\/bythemoon.eu\/en\/product\/bermudy-charlie\/","name":"bermudy Charlie - By The Moon EN","isPartOf":{"@id":"https:\/\/bythemoon.eu\/en\/#website"},"primaryImageOfPage":{"@id":"https:\/\/bythemoon.eu\/en\/product\/bermudy-charlie\/#primaryimage"},"image":{"@id":"https:\/\/bythemoon.eu\/en\/product\/bermudy-charlie\/#primaryimage"},"thumbnailUrl":"https:\/\/bythemoon.eu\/en\/wp-content\/uploads\/2025\/07\/bermudy_charlie_pink_02.jpg","datePublished":"2025-06-25T13:14:02+00:00","dateModified":"2025-11-14T13:17:01+00:00","breadcrumb":{"@id":"https:\/\/bythemoon.eu\/en\/product\/bermudy-charlie\/#breadcrumb"},"inLanguage":"en-US","potentialAction":[{"@type":"ReadAction","target":["https:\/\/bythemoon.eu\/en\/product\/bermudy-charlie\/"]}]},{"@type":"ImageObject","inLanguage":"en-US","@id":"https:\/\/bythemoon.eu\/en\/product\/bermudy-charlie\/#primaryimage","url":"https:\/\/bythemoon.eu\/en\/wp-content\/uploads\/2025\/07\/bermudy_charlie_pink_02.jpg","contentUrl":"https:\/\/bythemoon.eu\/en\/wp-content\/uploads\/2025\/07\/bermudy_charlie_pink_02.jpg","width":1000,"height":1400,"caption":"d\u0142ugie szorty, bermudy damskie, do kolan, z kantem, garniturowe, koszula r\u00f3\u017cowa damska"},{"@type":"BreadcrumbList","@id":"https:\/\/bythemoon.eu\/en\/product\/bermudy-charlie\/#breadcrumb","itemListElement":[{"@type":"ListItem","position":1,"name":"Strona g\u0142\u00f3wna","item":"https:\/\/bythemoon.eu\/en\/"},{"@type":"ListItem","position":2,"name":"Shop","item":"https:\/\/bythemoon.eu\/en\/shop\/"},{"@type":"ListItem","position":3,"name":"bermudy Charlie"}]},{"@type":"WebSite","@id":"https:\/\/bythemoon.eu\/en\/#website","url":"https:\/\/bythemoon.eu\/en\/","name":"By The Moon EN","description":"","potentialAction":[{"@type":"SearchAction","target":{"@type":"EntryPoint","urlTemplate":"https:\/\/bythemoon.eu\/en\/?s={search_term_string}"},"query-input":{"@type":"PropertyValueSpecification","valueRequired":true,"valueName":"search_term_string"}}],"inLanguage":"en-US"}]}},"_links":{"self":[{"href":"https:\/\/bythemoon.eu\/en\/wp-json\/wp\/v2\/product\/6650","targetHints":{"allow":["GET"]}}],"collection":[{"href":"https:\/\/bythemoon.eu\/en\/wp-json\/wp\/v2\/product"}],"about":[{"href":"https:\/\/bythemoon.eu\/en\/wp-json\/wp\/v2\/types\/product"}],"wp:featuredmedia":[{"embeddable":true,"href":"https:\/\/bythemoon.eu\/en\/wp-json\/wp\/v2\/media\/6989"}],"wp:attachment":[{"href":"https:\/\/bythemoon.eu\/en\/wp-json\/wp\/v2\/media?parent=6650"}],"wp:term":[{"taxonomy":"product_brand","embeddable":true,"href":"https:\/\/bythemoon.eu\/en\/wp-json\/wp\/v2\/product_brand?post=6650"},{"taxonomy":"product_cat","embeddable":true,"href":"https:\/\/bythemoon.eu\/en\/wp-json\/wp\/v2\/product_cat?post=6650"},{"taxonomy":"product_tag","embeddable":true,"href":"https:\/\/bythemoon.eu\/en\/wp-json\/wp\/v2\/product_tag?post=6650"}],"curies":[{"name":"wp","href":"https:\/\/api.w.org\/{rel}","templated":true}]}}