{"id":6642,"date":"2025-06-25T15:14:02","date_gmt":"2025-06-25T13:14:02","guid":{"rendered":"https:\/\/bythemoon.eu\/en\/produkt\/spodnie-charlie-grey\/"},"modified":"2025-11-14T14:17:01","modified_gmt":"2025-11-14T13:17:01","slug":"spodnie-charlie-grey","status":"publish","type":"product","link":"https:\/\/bythemoon.eu\/en\/product\/spodnie-charlie-grey\/","title":{"rendered":"spodnie Charlie grey"},"content":{"rendered":"<p>Damskie spodnie o garniturowym kroju w nowoczesnym, kobiecym wydaniu. Lu\u017ane, szerokie nogawki nadaj\u0105 sylwetce lekko\u015bci i swobody, zachowuj\u0105c jednocze\u015bnie elegancki charakter. Wykonane z jasnoszarej, diagonalnej tkaniny o subtelnej fakturze. Zapinane na suwak i haczyk, z zak\u0142adkami z przodu, kt\u00f3re dodaj\u0105 stylizacji luzu i lekkiej nonszalancji. Idealne po\u0142\u0105czenie miejskiego szyku i sportowej elegancji. \u015awietnie sprawdz\u0105 si\u0119 zar\u00f3wno w codziennych, jak i bardziej wyrafinowanych stylizacjach \u2014 od sneakers\u00f3w po szpilki. \u0141\u0105cz je tak jak lubisz &#8211; z koszulami, swetrami, tank topami. Doskona\u0142a baza do wielu stylizacji.<\/p>\n<p>&nbsp;<\/p>\n<p><strong>Wymiary w cm.:<\/strong><\/p>\n<table style=\"height: 206px\" width=\"657\">\n<tbody>\n<tr>\n<td width=\"119\"><\/td>\n<td style=\"text-align: center\" width=\"64\"><strong>XS<\/strong><\/td>\n<td style=\"text-align: center\" width=\"64\"><strong>S<\/strong><\/td>\n<td style=\"text-align: center\" width=\"64\"><strong>M<\/strong><\/td>\n<td style=\"text-align: center\" width=\"64\"><strong>L<\/strong><\/td>\n<\/tr>\n<tr>\n<td>szeroko\u015b\u0107 w pasie<\/td>\n<td style=\"text-align: center\">35<\/td>\n<td style=\"text-align: center\">37<\/td>\n<td style=\"text-align: center\">39<\/td>\n<td style=\"text-align: center\">41<\/td>\n<\/tr>\n<tr>\n<td width=\"119\">szeroko\u015b\u0107 w biodrach<\/td>\n<td style=\"text-align: center\">50<\/td>\n<td style=\"text-align: center\">52<\/td>\n<td style=\"text-align: center\">54<\/td>\n<td style=\"text-align: center\">56<\/td>\n<\/tr>\n<tr>\n<td style=\"text-align: left\" width=\"119\">d\u0142ugo\u015b\u0107 po zewn\u0119trznej nogawce (z paskiem)<\/td>\n<td style=\"text-align: center\">104,5<\/td>\n<td style=\"text-align: center\">104,5<\/td>\n<td style=\"text-align: center\">104,5<\/td>\n<td style=\"text-align: center\">104,5<\/td>\n<\/tr>\n<\/tbody>\n<\/table>\n","protected":false},"excerpt":{"rendered":"<p>Damskie spodnie o garniturowym kroju w nowoczesnym, kobiecym wydaniu. Lu\u017ane, szerokie nogawki nadaj\u0105 sylwetce lekko\u015bci i swobody, zachowuj\u0105c jednocze\u015bnie elegancki charakter. Wykonane z jasnoszarej, diagonalnej tkaniny o subtelnej fakturze. Zapinane na suwak i haczyk, z zak\u0142adkami z przodu, kt\u00f3re dodaj\u0105 stylizacji luzu i lekkiej nonszalancji. Idealne po\u0142\u0105czenie miejskiego szyku i sportowej elegancji. \u015awietnie sprawdz\u0105 si\u0119 [&#8230;]\n","protected":false},"featured_media":6643,"template":"","meta":[],"product_brand":[],"product_cat":[22,21,50],"product_tag":[],"class_list":{"0":"post-6642","1":"product","2":"type-product","3":"status-publish","4":"has-post-thumbnail","6":"product_cat-bottoms","7":"product_cat-btm-en","8":"product_cat-new-in","10":"first","11":"instock","12":"taxable","13":"shipping-taxable","14":"purchasable","15":"product-type-variable"},"yoast_head":"<!-- This site is optimized with the Yoast SEO plugin v27.0 - https:\/\/yoast.com\/product\/yoast-seo-wordpress\/ -->\n<title>spodnie Charlie grey - By The Moon EN<\/title>\n<meta name=\"robots\" content=\"index, follow, max-snippet:-1, max-image-preview:large, max-video-preview:-1\" \/>\n<link rel=\"canonical\" href=\"https:\/\/bythemoon.eu\/en\/product\/spodnie-charlie-grey\/\" \/>\n<meta property=\"og:locale\" content=\"en_US\" \/>\n<meta property=\"og:type\" content=\"article\" \/>\n<meta property=\"og:title\" content=\"spodnie Charlie grey - By The Moon EN\" \/>\n<meta property=\"og:description\" content=\"Damskie spodnie o garniturowym kroju w nowoczesnym, kobiecym wydaniu. Lu\u017ane, szerokie nogawki nadaj\u0105 sylwetce lekko\u015bci i swobody, zachowuj\u0105c jednocze\u015bnie elegancki charakter. Wykonane z jasnoszarej, diagonalnej tkaniny o subtelnej fakturze. Zapinane na suwak i haczyk, z zak\u0142adkami z przodu, kt\u00f3re dodaj\u0105 stylizacji luzu i lekkiej nonszalancji. Idealne po\u0142\u0105czenie miejskiego szyku i sportowej elegancji. \u015awietnie sprawdz\u0105 si\u0119 [...]\" \/>\n<meta property=\"og:url\" content=\"https:\/\/bythemoon.eu\/en\/product\/spodnie-charlie-grey\/\" \/>\n<meta property=\"og:site_name\" content=\"By The Moon EN\" \/>\n<meta property=\"article:modified_time\" content=\"2025-11-14T13:17:01+00:00\" \/>\n<meta property=\"og:image\" content=\"https:\/\/bythemoon.eu\/en\/wp-content\/uploads\/2025\/06\/spodnie_charlie_grey_1.jpg\" \/>\n\t<meta property=\"og:image:width\" content=\"1000\" \/>\n\t<meta property=\"og:image:height\" content=\"1400\" \/>\n\t<meta property=\"og:image:type\" content=\"image\/jpeg\" \/>\n<script type=\"application\/ld+json\" class=\"yoast-schema-graph\">{\"@context\":\"https:\/\/schema.org\",\"@graph\":[{\"@type\":\"WebPage\",\"@id\":\"https:\/\/bythemoon.eu\/en\/product\/spodnie-charlie-grey\/\",\"url\":\"https:\/\/bythemoon.eu\/en\/product\/spodnie-charlie-grey\/\",\"name\":\"spodnie Charlie grey - By The Moon EN\",\"isPartOf\":{\"@id\":\"https:\/\/bythemoon.eu\/en\/#website\"},\"primaryImageOfPage\":{\"@id\":\"https:\/\/bythemoon.eu\/en\/product\/spodnie-charlie-grey\/#primaryimage\"},\"image\":{\"@id\":\"https:\/\/bythemoon.eu\/en\/product\/spodnie-charlie-grey\/#primaryimage\"},\"thumbnailUrl\":\"https:\/\/bythemoon.eu\/en\/wp-content\/uploads\/2025\/06\/spodnie_charlie_grey_1.jpg\",\"datePublished\":\"2025-06-25T13:14:02+00:00\",\"dateModified\":\"2025-11-14T13:17:01+00:00\",\"breadcrumb\":{\"@id\":\"https:\/\/bythemoon.eu\/en\/product\/spodnie-charlie-grey\/#breadcrumb\"},\"inLanguage\":\"en-US\",\"potentialAction\":[{\"@type\":\"ReadAction\",\"target\":[\"https:\/\/bythemoon.eu\/en\/product\/spodnie-charlie-grey\/\"]}]},{\"@type\":\"ImageObject\",\"inLanguage\":\"en-US\",\"@id\":\"https:\/\/bythemoon.eu\/en\/product\/spodnie-charlie-grey\/#primaryimage\",\"url\":\"https:\/\/bythemoon.eu\/en\/wp-content\/uploads\/2025\/06\/spodnie_charlie_grey_1.jpg\",\"contentUrl\":\"https:\/\/bythemoon.eu\/en\/wp-content\/uploads\/2025\/06\/spodnie_charlie_grey_1.jpg\",\"width\":1000,\"height\":1400,\"caption\":\"czarny tanktop damski, szare spodnie szerokie, garniturowe, polska marka,\"},{\"@type\":\"BreadcrumbList\",\"@id\":\"https:\/\/bythemoon.eu\/en\/product\/spodnie-charlie-grey\/#breadcrumb\",\"itemListElement\":[{\"@type\":\"ListItem\",\"position\":1,\"name\":\"Strona g\u0142\u00f3wna\",\"item\":\"https:\/\/bythemoon.eu\/en\/\"},{\"@type\":\"ListItem\",\"position\":2,\"name\":\"Shop\",\"item\":\"https:\/\/bythemoon.eu\/en\/shop\/\"},{\"@type\":\"ListItem\",\"position\":3,\"name\":\"spodnie Charlie grey\"}]},{\"@type\":\"WebSite\",\"@id\":\"https:\/\/bythemoon.eu\/en\/#website\",\"url\":\"https:\/\/bythemoon.eu\/en\/\",\"name\":\"By The Moon EN\",\"description\":\"\",\"potentialAction\":[{\"@type\":\"SearchAction\",\"target\":{\"@type\":\"EntryPoint\",\"urlTemplate\":\"https:\/\/bythemoon.eu\/en\/?s={search_term_string}\"},\"query-input\":{\"@type\":\"PropertyValueSpecification\",\"valueRequired\":true,\"valueName\":\"search_term_string\"}}],\"inLanguage\":\"en-US\"}]}<\/script>\n<!-- \/ Yoast SEO plugin. -->","yoast_head_json":{"title":"spodnie Charlie grey - By The Moon EN","robots":{"index":"index","follow":"follow","max-snippet":"max-snippet:-1","max-image-preview":"max-image-preview:large","max-video-preview":"max-video-preview:-1"},"canonical":"https:\/\/bythemoon.eu\/en\/product\/spodnie-charlie-grey\/","og_locale":"en_US","og_type":"article","og_title":"spodnie Charlie grey - By The Moon EN","og_description":"Damskie spodnie o garniturowym kroju w nowoczesnym, kobiecym wydaniu. Lu\u017ane, szerokie nogawki nadaj\u0105 sylwetce lekko\u015bci i swobody, zachowuj\u0105c jednocze\u015bnie elegancki charakter. Wykonane z jasnoszarej, diagonalnej tkaniny o subtelnej fakturze. Zapinane na suwak i haczyk, z zak\u0142adkami z przodu, kt\u00f3re dodaj\u0105 stylizacji luzu i lekkiej nonszalancji. Idealne po\u0142\u0105czenie miejskiego szyku i sportowej elegancji. \u015awietnie sprawdz\u0105 si\u0119 [...]","og_url":"https:\/\/bythemoon.eu\/en\/product\/spodnie-charlie-grey\/","og_site_name":"By The Moon EN","article_modified_time":"2025-11-14T13:17:01+00:00","og_image":[{"width":1000,"height":1400,"url":"https:\/\/bythemoon.eu\/en\/wp-content\/uploads\/2025\/06\/spodnie_charlie_grey_1.jpg","type":"image\/jpeg"}],"schema":{"@context":"https:\/\/schema.org","@graph":[{"@type":"WebPage","@id":"https:\/\/bythemoon.eu\/en\/product\/spodnie-charlie-grey\/","url":"https:\/\/bythemoon.eu\/en\/product\/spodnie-charlie-grey\/","name":"spodnie Charlie grey - By The Moon EN","isPartOf":{"@id":"https:\/\/bythemoon.eu\/en\/#website"},"primaryImageOfPage":{"@id":"https:\/\/bythemoon.eu\/en\/product\/spodnie-charlie-grey\/#primaryimage"},"image":{"@id":"https:\/\/bythemoon.eu\/en\/product\/spodnie-charlie-grey\/#primaryimage"},"thumbnailUrl":"https:\/\/bythemoon.eu\/en\/wp-content\/uploads\/2025\/06\/spodnie_charlie_grey_1.jpg","datePublished":"2025-06-25T13:14:02+00:00","dateModified":"2025-11-14T13:17:01+00:00","breadcrumb":{"@id":"https:\/\/bythemoon.eu\/en\/product\/spodnie-charlie-grey\/#breadcrumb"},"inLanguage":"en-US","potentialAction":[{"@type":"ReadAction","target":["https:\/\/bythemoon.eu\/en\/product\/spodnie-charlie-grey\/"]}]},{"@type":"ImageObject","inLanguage":"en-US","@id":"https:\/\/bythemoon.eu\/en\/product\/spodnie-charlie-grey\/#primaryimage","url":"https:\/\/bythemoon.eu\/en\/wp-content\/uploads\/2025\/06\/spodnie_charlie_grey_1.jpg","contentUrl":"https:\/\/bythemoon.eu\/en\/wp-content\/uploads\/2025\/06\/spodnie_charlie_grey_1.jpg","width":1000,"height":1400,"caption":"czarny tanktop damski, szare spodnie szerokie, garniturowe, polska marka,"},{"@type":"BreadcrumbList","@id":"https:\/\/bythemoon.eu\/en\/product\/spodnie-charlie-grey\/#breadcrumb","itemListElement":[{"@type":"ListItem","position":1,"name":"Strona g\u0142\u00f3wna","item":"https:\/\/bythemoon.eu\/en\/"},{"@type":"ListItem","position":2,"name":"Shop","item":"https:\/\/bythemoon.eu\/en\/shop\/"},{"@type":"ListItem","position":3,"name":"spodnie Charlie grey"}]},{"@type":"WebSite","@id":"https:\/\/bythemoon.eu\/en\/#website","url":"https:\/\/bythemoon.eu\/en\/","name":"By The Moon EN","description":"","potentialAction":[{"@type":"SearchAction","target":{"@type":"EntryPoint","urlTemplate":"https:\/\/bythemoon.eu\/en\/?s={search_term_string}"},"query-input":{"@type":"PropertyValueSpecification","valueRequired":true,"valueName":"search_term_string"}}],"inLanguage":"en-US"}]}},"_links":{"self":[{"href":"https:\/\/bythemoon.eu\/en\/wp-json\/wp\/v2\/product\/6642","targetHints":{"allow":["GET"]}}],"collection":[{"href":"https:\/\/bythemoon.eu\/en\/wp-json\/wp\/v2\/product"}],"about":[{"href":"https:\/\/bythemoon.eu\/en\/wp-json\/wp\/v2\/types\/product"}],"wp:featuredmedia":[{"embeddable":true,"href":"https:\/\/bythemoon.eu\/en\/wp-json\/wp\/v2\/media\/6643"}],"wp:attachment":[{"href":"https:\/\/bythemoon.eu\/en\/wp-json\/wp\/v2\/media?parent=6642"}],"wp:term":[{"taxonomy":"product_brand","embeddable":true,"href":"https:\/\/bythemoon.eu\/en\/wp-json\/wp\/v2\/product_brand?post=6642"},{"taxonomy":"product_cat","embeddable":true,"href":"https:\/\/bythemoon.eu\/en\/wp-json\/wp\/v2\/product_cat?post=6642"},{"taxonomy":"product_tag","embeddable":true,"href":"https:\/\/bythemoon.eu\/en\/wp-json\/wp\/v2\/product_tag?post=6642"}],"curies":[{"name":"wp","href":"https:\/\/api.w.org\/{rel}","templated":true}]}}