{"id":6631,"date":"2025-06-25T15:14:02","date_gmt":"2025-06-25T13:14:02","guid":{"rendered":"https:\/\/bythemoon.eu\/en\/produkt\/top-mio-white\/"},"modified":"2025-11-14T14:17:01","modified_gmt":"2025-11-14T13:17:01","slug":"top-mio-white","status":"publish","type":"product","link":"https:\/\/bythemoon.eu\/en\/product\/top-mio-white\/","title":{"rendered":"top Mio white"},"content":{"rendered":"<p>This top combines minimalist design with a relaxed, breathable silhouette. A deep V-neckline finished with a clean trim and side cut-outs lends it a modern, lightweight feel. The white color brings a sense of freshness and beautifully highlights sun-kissed skin. Timeless and versatile \u2014 a perfect piece for a capsule wardrobe. Pairs effortlessly with tailored trousers, everyday jeans, or skirts.<\/p>\n<p><strong>Composition: 92% cotton, 8% elastane<\/strong><\/p>\n<p><strong>Measurements in cm.:<\/strong><\/p>\n<table style=\"height: 164px;\" width=\"530\">\n<tbody>\n<tr>\n<td width=\"119\">&nbsp;<\/td>\n<td style=\"text-align: center;\" width=\"64\"><strong>XS<\/strong><\/td>\n<td style=\"text-align: center;\" width=\"64\"><strong>S<\/strong><\/td>\n<td style=\"text-align: center;\" width=\"64\"><strong>M<\/strong><\/td>\n<td style=\"text-align: center;\" width=\"64\"><strong>L<\/strong><\/td>\n<\/tr>\n<tr>\n<td style=\"text-align: left;\">chest width<\/td>\n<td style=\"text-align: center;\">46<\/td>\n<td style=\"text-align: center;\">49<\/td>\n<td style=\"text-align: center;\">52<\/td>\n<td style=\"text-align: center;\">55<\/td>\n<\/tr>\n<tr>\n<td style=\"text-align: left;\">length from the shoulder<\/td>\n<td style=\"text-align: center;\">57<\/td>\n<td style=\"text-align: center;\">58,5<\/td>\n<td style=\"text-align: center;\">60<\/td>\n<td style=\"text-align: center;\">61,5<\/td>\n<\/tr>\n<\/tbody>\n<\/table>\n","protected":false},"excerpt":{"rendered":"<p>This top combines minimalist design with a relaxed, breathable silhouette. A deep V-neckline finished with a clean trim and side cut-outs lends it a modern, lightweight feel. The white color brings a sense of freshness and beautifully highlights sun-kissed skin. Timeless and versatile \u2014 a perfect piece for a capsule wardrobe. Pairs effortlessly with tailored [&#8230;]\n","protected":false},"featured_media":6632,"template":"","meta":[],"product_brand":[],"product_cat":[23,21,55],"product_tag":[],"class_list":{"0":"post-6631","1":"product","2":"type-product","3":"status-publish","4":"has-post-thumbnail","6":"product_cat-blouses-longsleeves","7":"product_cat-btm-en","8":"product_cat-sale","10":"first","11":"instock","12":"sale","13":"taxable","14":"shipping-taxable","15":"purchasable","16":"product-type-variable"},"yoast_head":"<!-- This site is optimized with the Yoast SEO plugin v27.0 - https:\/\/yoast.com\/product\/yoast-seo-wordpress\/ -->\n<title>top Mio white - By The Moon EN<\/title>\n<meta name=\"robots\" content=\"index, follow, max-snippet:-1, max-image-preview:large, max-video-preview:-1\" \/>\n<link rel=\"canonical\" href=\"https:\/\/bythemoon.eu\/en\/product\/top-mio-white\/\" \/>\n<meta property=\"og:locale\" content=\"en_US\" \/>\n<meta property=\"og:type\" content=\"article\" \/>\n<meta property=\"og:title\" content=\"top Mio white - By The Moon EN\" \/>\n<meta property=\"og:description\" content=\"This top combines minimalist design with a relaxed, breathable silhouette. A deep V-neckline finished with a clean trim and side cut-outs lends it a modern, lightweight feel. The white color brings a sense of freshness and beautifully highlights sun-kissed skin. Timeless and versatile \u2014 a perfect piece for a capsule wardrobe. Pairs effortlessly with tailored [...]\" \/>\n<meta property=\"og:url\" content=\"https:\/\/bythemoon.eu\/en\/product\/top-mio-white\/\" \/>\n<meta property=\"og:site_name\" content=\"By The Moon EN\" \/>\n<meta property=\"article:modified_time\" content=\"2025-11-14T13:17:01+00:00\" \/>\n<meta property=\"og:image\" content=\"https:\/\/bythemoon.eu\/en\/wp-content\/uploads\/2025\/06\/top_Mio_bialy_2.jpg\" \/>\n\t<meta property=\"og:image:width\" content=\"1000\" \/>\n\t<meta property=\"og:image:height\" content=\"1400\" \/>\n\t<meta property=\"og:image:type\" content=\"image\/jpeg\" \/>\n<script type=\"application\/ld+json\" class=\"yoast-schema-graph\">{\"@context\":\"https:\/\/schema.org\",\"@graph\":[{\"@type\":\"WebPage\",\"@id\":\"https:\/\/bythemoon.eu\/en\/product\/top-mio-white\/\",\"url\":\"https:\/\/bythemoon.eu\/en\/product\/top-mio-white\/\",\"name\":\"top Mio white - By The Moon EN\",\"isPartOf\":{\"@id\":\"https:\/\/bythemoon.eu\/en\/#website\"},\"primaryImageOfPage\":{\"@id\":\"https:\/\/bythemoon.eu\/en\/product\/top-mio-white\/#primaryimage\"},\"image\":{\"@id\":\"https:\/\/bythemoon.eu\/en\/product\/top-mio-white\/#primaryimage\"},\"thumbnailUrl\":\"https:\/\/bythemoon.eu\/en\/wp-content\/uploads\/2025\/06\/top_Mio_bialy_2.jpg\",\"datePublished\":\"2025-06-25T13:14:02+00:00\",\"dateModified\":\"2025-11-14T13:17:01+00:00\",\"breadcrumb\":{\"@id\":\"https:\/\/bythemoon.eu\/en\/product\/top-mio-white\/#breadcrumb\"},\"inLanguage\":\"en-US\",\"potentialAction\":[{\"@type\":\"ReadAction\",\"target\":[\"https:\/\/bythemoon.eu\/en\/product\/top-mio-white\/\"]}]},{\"@type\":\"ImageObject\",\"inLanguage\":\"en-US\",\"@id\":\"https:\/\/bythemoon.eu\/en\/product\/top-mio-white\/#primaryimage\",\"url\":\"https:\/\/bythemoon.eu\/en\/wp-content\/uploads\/2025\/06\/top_Mio_bialy_2.jpg\",\"contentUrl\":\"https:\/\/bythemoon.eu\/en\/wp-content\/uploads\/2025\/06\/top_Mio_bialy_2.jpg\",\"width\":1000,\"height\":1400,\"caption\":\"bia\u0142y top damski, kimono, bez rekaw\u00f3w, bia\u0142 bluzka w serek, z delotem v, bawe\u0142na, polska marka\"},{\"@type\":\"BreadcrumbList\",\"@id\":\"https:\/\/bythemoon.eu\/en\/product\/top-mio-white\/#breadcrumb\",\"itemListElement\":[{\"@type\":\"ListItem\",\"position\":1,\"name\":\"Strona g\u0142\u00f3wna\",\"item\":\"https:\/\/bythemoon.eu\/en\/\"},{\"@type\":\"ListItem\",\"position\":2,\"name\":\"Shop\",\"item\":\"https:\/\/bythemoon.eu\/en\/shop\/\"},{\"@type\":\"ListItem\",\"position\":3,\"name\":\"top Mio white\"}]},{\"@type\":\"WebSite\",\"@id\":\"https:\/\/bythemoon.eu\/en\/#website\",\"url\":\"https:\/\/bythemoon.eu\/en\/\",\"name\":\"By The Moon EN\",\"description\":\"\",\"potentialAction\":[{\"@type\":\"SearchAction\",\"target\":{\"@type\":\"EntryPoint\",\"urlTemplate\":\"https:\/\/bythemoon.eu\/en\/?s={search_term_string}\"},\"query-input\":{\"@type\":\"PropertyValueSpecification\",\"valueRequired\":true,\"valueName\":\"search_term_string\"}}],\"inLanguage\":\"en-US\"}]}<\/script>\n<!-- \/ Yoast SEO plugin. -->","yoast_head_json":{"title":"top Mio white - By The Moon EN","robots":{"index":"index","follow":"follow","max-snippet":"max-snippet:-1","max-image-preview":"max-image-preview:large","max-video-preview":"max-video-preview:-1"},"canonical":"https:\/\/bythemoon.eu\/en\/product\/top-mio-white\/","og_locale":"en_US","og_type":"article","og_title":"top Mio white - By The Moon EN","og_description":"This top combines minimalist design with a relaxed, breathable silhouette. A deep V-neckline finished with a clean trim and side cut-outs lends it a modern, lightweight feel. The white color brings a sense of freshness and beautifully highlights sun-kissed skin. Timeless and versatile \u2014 a perfect piece for a capsule wardrobe. Pairs effortlessly with tailored [...]","og_url":"https:\/\/bythemoon.eu\/en\/product\/top-mio-white\/","og_site_name":"By The Moon EN","article_modified_time":"2025-11-14T13:17:01+00:00","og_image":[{"width":1000,"height":1400,"url":"https:\/\/bythemoon.eu\/en\/wp-content\/uploads\/2025\/06\/top_Mio_bialy_2.jpg","type":"image\/jpeg"}],"schema":{"@context":"https:\/\/schema.org","@graph":[{"@type":"WebPage","@id":"https:\/\/bythemoon.eu\/en\/product\/top-mio-white\/","url":"https:\/\/bythemoon.eu\/en\/product\/top-mio-white\/","name":"top Mio white - By The Moon EN","isPartOf":{"@id":"https:\/\/bythemoon.eu\/en\/#website"},"primaryImageOfPage":{"@id":"https:\/\/bythemoon.eu\/en\/product\/top-mio-white\/#primaryimage"},"image":{"@id":"https:\/\/bythemoon.eu\/en\/product\/top-mio-white\/#primaryimage"},"thumbnailUrl":"https:\/\/bythemoon.eu\/en\/wp-content\/uploads\/2025\/06\/top_Mio_bialy_2.jpg","datePublished":"2025-06-25T13:14:02+00:00","dateModified":"2025-11-14T13:17:01+00:00","breadcrumb":{"@id":"https:\/\/bythemoon.eu\/en\/product\/top-mio-white\/#breadcrumb"},"inLanguage":"en-US","potentialAction":[{"@type":"ReadAction","target":["https:\/\/bythemoon.eu\/en\/product\/top-mio-white\/"]}]},{"@type":"ImageObject","inLanguage":"en-US","@id":"https:\/\/bythemoon.eu\/en\/product\/top-mio-white\/#primaryimage","url":"https:\/\/bythemoon.eu\/en\/wp-content\/uploads\/2025\/06\/top_Mio_bialy_2.jpg","contentUrl":"https:\/\/bythemoon.eu\/en\/wp-content\/uploads\/2025\/06\/top_Mio_bialy_2.jpg","width":1000,"height":1400,"caption":"bia\u0142y top damski, kimono, bez rekaw\u00f3w, bia\u0142 bluzka w serek, z delotem v, bawe\u0142na, polska marka"},{"@type":"BreadcrumbList","@id":"https:\/\/bythemoon.eu\/en\/product\/top-mio-white\/#breadcrumb","itemListElement":[{"@type":"ListItem","position":1,"name":"Strona g\u0142\u00f3wna","item":"https:\/\/bythemoon.eu\/en\/"},{"@type":"ListItem","position":2,"name":"Shop","item":"https:\/\/bythemoon.eu\/en\/shop\/"},{"@type":"ListItem","position":3,"name":"top Mio white"}]},{"@type":"WebSite","@id":"https:\/\/bythemoon.eu\/en\/#website","url":"https:\/\/bythemoon.eu\/en\/","name":"By The Moon EN","description":"","potentialAction":[{"@type":"SearchAction","target":{"@type":"EntryPoint","urlTemplate":"https:\/\/bythemoon.eu\/en\/?s={search_term_string}"},"query-input":{"@type":"PropertyValueSpecification","valueRequired":true,"valueName":"search_term_string"}}],"inLanguage":"en-US"}]}},"_links":{"self":[{"href":"https:\/\/bythemoon.eu\/en\/wp-json\/wp\/v2\/product\/6631","targetHints":{"allow":["GET"]}}],"collection":[{"href":"https:\/\/bythemoon.eu\/en\/wp-json\/wp\/v2\/product"}],"about":[{"href":"https:\/\/bythemoon.eu\/en\/wp-json\/wp\/v2\/types\/product"}],"wp:featuredmedia":[{"embeddable":true,"href":"https:\/\/bythemoon.eu\/en\/wp-json\/wp\/v2\/media\/6632"}],"wp:attachment":[{"href":"https:\/\/bythemoon.eu\/en\/wp-json\/wp\/v2\/media?parent=6631"}],"wp:term":[{"taxonomy":"product_brand","embeddable":true,"href":"https:\/\/bythemoon.eu\/en\/wp-json\/wp\/v2\/product_brand?post=6631"},{"taxonomy":"product_cat","embeddable":true,"href":"https:\/\/bythemoon.eu\/en\/wp-json\/wp\/v2\/product_cat?post=6631"},{"taxonomy":"product_tag","embeddable":true,"href":"https:\/\/bythemoon.eu\/en\/wp-json\/wp\/v2\/product_tag?post=6631"}],"curies":[{"name":"wp","href":"https:\/\/api.w.org\/{rel}","templated":true}]}}