{"id":6621,"date":"2025-06-25T15:14:02","date_gmt":"2025-06-25T13:14:02","guid":{"rendered":"https:\/\/bythemoon.eu\/en\/produkt\/top-mio-black\/"},"modified":"2025-11-14T14:17:02","modified_gmt":"2025-11-14T13:17:02","slug":"top-mio-black","status":"publish","type":"product","link":"https:\/\/bythemoon.eu\/en\/product\/top-mio-black\/","title":{"rendered":"top Mio black"},"content":{"rendered":"<p>Damski top Mio black o minimalistycznej formie i swobodnym, przewiewnym kroju to esencja prostoty i komfortu. G\u0142\u0119boki dekolt V wyko\u0144czony plis\u0105 oraz wyra\u017ane wyci\u0119cia po bokach podkre\u015blaj\u0105 jego nowoczesny i uniwersalny charakter. Stanowi doskona\u0142\u0105 baz\u0119 w kapsu\u0142owej garderobie \u2014 \u015bwietnie komponuje si\u0119 zar\u00f3wno z klasycznymi spodniami garniturowymi, jak i sp\u00f3dnicami czy jeansami.<\/p>\n<p>&nbsp;<\/p>\n<p><strong>Wymiary w cm. <\/strong>(granica b\u0142\u0119du +\/- 1-2 cm)<\/p>\n<table style=\"height: 164px\" width=\"530\">\n<tbody>\n<tr>\n<td width=\"119\"><\/td>\n<td style=\"text-align: center\" width=\"64\"><strong>XS<\/strong><\/td>\n<td style=\"text-align: center\" width=\"64\"><strong>S<\/strong><\/td>\n<td style=\"text-align: center\" width=\"64\"><strong>M<\/strong><\/td>\n<td style=\"text-align: center\" width=\"64\"><strong>L<\/strong><\/td>\n<\/tr>\n<tr>\n<td style=\"text-align: center\">szeroko\u015b\u0107 w biu\u015bcie<\/td>\n<td style=\"text-align: center\">46<\/td>\n<td style=\"text-align: center\">49<\/td>\n<td style=\"text-align: center\">52<\/td>\n<td style=\"text-align: center\">55<\/td>\n<\/tr>\n<tr>\n<td style=\"text-align: center\">d\u0142ugo\u015b\u0107 od ramienia<\/td>\n<td style=\"text-align: center\">57<\/td>\n<td style=\"text-align: center\">58,5<\/td>\n<td style=\"text-align: center\">60<\/td>\n<td style=\"text-align: center\">61,5<\/td>\n<\/tr>\n<\/tbody>\n<\/table>\n<p>&nbsp;<\/p>\n","protected":false},"excerpt":{"rendered":"<p>Damski top Mio black o minimalistycznej formie i swobodnym, przewiewnym kroju to esencja prostoty i komfortu. G\u0142\u0119boki dekolt V wyko\u0144czony plis\u0105 oraz wyra\u017ane wyci\u0119cia po bokach podkre\u015blaj\u0105 jego nowoczesny i uniwersalny charakter. Stanowi doskona\u0142\u0105 baz\u0119 w kapsu\u0142owej garderobie \u2014 \u015bwietnie komponuje si\u0119 zar\u00f3wno z klasycznymi spodniami garniturowymi, jak i sp\u00f3dnicami czy jeansami. &nbsp; Wymiary w [&#8230;]\n","protected":false},"featured_media":6622,"template":"","meta":[],"product_brand":[],"product_cat":[23,21,55],"product_tag":[],"class_list":{"0":"post-6621","1":"product","2":"type-product","3":"status-publish","4":"has-post-thumbnail","6":"product_cat-blouses-longsleeves","7":"product_cat-btm-en","8":"product_cat-sale","10":"first","11":"instock","12":"sale","13":"taxable","14":"shipping-taxable","15":"purchasable","16":"product-type-variable"},"yoast_head":"<!-- This site is optimized with the Yoast SEO plugin v27.0 - https:\/\/yoast.com\/product\/yoast-seo-wordpress\/ -->\n<title>top Mio black - By The Moon EN<\/title>\n<meta name=\"robots\" content=\"index, follow, max-snippet:-1, max-image-preview:large, max-video-preview:-1\" \/>\n<link rel=\"canonical\" href=\"https:\/\/bythemoon.eu\/en\/product\/top-mio-black\/\" \/>\n<meta property=\"og:locale\" content=\"en_US\" \/>\n<meta property=\"og:type\" content=\"article\" \/>\n<meta property=\"og:title\" content=\"top Mio black - By The Moon EN\" \/>\n<meta property=\"og:description\" content=\"Damski top Mio black o minimalistycznej formie i swobodnym, przewiewnym kroju to esencja prostoty i komfortu. G\u0142\u0119boki dekolt V wyko\u0144czony plis\u0105 oraz wyra\u017ane wyci\u0119cia po bokach podkre\u015blaj\u0105 jego nowoczesny i uniwersalny charakter. Stanowi doskona\u0142\u0105 baz\u0119 w kapsu\u0142owej garderobie \u2014 \u015bwietnie komponuje si\u0119 zar\u00f3wno z klasycznymi spodniami garniturowymi, jak i sp\u00f3dnicami czy jeansami. &nbsp; Wymiary w [...]\" \/>\n<meta property=\"og:url\" content=\"https:\/\/bythemoon.eu\/en\/product\/top-mio-black\/\" \/>\n<meta property=\"og:site_name\" content=\"By The Moon EN\" \/>\n<meta property=\"article:modified_time\" content=\"2025-11-14T13:17:02+00:00\" \/>\n<meta property=\"og:image\" content=\"https:\/\/bythemoon.eu\/en\/wp-content\/uploads\/2025\/06\/top_Mio_black.jpg\" \/>\n\t<meta property=\"og:image:width\" content=\"1067\" \/>\n\t<meta property=\"og:image:height\" content=\"1600\" \/>\n\t<meta property=\"og:image:type\" content=\"image\/jpeg\" \/>\n<script type=\"application\/ld+json\" class=\"yoast-schema-graph\">{\"@context\":\"https:\/\/schema.org\",\"@graph\":[{\"@type\":\"WebPage\",\"@id\":\"https:\/\/bythemoon.eu\/en\/product\/top-mio-black\/\",\"url\":\"https:\/\/bythemoon.eu\/en\/product\/top-mio-black\/\",\"name\":\"top Mio black - By The Moon EN\",\"isPartOf\":{\"@id\":\"https:\/\/bythemoon.eu\/en\/#website\"},\"primaryImageOfPage\":{\"@id\":\"https:\/\/bythemoon.eu\/en\/product\/top-mio-black\/#primaryimage\"},\"image\":{\"@id\":\"https:\/\/bythemoon.eu\/en\/product\/top-mio-black\/#primaryimage\"},\"thumbnailUrl\":\"https:\/\/bythemoon.eu\/en\/wp-content\/uploads\/2025\/06\/top_Mio_black.jpg\",\"datePublished\":\"2025-06-25T13:14:02+00:00\",\"dateModified\":\"2025-11-14T13:17:02+00:00\",\"breadcrumb\":{\"@id\":\"https:\/\/bythemoon.eu\/en\/product\/top-mio-black\/#breadcrumb\"},\"inLanguage\":\"en-US\",\"potentialAction\":[{\"@type\":\"ReadAction\",\"target\":[\"https:\/\/bythemoon.eu\/en\/product\/top-mio-black\/\"]}]},{\"@type\":\"ImageObject\",\"inLanguage\":\"en-US\",\"@id\":\"https:\/\/bythemoon.eu\/en\/product\/top-mio-black\/#primaryimage\",\"url\":\"https:\/\/bythemoon.eu\/en\/wp-content\/uploads\/2025\/06\/top_Mio_black.jpg\",\"contentUrl\":\"https:\/\/bythemoon.eu\/en\/wp-content\/uploads\/2025\/06\/top_Mio_black.jpg\",\"width\":1067,\"height\":1600,\"caption\":\"czarny damski top w serek, z dekoltem, na lato, dzianinowy, Mio, , bawe\u0142niany, by the moon\"},{\"@type\":\"BreadcrumbList\",\"@id\":\"https:\/\/bythemoon.eu\/en\/product\/top-mio-black\/#breadcrumb\",\"itemListElement\":[{\"@type\":\"ListItem\",\"position\":1,\"name\":\"Strona g\u0142\u00f3wna\",\"item\":\"https:\/\/bythemoon.eu\/en\/\"},{\"@type\":\"ListItem\",\"position\":2,\"name\":\"Shop\",\"item\":\"https:\/\/bythemoon.eu\/en\/shop\/\"},{\"@type\":\"ListItem\",\"position\":3,\"name\":\"top Mio black\"}]},{\"@type\":\"WebSite\",\"@id\":\"https:\/\/bythemoon.eu\/en\/#website\",\"url\":\"https:\/\/bythemoon.eu\/en\/\",\"name\":\"By The Moon EN\",\"description\":\"\",\"potentialAction\":[{\"@type\":\"SearchAction\",\"target\":{\"@type\":\"EntryPoint\",\"urlTemplate\":\"https:\/\/bythemoon.eu\/en\/?s={search_term_string}\"},\"query-input\":{\"@type\":\"PropertyValueSpecification\",\"valueRequired\":true,\"valueName\":\"search_term_string\"}}],\"inLanguage\":\"en-US\"}]}<\/script>\n<!-- \/ Yoast SEO plugin. -->","yoast_head_json":{"title":"top Mio black - By The Moon EN","robots":{"index":"index","follow":"follow","max-snippet":"max-snippet:-1","max-image-preview":"max-image-preview:large","max-video-preview":"max-video-preview:-1"},"canonical":"https:\/\/bythemoon.eu\/en\/product\/top-mio-black\/","og_locale":"en_US","og_type":"article","og_title":"top Mio black - By The Moon EN","og_description":"Damski top Mio black o minimalistycznej formie i swobodnym, przewiewnym kroju to esencja prostoty i komfortu. G\u0142\u0119boki dekolt V wyko\u0144czony plis\u0105 oraz wyra\u017ane wyci\u0119cia po bokach podkre\u015blaj\u0105 jego nowoczesny i uniwersalny charakter. Stanowi doskona\u0142\u0105 baz\u0119 w kapsu\u0142owej garderobie \u2014 \u015bwietnie komponuje si\u0119 zar\u00f3wno z klasycznymi spodniami garniturowymi, jak i sp\u00f3dnicami czy jeansami. &nbsp; Wymiary w [...]","og_url":"https:\/\/bythemoon.eu\/en\/product\/top-mio-black\/","og_site_name":"By The Moon EN","article_modified_time":"2025-11-14T13:17:02+00:00","og_image":[{"width":1067,"height":1600,"url":"https:\/\/bythemoon.eu\/en\/wp-content\/uploads\/2025\/06\/top_Mio_black.jpg","type":"image\/jpeg"}],"schema":{"@context":"https:\/\/schema.org","@graph":[{"@type":"WebPage","@id":"https:\/\/bythemoon.eu\/en\/product\/top-mio-black\/","url":"https:\/\/bythemoon.eu\/en\/product\/top-mio-black\/","name":"top Mio black - By The Moon EN","isPartOf":{"@id":"https:\/\/bythemoon.eu\/en\/#website"},"primaryImageOfPage":{"@id":"https:\/\/bythemoon.eu\/en\/product\/top-mio-black\/#primaryimage"},"image":{"@id":"https:\/\/bythemoon.eu\/en\/product\/top-mio-black\/#primaryimage"},"thumbnailUrl":"https:\/\/bythemoon.eu\/en\/wp-content\/uploads\/2025\/06\/top_Mio_black.jpg","datePublished":"2025-06-25T13:14:02+00:00","dateModified":"2025-11-14T13:17:02+00:00","breadcrumb":{"@id":"https:\/\/bythemoon.eu\/en\/product\/top-mio-black\/#breadcrumb"},"inLanguage":"en-US","potentialAction":[{"@type":"ReadAction","target":["https:\/\/bythemoon.eu\/en\/product\/top-mio-black\/"]}]},{"@type":"ImageObject","inLanguage":"en-US","@id":"https:\/\/bythemoon.eu\/en\/product\/top-mio-black\/#primaryimage","url":"https:\/\/bythemoon.eu\/en\/wp-content\/uploads\/2025\/06\/top_Mio_black.jpg","contentUrl":"https:\/\/bythemoon.eu\/en\/wp-content\/uploads\/2025\/06\/top_Mio_black.jpg","width":1067,"height":1600,"caption":"czarny damski top w serek, z dekoltem, na lato, dzianinowy, Mio, , bawe\u0142niany, by the moon"},{"@type":"BreadcrumbList","@id":"https:\/\/bythemoon.eu\/en\/product\/top-mio-black\/#breadcrumb","itemListElement":[{"@type":"ListItem","position":1,"name":"Strona g\u0142\u00f3wna","item":"https:\/\/bythemoon.eu\/en\/"},{"@type":"ListItem","position":2,"name":"Shop","item":"https:\/\/bythemoon.eu\/en\/shop\/"},{"@type":"ListItem","position":3,"name":"top Mio black"}]},{"@type":"WebSite","@id":"https:\/\/bythemoon.eu\/en\/#website","url":"https:\/\/bythemoon.eu\/en\/","name":"By The Moon EN","description":"","potentialAction":[{"@type":"SearchAction","target":{"@type":"EntryPoint","urlTemplate":"https:\/\/bythemoon.eu\/en\/?s={search_term_string}"},"query-input":{"@type":"PropertyValueSpecification","valueRequired":true,"valueName":"search_term_string"}}],"inLanguage":"en-US"}]}},"_links":{"self":[{"href":"https:\/\/bythemoon.eu\/en\/wp-json\/wp\/v2\/product\/6621","targetHints":{"allow":["GET"]}}],"collection":[{"href":"https:\/\/bythemoon.eu\/en\/wp-json\/wp\/v2\/product"}],"about":[{"href":"https:\/\/bythemoon.eu\/en\/wp-json\/wp\/v2\/types\/product"}],"wp:featuredmedia":[{"embeddable":true,"href":"https:\/\/bythemoon.eu\/en\/wp-json\/wp\/v2\/media\/6622"}],"wp:attachment":[{"href":"https:\/\/bythemoon.eu\/en\/wp-json\/wp\/v2\/media?parent=6621"}],"wp:term":[{"taxonomy":"product_brand","embeddable":true,"href":"https:\/\/bythemoon.eu\/en\/wp-json\/wp\/v2\/product_brand?post=6621"},{"taxonomy":"product_cat","embeddable":true,"href":"https:\/\/bythemoon.eu\/en\/wp-json\/wp\/v2\/product_cat?post=6621"},{"taxonomy":"product_tag","embeddable":true,"href":"https:\/\/bythemoon.eu\/en\/wp-json\/wp\/v2\/product_tag?post=6621"}],"curies":[{"name":"wp","href":"https:\/\/api.w.org\/{rel}","templated":true}]}}