{"id":6592,"date":"2025-06-25T15:13:57","date_gmt":"2025-06-25T13:13:57","guid":{"rendered":"https:\/\/bythemoon.eu\/en\/produkt\/top-relax-harmony\/"},"modified":"2025-11-14T14:17:03","modified_gmt":"2025-11-14T13:17:03","slug":"top-relax-harmony","status":"publish","type":"product","link":"https:\/\/bythemoon.eu\/en\/product\/top-relax-harmony\/","title":{"rendered":"top Relax harmony"},"content":{"rendered":"<p>Bezr\u0119kawnik damski Harmony to idealny wyb\u00f3r, gdy doceniasz harmoni\u0119 i spok\u00f3j. Wykonany z mi\u0119kkiej i cienkiej dzianiny drapanej z delikatnym, cienkim meszkiem od wewn\u0119trznej strony. W odcieniu szarego melan\u017cu, z wyhaftowanym napisem &#8220;harmony&#8221; w subtelnym fioletowym kolorze. Ten top emanuje spokojem i r\u00f3wnowag\u0105. Jego oversize&#8217;owy kr\u00f3j oraz sportowy charakter zapewniaj\u0105 pe\u0142n\u0105 swobod\u0119 ruch\u00f3w i komfort. To model, kt\u00f3ry przypomina nam, by d\u0105\u017cy\u0107 do wewn\u0119trznej harmonii. Sprawdzi si\u0119 zar\u00f3wno podczas relaksu, jak i aktywno\u015bci na \u015bwie\u017cym powietrzu. Doskonale komponuje si\u0119 z szarymi lu\u017anymi spodniami dresowymi Relax grey, tworz\u0105c idealny zestaw na chwile spokoju w zgodzie ze sob\u0105.<\/p>\n<p>&nbsp;<\/p>\n<p><strong>Wymiary bluzy w cm. <\/strong>(+\/- 1-2 cm granica b\u0142\u0119du)<\/p>\n<table width=\"521\">\n<tbody>\n<tr>\n<td width=\"143\"><\/td>\n<td style=\"text-align: center\" width=\"64\"><strong>XS<\/strong><\/td>\n<td style=\"text-align: center\" width=\"64\"><strong>S<\/strong><\/td>\n<td style=\"text-align: center\" width=\"64\"><strong>M<\/strong><\/td>\n<td style=\"text-align: center\" width=\"64\"><strong>L<\/strong><\/td>\n<\/tr>\n<tr>\n<td>szeroko\u015b\u0107 w biu\u015bcie<\/td>\n<td style=\"text-align: center\">56<\/td>\n<td style=\"text-align: center\">59<\/td>\n<td style=\"text-align: center\">62<\/td>\n<td style=\"text-align: center\">65<\/td>\n<\/tr>\n<tr>\n<td style=\"text-align: left\">d\u0142ugo\u015b\u0107 od ramienia przy dekolcie<\/td>\n<td style=\"text-align: center\">55<\/td>\n<td style=\"text-align: center\">57<\/td>\n<td style=\"text-align: center\">59<\/td>\n<td style=\"text-align: center\">61<\/td>\n<\/tr>\n<\/tbody>\n<\/table>\n","protected":false},"excerpt":{"rendered":"<p>Bezr\u0119kawnik damski Harmony to idealny wyb\u00f3r, gdy doceniasz harmoni\u0119 i spok\u00f3j. Wykonany z mi\u0119kkiej i cienkiej dzianiny drapanej z delikatnym, cienkim meszkiem od wewn\u0119trznej strony. W odcieniu szarego melan\u017cu, z wyhaftowanym napisem &#8220;harmony&#8221; w subtelnym fioletowym kolorze. Ten top emanuje spokojem i r\u00f3wnowag\u0105. Jego oversize&#8217;owy kr\u00f3j oraz sportowy charakter zapewniaj\u0105 pe\u0142n\u0105 swobod\u0119 ruch\u00f3w i komfort. [&#8230;]\n","protected":false},"featured_media":6593,"template":"","meta":[],"product_brand":[],"product_cat":[21,52,54],"product_tag":[],"class_list":{"0":"post-6592","1":"product","2":"type-product","3":"status-publish","4":"has-post-thumbnail","6":"product_cat-btm-en","7":"product_cat-sweatshirts","8":"product_cat-weekend-capsule","10":"first","11":"instock","12":"sale","13":"taxable","14":"shipping-taxable","15":"purchasable","16":"product-type-variable"},"yoast_head":"<!-- This site is optimized with the Yoast SEO plugin v27.0 - https:\/\/yoast.com\/product\/yoast-seo-wordpress\/ -->\n<title>top Relax harmony - By The Moon EN<\/title>\n<meta name=\"robots\" content=\"index, follow, max-snippet:-1, max-image-preview:large, max-video-preview:-1\" \/>\n<link rel=\"canonical\" href=\"https:\/\/bythemoon.eu\/en\/product\/top-relax-harmony\/\" \/>\n<meta property=\"og:locale\" content=\"en_US\" \/>\n<meta property=\"og:type\" content=\"article\" \/>\n<meta property=\"og:title\" content=\"top Relax harmony - By The Moon EN\" \/>\n<meta property=\"og:description\" content=\"Bezr\u0119kawnik damski Harmony to idealny wyb\u00f3r, gdy doceniasz harmoni\u0119 i spok\u00f3j. Wykonany z mi\u0119kkiej i cienkiej dzianiny drapanej z delikatnym, cienkim meszkiem od wewn\u0119trznej strony. W odcieniu szarego melan\u017cu, z wyhaftowanym napisem &#8220;harmony&#8221; w subtelnym fioletowym kolorze. Ten top emanuje spokojem i r\u00f3wnowag\u0105. Jego oversize&#8217;owy kr\u00f3j oraz sportowy charakter zapewniaj\u0105 pe\u0142n\u0105 swobod\u0119 ruch\u00f3w i komfort. [...]\" \/>\n<meta property=\"og:url\" content=\"https:\/\/bythemoon.eu\/en\/product\/top-relax-harmony\/\" \/>\n<meta property=\"og:site_name\" content=\"By The Moon EN\" \/>\n<meta property=\"article:modified_time\" content=\"2025-11-14T13:17:03+00:00\" \/>\n<meta property=\"og:image\" content=\"https:\/\/bythemoon.eu\/en\/wp-content\/uploads\/2025\/06\/bezrekawnik_harmony.jpg.jpeg\" \/>\n\t<meta property=\"og:image:width\" content=\"914\" \/>\n\t<meta property=\"og:image:height\" content=\"1280\" \/>\n\t<meta property=\"og:image:type\" content=\"image\/jpeg\" \/>\n<script type=\"application\/ld+json\" class=\"yoast-schema-graph\">{\"@context\":\"https:\/\/schema.org\",\"@graph\":[{\"@type\":\"WebPage\",\"@id\":\"https:\/\/bythemoon.eu\/en\/product\/top-relax-harmony\/\",\"url\":\"https:\/\/bythemoon.eu\/en\/product\/top-relax-harmony\/\",\"name\":\"top Relax harmony - By The Moon EN\",\"isPartOf\":{\"@id\":\"https:\/\/bythemoon.eu\/en\/#website\"},\"primaryImageOfPage\":{\"@id\":\"https:\/\/bythemoon.eu\/en\/product\/top-relax-harmony\/#primaryimage\"},\"image\":{\"@id\":\"https:\/\/bythemoon.eu\/en\/product\/top-relax-harmony\/#primaryimage\"},\"thumbnailUrl\":\"https:\/\/bythemoon.eu\/en\/wp-content\/uploads\/2025\/06\/bezrekawnik_harmony.jpg.jpeg\",\"datePublished\":\"2025-06-25T13:13:57+00:00\",\"dateModified\":\"2025-11-14T13:17:03+00:00\",\"breadcrumb\":{\"@id\":\"https:\/\/bythemoon.eu\/en\/product\/top-relax-harmony\/#breadcrumb\"},\"inLanguage\":\"en-US\",\"potentialAction\":[{\"@type\":\"ReadAction\",\"target\":[\"https:\/\/bythemoon.eu\/en\/product\/top-relax-harmony\/\"]}]},{\"@type\":\"ImageObject\",\"inLanguage\":\"en-US\",\"@id\":\"https:\/\/bythemoon.eu\/en\/product\/top-relax-harmony\/#primaryimage\",\"url\":\"https:\/\/bythemoon.eu\/en\/wp-content\/uploads\/2025\/06\/bezrekawnik_harmony.jpg.jpeg\",\"contentUrl\":\"https:\/\/bythemoon.eu\/en\/wp-content\/uploads\/2025\/06\/bezrekawnik_harmony.jpg.jpeg\",\"width\":914,\"height\":1280,\"caption\":\"szary top bezr\u0119kawnik z haftem Harmony, harmonia, melange, melan\u017cowy, bez r\u0119kaw\u00f3w bluza, dzianinowy, bawe\u0142na\"},{\"@type\":\"BreadcrumbList\",\"@id\":\"https:\/\/bythemoon.eu\/en\/product\/top-relax-harmony\/#breadcrumb\",\"itemListElement\":[{\"@type\":\"ListItem\",\"position\":1,\"name\":\"Strona g\u0142\u00f3wna\",\"item\":\"https:\/\/bythemoon.eu\/en\/\"},{\"@type\":\"ListItem\",\"position\":2,\"name\":\"Shop\",\"item\":\"https:\/\/bythemoon.eu\/en\/shop\/\"},{\"@type\":\"ListItem\",\"position\":3,\"name\":\"top Relax harmony\"}]},{\"@type\":\"WebSite\",\"@id\":\"https:\/\/bythemoon.eu\/en\/#website\",\"url\":\"https:\/\/bythemoon.eu\/en\/\",\"name\":\"By The Moon EN\",\"description\":\"\",\"potentialAction\":[{\"@type\":\"SearchAction\",\"target\":{\"@type\":\"EntryPoint\",\"urlTemplate\":\"https:\/\/bythemoon.eu\/en\/?s={search_term_string}\"},\"query-input\":{\"@type\":\"PropertyValueSpecification\",\"valueRequired\":true,\"valueName\":\"search_term_string\"}}],\"inLanguage\":\"en-US\"}]}<\/script>\n<!-- \/ Yoast SEO plugin. -->","yoast_head_json":{"title":"top Relax harmony - By The Moon EN","robots":{"index":"index","follow":"follow","max-snippet":"max-snippet:-1","max-image-preview":"max-image-preview:large","max-video-preview":"max-video-preview:-1"},"canonical":"https:\/\/bythemoon.eu\/en\/product\/top-relax-harmony\/","og_locale":"en_US","og_type":"article","og_title":"top Relax harmony - By The Moon EN","og_description":"Bezr\u0119kawnik damski Harmony to idealny wyb\u00f3r, gdy doceniasz harmoni\u0119 i spok\u00f3j. Wykonany z mi\u0119kkiej i cienkiej dzianiny drapanej z delikatnym, cienkim meszkiem od wewn\u0119trznej strony. W odcieniu szarego melan\u017cu, z wyhaftowanym napisem &#8220;harmony&#8221; w subtelnym fioletowym kolorze. Ten top emanuje spokojem i r\u00f3wnowag\u0105. Jego oversize&#8217;owy kr\u00f3j oraz sportowy charakter zapewniaj\u0105 pe\u0142n\u0105 swobod\u0119 ruch\u00f3w i komfort. [...]","og_url":"https:\/\/bythemoon.eu\/en\/product\/top-relax-harmony\/","og_site_name":"By The Moon EN","article_modified_time":"2025-11-14T13:17:03+00:00","og_image":[{"width":914,"height":1280,"url":"https:\/\/bythemoon.eu\/en\/wp-content\/uploads\/2025\/06\/bezrekawnik_harmony.jpg.jpeg","type":"image\/jpeg"}],"schema":{"@context":"https:\/\/schema.org","@graph":[{"@type":"WebPage","@id":"https:\/\/bythemoon.eu\/en\/product\/top-relax-harmony\/","url":"https:\/\/bythemoon.eu\/en\/product\/top-relax-harmony\/","name":"top Relax harmony - By The Moon EN","isPartOf":{"@id":"https:\/\/bythemoon.eu\/en\/#website"},"primaryImageOfPage":{"@id":"https:\/\/bythemoon.eu\/en\/product\/top-relax-harmony\/#primaryimage"},"image":{"@id":"https:\/\/bythemoon.eu\/en\/product\/top-relax-harmony\/#primaryimage"},"thumbnailUrl":"https:\/\/bythemoon.eu\/en\/wp-content\/uploads\/2025\/06\/bezrekawnik_harmony.jpg.jpeg","datePublished":"2025-06-25T13:13:57+00:00","dateModified":"2025-11-14T13:17:03+00:00","breadcrumb":{"@id":"https:\/\/bythemoon.eu\/en\/product\/top-relax-harmony\/#breadcrumb"},"inLanguage":"en-US","potentialAction":[{"@type":"ReadAction","target":["https:\/\/bythemoon.eu\/en\/product\/top-relax-harmony\/"]}]},{"@type":"ImageObject","inLanguage":"en-US","@id":"https:\/\/bythemoon.eu\/en\/product\/top-relax-harmony\/#primaryimage","url":"https:\/\/bythemoon.eu\/en\/wp-content\/uploads\/2025\/06\/bezrekawnik_harmony.jpg.jpeg","contentUrl":"https:\/\/bythemoon.eu\/en\/wp-content\/uploads\/2025\/06\/bezrekawnik_harmony.jpg.jpeg","width":914,"height":1280,"caption":"szary top bezr\u0119kawnik z haftem Harmony, harmonia, melange, melan\u017cowy, bez r\u0119kaw\u00f3w bluza, dzianinowy, bawe\u0142na"},{"@type":"BreadcrumbList","@id":"https:\/\/bythemoon.eu\/en\/product\/top-relax-harmony\/#breadcrumb","itemListElement":[{"@type":"ListItem","position":1,"name":"Strona g\u0142\u00f3wna","item":"https:\/\/bythemoon.eu\/en\/"},{"@type":"ListItem","position":2,"name":"Shop","item":"https:\/\/bythemoon.eu\/en\/shop\/"},{"@type":"ListItem","position":3,"name":"top Relax harmony"}]},{"@type":"WebSite","@id":"https:\/\/bythemoon.eu\/en\/#website","url":"https:\/\/bythemoon.eu\/en\/","name":"By The Moon EN","description":"","potentialAction":[{"@type":"SearchAction","target":{"@type":"EntryPoint","urlTemplate":"https:\/\/bythemoon.eu\/en\/?s={search_term_string}"},"query-input":{"@type":"PropertyValueSpecification","valueRequired":true,"valueName":"search_term_string"}}],"inLanguage":"en-US"}]}},"_links":{"self":[{"href":"https:\/\/bythemoon.eu\/en\/wp-json\/wp\/v2\/product\/6592","targetHints":{"allow":["GET"]}}],"collection":[{"href":"https:\/\/bythemoon.eu\/en\/wp-json\/wp\/v2\/product"}],"about":[{"href":"https:\/\/bythemoon.eu\/en\/wp-json\/wp\/v2\/types\/product"}],"wp:featuredmedia":[{"embeddable":true,"href":"https:\/\/bythemoon.eu\/en\/wp-json\/wp\/v2\/media\/6593"}],"wp:attachment":[{"href":"https:\/\/bythemoon.eu\/en\/wp-json\/wp\/v2\/media?parent=6592"}],"wp:term":[{"taxonomy":"product_brand","embeddable":true,"href":"https:\/\/bythemoon.eu\/en\/wp-json\/wp\/v2\/product_brand?post=6592"},{"taxonomy":"product_cat","embeddable":true,"href":"https:\/\/bythemoon.eu\/en\/wp-json\/wp\/v2\/product_cat?post=6592"},{"taxonomy":"product_tag","embeddable":true,"href":"https:\/\/bythemoon.eu\/en\/wp-json\/wp\/v2\/product_tag?post=6592"}],"curies":[{"name":"wp","href":"https:\/\/api.w.org\/{rel}","templated":true}]}}