{"id":6584,"date":"2025-06-25T15:13:53","date_gmt":"2025-06-25T13:13:53","guid":{"rendered":"https:\/\/bythemoon.eu\/en\/produkt\/top-relax-yoga\/"},"modified":"2025-11-14T14:17:04","modified_gmt":"2025-11-14T13:17:04","slug":"top-relax-yoga","status":"publish","type":"product","link":"https:\/\/bythemoon.eu\/en\/product\/top-relax-yoga\/","title":{"rendered":"top Relax yoga"},"content":{"rendered":"<p>Bezr\u0119kawnik damski Yoga to esencja swobodnego stylu i dobrostanu \u2013 idealny na porann\u0105 praktyk\u0119 jogi, spacer po pla\u017cy, czy po prostu na dobry czas z sam\u0105 sob\u0105. Wykonany z przyjemnej w dotyku cienkiej dzianiny, w jasnym odcieniu szaro\u015bci, z haftowanym napisem <em>yoga<\/em>. Dzianina jest cienka, drapana, od wewn\u0105trz posiada delikatny, cienki meszek. Oversize\u2019owy kr\u00f3j zapewnia maksymaln\u0105 wygod\u0119 i komfort, a surowe wyko\u0144czenia raglanowych r\u0119kawk\u00f3w podkre\u015blaj\u0105 jego lu\u017any, sportowy charakter. Idealny do noszenia z kostiumem k\u0105pielowym, legginsami czy lu\u017anymi spodniami Relax grey, uszytymi z tej samej dzianiny. Poczuj wewn\u0119trzny spok\u00f3j i pozw\u00f3l sobie na chwil\u0119 oddechu.<\/p>\n<p>&nbsp;<\/p>\n<p><strong>Wymiary bluzy w cm. <\/strong>(+\/- 1-2 cm granica b\u0142\u0119du)<\/p>\n<table width=\"521\">\n<tbody>\n<tr>\n<td width=\"143\"><\/td>\n<td style=\"text-align: center\" width=\"64\"><strong>XS<\/strong><\/td>\n<td style=\"text-align: center\" width=\"64\"><strong>S<\/strong><\/td>\n<td style=\"text-align: center\" width=\"64\"><strong>M<\/strong><\/td>\n<td style=\"text-align: center\" width=\"64\"><strong>L<\/strong><\/td>\n<\/tr>\n<tr>\n<td>szeroko\u015b\u0107 w biu\u015bcie<\/td>\n<td style=\"text-align: center\">56<\/td>\n<td style=\"text-align: center\">59<\/td>\n<td style=\"text-align: center\">62<\/td>\n<td style=\"text-align: center\">65<\/td>\n<\/tr>\n<tr>\n<td style=\"text-align: left\">d\u0142ugo\u015b\u0107 od ramienia przy dekolcie<\/td>\n<td style=\"text-align: center\">55<\/td>\n<td style=\"text-align: center\">57<\/td>\n<td style=\"text-align: center\">59<\/td>\n<td style=\"text-align: center\">61<\/td>\n<\/tr>\n<\/tbody>\n<\/table>\n","protected":false},"excerpt":{"rendered":"<p>Bezr\u0119kawnik damski Yoga to esencja swobodnego stylu i dobrostanu \u2013 idealny na porann\u0105 praktyk\u0119 jogi, spacer po pla\u017cy, czy po prostu na dobry czas z sam\u0105 sob\u0105. Wykonany z przyjemnej w dotyku cienkiej dzianiny, w jasnym odcieniu szaro\u015bci, z haftowanym napisem yoga. Dzianina jest cienka, drapana, od wewn\u0105trz posiada delikatny, cienki meszek. Oversize\u2019owy kr\u00f3j zapewnia [&#8230;]\n","protected":false},"featured_media":6561,"template":"","meta":[],"product_brand":[],"product_cat":[21,52,54],"product_tag":[],"class_list":{"0":"post-6584","1":"product","2":"type-product","3":"status-publish","4":"has-post-thumbnail","6":"product_cat-btm-en","7":"product_cat-sweatshirts","8":"product_cat-weekend-capsule","10":"first","11":"instock","12":"taxable","13":"shipping-taxable","14":"purchasable","15":"product-type-variable"},"yoast_head":"<!-- This site is optimized with the Yoast SEO plugin v27.0 - https:\/\/yoast.com\/product\/yoast-seo-wordpress\/ -->\n<title>top Relax yoga - By The Moon EN<\/title>\n<meta name=\"robots\" content=\"index, follow, max-snippet:-1, max-image-preview:large, max-video-preview:-1\" \/>\n<link rel=\"canonical\" href=\"https:\/\/bythemoon.eu\/en\/product\/top-relax-yoga\/\" \/>\n<meta property=\"og:locale\" content=\"en_US\" \/>\n<meta property=\"og:type\" content=\"article\" \/>\n<meta property=\"og:title\" content=\"top Relax yoga - By The Moon EN\" \/>\n<meta property=\"og:description\" content=\"Bezr\u0119kawnik damski Yoga to esencja swobodnego stylu i dobrostanu \u2013 idealny na porann\u0105 praktyk\u0119 jogi, spacer po pla\u017cy, czy po prostu na dobry czas z sam\u0105 sob\u0105. Wykonany z przyjemnej w dotyku cienkiej dzianiny, w jasnym odcieniu szaro\u015bci, z haftowanym napisem yoga. Dzianina jest cienka, drapana, od wewn\u0105trz posiada delikatny, cienki meszek. Oversize\u2019owy kr\u00f3j zapewnia [...]\" \/>\n<meta property=\"og:url\" content=\"https:\/\/bythemoon.eu\/en\/product\/top-relax-yoga\/\" \/>\n<meta property=\"og:site_name\" content=\"By The Moon EN\" \/>\n<meta property=\"article:modified_time\" content=\"2025-11-14T13:17:04+00:00\" \/>\n<meta property=\"og:image\" content=\"https:\/\/bythemoon.eu\/en\/wp-content\/uploads\/2025\/06\/bezrekawnik_yoga_2_.jpg\" \/>\n\t<meta property=\"og:image:width\" content=\"1000\" \/>\n\t<meta property=\"og:image:height\" content=\"1400\" \/>\n\t<meta property=\"og:image:type\" content=\"image\/jpeg\" \/>\n<script type=\"application\/ld+json\" class=\"yoast-schema-graph\">{\"@context\":\"https:\/\/schema.org\",\"@graph\":[{\"@type\":\"WebPage\",\"@id\":\"https:\/\/bythemoon.eu\/en\/product\/top-relax-yoga\/\",\"url\":\"https:\/\/bythemoon.eu\/en\/product\/top-relax-yoga\/\",\"name\":\"top Relax yoga - By The Moon EN\",\"isPartOf\":{\"@id\":\"https:\/\/bythemoon.eu\/en\/#website\"},\"primaryImageOfPage\":{\"@id\":\"https:\/\/bythemoon.eu\/en\/product\/top-relax-yoga\/#primaryimage\"},\"image\":{\"@id\":\"https:\/\/bythemoon.eu\/en\/product\/top-relax-yoga\/#primaryimage\"},\"thumbnailUrl\":\"https:\/\/bythemoon.eu\/en\/wp-content\/uploads\/2025\/06\/bezrekawnik_yoga_2_.jpg\",\"datePublished\":\"2025-06-25T13:13:53+00:00\",\"dateModified\":\"2025-11-14T13:17:04+00:00\",\"breadcrumb\":{\"@id\":\"https:\/\/bythemoon.eu\/en\/product\/top-relax-yoga\/#breadcrumb\"},\"inLanguage\":\"en-US\",\"potentialAction\":[{\"@type\":\"ReadAction\",\"target\":[\"https:\/\/bythemoon.eu\/en\/product\/top-relax-yoga\/\"]}]},{\"@type\":\"ImageObject\",\"inLanguage\":\"en-US\",\"@id\":\"https:\/\/bythemoon.eu\/en\/product\/top-relax-yoga\/#primaryimage\",\"url\":\"https:\/\/bythemoon.eu\/en\/wp-content\/uploads\/2025\/06\/bezrekawnik_yoga_2_.jpg\",\"contentUrl\":\"https:\/\/bythemoon.eu\/en\/wp-content\/uploads\/2025\/06\/bezrekawnik_yoga_2_.jpg\",\"width\":1000,\"height\":1400,\"caption\":\"szary top damski, bezr\u0119kawnik, dzianinowy, bawe\u0142na, melange, melan\u017c, z haftem yoga, na jog\u0119, casual, sportowy, na wakacje, by the moon\"},{\"@type\":\"BreadcrumbList\",\"@id\":\"https:\/\/bythemoon.eu\/en\/product\/top-relax-yoga\/#breadcrumb\",\"itemListElement\":[{\"@type\":\"ListItem\",\"position\":1,\"name\":\"Strona g\u0142\u00f3wna\",\"item\":\"https:\/\/bythemoon.eu\/en\/\"},{\"@type\":\"ListItem\",\"position\":2,\"name\":\"Shop\",\"item\":\"https:\/\/bythemoon.eu\/en\/shop\/\"},{\"@type\":\"ListItem\",\"position\":3,\"name\":\"top Relax yoga\"}]},{\"@type\":\"WebSite\",\"@id\":\"https:\/\/bythemoon.eu\/en\/#website\",\"url\":\"https:\/\/bythemoon.eu\/en\/\",\"name\":\"By The Moon EN\",\"description\":\"\",\"potentialAction\":[{\"@type\":\"SearchAction\",\"target\":{\"@type\":\"EntryPoint\",\"urlTemplate\":\"https:\/\/bythemoon.eu\/en\/?s={search_term_string}\"},\"query-input\":{\"@type\":\"PropertyValueSpecification\",\"valueRequired\":true,\"valueName\":\"search_term_string\"}}],\"inLanguage\":\"en-US\"}]}<\/script>\n<!-- \/ Yoast SEO plugin. -->","yoast_head_json":{"title":"top Relax yoga - By The Moon EN","robots":{"index":"index","follow":"follow","max-snippet":"max-snippet:-1","max-image-preview":"max-image-preview:large","max-video-preview":"max-video-preview:-1"},"canonical":"https:\/\/bythemoon.eu\/en\/product\/top-relax-yoga\/","og_locale":"en_US","og_type":"article","og_title":"top Relax yoga - By The Moon EN","og_description":"Bezr\u0119kawnik damski Yoga to esencja swobodnego stylu i dobrostanu \u2013 idealny na porann\u0105 praktyk\u0119 jogi, spacer po pla\u017cy, czy po prostu na dobry czas z sam\u0105 sob\u0105. Wykonany z przyjemnej w dotyku cienkiej dzianiny, w jasnym odcieniu szaro\u015bci, z haftowanym napisem yoga. Dzianina jest cienka, drapana, od wewn\u0105trz posiada delikatny, cienki meszek. Oversize\u2019owy kr\u00f3j zapewnia [...]","og_url":"https:\/\/bythemoon.eu\/en\/product\/top-relax-yoga\/","og_site_name":"By The Moon EN","article_modified_time":"2025-11-14T13:17:04+00:00","og_image":[{"width":1000,"height":1400,"url":"https:\/\/bythemoon.eu\/en\/wp-content\/uploads\/2025\/06\/bezrekawnik_yoga_2_.jpg","type":"image\/jpeg"}],"schema":{"@context":"https:\/\/schema.org","@graph":[{"@type":"WebPage","@id":"https:\/\/bythemoon.eu\/en\/product\/top-relax-yoga\/","url":"https:\/\/bythemoon.eu\/en\/product\/top-relax-yoga\/","name":"top Relax yoga - By The Moon EN","isPartOf":{"@id":"https:\/\/bythemoon.eu\/en\/#website"},"primaryImageOfPage":{"@id":"https:\/\/bythemoon.eu\/en\/product\/top-relax-yoga\/#primaryimage"},"image":{"@id":"https:\/\/bythemoon.eu\/en\/product\/top-relax-yoga\/#primaryimage"},"thumbnailUrl":"https:\/\/bythemoon.eu\/en\/wp-content\/uploads\/2025\/06\/bezrekawnik_yoga_2_.jpg","datePublished":"2025-06-25T13:13:53+00:00","dateModified":"2025-11-14T13:17:04+00:00","breadcrumb":{"@id":"https:\/\/bythemoon.eu\/en\/product\/top-relax-yoga\/#breadcrumb"},"inLanguage":"en-US","potentialAction":[{"@type":"ReadAction","target":["https:\/\/bythemoon.eu\/en\/product\/top-relax-yoga\/"]}]},{"@type":"ImageObject","inLanguage":"en-US","@id":"https:\/\/bythemoon.eu\/en\/product\/top-relax-yoga\/#primaryimage","url":"https:\/\/bythemoon.eu\/en\/wp-content\/uploads\/2025\/06\/bezrekawnik_yoga_2_.jpg","contentUrl":"https:\/\/bythemoon.eu\/en\/wp-content\/uploads\/2025\/06\/bezrekawnik_yoga_2_.jpg","width":1000,"height":1400,"caption":"szary top damski, bezr\u0119kawnik, dzianinowy, bawe\u0142na, melange, melan\u017c, z haftem yoga, na jog\u0119, casual, sportowy, na wakacje, by the moon"},{"@type":"BreadcrumbList","@id":"https:\/\/bythemoon.eu\/en\/product\/top-relax-yoga\/#breadcrumb","itemListElement":[{"@type":"ListItem","position":1,"name":"Strona g\u0142\u00f3wna","item":"https:\/\/bythemoon.eu\/en\/"},{"@type":"ListItem","position":2,"name":"Shop","item":"https:\/\/bythemoon.eu\/en\/shop\/"},{"@type":"ListItem","position":3,"name":"top Relax yoga"}]},{"@type":"WebSite","@id":"https:\/\/bythemoon.eu\/en\/#website","url":"https:\/\/bythemoon.eu\/en\/","name":"By The Moon EN","description":"","potentialAction":[{"@type":"SearchAction","target":{"@type":"EntryPoint","urlTemplate":"https:\/\/bythemoon.eu\/en\/?s={search_term_string}"},"query-input":{"@type":"PropertyValueSpecification","valueRequired":true,"valueName":"search_term_string"}}],"inLanguage":"en-US"}]}},"_links":{"self":[{"href":"https:\/\/bythemoon.eu\/en\/wp-json\/wp\/v2\/product\/6584","targetHints":{"allow":["GET"]}}],"collection":[{"href":"https:\/\/bythemoon.eu\/en\/wp-json\/wp\/v2\/product"}],"about":[{"href":"https:\/\/bythemoon.eu\/en\/wp-json\/wp\/v2\/types\/product"}],"wp:featuredmedia":[{"embeddable":true,"href":"https:\/\/bythemoon.eu\/en\/wp-json\/wp\/v2\/media\/6561"}],"wp:attachment":[{"href":"https:\/\/bythemoon.eu\/en\/wp-json\/wp\/v2\/media?parent=6584"}],"wp:term":[{"taxonomy":"product_brand","embeddable":true,"href":"https:\/\/bythemoon.eu\/en\/wp-json\/wp\/v2\/product_brand?post=6584"},{"taxonomy":"product_cat","embeddable":true,"href":"https:\/\/bythemoon.eu\/en\/wp-json\/wp\/v2\/product_cat?post=6584"},{"taxonomy":"product_tag","embeddable":true,"href":"https:\/\/bythemoon.eu\/en\/wp-json\/wp\/v2\/product_tag?post=6584"}],"curies":[{"name":"wp","href":"https:\/\/api.w.org\/{rel}","templated":true}]}}