{"id":6578,"date":"2025-06-25T15:13:53","date_gmt":"2025-06-25T13:13:53","guid":{"rendered":"https:\/\/bythemoon.eu\/en\/produkt\/top-relax-weekend\/"},"modified":"2025-11-14T14:17:04","modified_gmt":"2025-11-14T13:17:04","slug":"top-relax-weekend","status":"publish","type":"product","link":"https:\/\/bythemoon.eu\/en\/product\/top-relax-weekend\/","title":{"rendered":"top Relax weekend"},"content":{"rendered":"<p>Damski top typu bezr\u0119kawnik to idealny wyb\u00f3r na relaks i aktywno\u015bci w wolnym czasie. Wykonany zosta\u0142 z mi\u0119kkiej, bawe\u0142nianej dzianiny z cienkim meszkiem od wewn\u0119trznej strony.\u00a0 Bluza ma pi\u0119kny intensywny granatowy kolor, z przodu wyhaftowany napis &#8220;Weekend&#8221;. Zapewnia komfort i swobod\u0119 ruch\u00f3w. Oversize&#8217;owy kr\u00f3j i lu\u017ane wyko\u0144czenia podkre\u015blaj\u0105 jego sportowy, swobodny charakter. Doskona\u0142y na poranny spacer, jog\u0119 czy aktywno\u015bci na \u015bwie\u017cym powietrzu, \u015bwietnie komponuje si\u0119 z legginsami, szortami i naszymi granatowymi spodniami dresowymi Relax navy. Znajd\u017a czas dla siebie, pozw\u00f3l sobie na chwil\u0119 oddechu i wygod\u0119. Weekend to czas dla Ciebie!<\/p>\n<p>&nbsp;<\/p>\n<p><strong>Wymiary bluzy w cm. <\/strong>(granica b\u0142\u0119du +\/- 1-2 cm.):<\/p>\n<table width=\"521\">\n<tbody>\n<tr>\n<td width=\"143\"><\/td>\n<td style=\"text-align: center\" width=\"64\"><strong>XS<\/strong><\/td>\n<td style=\"text-align: center\" width=\"64\"><strong>S<\/strong><\/td>\n<td style=\"text-align: center\" width=\"64\"><strong>M<\/strong><\/td>\n<td style=\"text-align: center\" width=\"64\"><strong>L<\/strong><\/td>\n<\/tr>\n<tr>\n<td>szeroko\u015b\u0107 w biu\u015bcie<\/td>\n<td style=\"text-align: center\">56<\/td>\n<td style=\"text-align: center\">59<\/td>\n<td style=\"text-align: center\">62<\/td>\n<td style=\"text-align: center\">65<\/td>\n<\/tr>\n<tr>\n<td style=\"text-align: left\">d\u0142ugo\u015b\u0107 od ramienia przy dekolcie<\/td>\n<td style=\"text-align: center\">54<\/td>\n<td style=\"text-align: center\">56<\/td>\n<td style=\"text-align: center\">58<\/td>\n<td style=\"text-align: center\">60<\/td>\n<\/tr>\n<\/tbody>\n<\/table>\n","protected":false},"excerpt":{"rendered":"<p>Damski top typu bezr\u0119kawnik to idealny wyb\u00f3r na relaks i aktywno\u015bci w wolnym czasie. Wykonany zosta\u0142 z mi\u0119kkiej, bawe\u0142nianej dzianiny z cienkim meszkiem od wewn\u0119trznej strony.\u00a0 Bluza ma pi\u0119kny intensywny granatowy kolor, z przodu wyhaftowany napis &#8220;Weekend&#8221;. Zapewnia komfort i swobod\u0119 ruch\u00f3w. Oversize&#8217;owy kr\u00f3j i lu\u017ane wyko\u0144czenia podkre\u015blaj\u0105 jego sportowy, swobodny charakter. Doskona\u0142y na poranny [&#8230;]\n","protected":false},"featured_media":6559,"template":"","meta":[],"product_brand":[],"product_cat":[21,52,54],"product_tag":[],"class_list":{"0":"post-6578","1":"product","2":"type-product","3":"status-publish","4":"has-post-thumbnail","6":"product_cat-btm-en","7":"product_cat-sweatshirts","8":"product_cat-weekend-capsule","10":"first","11":"instock","12":"taxable","13":"shipping-taxable","14":"purchasable","15":"product-type-variable"},"yoast_head":"<!-- This site is optimized with the Yoast SEO plugin v27.0 - https:\/\/yoast.com\/product\/yoast-seo-wordpress\/ -->\n<title>top Relax weekend - By The Moon EN<\/title>\n<meta name=\"robots\" content=\"index, follow, max-snippet:-1, max-image-preview:large, max-video-preview:-1\" \/>\n<link rel=\"canonical\" href=\"https:\/\/bythemoon.eu\/en\/product\/top-relax-weekend\/\" \/>\n<meta property=\"og:locale\" content=\"en_US\" \/>\n<meta property=\"og:type\" content=\"article\" \/>\n<meta property=\"og:title\" content=\"top Relax weekend - By The Moon EN\" \/>\n<meta property=\"og:description\" content=\"Damski top typu bezr\u0119kawnik to idealny wyb\u00f3r na relaks i aktywno\u015bci w wolnym czasie. Wykonany zosta\u0142 z mi\u0119kkiej, bawe\u0142nianej dzianiny z cienkim meszkiem od wewn\u0119trznej strony.\u00a0 Bluza ma pi\u0119kny intensywny granatowy kolor, z przodu wyhaftowany napis &#8220;Weekend&#8221;. Zapewnia komfort i swobod\u0119 ruch\u00f3w. Oversize&#8217;owy kr\u00f3j i lu\u017ane wyko\u0144czenia podkre\u015blaj\u0105 jego sportowy, swobodny charakter. Doskona\u0142y na poranny [...]\" \/>\n<meta property=\"og:url\" content=\"https:\/\/bythemoon.eu\/en\/product\/top-relax-weekend\/\" \/>\n<meta property=\"og:site_name\" content=\"By The Moon EN\" \/>\n<meta property=\"article:modified_time\" content=\"2025-11-14T13:17:04+00:00\" \/>\n<meta property=\"og:image\" content=\"https:\/\/bythemoon.eu\/en\/wp-content\/uploads\/2025\/06\/bezrekawnik_weekend_2.jpg\" \/>\n\t<meta property=\"og:image:width\" content=\"1000\" \/>\n\t<meta property=\"og:image:height\" content=\"1400\" \/>\n\t<meta property=\"og:image:type\" content=\"image\/jpeg\" \/>\n<script type=\"application\/ld+json\" class=\"yoast-schema-graph\">{\"@context\":\"https:\/\/schema.org\",\"@graph\":[{\"@type\":\"WebPage\",\"@id\":\"https:\/\/bythemoon.eu\/en\/product\/top-relax-weekend\/\",\"url\":\"https:\/\/bythemoon.eu\/en\/product\/top-relax-weekend\/\",\"name\":\"top Relax weekend - By The Moon EN\",\"isPartOf\":{\"@id\":\"https:\/\/bythemoon.eu\/en\/#website\"},\"primaryImageOfPage\":{\"@id\":\"https:\/\/bythemoon.eu\/en\/product\/top-relax-weekend\/#primaryimage\"},\"image\":{\"@id\":\"https:\/\/bythemoon.eu\/en\/product\/top-relax-weekend\/#primaryimage\"},\"thumbnailUrl\":\"https:\/\/bythemoon.eu\/en\/wp-content\/uploads\/2025\/06\/bezrekawnik_weekend_2.jpg\",\"datePublished\":\"2025-06-25T13:13:53+00:00\",\"dateModified\":\"2025-11-14T13:17:04+00:00\",\"breadcrumb\":{\"@id\":\"https:\/\/bythemoon.eu\/en\/product\/top-relax-weekend\/#breadcrumb\"},\"inLanguage\":\"en-US\",\"potentialAction\":[{\"@type\":\"ReadAction\",\"target\":[\"https:\/\/bythemoon.eu\/en\/product\/top-relax-weekend\/\"]}]},{\"@type\":\"ImageObject\",\"inLanguage\":\"en-US\",\"@id\":\"https:\/\/bythemoon.eu\/en\/product\/top-relax-weekend\/#primaryimage\",\"url\":\"https:\/\/bythemoon.eu\/en\/wp-content\/uploads\/2025\/06\/bezrekawnik_weekend_2.jpg\",\"contentUrl\":\"https:\/\/bythemoon.eu\/en\/wp-content\/uploads\/2025\/06\/bezrekawnik_weekend_2.jpg\",\"width\":1000,\"height\":1400,\"caption\":\"top damski, bezr\u0119kawnik, granatowy, niebi9eski, dzianinowy, bawe\u0142niany,z haftem, nadrukiem weekend, casual styl, sportowy, by the moon, polska marka\"},{\"@type\":\"BreadcrumbList\",\"@id\":\"https:\/\/bythemoon.eu\/en\/product\/top-relax-weekend\/#breadcrumb\",\"itemListElement\":[{\"@type\":\"ListItem\",\"position\":1,\"name\":\"Strona g\u0142\u00f3wna\",\"item\":\"https:\/\/bythemoon.eu\/en\/\"},{\"@type\":\"ListItem\",\"position\":2,\"name\":\"Shop\",\"item\":\"https:\/\/bythemoon.eu\/en\/shop\/\"},{\"@type\":\"ListItem\",\"position\":3,\"name\":\"top Relax weekend\"}]},{\"@type\":\"WebSite\",\"@id\":\"https:\/\/bythemoon.eu\/en\/#website\",\"url\":\"https:\/\/bythemoon.eu\/en\/\",\"name\":\"By The Moon EN\",\"description\":\"\",\"potentialAction\":[{\"@type\":\"SearchAction\",\"target\":{\"@type\":\"EntryPoint\",\"urlTemplate\":\"https:\/\/bythemoon.eu\/en\/?s={search_term_string}\"},\"query-input\":{\"@type\":\"PropertyValueSpecification\",\"valueRequired\":true,\"valueName\":\"search_term_string\"}}],\"inLanguage\":\"en-US\"}]}<\/script>\n<!-- \/ Yoast SEO plugin. -->","yoast_head_json":{"title":"top Relax weekend - By The Moon EN","robots":{"index":"index","follow":"follow","max-snippet":"max-snippet:-1","max-image-preview":"max-image-preview:large","max-video-preview":"max-video-preview:-1"},"canonical":"https:\/\/bythemoon.eu\/en\/product\/top-relax-weekend\/","og_locale":"en_US","og_type":"article","og_title":"top Relax weekend - By The Moon EN","og_description":"Damski top typu bezr\u0119kawnik to idealny wyb\u00f3r na relaks i aktywno\u015bci w wolnym czasie. Wykonany zosta\u0142 z mi\u0119kkiej, bawe\u0142nianej dzianiny z cienkim meszkiem od wewn\u0119trznej strony.\u00a0 Bluza ma pi\u0119kny intensywny granatowy kolor, z przodu wyhaftowany napis &#8220;Weekend&#8221;. Zapewnia komfort i swobod\u0119 ruch\u00f3w. Oversize&#8217;owy kr\u00f3j i lu\u017ane wyko\u0144czenia podkre\u015blaj\u0105 jego sportowy, swobodny charakter. Doskona\u0142y na poranny [...]","og_url":"https:\/\/bythemoon.eu\/en\/product\/top-relax-weekend\/","og_site_name":"By The Moon EN","article_modified_time":"2025-11-14T13:17:04+00:00","og_image":[{"width":1000,"height":1400,"url":"https:\/\/bythemoon.eu\/en\/wp-content\/uploads\/2025\/06\/bezrekawnik_weekend_2.jpg","type":"image\/jpeg"}],"schema":{"@context":"https:\/\/schema.org","@graph":[{"@type":"WebPage","@id":"https:\/\/bythemoon.eu\/en\/product\/top-relax-weekend\/","url":"https:\/\/bythemoon.eu\/en\/product\/top-relax-weekend\/","name":"top Relax weekend - By The Moon EN","isPartOf":{"@id":"https:\/\/bythemoon.eu\/en\/#website"},"primaryImageOfPage":{"@id":"https:\/\/bythemoon.eu\/en\/product\/top-relax-weekend\/#primaryimage"},"image":{"@id":"https:\/\/bythemoon.eu\/en\/product\/top-relax-weekend\/#primaryimage"},"thumbnailUrl":"https:\/\/bythemoon.eu\/en\/wp-content\/uploads\/2025\/06\/bezrekawnik_weekend_2.jpg","datePublished":"2025-06-25T13:13:53+00:00","dateModified":"2025-11-14T13:17:04+00:00","breadcrumb":{"@id":"https:\/\/bythemoon.eu\/en\/product\/top-relax-weekend\/#breadcrumb"},"inLanguage":"en-US","potentialAction":[{"@type":"ReadAction","target":["https:\/\/bythemoon.eu\/en\/product\/top-relax-weekend\/"]}]},{"@type":"ImageObject","inLanguage":"en-US","@id":"https:\/\/bythemoon.eu\/en\/product\/top-relax-weekend\/#primaryimage","url":"https:\/\/bythemoon.eu\/en\/wp-content\/uploads\/2025\/06\/bezrekawnik_weekend_2.jpg","contentUrl":"https:\/\/bythemoon.eu\/en\/wp-content\/uploads\/2025\/06\/bezrekawnik_weekend_2.jpg","width":1000,"height":1400,"caption":"top damski, bezr\u0119kawnik, granatowy, niebi9eski, dzianinowy, bawe\u0142niany,z haftem, nadrukiem weekend, casual styl, sportowy, by the moon, polska marka"},{"@type":"BreadcrumbList","@id":"https:\/\/bythemoon.eu\/en\/product\/top-relax-weekend\/#breadcrumb","itemListElement":[{"@type":"ListItem","position":1,"name":"Strona g\u0142\u00f3wna","item":"https:\/\/bythemoon.eu\/en\/"},{"@type":"ListItem","position":2,"name":"Shop","item":"https:\/\/bythemoon.eu\/en\/shop\/"},{"@type":"ListItem","position":3,"name":"top Relax weekend"}]},{"@type":"WebSite","@id":"https:\/\/bythemoon.eu\/en\/#website","url":"https:\/\/bythemoon.eu\/en\/","name":"By The Moon EN","description":"","potentialAction":[{"@type":"SearchAction","target":{"@type":"EntryPoint","urlTemplate":"https:\/\/bythemoon.eu\/en\/?s={search_term_string}"},"query-input":{"@type":"PropertyValueSpecification","valueRequired":true,"valueName":"search_term_string"}}],"inLanguage":"en-US"}]}},"_links":{"self":[{"href":"https:\/\/bythemoon.eu\/en\/wp-json\/wp\/v2\/product\/6578","targetHints":{"allow":["GET"]}}],"collection":[{"href":"https:\/\/bythemoon.eu\/en\/wp-json\/wp\/v2\/product"}],"about":[{"href":"https:\/\/bythemoon.eu\/en\/wp-json\/wp\/v2\/types\/product"}],"wp:featuredmedia":[{"embeddable":true,"href":"https:\/\/bythemoon.eu\/en\/wp-json\/wp\/v2\/media\/6559"}],"wp:attachment":[{"href":"https:\/\/bythemoon.eu\/en\/wp-json\/wp\/v2\/media?parent=6578"}],"wp:term":[{"taxonomy":"product_brand","embeddable":true,"href":"https:\/\/bythemoon.eu\/en\/wp-json\/wp\/v2\/product_brand?post=6578"},{"taxonomy":"product_cat","embeddable":true,"href":"https:\/\/bythemoon.eu\/en\/wp-json\/wp\/v2\/product_cat?post=6578"},{"taxonomy":"product_tag","embeddable":true,"href":"https:\/\/bythemoon.eu\/en\/wp-json\/wp\/v2\/product_tag?post=6578"}],"curies":[{"name":"wp","href":"https:\/\/api.w.org\/{rel}","templated":true}]}}