{"id":6566,"date":"2025-06-25T15:13:53","date_gmt":"2025-06-25T13:13:53","guid":{"rendered":"https:\/\/bythemoon.eu\/en\/produkt\/t-shirt-weekend\/"},"modified":"2025-11-14T14:17:05","modified_gmt":"2025-11-14T13:17:05","slug":"t-shirt-weekend","status":"publish","type":"product","link":"https:\/\/bythemoon.eu\/en\/product\/t-shirt-weekend\/","title":{"rendered":"t-shirt Weekend"},"content":{"rendered":"<p>Wygodny, dopasowany t-shirt w klasycznej bieli, z czerwonym napisem &#8220;<em>weekend<\/em>&#8221; wykonanym technik\u0105 flock. Mi\u0119kka dzianina bawe\u0142niana i kr\u00f3j typu slim zapewniaj\u0105 komfort przez ca\u0142y dzie\u0144. Koszulka jest idealna na leniwe poranki, spotkania z przyjaci\u00f3\u0142mi czy weekendowe spacery w s\u0142o\u0144cu. Ten t-shirt to esencja weekendowego luzu i przyjemno\u015bci. Minimalistyczny, a jednocze\u015bnie wyrazisty, przypomina, \u017ce weekend to czas dla Ciebie. No\u015b go do dresowych spodni lub jeans\u00f3w z marynark\u0105.<\/p>\n<p><strong>Sk\u0142ad:<\/strong> 92% bawe\u0142na, 8% elastan<\/p>\n<p><strong>Wymiary t-shirtu w cm.:<\/strong><\/p>\n<table width=\"521\">\n<tbody>\n<tr>\n<td width=\"143\"><\/td>\n<td style=\"text-align: center\" width=\"64\"><strong>XS<\/strong><\/td>\n<td style=\"text-align: center\" width=\"64\"><strong>S<\/strong><\/td>\n<td style=\"text-align: center\" width=\"64\"><strong>M<\/strong><\/td>\n<td style=\"text-align: center\" width=\"64\"><strong>L<\/strong><\/td>\n<\/tr>\n<tr>\n<td>szeroko\u015b\u0107 w biu\u015bcie<\/td>\n<td style=\"text-align: center\">46<\/td>\n<td style=\"text-align: center\">48<\/td>\n<td style=\"text-align: center\">50<\/td>\n<td style=\"text-align: center\">52<\/td>\n<\/tr>\n<tr>\n<td style=\"text-align: left\">d\u0142ugo\u015b\u0107 od ramienia przy dekolcie<\/td>\n<td style=\"text-align: center\">56<\/td>\n<td style=\"text-align: center\">57<\/td>\n<td style=\"text-align: center\">58<\/td>\n<td style=\"text-align: center\">59<\/td>\n<\/tr>\n<\/tbody>\n<\/table>\n<p>&nbsp;<\/p>\n","protected":false},"excerpt":{"rendered":"<p>Wygodny, dopasowany t-shirt w klasycznej bieli, z czerwonym napisem &#8220;weekend&#8221; wykonanym technik\u0105 flock. Mi\u0119kka dzianina bawe\u0142niana i kr\u00f3j typu slim zapewniaj\u0105 komfort przez ca\u0142y dzie\u0144. Koszulka jest idealna na leniwe poranki, spotkania z przyjaci\u00f3\u0142mi czy weekendowe spacery w s\u0142o\u0144cu. Ten t-shirt to esencja weekendowego luzu i przyjemno\u015bci. Minimalistyczny, a jednocze\u015bnie wyrazisty, przypomina, \u017ce weekend to [&#8230;]\n","protected":false},"featured_media":6553,"template":"","meta":[],"product_brand":[],"product_cat":[21,55,24,54],"product_tag":[],"class_list":{"0":"post-6566","1":"product","2":"type-product","3":"status-publish","4":"has-post-thumbnail","6":"product_cat-btm-en","7":"product_cat-sale","8":"product_cat-t-shirts","9":"product_cat-weekend-capsule","11":"first","12":"instock","13":"sale","14":"taxable","15":"shipping-taxable","16":"purchasable","17":"product-type-variable"},"yoast_head":"<!-- This site is optimized with the Yoast SEO plugin v27.0 - https:\/\/yoast.com\/product\/yoast-seo-wordpress\/ -->\n<title>t-shirt Weekend - By The Moon EN<\/title>\n<meta name=\"robots\" content=\"index, follow, max-snippet:-1, max-image-preview:large, max-video-preview:-1\" \/>\n<link rel=\"canonical\" href=\"https:\/\/bythemoon.eu\/en\/product\/t-shirt-weekend\/\" \/>\n<meta property=\"og:locale\" content=\"en_US\" \/>\n<meta property=\"og:type\" content=\"article\" \/>\n<meta property=\"og:title\" content=\"t-shirt Weekend - By The Moon EN\" \/>\n<meta property=\"og:description\" content=\"Wygodny, dopasowany t-shirt w klasycznej bieli, z czerwonym napisem &#8220;weekend&#8221; wykonanym technik\u0105 flock. Mi\u0119kka dzianina bawe\u0142niana i kr\u00f3j typu slim zapewniaj\u0105 komfort przez ca\u0142y dzie\u0144. Koszulka jest idealna na leniwe poranki, spotkania z przyjaci\u00f3\u0142mi czy weekendowe spacery w s\u0142o\u0144cu. Ten t-shirt to esencja weekendowego luzu i przyjemno\u015bci. Minimalistyczny, a jednocze\u015bnie wyrazisty, przypomina, \u017ce weekend to [...]\" \/>\n<meta property=\"og:url\" content=\"https:\/\/bythemoon.eu\/en\/product\/t-shirt-weekend\/\" \/>\n<meta property=\"og:site_name\" content=\"By The Moon EN\" \/>\n<meta property=\"article:modified_time\" content=\"2025-11-14T13:17:05+00:00\" \/>\n<meta property=\"og:image\" content=\"https:\/\/bythemoon.eu\/en\/wp-content\/uploads\/2025\/06\/t-shirt_weekend3.jpg\" \/>\n\t<meta property=\"og:image:width\" content=\"1000\" \/>\n\t<meta property=\"og:image:height\" content=\"1400\" \/>\n\t<meta property=\"og:image:type\" content=\"image\/jpeg\" \/>\n<script type=\"application\/ld+json\" class=\"yoast-schema-graph\">{\"@context\":\"https:\/\/schema.org\",\"@graph\":[{\"@type\":\"WebPage\",\"@id\":\"https:\/\/bythemoon.eu\/en\/product\/t-shirt-weekend\/\",\"url\":\"https:\/\/bythemoon.eu\/en\/product\/t-shirt-weekend\/\",\"name\":\"t-shirt Weekend - By The Moon EN\",\"isPartOf\":{\"@id\":\"https:\/\/bythemoon.eu\/en\/#website\"},\"primaryImageOfPage\":{\"@id\":\"https:\/\/bythemoon.eu\/en\/product\/t-shirt-weekend\/#primaryimage\"},\"image\":{\"@id\":\"https:\/\/bythemoon.eu\/en\/product\/t-shirt-weekend\/#primaryimage\"},\"thumbnailUrl\":\"https:\/\/bythemoon.eu\/en\/wp-content\/uploads\/2025\/06\/t-shirt_weekend3.jpg\",\"datePublished\":\"2025-06-25T13:13:53+00:00\",\"dateModified\":\"2025-11-14T13:17:05+00:00\",\"breadcrumb\":{\"@id\":\"https:\/\/bythemoon.eu\/en\/product\/t-shirt-weekend\/#breadcrumb\"},\"inLanguage\":\"en-US\",\"potentialAction\":[{\"@type\":\"ReadAction\",\"target\":[\"https:\/\/bythemoon.eu\/en\/product\/t-shirt-weekend\/\"]}]},{\"@type\":\"ImageObject\",\"inLanguage\":\"en-US\",\"@id\":\"https:\/\/bythemoon.eu\/en\/product\/t-shirt-weekend\/#primaryimage\",\"url\":\"https:\/\/bythemoon.eu\/en\/wp-content\/uploads\/2025\/06\/t-shirt_weekend3.jpg\",\"contentUrl\":\"https:\/\/bythemoon.eu\/en\/wp-content\/uploads\/2025\/06\/t-shirt_weekend3.jpg\",\"width\":1000,\"height\":1400,\"caption\":\"t-shirt damski bia\u0142y, z nadrukiem weekend, koszulka damska, bia\u0142a, by the moon\"},{\"@type\":\"BreadcrumbList\",\"@id\":\"https:\/\/bythemoon.eu\/en\/product\/t-shirt-weekend\/#breadcrumb\",\"itemListElement\":[{\"@type\":\"ListItem\",\"position\":1,\"name\":\"Strona g\u0142\u00f3wna\",\"item\":\"https:\/\/bythemoon.eu\/en\/\"},{\"@type\":\"ListItem\",\"position\":2,\"name\":\"Shop\",\"item\":\"https:\/\/bythemoon.eu\/en\/shop\/\"},{\"@type\":\"ListItem\",\"position\":3,\"name\":\"t-shirt Weekend\"}]},{\"@type\":\"WebSite\",\"@id\":\"https:\/\/bythemoon.eu\/en\/#website\",\"url\":\"https:\/\/bythemoon.eu\/en\/\",\"name\":\"By The Moon EN\",\"description\":\"\",\"potentialAction\":[{\"@type\":\"SearchAction\",\"target\":{\"@type\":\"EntryPoint\",\"urlTemplate\":\"https:\/\/bythemoon.eu\/en\/?s={search_term_string}\"},\"query-input\":{\"@type\":\"PropertyValueSpecification\",\"valueRequired\":true,\"valueName\":\"search_term_string\"}}],\"inLanguage\":\"en-US\"}]}<\/script>\n<!-- \/ Yoast SEO plugin. -->","yoast_head_json":{"title":"t-shirt Weekend - By The Moon EN","robots":{"index":"index","follow":"follow","max-snippet":"max-snippet:-1","max-image-preview":"max-image-preview:large","max-video-preview":"max-video-preview:-1"},"canonical":"https:\/\/bythemoon.eu\/en\/product\/t-shirt-weekend\/","og_locale":"en_US","og_type":"article","og_title":"t-shirt Weekend - By The Moon EN","og_description":"Wygodny, dopasowany t-shirt w klasycznej bieli, z czerwonym napisem &#8220;weekend&#8221; wykonanym technik\u0105 flock. Mi\u0119kka dzianina bawe\u0142niana i kr\u00f3j typu slim zapewniaj\u0105 komfort przez ca\u0142y dzie\u0144. Koszulka jest idealna na leniwe poranki, spotkania z przyjaci\u00f3\u0142mi czy weekendowe spacery w s\u0142o\u0144cu. Ten t-shirt to esencja weekendowego luzu i przyjemno\u015bci. Minimalistyczny, a jednocze\u015bnie wyrazisty, przypomina, \u017ce weekend to [...]","og_url":"https:\/\/bythemoon.eu\/en\/product\/t-shirt-weekend\/","og_site_name":"By The Moon EN","article_modified_time":"2025-11-14T13:17:05+00:00","og_image":[{"width":1000,"height":1400,"url":"https:\/\/bythemoon.eu\/en\/wp-content\/uploads\/2025\/06\/t-shirt_weekend3.jpg","type":"image\/jpeg"}],"schema":{"@context":"https:\/\/schema.org","@graph":[{"@type":"WebPage","@id":"https:\/\/bythemoon.eu\/en\/product\/t-shirt-weekend\/","url":"https:\/\/bythemoon.eu\/en\/product\/t-shirt-weekend\/","name":"t-shirt Weekend - By The Moon EN","isPartOf":{"@id":"https:\/\/bythemoon.eu\/en\/#website"},"primaryImageOfPage":{"@id":"https:\/\/bythemoon.eu\/en\/product\/t-shirt-weekend\/#primaryimage"},"image":{"@id":"https:\/\/bythemoon.eu\/en\/product\/t-shirt-weekend\/#primaryimage"},"thumbnailUrl":"https:\/\/bythemoon.eu\/en\/wp-content\/uploads\/2025\/06\/t-shirt_weekend3.jpg","datePublished":"2025-06-25T13:13:53+00:00","dateModified":"2025-11-14T13:17:05+00:00","breadcrumb":{"@id":"https:\/\/bythemoon.eu\/en\/product\/t-shirt-weekend\/#breadcrumb"},"inLanguage":"en-US","potentialAction":[{"@type":"ReadAction","target":["https:\/\/bythemoon.eu\/en\/product\/t-shirt-weekend\/"]}]},{"@type":"ImageObject","inLanguage":"en-US","@id":"https:\/\/bythemoon.eu\/en\/product\/t-shirt-weekend\/#primaryimage","url":"https:\/\/bythemoon.eu\/en\/wp-content\/uploads\/2025\/06\/t-shirt_weekend3.jpg","contentUrl":"https:\/\/bythemoon.eu\/en\/wp-content\/uploads\/2025\/06\/t-shirt_weekend3.jpg","width":1000,"height":1400,"caption":"t-shirt damski bia\u0142y, z nadrukiem weekend, koszulka damska, bia\u0142a, by the moon"},{"@type":"BreadcrumbList","@id":"https:\/\/bythemoon.eu\/en\/product\/t-shirt-weekend\/#breadcrumb","itemListElement":[{"@type":"ListItem","position":1,"name":"Strona g\u0142\u00f3wna","item":"https:\/\/bythemoon.eu\/en\/"},{"@type":"ListItem","position":2,"name":"Shop","item":"https:\/\/bythemoon.eu\/en\/shop\/"},{"@type":"ListItem","position":3,"name":"t-shirt Weekend"}]},{"@type":"WebSite","@id":"https:\/\/bythemoon.eu\/en\/#website","url":"https:\/\/bythemoon.eu\/en\/","name":"By The Moon EN","description":"","potentialAction":[{"@type":"SearchAction","target":{"@type":"EntryPoint","urlTemplate":"https:\/\/bythemoon.eu\/en\/?s={search_term_string}"},"query-input":{"@type":"PropertyValueSpecification","valueRequired":true,"valueName":"search_term_string"}}],"inLanguage":"en-US"}]}},"_links":{"self":[{"href":"https:\/\/bythemoon.eu\/en\/wp-json\/wp\/v2\/product\/6566","targetHints":{"allow":["GET"]}}],"collection":[{"href":"https:\/\/bythemoon.eu\/en\/wp-json\/wp\/v2\/product"}],"about":[{"href":"https:\/\/bythemoon.eu\/en\/wp-json\/wp\/v2\/types\/product"}],"wp:featuredmedia":[{"embeddable":true,"href":"https:\/\/bythemoon.eu\/en\/wp-json\/wp\/v2\/media\/6553"}],"wp:attachment":[{"href":"https:\/\/bythemoon.eu\/en\/wp-json\/wp\/v2\/media?parent=6566"}],"wp:term":[{"taxonomy":"product_brand","embeddable":true,"href":"https:\/\/bythemoon.eu\/en\/wp-json\/wp\/v2\/product_brand?post=6566"},{"taxonomy":"product_cat","embeddable":true,"href":"https:\/\/bythemoon.eu\/en\/wp-json\/wp\/v2\/product_cat?post=6566"},{"taxonomy":"product_tag","embeddable":true,"href":"https:\/\/bythemoon.eu\/en\/wp-json\/wp\/v2\/product_tag?post=6566"}],"curies":[{"name":"wp","href":"https:\/\/api.w.org\/{rel}","templated":true}]}}