{"id":6546,"date":"2025-06-25T15:13:43","date_gmt":"2025-06-25T13:13:43","guid":{"rendered":"https:\/\/bythemoon.eu\/en\/produkt\/t-shirt-yoga\/"},"modified":"2025-11-14T14:17:05","modified_gmt":"2025-11-14T13:17:05","slug":"t-shirt-yoga","status":"publish","type":"product","link":"https:\/\/bythemoon.eu\/en\/product\/t-shirt-yoga\/","title":{"rendered":"t-shirt Yoga"},"content":{"rendered":"<p>T-shirt damski Yoga to dopasowany model w klasycznym bia\u0142ym kolorze. Z przodu granatowy napis &#8220;<i>yoga<\/i>&#8221; wykonany technik\u0105 flock. Jego kr\u00f3j delikatnie przylega do cia\u0142a, zapewniaj\u0105c wci\u0105\u017c komfort i swobod\u0119 ruchu. Ta koszulka jest idealna zar\u00f3wno na porann\u0105 praktyk\u0119 jogi, jak i na codzienne aktywno\u015bci. Wykonana z mi\u0119kkiej bawe\u0142nianej dzianiny. \u0141\u0105czy minimalistyczny design z funkcjonalno\u015bci\u0105. To t-shirt, kt\u00f3ry przypomina o wewn\u0119trznej r\u00f3wnowadze i spokoju, idealny na chwile po\u015bwi\u0119cone tylko sobie.<\/p>\n<p><strong>Sk\u0142ad:<\/strong> 92% bawe\u0142na, 8% elastan<\/p>\n<p><strong>Wymiary t-shirtu w cm.:<\/strong><\/p>\n<table width=\"521\">\n<tbody>\n<tr>\n<td width=\"143\"><\/td>\n<td style=\"text-align: center\" width=\"64\"><strong>XS<\/strong><\/td>\n<td style=\"text-align: center\" width=\"64\"><strong>S<\/strong><\/td>\n<td style=\"text-align: center\" width=\"64\"><strong>M<\/strong><\/td>\n<td style=\"text-align: center\" width=\"64\"><strong>L<\/strong><\/td>\n<\/tr>\n<tr>\n<td>szeroko\u015b\u0107 w biu\u015bcie<\/td>\n<td style=\"text-align: center\">46<\/td>\n<td style=\"text-align: center\">48<\/td>\n<td style=\"text-align: center\">50<\/td>\n<td style=\"text-align: center\">52<\/td>\n<\/tr>\n<tr>\n<td style=\"text-align: left\">d\u0142ugo\u015b\u0107 od ramienia przy dekolcie<\/td>\n<td style=\"text-align: center\">56<\/td>\n<td style=\"text-align: center\">57<\/td>\n<td style=\"text-align: center\">58<\/td>\n<td style=\"text-align: center\">59<\/td>\n<\/tr>\n<\/tbody>\n<\/table>\n","protected":false},"excerpt":{"rendered":"<p>T-shirt damski Yoga to dopasowany model w klasycznym bia\u0142ym kolorze. Z przodu granatowy napis &#8220;yoga&#8221; wykonany technik\u0105 flock. Jego kr\u00f3j delikatnie przylega do cia\u0142a, zapewniaj\u0105c wci\u0105\u017c komfort i swobod\u0119 ruchu. Ta koszulka jest idealna zar\u00f3wno na porann\u0105 praktyk\u0119 jogi, jak i na codzienne aktywno\u015bci. Wykonana z mi\u0119kkiej bawe\u0142nianej dzianiny. \u0141\u0105czy minimalistyczny design z funkcjonalno\u015bci\u0105. To [&#8230;]\n","protected":false},"featured_media":6547,"template":"","meta":[],"product_brand":[],"product_cat":[21,55,24,54],"product_tag":[],"class_list":{"0":"post-6546","1":"product","2":"type-product","3":"status-publish","4":"has-post-thumbnail","6":"product_cat-btm-en","7":"product_cat-sale","8":"product_cat-t-shirts","9":"product_cat-weekend-capsule","11":"first","12":"instock","13":"sale","14":"taxable","15":"shipping-taxable","16":"purchasable","17":"product-type-variable"},"yoast_head":"<!-- This site is optimized with the Yoast SEO plugin v27.0 - https:\/\/yoast.com\/product\/yoast-seo-wordpress\/ -->\n<title>t-shirt Yoga - By The Moon EN<\/title>\n<meta name=\"robots\" content=\"index, follow, max-snippet:-1, max-image-preview:large, max-video-preview:-1\" \/>\n<link rel=\"canonical\" href=\"https:\/\/bythemoon.eu\/en\/product\/t-shirt-yoga\/\" \/>\n<meta property=\"og:locale\" content=\"en_US\" \/>\n<meta property=\"og:type\" content=\"article\" \/>\n<meta property=\"og:title\" content=\"t-shirt Yoga - By The Moon EN\" \/>\n<meta property=\"og:description\" content=\"T-shirt damski Yoga to dopasowany model w klasycznym bia\u0142ym kolorze. Z przodu granatowy napis &#8220;yoga&#8221; wykonany technik\u0105 flock. Jego kr\u00f3j delikatnie przylega do cia\u0142a, zapewniaj\u0105c wci\u0105\u017c komfort i swobod\u0119 ruchu. Ta koszulka jest idealna zar\u00f3wno na porann\u0105 praktyk\u0119 jogi, jak i na codzienne aktywno\u015bci. Wykonana z mi\u0119kkiej bawe\u0142nianej dzianiny. \u0141\u0105czy minimalistyczny design z funkcjonalno\u015bci\u0105. To [...]\" \/>\n<meta property=\"og:url\" content=\"https:\/\/bythemoon.eu\/en\/product\/t-shirt-yoga\/\" \/>\n<meta property=\"og:site_name\" content=\"By The Moon EN\" \/>\n<meta property=\"article:modified_time\" content=\"2025-11-14T13:17:05+00:00\" \/>\n<meta property=\"og:image\" content=\"https:\/\/bythemoon.eu\/en\/wp-content\/uploads\/2025\/06\/t-shirt_yoga1.jpg\" \/>\n\t<meta property=\"og:image:width\" content=\"1000\" \/>\n\t<meta property=\"og:image:height\" content=\"1400\" \/>\n\t<meta property=\"og:image:type\" content=\"image\/jpeg\" \/>\n<script type=\"application\/ld+json\" class=\"yoast-schema-graph\">{\"@context\":\"https:\/\/schema.org\",\"@graph\":[{\"@type\":\"WebPage\",\"@id\":\"https:\/\/bythemoon.eu\/en\/product\/t-shirt-yoga\/\",\"url\":\"https:\/\/bythemoon.eu\/en\/product\/t-shirt-yoga\/\",\"name\":\"t-shirt Yoga - By The Moon EN\",\"isPartOf\":{\"@id\":\"https:\/\/bythemoon.eu\/en\/#website\"},\"primaryImageOfPage\":{\"@id\":\"https:\/\/bythemoon.eu\/en\/product\/t-shirt-yoga\/#primaryimage\"},\"image\":{\"@id\":\"https:\/\/bythemoon.eu\/en\/product\/t-shirt-yoga\/#primaryimage\"},\"thumbnailUrl\":\"https:\/\/bythemoon.eu\/en\/wp-content\/uploads\/2025\/06\/t-shirt_yoga1.jpg\",\"datePublished\":\"2025-06-25T13:13:43+00:00\",\"dateModified\":\"2025-11-14T13:17:05+00:00\",\"breadcrumb\":{\"@id\":\"https:\/\/bythemoon.eu\/en\/product\/t-shirt-yoga\/#breadcrumb\"},\"inLanguage\":\"en-US\",\"potentialAction\":[{\"@type\":\"ReadAction\",\"target\":[\"https:\/\/bythemoon.eu\/en\/product\/t-shirt-yoga\/\"]}]},{\"@type\":\"ImageObject\",\"inLanguage\":\"en-US\",\"@id\":\"https:\/\/bythemoon.eu\/en\/product\/t-shirt-yoga\/#primaryimage\",\"url\":\"https:\/\/bythemoon.eu\/en\/wp-content\/uploads\/2025\/06\/t-shirt_yoga1.jpg\",\"contentUrl\":\"https:\/\/bythemoon.eu\/en\/wp-content\/uploads\/2025\/06\/t-shirt_yoga1.jpg\",\"width\":1000,\"height\":1400,\"caption\":\"bia\u0142y t-shirt damski z nadrukiem yoga, na jog\u0119, pilates, bawe\u0142na, polska marka, by the moon\"},{\"@type\":\"BreadcrumbList\",\"@id\":\"https:\/\/bythemoon.eu\/en\/product\/t-shirt-yoga\/#breadcrumb\",\"itemListElement\":[{\"@type\":\"ListItem\",\"position\":1,\"name\":\"Strona g\u0142\u00f3wna\",\"item\":\"https:\/\/bythemoon.eu\/en\/\"},{\"@type\":\"ListItem\",\"position\":2,\"name\":\"Shop\",\"item\":\"https:\/\/bythemoon.eu\/en\/shop\/\"},{\"@type\":\"ListItem\",\"position\":3,\"name\":\"t-shirt Yoga\"}]},{\"@type\":\"WebSite\",\"@id\":\"https:\/\/bythemoon.eu\/en\/#website\",\"url\":\"https:\/\/bythemoon.eu\/en\/\",\"name\":\"By The Moon EN\",\"description\":\"\",\"potentialAction\":[{\"@type\":\"SearchAction\",\"target\":{\"@type\":\"EntryPoint\",\"urlTemplate\":\"https:\/\/bythemoon.eu\/en\/?s={search_term_string}\"},\"query-input\":{\"@type\":\"PropertyValueSpecification\",\"valueRequired\":true,\"valueName\":\"search_term_string\"}}],\"inLanguage\":\"en-US\"}]}<\/script>\n<!-- \/ Yoast SEO plugin. -->","yoast_head_json":{"title":"t-shirt Yoga - By The Moon EN","robots":{"index":"index","follow":"follow","max-snippet":"max-snippet:-1","max-image-preview":"max-image-preview:large","max-video-preview":"max-video-preview:-1"},"canonical":"https:\/\/bythemoon.eu\/en\/product\/t-shirt-yoga\/","og_locale":"en_US","og_type":"article","og_title":"t-shirt Yoga - By The Moon EN","og_description":"T-shirt damski Yoga to dopasowany model w klasycznym bia\u0142ym kolorze. Z przodu granatowy napis &#8220;yoga&#8221; wykonany technik\u0105 flock. Jego kr\u00f3j delikatnie przylega do cia\u0142a, zapewniaj\u0105c wci\u0105\u017c komfort i swobod\u0119 ruchu. Ta koszulka jest idealna zar\u00f3wno na porann\u0105 praktyk\u0119 jogi, jak i na codzienne aktywno\u015bci. Wykonana z mi\u0119kkiej bawe\u0142nianej dzianiny. \u0141\u0105czy minimalistyczny design z funkcjonalno\u015bci\u0105. To [...]","og_url":"https:\/\/bythemoon.eu\/en\/product\/t-shirt-yoga\/","og_site_name":"By The Moon EN","article_modified_time":"2025-11-14T13:17:05+00:00","og_image":[{"width":1000,"height":1400,"url":"https:\/\/bythemoon.eu\/en\/wp-content\/uploads\/2025\/06\/t-shirt_yoga1.jpg","type":"image\/jpeg"}],"schema":{"@context":"https:\/\/schema.org","@graph":[{"@type":"WebPage","@id":"https:\/\/bythemoon.eu\/en\/product\/t-shirt-yoga\/","url":"https:\/\/bythemoon.eu\/en\/product\/t-shirt-yoga\/","name":"t-shirt Yoga - By The Moon EN","isPartOf":{"@id":"https:\/\/bythemoon.eu\/en\/#website"},"primaryImageOfPage":{"@id":"https:\/\/bythemoon.eu\/en\/product\/t-shirt-yoga\/#primaryimage"},"image":{"@id":"https:\/\/bythemoon.eu\/en\/product\/t-shirt-yoga\/#primaryimage"},"thumbnailUrl":"https:\/\/bythemoon.eu\/en\/wp-content\/uploads\/2025\/06\/t-shirt_yoga1.jpg","datePublished":"2025-06-25T13:13:43+00:00","dateModified":"2025-11-14T13:17:05+00:00","breadcrumb":{"@id":"https:\/\/bythemoon.eu\/en\/product\/t-shirt-yoga\/#breadcrumb"},"inLanguage":"en-US","potentialAction":[{"@type":"ReadAction","target":["https:\/\/bythemoon.eu\/en\/product\/t-shirt-yoga\/"]}]},{"@type":"ImageObject","inLanguage":"en-US","@id":"https:\/\/bythemoon.eu\/en\/product\/t-shirt-yoga\/#primaryimage","url":"https:\/\/bythemoon.eu\/en\/wp-content\/uploads\/2025\/06\/t-shirt_yoga1.jpg","contentUrl":"https:\/\/bythemoon.eu\/en\/wp-content\/uploads\/2025\/06\/t-shirt_yoga1.jpg","width":1000,"height":1400,"caption":"bia\u0142y t-shirt damski z nadrukiem yoga, na jog\u0119, pilates, bawe\u0142na, polska marka, by the moon"},{"@type":"BreadcrumbList","@id":"https:\/\/bythemoon.eu\/en\/product\/t-shirt-yoga\/#breadcrumb","itemListElement":[{"@type":"ListItem","position":1,"name":"Strona g\u0142\u00f3wna","item":"https:\/\/bythemoon.eu\/en\/"},{"@type":"ListItem","position":2,"name":"Shop","item":"https:\/\/bythemoon.eu\/en\/shop\/"},{"@type":"ListItem","position":3,"name":"t-shirt Yoga"}]},{"@type":"WebSite","@id":"https:\/\/bythemoon.eu\/en\/#website","url":"https:\/\/bythemoon.eu\/en\/","name":"By The Moon EN","description":"","potentialAction":[{"@type":"SearchAction","target":{"@type":"EntryPoint","urlTemplate":"https:\/\/bythemoon.eu\/en\/?s={search_term_string}"},"query-input":{"@type":"PropertyValueSpecification","valueRequired":true,"valueName":"search_term_string"}}],"inLanguage":"en-US"}]}},"_links":{"self":[{"href":"https:\/\/bythemoon.eu\/en\/wp-json\/wp\/v2\/product\/6546","targetHints":{"allow":["GET"]}}],"collection":[{"href":"https:\/\/bythemoon.eu\/en\/wp-json\/wp\/v2\/product"}],"about":[{"href":"https:\/\/bythemoon.eu\/en\/wp-json\/wp\/v2\/types\/product"}],"wp:featuredmedia":[{"embeddable":true,"href":"https:\/\/bythemoon.eu\/en\/wp-json\/wp\/v2\/media\/6547"}],"wp:attachment":[{"href":"https:\/\/bythemoon.eu\/en\/wp-json\/wp\/v2\/media?parent=6546"}],"wp:term":[{"taxonomy":"product_brand","embeddable":true,"href":"https:\/\/bythemoon.eu\/en\/wp-json\/wp\/v2\/product_brand?post=6546"},{"taxonomy":"product_cat","embeddable":true,"href":"https:\/\/bythemoon.eu\/en\/wp-json\/wp\/v2\/product_cat?post=6546"},{"taxonomy":"product_tag","embeddable":true,"href":"https:\/\/bythemoon.eu\/en\/wp-json\/wp\/v2\/product_tag?post=6546"}],"curies":[{"name":"wp","href":"https:\/\/api.w.org\/{rel}","templated":true}]}}