{"id":6507,"date":"2025-06-25T15:13:37","date_gmt":"2025-06-25T13:13:37","guid":{"rendered":"https:\/\/bythemoon.eu\/en\/produkt\/longsleeve-classic-green\/"},"modified":"2025-11-14T14:17:06","modified_gmt":"2025-11-14T13:17:06","slug":"longsleeve-classic-green","status":"publish","type":"product","link":"https:\/\/bythemoon.eu\/en\/product\/longsleeve-classic-green\/","title":{"rendered":"long-sleeve Classic green"},"content":{"rendered":"<p>Longsleeve, that combines classic style with an energetic accent. Green and white stripes add freshness, and the contrasting neckline in a shade of sunny color gives the whole style a unique, energetic character. Made of soft, pleasant-to-the-touch cotton jersey. This model is perfect for both everyday styling and more expressive combinations. Wear it alone or as a base for your favorite sweaters and jackets.<\/p>\n<p><strong>Composition:<\/strong> 92% cotton, 8% elastane<\/p>\n<p><strong>Care:<\/strong> machine wash at 30\u00b0C, normal spin cycle, with light colours<\/p>\n<p><strong>Longsleeve measurements in cm:<\/strong><\/p>\n<table width=\"550\">\n<tbody>\n<tr>\n<td style=\"text-align: center;\" width=\"90\">&nbsp;<\/td>\n<td style=\"text-align: center;\" width=\"64\"><strong>XS<\/strong><\/td>\n<td style=\"text-align: center;\" width=\"64\"><strong>S<\/strong><\/td>\n<td style=\"text-align: center;\" width=\"64\"><strong>M<\/strong><\/td>\n<td style=\"text-align: center;\" width=\"64\"><strong>L<\/strong><\/td>\n<\/tr>\n<tr>\n<td style=\"text-align: center;\">chest width<\/td>\n<td style=\"text-align: center;\">47<\/td>\n<td style=\"text-align: center;\">50<\/td>\n<td style=\"text-align: center;\">53<\/td>\n<td style=\"text-align: center;\">56<\/td>\n<\/tr>\n<tr>\n<td style=\"text-align: center;\" width=\"90\">length<\/td>\n<td style=\"text-align: center;\">60<\/td>\n<td style=\"text-align: center;\">62<\/td>\n<td style=\"text-align: center;\">63<\/td>\n<td style=\"text-align: center;\">65<\/td>\n<\/tr>\n<\/tbody>\n<\/table>\n","protected":false},"excerpt":{"rendered":"<p>Longsleeve, that combines classic style with an energetic accent. Green and white stripes add freshness, and the contrasting neckline in a shade of sunny color gives the whole style a unique, energetic character. Made of soft, pleasant-to-the-touch cotton jersey. This model is perfect for both everyday styling and more expressive combinations. Wear it alone or [&#8230;]\n","protected":false},"featured_media":6508,"template":"","meta":[],"product_brand":[],"product_cat":[23,21,51,55],"product_tag":[],"class_list":{"0":"post-6507","1":"product","2":"type-product","3":"status-publish","4":"has-post-thumbnail","6":"product_cat-blouses-longsleeves","7":"product_cat-btm-en","8":"product_cat-main-page","9":"product_cat-sale","11":"first","12":"instock","13":"sale","14":"taxable","15":"shipping-taxable","16":"purchasable","17":"product-type-variable"},"yoast_head":"<!-- This site is optimized with the Yoast SEO plugin v27.0 - https:\/\/yoast.com\/product\/yoast-seo-wordpress\/ -->\n<title>long-sleeve Classic green - By The Moon EN<\/title>\n<meta name=\"robots\" content=\"index, follow, max-snippet:-1, max-image-preview:large, max-video-preview:-1\" \/>\n<link rel=\"canonical\" href=\"https:\/\/bythemoon.eu\/en\/product\/longsleeve-classic-green\/\" \/>\n<meta property=\"og:locale\" content=\"en_US\" \/>\n<meta property=\"og:type\" content=\"article\" \/>\n<meta property=\"og:title\" content=\"long-sleeve Classic green - By The Moon EN\" \/>\n<meta property=\"og:description\" content=\"Longsleeve, that combines classic style with an energetic accent. Green and white stripes add freshness, and the contrasting neckline in a shade of sunny color gives the whole style a unique, energetic character. Made of soft, pleasant-to-the-touch cotton jersey. This model is perfect for both everyday styling and more expressive combinations. Wear it alone or [...]\" \/>\n<meta property=\"og:url\" content=\"https:\/\/bythemoon.eu\/en\/product\/longsleeve-classic-green\/\" \/>\n<meta property=\"og:site_name\" content=\"By The Moon EN\" \/>\n<meta property=\"article:modified_time\" content=\"2025-11-14T13:17:06+00:00\" \/>\n<meta property=\"og:image\" content=\"https:\/\/bythemoon.eu\/en\/wp-content\/uploads\/2025\/06\/szorty_green_joy_3.jpg\" \/>\n\t<meta property=\"og:image:width\" content=\"1000\" \/>\n\t<meta property=\"og:image:height\" content=\"1400\" \/>\n\t<meta property=\"og:image:type\" content=\"image\/jpeg\" \/>\n<script type=\"application\/ld+json\" class=\"yoast-schema-graph\">{\"@context\":\"https:\/\/schema.org\",\"@graph\":[{\"@type\":\"WebPage\",\"@id\":\"https:\/\/bythemoon.eu\/en\/product\/longsleeve-classic-green\/\",\"url\":\"https:\/\/bythemoon.eu\/en\/product\/longsleeve-classic-green\/\",\"name\":\"long-sleeve Classic green - By The Moon EN\",\"isPartOf\":{\"@id\":\"https:\/\/bythemoon.eu\/en\/#website\"},\"primaryImageOfPage\":{\"@id\":\"https:\/\/bythemoon.eu\/en\/product\/longsleeve-classic-green\/#primaryimage\"},\"image\":{\"@id\":\"https:\/\/bythemoon.eu\/en\/product\/longsleeve-classic-green\/#primaryimage\"},\"thumbnailUrl\":\"https:\/\/bythemoon.eu\/en\/wp-content\/uploads\/2025\/06\/szorty_green_joy_3.jpg\",\"datePublished\":\"2025-06-25T13:13:37+00:00\",\"dateModified\":\"2025-11-14T13:17:06+00:00\",\"breadcrumb\":{\"@id\":\"https:\/\/bythemoon.eu\/en\/product\/longsleeve-classic-green\/#breadcrumb\"},\"inLanguage\":\"en-US\",\"potentialAction\":[{\"@type\":\"ReadAction\",\"target\":[\"https:\/\/bythemoon.eu\/en\/product\/longsleeve-classic-green\/\"]}]},{\"@type\":\"ImageObject\",\"inLanguage\":\"en-US\",\"@id\":\"https:\/\/bythemoon.eu\/en\/product\/longsleeve-classic-green\/#primaryimage\",\"url\":\"https:\/\/bythemoon.eu\/en\/wp-content\/uploads\/2025\/06\/szorty_green_joy_3.jpg\",\"contentUrl\":\"https:\/\/bythemoon.eu\/en\/wp-content\/uploads\/2025\/06\/szorty_green_joy_3.jpg\",\"width\":1000,\"height\":1400,\"caption\":\"zielone szorty i longsleeve w paski zielone, bawe\u0142niane, na gumke, z d\u0142ugim r\u0119kawem, bluzka, koszulka\"},{\"@type\":\"BreadcrumbList\",\"@id\":\"https:\/\/bythemoon.eu\/en\/product\/longsleeve-classic-green\/#breadcrumb\",\"itemListElement\":[{\"@type\":\"ListItem\",\"position\":1,\"name\":\"Strona g\u0142\u00f3wna\",\"item\":\"https:\/\/bythemoon.eu\/en\/\"},{\"@type\":\"ListItem\",\"position\":2,\"name\":\"Shop\",\"item\":\"https:\/\/bythemoon.eu\/en\/shop\/\"},{\"@type\":\"ListItem\",\"position\":3,\"name\":\"long-sleeve Classic green\"}]},{\"@type\":\"WebSite\",\"@id\":\"https:\/\/bythemoon.eu\/en\/#website\",\"url\":\"https:\/\/bythemoon.eu\/en\/\",\"name\":\"By The Moon EN\",\"description\":\"\",\"potentialAction\":[{\"@type\":\"SearchAction\",\"target\":{\"@type\":\"EntryPoint\",\"urlTemplate\":\"https:\/\/bythemoon.eu\/en\/?s={search_term_string}\"},\"query-input\":{\"@type\":\"PropertyValueSpecification\",\"valueRequired\":true,\"valueName\":\"search_term_string\"}}],\"inLanguage\":\"en-US\"}]}<\/script>\n<!-- \/ Yoast SEO plugin. -->","yoast_head_json":{"title":"long-sleeve Classic green - By The Moon EN","robots":{"index":"index","follow":"follow","max-snippet":"max-snippet:-1","max-image-preview":"max-image-preview:large","max-video-preview":"max-video-preview:-1"},"canonical":"https:\/\/bythemoon.eu\/en\/product\/longsleeve-classic-green\/","og_locale":"en_US","og_type":"article","og_title":"long-sleeve Classic green - By The Moon EN","og_description":"Longsleeve, that combines classic style with an energetic accent. Green and white stripes add freshness, and the contrasting neckline in a shade of sunny color gives the whole style a unique, energetic character. Made of soft, pleasant-to-the-touch cotton jersey. This model is perfect for both everyday styling and more expressive combinations. Wear it alone or [...]","og_url":"https:\/\/bythemoon.eu\/en\/product\/longsleeve-classic-green\/","og_site_name":"By The Moon EN","article_modified_time":"2025-11-14T13:17:06+00:00","og_image":[{"width":1000,"height":1400,"url":"https:\/\/bythemoon.eu\/en\/wp-content\/uploads\/2025\/06\/szorty_green_joy_3.jpg","type":"image\/jpeg"}],"schema":{"@context":"https:\/\/schema.org","@graph":[{"@type":"WebPage","@id":"https:\/\/bythemoon.eu\/en\/product\/longsleeve-classic-green\/","url":"https:\/\/bythemoon.eu\/en\/product\/longsleeve-classic-green\/","name":"long-sleeve Classic green - By The Moon EN","isPartOf":{"@id":"https:\/\/bythemoon.eu\/en\/#website"},"primaryImageOfPage":{"@id":"https:\/\/bythemoon.eu\/en\/product\/longsleeve-classic-green\/#primaryimage"},"image":{"@id":"https:\/\/bythemoon.eu\/en\/product\/longsleeve-classic-green\/#primaryimage"},"thumbnailUrl":"https:\/\/bythemoon.eu\/en\/wp-content\/uploads\/2025\/06\/szorty_green_joy_3.jpg","datePublished":"2025-06-25T13:13:37+00:00","dateModified":"2025-11-14T13:17:06+00:00","breadcrumb":{"@id":"https:\/\/bythemoon.eu\/en\/product\/longsleeve-classic-green\/#breadcrumb"},"inLanguage":"en-US","potentialAction":[{"@type":"ReadAction","target":["https:\/\/bythemoon.eu\/en\/product\/longsleeve-classic-green\/"]}]},{"@type":"ImageObject","inLanguage":"en-US","@id":"https:\/\/bythemoon.eu\/en\/product\/longsleeve-classic-green\/#primaryimage","url":"https:\/\/bythemoon.eu\/en\/wp-content\/uploads\/2025\/06\/szorty_green_joy_3.jpg","contentUrl":"https:\/\/bythemoon.eu\/en\/wp-content\/uploads\/2025\/06\/szorty_green_joy_3.jpg","width":1000,"height":1400,"caption":"zielone szorty i longsleeve w paski zielone, bawe\u0142niane, na gumke, z d\u0142ugim r\u0119kawem, bluzka, koszulka"},{"@type":"BreadcrumbList","@id":"https:\/\/bythemoon.eu\/en\/product\/longsleeve-classic-green\/#breadcrumb","itemListElement":[{"@type":"ListItem","position":1,"name":"Strona g\u0142\u00f3wna","item":"https:\/\/bythemoon.eu\/en\/"},{"@type":"ListItem","position":2,"name":"Shop","item":"https:\/\/bythemoon.eu\/en\/shop\/"},{"@type":"ListItem","position":3,"name":"long-sleeve Classic green"}]},{"@type":"WebSite","@id":"https:\/\/bythemoon.eu\/en\/#website","url":"https:\/\/bythemoon.eu\/en\/","name":"By The Moon EN","description":"","potentialAction":[{"@type":"SearchAction","target":{"@type":"EntryPoint","urlTemplate":"https:\/\/bythemoon.eu\/en\/?s={search_term_string}"},"query-input":{"@type":"PropertyValueSpecification","valueRequired":true,"valueName":"search_term_string"}}],"inLanguage":"en-US"}]}},"_links":{"self":[{"href":"https:\/\/bythemoon.eu\/en\/wp-json\/wp\/v2\/product\/6507","targetHints":{"allow":["GET"]}}],"collection":[{"href":"https:\/\/bythemoon.eu\/en\/wp-json\/wp\/v2\/product"}],"about":[{"href":"https:\/\/bythemoon.eu\/en\/wp-json\/wp\/v2\/types\/product"}],"wp:featuredmedia":[{"embeddable":true,"href":"https:\/\/bythemoon.eu\/en\/wp-json\/wp\/v2\/media\/6508"}],"wp:attachment":[{"href":"https:\/\/bythemoon.eu\/en\/wp-json\/wp\/v2\/media?parent=6507"}],"wp:term":[{"taxonomy":"product_brand","embeddable":true,"href":"https:\/\/bythemoon.eu\/en\/wp-json\/wp\/v2\/product_brand?post=6507"},{"taxonomy":"product_cat","embeddable":true,"href":"https:\/\/bythemoon.eu\/en\/wp-json\/wp\/v2\/product_cat?post=6507"},{"taxonomy":"product_tag","embeddable":true,"href":"https:\/\/bythemoon.eu\/en\/wp-json\/wp\/v2\/product_tag?post=6507"}],"curies":[{"name":"wp","href":"https:\/\/api.w.org\/{rel}","templated":true}]}}