{"id":6490,"date":"2025-06-25T15:13:37","date_gmt":"2025-06-25T13:13:37","guid":{"rendered":"https:\/\/bythemoon.eu\/en\/produkt\/t-shirt-cin-cin\/"},"modified":"2025-11-14T14:17:06","modified_gmt":"2025-11-14T13:17:06","slug":"t-shirt-cin-cin","status":"publish","type":"product","link":"https:\/\/bythemoon.eu\/en\/product\/t-shirt-cin-cin\/","title":{"rendered":"t-shirt Cin cin"},"content":{"rendered":"<p>A vibrant, timeless T-shirt that will bring freshness and positive vibes to your wardrobe! The classic green-and-white stripes are complemented by a sunny touch \u2013 the neckline and \u201c<em>cin cin<\/em>\u201d print in a warm ochre shade. This joyful reference to a toast and celebrating small moments is perfect for those who love to enjoy life! Made from soft, jersey cotton, it ensures comfort throughout the day. Ideal for both casual and more stylish outfits. Wear it solo or under your favorite blazer \u2013 and celebrate each day!<\/p>\n<p><strong>Composition:<\/strong> 92% cotton, 8% elastane<\/p>\n<p><strong>Care:<\/strong> machine wash at 30\u00b0C, normal spin cycle, with light colours<\/p>\n<p><strong>T-shirt measurements in cm:<\/strong><\/p>\n<p>The blouse has a loose cut. Before choosing a size, check the measurements. If you want a more fitted look, choose a smaller size.<\/p>\n<table width=\"550\">\n<tbody>\n<tr>\n<td style=\"text-align: center;\" width=\"90\">&nbsp;<\/td>\n<td style=\"text-align: center;\" width=\"64\"><strong>XS<\/strong><\/td>\n<td style=\"text-align: center;\" width=\"64\"><strong>S<\/strong><\/td>\n<td style=\"text-align: center;\" width=\"64\"><strong>M<\/strong><\/td>\n<td style=\"text-align: center;\" width=\"64\"><strong>L<\/strong><\/td>\n<\/tr>\n<tr>\n<td style=\"text-align: center;\">chest width<\/td>\n<td style=\"text-align: center;\">47<\/td>\n<td style=\"text-align: center;\">50<\/td>\n<td style=\"text-align: center;\">53<\/td>\n<td style=\"text-align: center;\">56<\/td>\n<\/tr>\n<tr>\n<td style=\"text-align: center;\" width=\"90\">length<\/td>\n<td style=\"text-align: center;\">60<\/td>\n<td style=\"text-align: center;\">62<\/td>\n<td style=\"text-align: center;\">63<\/td>\n<td style=\"text-align: center;\">65<\/td>\n<\/tr>\n<\/tbody>\n<\/table>\n","protected":false},"excerpt":{"rendered":"<p>A vibrant, timeless T-shirt that will bring freshness and positive vibes to your wardrobe! The classic green-and-white stripes are complemented by a sunny touch \u2013 the neckline and \u201ccin cin\u201d print in a warm ochre shade. This joyful reference to a toast and celebrating small moments is perfect for those who love to enjoy life! [&#8230;]\n","protected":false},"featured_media":6491,"template":"","meta":[],"product_brand":[],"product_cat":[21,55,24],"product_tag":[],"class_list":{"0":"post-6490","1":"product","2":"type-product","3":"status-publish","4":"has-post-thumbnail","6":"product_cat-btm-en","7":"product_cat-sale","8":"product_cat-t-shirts","10":"first","11":"instock","12":"sale","13":"taxable","14":"shipping-taxable","15":"purchasable","16":"product-type-variable"},"yoast_head":"<!-- This site is optimized with the Yoast SEO plugin v27.0 - https:\/\/yoast.com\/product\/yoast-seo-wordpress\/ -->\n<title>t-shirt Cin cin - By The Moon EN<\/title>\n<meta name=\"robots\" content=\"index, follow, max-snippet:-1, max-image-preview:large, max-video-preview:-1\" \/>\n<link rel=\"canonical\" href=\"https:\/\/bythemoon.eu\/en\/product\/t-shirt-cin-cin\/\" \/>\n<meta property=\"og:locale\" content=\"en_US\" \/>\n<meta property=\"og:type\" content=\"article\" \/>\n<meta property=\"og:title\" content=\"t-shirt Cin cin - By The Moon EN\" \/>\n<meta property=\"og:description\" content=\"A vibrant, timeless T-shirt that will bring freshness and positive vibes to your wardrobe! The classic green-and-white stripes are complemented by a sunny touch \u2013 the neckline and \u201ccin cin\u201d print in a warm ochre shade. This joyful reference to a toast and celebrating small moments is perfect for those who love to enjoy life! [...]\" \/>\n<meta property=\"og:url\" content=\"https:\/\/bythemoon.eu\/en\/product\/t-shirt-cin-cin\/\" \/>\n<meta property=\"og:site_name\" content=\"By The Moon EN\" \/>\n<meta property=\"article:modified_time\" content=\"2025-11-14T13:17:06+00:00\" \/>\n<meta property=\"og:image\" content=\"https:\/\/bythemoon.eu\/en\/wp-content\/uploads\/2025\/06\/t-shirt_cincin.2.jpg\" \/>\n\t<meta property=\"og:image:width\" content=\"1000\" \/>\n\t<meta property=\"og:image:height\" content=\"1400\" \/>\n\t<meta property=\"og:image:type\" content=\"image\/jpeg\" \/>\n<script type=\"application\/ld+json\" class=\"yoast-schema-graph\">{\"@context\":\"https:\/\/schema.org\",\"@graph\":[{\"@type\":\"WebPage\",\"@id\":\"https:\/\/bythemoon.eu\/en\/product\/t-shirt-cin-cin\/\",\"url\":\"https:\/\/bythemoon.eu\/en\/product\/t-shirt-cin-cin\/\",\"name\":\"t-shirt Cin cin - By The Moon EN\",\"isPartOf\":{\"@id\":\"https:\/\/bythemoon.eu\/en\/#website\"},\"primaryImageOfPage\":{\"@id\":\"https:\/\/bythemoon.eu\/en\/product\/t-shirt-cin-cin\/#primaryimage\"},\"image\":{\"@id\":\"https:\/\/bythemoon.eu\/en\/product\/t-shirt-cin-cin\/#primaryimage\"},\"thumbnailUrl\":\"https:\/\/bythemoon.eu\/en\/wp-content\/uploads\/2025\/06\/t-shirt_cincin.2.jpg\",\"datePublished\":\"2025-06-25T13:13:37+00:00\",\"dateModified\":\"2025-11-14T13:17:06+00:00\",\"breadcrumb\":{\"@id\":\"https:\/\/bythemoon.eu\/en\/product\/t-shirt-cin-cin\/#breadcrumb\"},\"inLanguage\":\"en-US\",\"potentialAction\":[{\"@type\":\"ReadAction\",\"target\":[\"https:\/\/bythemoon.eu\/en\/product\/t-shirt-cin-cin\/\"]}]},{\"@type\":\"ImageObject\",\"inLanguage\":\"en-US\",\"@id\":\"https:\/\/bythemoon.eu\/en\/product\/t-shirt-cin-cin\/#primaryimage\",\"url\":\"https:\/\/bythemoon.eu\/en\/wp-content\/uploads\/2025\/06\/t-shirt_cincin.2.jpg\",\"contentUrl\":\"https:\/\/bythemoon.eu\/en\/wp-content\/uploads\/2025\/06\/t-shirt_cincin.2.jpg\",\"width\":1000,\"height\":1400,\"caption\":\"t-shirt damski cin cin, w zielone paski, paseczki bia\u0142o-zielone, koszulka z kr\u00f3tkim r\u0119kawem, polska marka, by the moon\"},{\"@type\":\"BreadcrumbList\",\"@id\":\"https:\/\/bythemoon.eu\/en\/product\/t-shirt-cin-cin\/#breadcrumb\",\"itemListElement\":[{\"@type\":\"ListItem\",\"position\":1,\"name\":\"Strona g\u0142\u00f3wna\",\"item\":\"https:\/\/bythemoon.eu\/en\/\"},{\"@type\":\"ListItem\",\"position\":2,\"name\":\"Shop\",\"item\":\"https:\/\/bythemoon.eu\/en\/shop\/\"},{\"@type\":\"ListItem\",\"position\":3,\"name\":\"t-shirt Cin cin\"}]},{\"@type\":\"WebSite\",\"@id\":\"https:\/\/bythemoon.eu\/en\/#website\",\"url\":\"https:\/\/bythemoon.eu\/en\/\",\"name\":\"By The Moon EN\",\"description\":\"\",\"potentialAction\":[{\"@type\":\"SearchAction\",\"target\":{\"@type\":\"EntryPoint\",\"urlTemplate\":\"https:\/\/bythemoon.eu\/en\/?s={search_term_string}\"},\"query-input\":{\"@type\":\"PropertyValueSpecification\",\"valueRequired\":true,\"valueName\":\"search_term_string\"}}],\"inLanguage\":\"en-US\"}]}<\/script>\n<!-- \/ Yoast SEO plugin. -->","yoast_head_json":{"title":"t-shirt Cin cin - By The Moon EN","robots":{"index":"index","follow":"follow","max-snippet":"max-snippet:-1","max-image-preview":"max-image-preview:large","max-video-preview":"max-video-preview:-1"},"canonical":"https:\/\/bythemoon.eu\/en\/product\/t-shirt-cin-cin\/","og_locale":"en_US","og_type":"article","og_title":"t-shirt Cin cin - By The Moon EN","og_description":"A vibrant, timeless T-shirt that will bring freshness and positive vibes to your wardrobe! The classic green-and-white stripes are complemented by a sunny touch \u2013 the neckline and \u201ccin cin\u201d print in a warm ochre shade. This joyful reference to a toast and celebrating small moments is perfect for those who love to enjoy life! [...]","og_url":"https:\/\/bythemoon.eu\/en\/product\/t-shirt-cin-cin\/","og_site_name":"By The Moon EN","article_modified_time":"2025-11-14T13:17:06+00:00","og_image":[{"width":1000,"height":1400,"url":"https:\/\/bythemoon.eu\/en\/wp-content\/uploads\/2025\/06\/t-shirt_cincin.2.jpg","type":"image\/jpeg"}],"schema":{"@context":"https:\/\/schema.org","@graph":[{"@type":"WebPage","@id":"https:\/\/bythemoon.eu\/en\/product\/t-shirt-cin-cin\/","url":"https:\/\/bythemoon.eu\/en\/product\/t-shirt-cin-cin\/","name":"t-shirt Cin cin - By The Moon EN","isPartOf":{"@id":"https:\/\/bythemoon.eu\/en\/#website"},"primaryImageOfPage":{"@id":"https:\/\/bythemoon.eu\/en\/product\/t-shirt-cin-cin\/#primaryimage"},"image":{"@id":"https:\/\/bythemoon.eu\/en\/product\/t-shirt-cin-cin\/#primaryimage"},"thumbnailUrl":"https:\/\/bythemoon.eu\/en\/wp-content\/uploads\/2025\/06\/t-shirt_cincin.2.jpg","datePublished":"2025-06-25T13:13:37+00:00","dateModified":"2025-11-14T13:17:06+00:00","breadcrumb":{"@id":"https:\/\/bythemoon.eu\/en\/product\/t-shirt-cin-cin\/#breadcrumb"},"inLanguage":"en-US","potentialAction":[{"@type":"ReadAction","target":["https:\/\/bythemoon.eu\/en\/product\/t-shirt-cin-cin\/"]}]},{"@type":"ImageObject","inLanguage":"en-US","@id":"https:\/\/bythemoon.eu\/en\/product\/t-shirt-cin-cin\/#primaryimage","url":"https:\/\/bythemoon.eu\/en\/wp-content\/uploads\/2025\/06\/t-shirt_cincin.2.jpg","contentUrl":"https:\/\/bythemoon.eu\/en\/wp-content\/uploads\/2025\/06\/t-shirt_cincin.2.jpg","width":1000,"height":1400,"caption":"t-shirt damski cin cin, w zielone paski, paseczki bia\u0142o-zielone, koszulka z kr\u00f3tkim r\u0119kawem, polska marka, by the moon"},{"@type":"BreadcrumbList","@id":"https:\/\/bythemoon.eu\/en\/product\/t-shirt-cin-cin\/#breadcrumb","itemListElement":[{"@type":"ListItem","position":1,"name":"Strona g\u0142\u00f3wna","item":"https:\/\/bythemoon.eu\/en\/"},{"@type":"ListItem","position":2,"name":"Shop","item":"https:\/\/bythemoon.eu\/en\/shop\/"},{"@type":"ListItem","position":3,"name":"t-shirt Cin cin"}]},{"@type":"WebSite","@id":"https:\/\/bythemoon.eu\/en\/#website","url":"https:\/\/bythemoon.eu\/en\/","name":"By The Moon EN","description":"","potentialAction":[{"@type":"SearchAction","target":{"@type":"EntryPoint","urlTemplate":"https:\/\/bythemoon.eu\/en\/?s={search_term_string}"},"query-input":{"@type":"PropertyValueSpecification","valueRequired":true,"valueName":"search_term_string"}}],"inLanguage":"en-US"}]}},"_links":{"self":[{"href":"https:\/\/bythemoon.eu\/en\/wp-json\/wp\/v2\/product\/6490","targetHints":{"allow":["GET"]}}],"collection":[{"href":"https:\/\/bythemoon.eu\/en\/wp-json\/wp\/v2\/product"}],"about":[{"href":"https:\/\/bythemoon.eu\/en\/wp-json\/wp\/v2\/types\/product"}],"wp:featuredmedia":[{"embeddable":true,"href":"https:\/\/bythemoon.eu\/en\/wp-json\/wp\/v2\/media\/6491"}],"wp:attachment":[{"href":"https:\/\/bythemoon.eu\/en\/wp-json\/wp\/v2\/media?parent=6490"}],"wp:term":[{"taxonomy":"product_brand","embeddable":true,"href":"https:\/\/bythemoon.eu\/en\/wp-json\/wp\/v2\/product_brand?post=6490"},{"taxonomy":"product_cat","embeddable":true,"href":"https:\/\/bythemoon.eu\/en\/wp-json\/wp\/v2\/product_cat?post=6490"},{"taxonomy":"product_tag","embeddable":true,"href":"https:\/\/bythemoon.eu\/en\/wp-json\/wp\/v2\/product_tag?post=6490"}],"curies":[{"name":"wp","href":"https:\/\/api.w.org\/{rel}","templated":true}]}}