{"id":6471,"date":"2025-06-25T15:13:35","date_gmt":"2025-06-25T13:13:35","guid":{"rendered":"https:\/\/bythemoon.eu\/en\/produkt\/longsleeve-rendez-vous\/"},"modified":"2025-11-14T14:17:07","modified_gmt":"2025-11-14T13:17:07","slug":"longsleeve-rendez-vous","status":"publish","type":"product","link":"https:\/\/bythemoon.eu\/en\/product\/longsleeve-rendez-vous\/","title":{"rendered":"longsleeve rendez-vous"},"content":{"rendered":"<p>Klasyczny longsleeve damski uszyty z mi\u0119kkiej, grubszej dzianiny z lekkim meszkiem od wewn\u0105trz. Na przodzie napis <em><strong>rendez-vous<\/strong><\/em> wykonany flockiem, dodaj\u0105cy romantycznego, paryskiego looku. Idealny na ka\u017cdy dzie\u0144, nie tylko na randki i zalotne spotkania. \u015awietnie wygl\u0105da pod marynark\u0105, w po\u0142\u0105czeniu z jeansami, czy szortami. Super modny top w stylu It Girl.<\/p>\n<p><strong>Wymiary koszulki w cm.:<\/strong><\/p>\n<table style=\"height: 155px\" width=\"521\">\n<tbody>\n<tr>\n<td width=\"143\"><\/td>\n<td style=\"text-align: center\" width=\"64\"><strong>XS<\/strong><\/td>\n<td style=\"text-align: center\" width=\"64\"><strong>S<\/strong><\/td>\n<td style=\"text-align: center\" width=\"64\"><strong>M<\/strong><\/td>\n<td style=\"text-align: center\" width=\"64\"><strong>L<\/strong><\/td>\n<\/tr>\n<tr>\n<td>szeroko\u015b\u0107 w biu\u015bcie<\/td>\n<td style=\"text-align: center\">47<\/td>\n<td style=\"text-align: center\">50<\/td>\n<td style=\"text-align: center\">53<\/td>\n<td style=\"text-align: center\">63<\/td>\n<\/tr>\n<tr>\n<td style=\"text-align: left\">d\u0142ugo\u015b\u0107 od ramienia przy dekolcie<\/td>\n<td style=\"text-align: center\">58<\/td>\n<td style=\"text-align: center\">60<\/td>\n<td style=\"text-align: center\">62<\/td>\n<td style=\"text-align: center\">64<\/td>\n<\/tr>\n<\/tbody>\n<\/table>\n<p>&nbsp;<\/p>\n","protected":false},"excerpt":{"rendered":"<p>Klasyczny longsleeve damski uszyty z mi\u0119kkiej, grubszej dzianiny z lekkim meszkiem od wewn\u0105trz. Na przodzie napis rendez-vous wykonany flockiem, dodaj\u0105cy romantycznego, paryskiego looku. Idealny na ka\u017cdy dzie\u0144, nie tylko na randki i zalotne spotkania. \u015awietnie wygl\u0105da pod marynark\u0105, w po\u0142\u0105czeniu z jeansami, czy szortami. Super modny top w stylu It Girl. Wymiary koszulki w cm.: [&#8230;]\n","protected":false},"featured_media":6454,"template":"","meta":[],"product_brand":[],"product_cat":[23,21,48,55,54],"product_tag":[],"class_list":{"0":"post-6471","1":"product","2":"type-product","3":"status-publish","4":"has-post-thumbnail","6":"product_cat-blouses-longsleeves","7":"product_cat-btm-en","8":"product_cat-love-collection","9":"product_cat-sale","10":"product_cat-weekend-capsule","12":"first","13":"instock","14":"sale","15":"taxable","16":"shipping-taxable","17":"purchasable","18":"product-type-variable"},"yoast_head":"<!-- This site is optimized with the Yoast SEO plugin v27.0 - https:\/\/yoast.com\/product\/yoast-seo-wordpress\/ -->\n<title>longsleeve rendez-vous - By The Moon EN<\/title>\n<meta name=\"robots\" content=\"index, follow, max-snippet:-1, max-image-preview:large, max-video-preview:-1\" \/>\n<link rel=\"canonical\" href=\"https:\/\/bythemoon.eu\/en\/product\/longsleeve-rendez-vous\/\" \/>\n<meta property=\"og:locale\" content=\"en_US\" \/>\n<meta property=\"og:type\" content=\"article\" \/>\n<meta property=\"og:title\" content=\"longsleeve rendez-vous - By The Moon EN\" \/>\n<meta property=\"og:description\" content=\"Klasyczny longsleeve damski uszyty z mi\u0119kkiej, grubszej dzianiny z lekkim meszkiem od wewn\u0105trz. Na przodzie napis rendez-vous wykonany flockiem, dodaj\u0105cy romantycznego, paryskiego looku. Idealny na ka\u017cdy dzie\u0144, nie tylko na randki i zalotne spotkania. \u015awietnie wygl\u0105da pod marynark\u0105, w po\u0142\u0105czeniu z jeansami, czy szortami. Super modny top w stylu It Girl. Wymiary koszulki w cm.: [...]\" \/>\n<meta property=\"og:url\" content=\"https:\/\/bythemoon.eu\/en\/product\/longsleeve-rendez-vous\/\" \/>\n<meta property=\"og:site_name\" content=\"By The Moon EN\" \/>\n<meta property=\"article:modified_time\" content=\"2025-11-14T13:17:07+00:00\" \/>\n<meta property=\"og:image\" content=\"https:\/\/bythemoon.eu\/en\/wp-content\/uploads\/2025\/06\/long_rendez-vous-1.jpg\" \/>\n\t<meta property=\"og:image:width\" content=\"1000\" \/>\n\t<meta property=\"og:image:height\" content=\"1400\" \/>\n\t<meta property=\"og:image:type\" content=\"image\/jpeg\" \/>\n<script type=\"application\/ld+json\" class=\"yoast-schema-graph\">{\"@context\":\"https:\/\/schema.org\",\"@graph\":[{\"@type\":\"WebPage\",\"@id\":\"https:\/\/bythemoon.eu\/en\/product\/longsleeve-rendez-vous\/\",\"url\":\"https:\/\/bythemoon.eu\/en\/product\/longsleeve-rendez-vous\/\",\"name\":\"longsleeve rendez-vous - By The Moon EN\",\"isPartOf\":{\"@id\":\"https:\/\/bythemoon.eu\/en\/#website\"},\"primaryImageOfPage\":{\"@id\":\"https:\/\/bythemoon.eu\/en\/product\/longsleeve-rendez-vous\/#primaryimage\"},\"image\":{\"@id\":\"https:\/\/bythemoon.eu\/en\/product\/longsleeve-rendez-vous\/#primaryimage\"},\"thumbnailUrl\":\"https:\/\/bythemoon.eu\/en\/wp-content\/uploads\/2025\/06\/long_rendez-vous-1.jpg\",\"datePublished\":\"2025-06-25T13:13:35+00:00\",\"dateModified\":\"2025-11-14T13:17:07+00:00\",\"breadcrumb\":{\"@id\":\"https:\/\/bythemoon.eu\/en\/product\/longsleeve-rendez-vous\/#breadcrumb\"},\"inLanguage\":\"en-US\",\"potentialAction\":[{\"@type\":\"ReadAction\",\"target\":[\"https:\/\/bythemoon.eu\/en\/product\/longsleeve-rendez-vous\/\"]}]},{\"@type\":\"ImageObject\",\"inLanguage\":\"en-US\",\"@id\":\"https:\/\/bythemoon.eu\/en\/product\/longsleeve-rendez-vous\/#primaryimage\",\"url\":\"https:\/\/bythemoon.eu\/en\/wp-content\/uploads\/2025\/06\/long_rendez-vous-1.jpg\",\"contentUrl\":\"https:\/\/bythemoon.eu\/en\/wp-content\/uploads\/2025\/06\/long_rendez-vous-1.jpg\",\"width\":1000,\"height\":1400,\"caption\":\"bia\u0142y, ciep\u0142y longsleeve, bluza z napisem rendez-vous. na randki, na walentynki, polska marka, bawe\u0142na\"},{\"@type\":\"BreadcrumbList\",\"@id\":\"https:\/\/bythemoon.eu\/en\/product\/longsleeve-rendez-vous\/#breadcrumb\",\"itemListElement\":[{\"@type\":\"ListItem\",\"position\":1,\"name\":\"Strona g\u0142\u00f3wna\",\"item\":\"https:\/\/bythemoon.eu\/en\/\"},{\"@type\":\"ListItem\",\"position\":2,\"name\":\"Shop\",\"item\":\"https:\/\/bythemoon.eu\/en\/shop\/\"},{\"@type\":\"ListItem\",\"position\":3,\"name\":\"longsleeve rendez-vous\"}]},{\"@type\":\"WebSite\",\"@id\":\"https:\/\/bythemoon.eu\/en\/#website\",\"url\":\"https:\/\/bythemoon.eu\/en\/\",\"name\":\"By The Moon EN\",\"description\":\"\",\"potentialAction\":[{\"@type\":\"SearchAction\",\"target\":{\"@type\":\"EntryPoint\",\"urlTemplate\":\"https:\/\/bythemoon.eu\/en\/?s={search_term_string}\"},\"query-input\":{\"@type\":\"PropertyValueSpecification\",\"valueRequired\":true,\"valueName\":\"search_term_string\"}}],\"inLanguage\":\"en-US\"}]}<\/script>\n<!-- \/ Yoast SEO plugin. -->","yoast_head_json":{"title":"longsleeve rendez-vous - By The Moon EN","robots":{"index":"index","follow":"follow","max-snippet":"max-snippet:-1","max-image-preview":"max-image-preview:large","max-video-preview":"max-video-preview:-1"},"canonical":"https:\/\/bythemoon.eu\/en\/product\/longsleeve-rendez-vous\/","og_locale":"en_US","og_type":"article","og_title":"longsleeve rendez-vous - By The Moon EN","og_description":"Klasyczny longsleeve damski uszyty z mi\u0119kkiej, grubszej dzianiny z lekkim meszkiem od wewn\u0105trz. Na przodzie napis rendez-vous wykonany flockiem, dodaj\u0105cy romantycznego, paryskiego looku. Idealny na ka\u017cdy dzie\u0144, nie tylko na randki i zalotne spotkania. \u015awietnie wygl\u0105da pod marynark\u0105, w po\u0142\u0105czeniu z jeansami, czy szortami. Super modny top w stylu It Girl. Wymiary koszulki w cm.: [...]","og_url":"https:\/\/bythemoon.eu\/en\/product\/longsleeve-rendez-vous\/","og_site_name":"By The Moon EN","article_modified_time":"2025-11-14T13:17:07+00:00","og_image":[{"width":1000,"height":1400,"url":"https:\/\/bythemoon.eu\/en\/wp-content\/uploads\/2025\/06\/long_rendez-vous-1.jpg","type":"image\/jpeg"}],"schema":{"@context":"https:\/\/schema.org","@graph":[{"@type":"WebPage","@id":"https:\/\/bythemoon.eu\/en\/product\/longsleeve-rendez-vous\/","url":"https:\/\/bythemoon.eu\/en\/product\/longsleeve-rendez-vous\/","name":"longsleeve rendez-vous - By The Moon EN","isPartOf":{"@id":"https:\/\/bythemoon.eu\/en\/#website"},"primaryImageOfPage":{"@id":"https:\/\/bythemoon.eu\/en\/product\/longsleeve-rendez-vous\/#primaryimage"},"image":{"@id":"https:\/\/bythemoon.eu\/en\/product\/longsleeve-rendez-vous\/#primaryimage"},"thumbnailUrl":"https:\/\/bythemoon.eu\/en\/wp-content\/uploads\/2025\/06\/long_rendez-vous-1.jpg","datePublished":"2025-06-25T13:13:35+00:00","dateModified":"2025-11-14T13:17:07+00:00","breadcrumb":{"@id":"https:\/\/bythemoon.eu\/en\/product\/longsleeve-rendez-vous\/#breadcrumb"},"inLanguage":"en-US","potentialAction":[{"@type":"ReadAction","target":["https:\/\/bythemoon.eu\/en\/product\/longsleeve-rendez-vous\/"]}]},{"@type":"ImageObject","inLanguage":"en-US","@id":"https:\/\/bythemoon.eu\/en\/product\/longsleeve-rendez-vous\/#primaryimage","url":"https:\/\/bythemoon.eu\/en\/wp-content\/uploads\/2025\/06\/long_rendez-vous-1.jpg","contentUrl":"https:\/\/bythemoon.eu\/en\/wp-content\/uploads\/2025\/06\/long_rendez-vous-1.jpg","width":1000,"height":1400,"caption":"bia\u0142y, ciep\u0142y longsleeve, bluza z napisem rendez-vous. na randki, na walentynki, polska marka, bawe\u0142na"},{"@type":"BreadcrumbList","@id":"https:\/\/bythemoon.eu\/en\/product\/longsleeve-rendez-vous\/#breadcrumb","itemListElement":[{"@type":"ListItem","position":1,"name":"Strona g\u0142\u00f3wna","item":"https:\/\/bythemoon.eu\/en\/"},{"@type":"ListItem","position":2,"name":"Shop","item":"https:\/\/bythemoon.eu\/en\/shop\/"},{"@type":"ListItem","position":3,"name":"longsleeve rendez-vous"}]},{"@type":"WebSite","@id":"https:\/\/bythemoon.eu\/en\/#website","url":"https:\/\/bythemoon.eu\/en\/","name":"By The Moon EN","description":"","potentialAction":[{"@type":"SearchAction","target":{"@type":"EntryPoint","urlTemplate":"https:\/\/bythemoon.eu\/en\/?s={search_term_string}"},"query-input":{"@type":"PropertyValueSpecification","valueRequired":true,"valueName":"search_term_string"}}],"inLanguage":"en-US"}]}},"_links":{"self":[{"href":"https:\/\/bythemoon.eu\/en\/wp-json\/wp\/v2\/product\/6471","targetHints":{"allow":["GET"]}}],"collection":[{"href":"https:\/\/bythemoon.eu\/en\/wp-json\/wp\/v2\/product"}],"about":[{"href":"https:\/\/bythemoon.eu\/en\/wp-json\/wp\/v2\/types\/product"}],"wp:featuredmedia":[{"embeddable":true,"href":"https:\/\/bythemoon.eu\/en\/wp-json\/wp\/v2\/media\/6454"}],"wp:attachment":[{"href":"https:\/\/bythemoon.eu\/en\/wp-json\/wp\/v2\/media?parent=6471"}],"wp:term":[{"taxonomy":"product_brand","embeddable":true,"href":"https:\/\/bythemoon.eu\/en\/wp-json\/wp\/v2\/product_brand?post=6471"},{"taxonomy":"product_cat","embeddable":true,"href":"https:\/\/bythemoon.eu\/en\/wp-json\/wp\/v2\/product_cat?post=6471"},{"taxonomy":"product_tag","embeddable":true,"href":"https:\/\/bythemoon.eu\/en\/wp-json\/wp\/v2\/product_tag?post=6471"}],"curies":[{"name":"wp","href":"https:\/\/api.w.org\/{rel}","templated":true}]}}