{"id":6460,"date":"2025-06-25T15:13:35","date_gmt":"2025-06-25T13:13:35","guid":{"rendered":"https:\/\/bythemoon.eu\/en\/produkt\/bluza-love-red\/"},"modified":"2025-11-14T14:17:08","modified_gmt":"2025-11-14T13:17:08","slug":"bluza-love-red","status":"publish","type":"product","link":"https:\/\/bythemoon.eu\/en\/product\/bluza-love-red\/","title":{"rendered":"bluza LOVE red"},"content":{"rendered":"<p>Energetyczna, intensywnie czerwona bluza damska, z wyhaftowanym napisem LOVE na przodzie. Wykonana z mi\u0119kkiej dzianiny z meszkiem od wewn\u0105trz \u2013 otula komfortem i ciep\u0142em. To nasz nowy model bluzy &#8211; kr\u00f3tszy fason i opuszczona linia ramion nadaj\u0105 jej nowoczesnego looku. Idealna do sportowych zestaw\u00f3w, ale r\u00f3wnie \u015bwietnie sprawdzi si\u0119 pod marynark\u0105 czy w duecie z klasycznymi jeansami. Bluza LOVE red doda koloru do ka\u017cdej stylizacji:-)<\/p>\n<p><strong>Wymiary bluzy w cm.:<\/strong><\/p>\n<table style=\"height: 155px\" width=\"521\">\n<tbody>\n<tr>\n<td width=\"143\"><\/td>\n<td style=\"text-align: center\" width=\"64\"><strong>XS<\/strong><\/td>\n<td style=\"text-align: center\" width=\"64\"><strong>S<\/strong><\/td>\n<td style=\"text-align: center\" width=\"64\"><strong>M<\/strong><\/td>\n<td style=\"text-align: center\" width=\"64\"><strong>L<\/strong><\/td>\n<\/tr>\n<tr>\n<td>szeroko\u015b\u0107 w biu\u015bcie<\/td>\n<td style=\"text-align: center\">56<\/td>\n<td style=\"text-align: center\">58<\/td>\n<td style=\"text-align: center\">60<\/td>\n<td style=\"text-align: center\">64<\/td>\n<\/tr>\n<tr>\n<td style=\"text-align: left\">d\u0142ugo\u015b\u0107 od ramienia przy dekolcie<\/td>\n<td style=\"text-align: center\">57<\/td>\n<td style=\"text-align: center\">58<\/td>\n<td style=\"text-align: center\">60<\/td>\n<td style=\"text-align: center\">62<\/td>\n<\/tr>\n<\/tbody>\n<\/table>\n<p>&nbsp;<\/p>\n","protected":false},"excerpt":{"rendered":"<p>Energetyczna, intensywnie czerwona bluza damska, z wyhaftowanym napisem LOVE na przodzie. Wykonana z mi\u0119kkiej dzianiny z meszkiem od wewn\u0105trz \u2013 otula komfortem i ciep\u0142em. To nasz nowy model bluzy &#8211; kr\u00f3tszy fason i opuszczona linia ramion nadaj\u0105 jej nowoczesnego looku. Idealna do sportowych zestaw\u00f3w, ale r\u00f3wnie \u015bwietnie sprawdzi si\u0119 pod marynark\u0105 czy w duecie z [&#8230;]\n","protected":false},"featured_media":6442,"template":"","meta":[],"product_brand":[],"product_cat":[21,48,55,52,54],"product_tag":[],"class_list":{"0":"post-6460","1":"product","2":"type-product","3":"status-publish","4":"has-post-thumbnail","6":"product_cat-btm-en","7":"product_cat-love-collection","8":"product_cat-sale","9":"product_cat-sweatshirts","10":"product_cat-weekend-capsule","12":"first","13":"instock","14":"taxable","15":"shipping-taxable","16":"purchasable","17":"product-type-variable"},"yoast_head":"<!-- This site is optimized with the Yoast SEO plugin v27.0 - https:\/\/yoast.com\/product\/yoast-seo-wordpress\/ -->\n<title>bluza LOVE red - By The Moon EN<\/title>\n<meta name=\"robots\" content=\"index, follow, max-snippet:-1, max-image-preview:large, max-video-preview:-1\" \/>\n<link rel=\"canonical\" href=\"https:\/\/bythemoon.eu\/en\/product\/bluza-love-red\/\" \/>\n<meta property=\"og:locale\" content=\"en_US\" \/>\n<meta property=\"og:type\" content=\"article\" \/>\n<meta property=\"og:title\" content=\"bluza LOVE red - By The Moon EN\" \/>\n<meta property=\"og:description\" content=\"Energetyczna, intensywnie czerwona bluza damska, z wyhaftowanym napisem LOVE na przodzie. Wykonana z mi\u0119kkiej dzianiny z meszkiem od wewn\u0105trz \u2013 otula komfortem i ciep\u0142em. To nasz nowy model bluzy &#8211; kr\u00f3tszy fason i opuszczona linia ramion nadaj\u0105 jej nowoczesnego looku. Idealna do sportowych zestaw\u00f3w, ale r\u00f3wnie \u015bwietnie sprawdzi si\u0119 pod marynark\u0105 czy w duecie z [...]\" \/>\n<meta property=\"og:url\" content=\"https:\/\/bythemoon.eu\/en\/product\/bluza-love-red\/\" \/>\n<meta property=\"og:site_name\" content=\"By The Moon EN\" \/>\n<meta property=\"article:modified_time\" content=\"2025-11-14T13:17:08+00:00\" \/>\n<meta property=\"og:image\" content=\"https:\/\/bythemoon.eu\/en\/wp-content\/uploads\/2025\/06\/bluza_love2.jpg\" \/>\n\t<meta property=\"og:image:width\" content=\"1000\" \/>\n\t<meta property=\"og:image:height\" content=\"1400\" \/>\n\t<meta property=\"og:image:type\" content=\"image\/jpeg\" \/>\n<script type=\"application\/ld+json\" class=\"yoast-schema-graph\">{\"@context\":\"https:\/\/schema.org\",\"@graph\":[{\"@type\":\"WebPage\",\"@id\":\"https:\/\/bythemoon.eu\/en\/product\/bluza-love-red\/\",\"url\":\"https:\/\/bythemoon.eu\/en\/product\/bluza-love-red\/\",\"name\":\"bluza LOVE red - By The Moon EN\",\"isPartOf\":{\"@id\":\"https:\/\/bythemoon.eu\/en\/#website\"},\"primaryImageOfPage\":{\"@id\":\"https:\/\/bythemoon.eu\/en\/product\/bluza-love-red\/#primaryimage\"},\"image\":{\"@id\":\"https:\/\/bythemoon.eu\/en\/product\/bluza-love-red\/#primaryimage\"},\"thumbnailUrl\":\"https:\/\/bythemoon.eu\/en\/wp-content\/uploads\/2025\/06\/bluza_love2.jpg\",\"datePublished\":\"2025-06-25T13:13:35+00:00\",\"dateModified\":\"2025-11-14T13:17:08+00:00\",\"breadcrumb\":{\"@id\":\"https:\/\/bythemoon.eu\/en\/product\/bluza-love-red\/#breadcrumb\"},\"inLanguage\":\"en-US\",\"potentialAction\":[{\"@type\":\"ReadAction\",\"target\":[\"https:\/\/bythemoon.eu\/en\/product\/bluza-love-red\/\"]}]},{\"@type\":\"ImageObject\",\"inLanguage\":\"en-US\",\"@id\":\"https:\/\/bythemoon.eu\/en\/product\/bluza-love-red\/#primaryimage\",\"url\":\"https:\/\/bythemoon.eu\/en\/wp-content\/uploads\/2025\/06\/bluza_love2.jpg\",\"contentUrl\":\"https:\/\/bythemoon.eu\/en\/wp-content\/uploads\/2025\/06\/bluza_love2.jpg\",\"width\":1000,\"height\":1400,\"caption\":\"damska bluza, kr\u00f3tka, lu\u017ana, czerwona, love\"},{\"@type\":\"BreadcrumbList\",\"@id\":\"https:\/\/bythemoon.eu\/en\/product\/bluza-love-red\/#breadcrumb\",\"itemListElement\":[{\"@type\":\"ListItem\",\"position\":1,\"name\":\"Strona g\u0142\u00f3wna\",\"item\":\"https:\/\/bythemoon.eu\/en\/\"},{\"@type\":\"ListItem\",\"position\":2,\"name\":\"Shop\",\"item\":\"https:\/\/bythemoon.eu\/en\/shop\/\"},{\"@type\":\"ListItem\",\"position\":3,\"name\":\"bluza LOVE red\"}]},{\"@type\":\"WebSite\",\"@id\":\"https:\/\/bythemoon.eu\/en\/#website\",\"url\":\"https:\/\/bythemoon.eu\/en\/\",\"name\":\"By The Moon EN\",\"description\":\"\",\"potentialAction\":[{\"@type\":\"SearchAction\",\"target\":{\"@type\":\"EntryPoint\",\"urlTemplate\":\"https:\/\/bythemoon.eu\/en\/?s={search_term_string}\"},\"query-input\":{\"@type\":\"PropertyValueSpecification\",\"valueRequired\":true,\"valueName\":\"search_term_string\"}}],\"inLanguage\":\"en-US\"}]}<\/script>\n<!-- \/ Yoast SEO plugin. -->","yoast_head_json":{"title":"bluza LOVE red - By The Moon EN","robots":{"index":"index","follow":"follow","max-snippet":"max-snippet:-1","max-image-preview":"max-image-preview:large","max-video-preview":"max-video-preview:-1"},"canonical":"https:\/\/bythemoon.eu\/en\/product\/bluza-love-red\/","og_locale":"en_US","og_type":"article","og_title":"bluza LOVE red - By The Moon EN","og_description":"Energetyczna, intensywnie czerwona bluza damska, z wyhaftowanym napisem LOVE na przodzie. Wykonana z mi\u0119kkiej dzianiny z meszkiem od wewn\u0105trz \u2013 otula komfortem i ciep\u0142em. To nasz nowy model bluzy &#8211; kr\u00f3tszy fason i opuszczona linia ramion nadaj\u0105 jej nowoczesnego looku. Idealna do sportowych zestaw\u00f3w, ale r\u00f3wnie \u015bwietnie sprawdzi si\u0119 pod marynark\u0105 czy w duecie z [...]","og_url":"https:\/\/bythemoon.eu\/en\/product\/bluza-love-red\/","og_site_name":"By The Moon EN","article_modified_time":"2025-11-14T13:17:08+00:00","og_image":[{"width":1000,"height":1400,"url":"https:\/\/bythemoon.eu\/en\/wp-content\/uploads\/2025\/06\/bluza_love2.jpg","type":"image\/jpeg"}],"schema":{"@context":"https:\/\/schema.org","@graph":[{"@type":"WebPage","@id":"https:\/\/bythemoon.eu\/en\/product\/bluza-love-red\/","url":"https:\/\/bythemoon.eu\/en\/product\/bluza-love-red\/","name":"bluza LOVE red - By The Moon EN","isPartOf":{"@id":"https:\/\/bythemoon.eu\/en\/#website"},"primaryImageOfPage":{"@id":"https:\/\/bythemoon.eu\/en\/product\/bluza-love-red\/#primaryimage"},"image":{"@id":"https:\/\/bythemoon.eu\/en\/product\/bluza-love-red\/#primaryimage"},"thumbnailUrl":"https:\/\/bythemoon.eu\/en\/wp-content\/uploads\/2025\/06\/bluza_love2.jpg","datePublished":"2025-06-25T13:13:35+00:00","dateModified":"2025-11-14T13:17:08+00:00","breadcrumb":{"@id":"https:\/\/bythemoon.eu\/en\/product\/bluza-love-red\/#breadcrumb"},"inLanguage":"en-US","potentialAction":[{"@type":"ReadAction","target":["https:\/\/bythemoon.eu\/en\/product\/bluza-love-red\/"]}]},{"@type":"ImageObject","inLanguage":"en-US","@id":"https:\/\/bythemoon.eu\/en\/product\/bluza-love-red\/#primaryimage","url":"https:\/\/bythemoon.eu\/en\/wp-content\/uploads\/2025\/06\/bluza_love2.jpg","contentUrl":"https:\/\/bythemoon.eu\/en\/wp-content\/uploads\/2025\/06\/bluza_love2.jpg","width":1000,"height":1400,"caption":"damska bluza, kr\u00f3tka, lu\u017ana, czerwona, love"},{"@type":"BreadcrumbList","@id":"https:\/\/bythemoon.eu\/en\/product\/bluza-love-red\/#breadcrumb","itemListElement":[{"@type":"ListItem","position":1,"name":"Strona g\u0142\u00f3wna","item":"https:\/\/bythemoon.eu\/en\/"},{"@type":"ListItem","position":2,"name":"Shop","item":"https:\/\/bythemoon.eu\/en\/shop\/"},{"@type":"ListItem","position":3,"name":"bluza LOVE red"}]},{"@type":"WebSite","@id":"https:\/\/bythemoon.eu\/en\/#website","url":"https:\/\/bythemoon.eu\/en\/","name":"By The Moon EN","description":"","potentialAction":[{"@type":"SearchAction","target":{"@type":"EntryPoint","urlTemplate":"https:\/\/bythemoon.eu\/en\/?s={search_term_string}"},"query-input":{"@type":"PropertyValueSpecification","valueRequired":true,"valueName":"search_term_string"}}],"inLanguage":"en-US"}]}},"_links":{"self":[{"href":"https:\/\/bythemoon.eu\/en\/wp-json\/wp\/v2\/product\/6460","targetHints":{"allow":["GET"]}}],"collection":[{"href":"https:\/\/bythemoon.eu\/en\/wp-json\/wp\/v2\/product"}],"about":[{"href":"https:\/\/bythemoon.eu\/en\/wp-json\/wp\/v2\/types\/product"}],"wp:featuredmedia":[{"embeddable":true,"href":"https:\/\/bythemoon.eu\/en\/wp-json\/wp\/v2\/media\/6442"}],"wp:attachment":[{"href":"https:\/\/bythemoon.eu\/en\/wp-json\/wp\/v2\/media?parent=6460"}],"wp:term":[{"taxonomy":"product_brand","embeddable":true,"href":"https:\/\/bythemoon.eu\/en\/wp-json\/wp\/v2\/product_brand?post=6460"},{"taxonomy":"product_cat","embeddable":true,"href":"https:\/\/bythemoon.eu\/en\/wp-json\/wp\/v2\/product_cat?post=6460"},{"taxonomy":"product_tag","embeddable":true,"href":"https:\/\/bythemoon.eu\/en\/wp-json\/wp\/v2\/product_tag?post=6460"}],"curies":[{"name":"wp","href":"https:\/\/api.w.org\/{rel}","templated":true}]}}