{"id":6449,"date":"2025-06-25T15:13:19","date_gmt":"2025-06-25T13:13:19","guid":{"rendered":"https:\/\/bythemoon.eu\/en\/produkt\/t-shirt-rendez-vous\/"},"modified":"2025-11-14T14:17:08","modified_gmt":"2025-11-14T13:17:08","slug":"t-shirt-rendez-vous","status":"publish","type":"product","link":"https:\/\/bythemoon.eu\/en\/product\/t-shirt-rendez-vous\/","title":{"rendered":"t-shirt rendez-vous"},"content":{"rendered":"<p>Nasz nowy model t-shirtu &#8211; kr\u00f3tszy i bardziej dopasowany. Uszyty z mi\u0119kkiej i przyjemnej w dotyku bawe\u0142ny. Zgaszony r\u00f3\u017c i intensywnie czerwony napis <em><strong>rendez-vous<\/strong><\/em>\u00a0to po\u0142\u0105czenie subtelnej romantyczno\u015bci z nut\u0105 paryskiego szyku. Idealny na randki, spotkania z przyjaci\u00f3\u0142mi i codzienne stylizacje, kt\u00f3re chcesz doprawi\u0107 odrobin\u0105 uroku. No\u015b go w wersji romantycznej ze zwiewn\u0105 sp\u00f3dnic\u0105 lub postaw na casualowy luz z jeansami lub szortami.<\/p>\n<p><strong>Wymiary t-shirtu w cm.:<\/strong><\/p>\n<p>UWAGA! Nowa rozmiar\u00f3wka. T-shirt jest dopasowany i kr\u00f3tszy od poprzednich modeli. Przed zakupem, sprawd\u017a wymiary:<\/p>\n<table style=\"height: 155px\" width=\"521\">\n<tbody>\n<tr>\n<td width=\"143\"><\/td>\n<td style=\"text-align: center\" width=\"64\"><strong>XS<\/strong><\/td>\n<td style=\"text-align: center\" width=\"64\"><strong>S<\/strong><\/td>\n<td style=\"text-align: center\" width=\"64\"><strong>M<\/strong><\/td>\n<td style=\"text-align: center\" width=\"64\"><strong>L<\/strong><\/td>\n<\/tr>\n<tr>\n<td>szeroko\u015b\u0107 w biu\u015bcie<\/td>\n<td style=\"text-align: center\">46<\/td>\n<td style=\"text-align: center\">48<\/td>\n<td style=\"text-align: center\">50<\/td>\n<td style=\"text-align: center\">52<\/td>\n<\/tr>\n<tr>\n<td style=\"text-align: left\">d\u0142ugo\u015b\u0107 od ramienia przy dekolcie<\/td>\n<td style=\"text-align: center\">56<\/td>\n<td style=\"text-align: center\">57<\/td>\n<td style=\"text-align: center\">58<\/td>\n<td style=\"text-align: center\">59<\/td>\n<\/tr>\n<\/tbody>\n<\/table>\n<p>&nbsp;<\/p>\n","protected":false},"excerpt":{"rendered":"<p>Nasz nowy model t-shirtu &#8211; kr\u00f3tszy i bardziej dopasowany. Uszyty z mi\u0119kkiej i przyjemnej w dotyku bawe\u0142ny. Zgaszony r\u00f3\u017c i intensywnie czerwony napis rendez-vous\u00a0to po\u0142\u0105czenie subtelnej romantyczno\u015bci z nut\u0105 paryskiego szyku. Idealny na randki, spotkania z przyjaci\u00f3\u0142mi i codzienne stylizacje, kt\u00f3re chcesz doprawi\u0107 odrobin\u0105 uroku. No\u015b go w wersji romantycznej ze zwiewn\u0105 sp\u00f3dnic\u0105 lub postaw [&#8230;]\n","protected":false},"featured_media":6443,"template":"","meta":[],"product_brand":[],"product_cat":[21,48,55,24],"product_tag":[],"class_list":{"0":"post-6449","1":"product","2":"type-product","3":"status-publish","4":"has-post-thumbnail","6":"product_cat-btm-en","7":"product_cat-love-collection","8":"product_cat-sale","9":"product_cat-t-shirts","11":"first","12":"instock","13":"sale","14":"taxable","15":"shipping-taxable","16":"purchasable","17":"product-type-variable"},"yoast_head":"<!-- This site is optimized with the Yoast SEO plugin v27.0 - https:\/\/yoast.com\/product\/yoast-seo-wordpress\/ -->\n<title>t-shirt rendez-vous - By The Moon EN<\/title>\n<meta name=\"robots\" content=\"index, follow, max-snippet:-1, max-image-preview:large, max-video-preview:-1\" \/>\n<link rel=\"canonical\" href=\"https:\/\/bythemoon.eu\/en\/product\/t-shirt-rendez-vous\/\" \/>\n<meta property=\"og:locale\" content=\"en_US\" \/>\n<meta property=\"og:type\" content=\"article\" \/>\n<meta property=\"og:title\" content=\"t-shirt rendez-vous - By The Moon EN\" \/>\n<meta property=\"og:description\" content=\"Nasz nowy model t-shirtu &#8211; kr\u00f3tszy i bardziej dopasowany. Uszyty z mi\u0119kkiej i przyjemnej w dotyku bawe\u0142ny. Zgaszony r\u00f3\u017c i intensywnie czerwony napis rendez-vous\u00a0to po\u0142\u0105czenie subtelnej romantyczno\u015bci z nut\u0105 paryskiego szyku. Idealny na randki, spotkania z przyjaci\u00f3\u0142mi i codzienne stylizacje, kt\u00f3re chcesz doprawi\u0107 odrobin\u0105 uroku. No\u015b go w wersji romantycznej ze zwiewn\u0105 sp\u00f3dnic\u0105 lub postaw [...]\" \/>\n<meta property=\"og:url\" content=\"https:\/\/bythemoon.eu\/en\/product\/t-shirt-rendez-vous\/\" \/>\n<meta property=\"og:site_name\" content=\"By The Moon EN\" \/>\n<meta property=\"article:modified_time\" content=\"2025-11-14T13:17:08+00:00\" \/>\n<meta property=\"og:image\" content=\"https:\/\/bythemoon.eu\/en\/wp-content\/uploads\/2025\/06\/t-shirt_rendez-vous1.jpg\" \/>\n\t<meta property=\"og:image:width\" content=\"1000\" \/>\n\t<meta property=\"og:image:height\" content=\"1400\" \/>\n\t<meta property=\"og:image:type\" content=\"image\/jpeg\" \/>\n<script type=\"application\/ld+json\" class=\"yoast-schema-graph\">{\"@context\":\"https:\/\/schema.org\",\"@graph\":[{\"@type\":\"WebPage\",\"@id\":\"https:\/\/bythemoon.eu\/en\/product\/t-shirt-rendez-vous\/\",\"url\":\"https:\/\/bythemoon.eu\/en\/product\/t-shirt-rendez-vous\/\",\"name\":\"t-shirt rendez-vous - By The Moon EN\",\"isPartOf\":{\"@id\":\"https:\/\/bythemoon.eu\/en\/#website\"},\"primaryImageOfPage\":{\"@id\":\"https:\/\/bythemoon.eu\/en\/product\/t-shirt-rendez-vous\/#primaryimage\"},\"image\":{\"@id\":\"https:\/\/bythemoon.eu\/en\/product\/t-shirt-rendez-vous\/#primaryimage\"},\"thumbnailUrl\":\"https:\/\/bythemoon.eu\/en\/wp-content\/uploads\/2025\/06\/t-shirt_rendez-vous1.jpg\",\"datePublished\":\"2025-06-25T13:13:19+00:00\",\"dateModified\":\"2025-11-14T13:17:08+00:00\",\"breadcrumb\":{\"@id\":\"https:\/\/bythemoon.eu\/en\/product\/t-shirt-rendez-vous\/#breadcrumb\"},\"inLanguage\":\"en-US\",\"potentialAction\":[{\"@type\":\"ReadAction\",\"target\":[\"https:\/\/bythemoon.eu\/en\/product\/t-shirt-rendez-vous\/\"]}]},{\"@type\":\"ImageObject\",\"inLanguage\":\"en-US\",\"@id\":\"https:\/\/bythemoon.eu\/en\/product\/t-shirt-rendez-vous\/#primaryimage\",\"url\":\"https:\/\/bythemoon.eu\/en\/wp-content\/uploads\/2025\/06\/t-shirt_rendez-vous1.jpg\",\"contentUrl\":\"https:\/\/bythemoon.eu\/en\/wp-content\/uploads\/2025\/06\/t-shirt_rendez-vous1.jpg\",\"width\":1000,\"height\":1400,\"caption\":\"koszulka damska, kr\u00f3tki r\u0119kaw, rendez-vous\"},{\"@type\":\"BreadcrumbList\",\"@id\":\"https:\/\/bythemoon.eu\/en\/product\/t-shirt-rendez-vous\/#breadcrumb\",\"itemListElement\":[{\"@type\":\"ListItem\",\"position\":1,\"name\":\"Strona g\u0142\u00f3wna\",\"item\":\"https:\/\/bythemoon.eu\/en\/\"},{\"@type\":\"ListItem\",\"position\":2,\"name\":\"Shop\",\"item\":\"https:\/\/bythemoon.eu\/en\/shop\/\"},{\"@type\":\"ListItem\",\"position\":3,\"name\":\"t-shirt rendez-vous\"}]},{\"@type\":\"WebSite\",\"@id\":\"https:\/\/bythemoon.eu\/en\/#website\",\"url\":\"https:\/\/bythemoon.eu\/en\/\",\"name\":\"By The Moon EN\",\"description\":\"\",\"potentialAction\":[{\"@type\":\"SearchAction\",\"target\":{\"@type\":\"EntryPoint\",\"urlTemplate\":\"https:\/\/bythemoon.eu\/en\/?s={search_term_string}\"},\"query-input\":{\"@type\":\"PropertyValueSpecification\",\"valueRequired\":true,\"valueName\":\"search_term_string\"}}],\"inLanguage\":\"en-US\"}]}<\/script>\n<!-- \/ Yoast SEO plugin. -->","yoast_head_json":{"title":"t-shirt rendez-vous - By The Moon EN","robots":{"index":"index","follow":"follow","max-snippet":"max-snippet:-1","max-image-preview":"max-image-preview:large","max-video-preview":"max-video-preview:-1"},"canonical":"https:\/\/bythemoon.eu\/en\/product\/t-shirt-rendez-vous\/","og_locale":"en_US","og_type":"article","og_title":"t-shirt rendez-vous - By The Moon EN","og_description":"Nasz nowy model t-shirtu &#8211; kr\u00f3tszy i bardziej dopasowany. Uszyty z mi\u0119kkiej i przyjemnej w dotyku bawe\u0142ny. Zgaszony r\u00f3\u017c i intensywnie czerwony napis rendez-vous\u00a0to po\u0142\u0105czenie subtelnej romantyczno\u015bci z nut\u0105 paryskiego szyku. Idealny na randki, spotkania z przyjaci\u00f3\u0142mi i codzienne stylizacje, kt\u00f3re chcesz doprawi\u0107 odrobin\u0105 uroku. No\u015b go w wersji romantycznej ze zwiewn\u0105 sp\u00f3dnic\u0105 lub postaw [...]","og_url":"https:\/\/bythemoon.eu\/en\/product\/t-shirt-rendez-vous\/","og_site_name":"By The Moon EN","article_modified_time":"2025-11-14T13:17:08+00:00","og_image":[{"width":1000,"height":1400,"url":"https:\/\/bythemoon.eu\/en\/wp-content\/uploads\/2025\/06\/t-shirt_rendez-vous1.jpg","type":"image\/jpeg"}],"schema":{"@context":"https:\/\/schema.org","@graph":[{"@type":"WebPage","@id":"https:\/\/bythemoon.eu\/en\/product\/t-shirt-rendez-vous\/","url":"https:\/\/bythemoon.eu\/en\/product\/t-shirt-rendez-vous\/","name":"t-shirt rendez-vous - By The Moon EN","isPartOf":{"@id":"https:\/\/bythemoon.eu\/en\/#website"},"primaryImageOfPage":{"@id":"https:\/\/bythemoon.eu\/en\/product\/t-shirt-rendez-vous\/#primaryimage"},"image":{"@id":"https:\/\/bythemoon.eu\/en\/product\/t-shirt-rendez-vous\/#primaryimage"},"thumbnailUrl":"https:\/\/bythemoon.eu\/en\/wp-content\/uploads\/2025\/06\/t-shirt_rendez-vous1.jpg","datePublished":"2025-06-25T13:13:19+00:00","dateModified":"2025-11-14T13:17:08+00:00","breadcrumb":{"@id":"https:\/\/bythemoon.eu\/en\/product\/t-shirt-rendez-vous\/#breadcrumb"},"inLanguage":"en-US","potentialAction":[{"@type":"ReadAction","target":["https:\/\/bythemoon.eu\/en\/product\/t-shirt-rendez-vous\/"]}]},{"@type":"ImageObject","inLanguage":"en-US","@id":"https:\/\/bythemoon.eu\/en\/product\/t-shirt-rendez-vous\/#primaryimage","url":"https:\/\/bythemoon.eu\/en\/wp-content\/uploads\/2025\/06\/t-shirt_rendez-vous1.jpg","contentUrl":"https:\/\/bythemoon.eu\/en\/wp-content\/uploads\/2025\/06\/t-shirt_rendez-vous1.jpg","width":1000,"height":1400,"caption":"koszulka damska, kr\u00f3tki r\u0119kaw, rendez-vous"},{"@type":"BreadcrumbList","@id":"https:\/\/bythemoon.eu\/en\/product\/t-shirt-rendez-vous\/#breadcrumb","itemListElement":[{"@type":"ListItem","position":1,"name":"Strona g\u0142\u00f3wna","item":"https:\/\/bythemoon.eu\/en\/"},{"@type":"ListItem","position":2,"name":"Shop","item":"https:\/\/bythemoon.eu\/en\/shop\/"},{"@type":"ListItem","position":3,"name":"t-shirt rendez-vous"}]},{"@type":"WebSite","@id":"https:\/\/bythemoon.eu\/en\/#website","url":"https:\/\/bythemoon.eu\/en\/","name":"By The Moon EN","description":"","potentialAction":[{"@type":"SearchAction","target":{"@type":"EntryPoint","urlTemplate":"https:\/\/bythemoon.eu\/en\/?s={search_term_string}"},"query-input":{"@type":"PropertyValueSpecification","valueRequired":true,"valueName":"search_term_string"}}],"inLanguage":"en-US"}]}},"_links":{"self":[{"href":"https:\/\/bythemoon.eu\/en\/wp-json\/wp\/v2\/product\/6449","targetHints":{"allow":["GET"]}}],"collection":[{"href":"https:\/\/bythemoon.eu\/en\/wp-json\/wp\/v2\/product"}],"about":[{"href":"https:\/\/bythemoon.eu\/en\/wp-json\/wp\/v2\/types\/product"}],"wp:featuredmedia":[{"embeddable":true,"href":"https:\/\/bythemoon.eu\/en\/wp-json\/wp\/v2\/media\/6443"}],"wp:attachment":[{"href":"https:\/\/bythemoon.eu\/en\/wp-json\/wp\/v2\/media?parent=6449"}],"wp:term":[{"taxonomy":"product_brand","embeddable":true,"href":"https:\/\/bythemoon.eu\/en\/wp-json\/wp\/v2\/product_brand?post=6449"},{"taxonomy":"product_cat","embeddable":true,"href":"https:\/\/bythemoon.eu\/en\/wp-json\/wp\/v2\/product_cat?post=6449"},{"taxonomy":"product_tag","embeddable":true,"href":"https:\/\/bythemoon.eu\/en\/wp-json\/wp\/v2\/product_tag?post=6449"}],"curies":[{"name":"wp","href":"https:\/\/api.w.org\/{rel}","templated":true}]}}