{"id":6388,"date":"2025-06-25T15:13:19","date_gmt":"2025-06-25T13:13:19","guid":{"rendered":"https:\/\/bythemoon.eu\/en\/produkt\/golf-blueberry\/"},"modified":"2025-11-14T14:17:09","modified_gmt":"2025-11-14T13:17:09","slug":"golf-blueberry","status":"publish","type":"product","link":"https:\/\/bythemoon.eu\/en\/product\/golf-blueberry\/","title":{"rendered":"golf Blueberry"},"content":{"rendered":"<p>Stylowy golf w soczystym odcieniu fioletu, wykonany z delikatnej, wiskozowej dzianiny, kt\u00f3ra subtelnie otula cia\u0142o, zapewniaj\u0105c komfort i elegancj\u0119. Mi\u0142y w dotyku materia\u0142 oraz wyrazisty kolor nie tylko podkre\u015blaj\u0105 naturaln\u0105 urod\u0119, ale tak\u017ce dodaj\u0105 energii ka\u017cdej stylizacji. Ten ponadczasowy element garderoby doskonale pasuje do codziennych, jak i bardziej wyszukanych outfit\u00f3w.<\/p>\n<p><strong>Sk\u0142ad:<\/strong> 92% wiskoza, 8% elastan<\/p>\n<p><strong>Wymiary bluzki w cm:<\/strong><\/p>\n<table style=\"height: 136px\" width=\"529\">\n<tbody>\n<tr>\n<td width=\"143\"><\/td>\n<td style=\"text-align: center\" width=\"64\"><strong>XS<\/strong><\/td>\n<td style=\"text-align: center\" width=\"64\"><strong>S<\/strong><\/td>\n<td style=\"text-align: center\" width=\"64\"><strong>M<\/strong><\/td>\n<td style=\"text-align: center\" width=\"64\"><strong>L<\/strong><\/td>\n<\/tr>\n<tr>\n<td>szeroko\u015b\u0107 w biu\u015bcie<\/td>\n<td style=\"text-align: center\">47<\/td>\n<td style=\"text-align: center\">49<\/td>\n<td style=\"text-align: center\">51<\/td>\n<td style=\"text-align: center\">53<\/td>\n<\/tr>\n<tr>\n<td style=\"text-align: left\">d\u0142ugo\u015b\u0107<\/td>\n<td style=\"text-align: center\">60<\/td>\n<td style=\"text-align: center\">62<\/td>\n<td style=\"text-align: center\">64<\/td>\n<td style=\"text-align: center\">66<\/td>\n<\/tr>\n<\/tbody>\n<\/table>\n","protected":false},"excerpt":{"rendered":"<p>Stylowy golf w soczystym odcieniu fioletu, wykonany z delikatnej, wiskozowej dzianiny, kt\u00f3ra subtelnie otula cia\u0142o, zapewniaj\u0105c komfort i elegancj\u0119. Mi\u0142y w dotyku materia\u0142 oraz wyrazisty kolor nie tylko podkre\u015blaj\u0105 naturaln\u0105 urod\u0119, ale tak\u017ce dodaj\u0105 energii ka\u017cdej stylizacji. Ten ponadczasowy element garderoby doskonale pasuje do codziennych, jak i bardziej wyszukanych outfit\u00f3w. Sk\u0142ad: 92% wiskoza, 8% elastan [&#8230;]\n","protected":false},"featured_media":6389,"template":"","meta":[],"product_brand":[],"product_cat":[23,21],"product_tag":[],"class_list":{"0":"post-6388","1":"product","2":"type-product","3":"status-publish","4":"has-post-thumbnail","6":"product_cat-blouses-longsleeves","7":"product_cat-btm-en","9":"first","10":"instock","11":"sale","12":"taxable","13":"shipping-taxable","14":"purchasable","15":"product-type-variable"},"yoast_head":"<!-- This site is optimized with the Yoast SEO plugin v27.0 - https:\/\/yoast.com\/product\/yoast-seo-wordpress\/ -->\n<title>golf Blueberry - By The Moon EN<\/title>\n<meta name=\"robots\" content=\"index, follow, max-snippet:-1, max-image-preview:large, max-video-preview:-1\" \/>\n<link rel=\"canonical\" href=\"https:\/\/bythemoon.eu\/en\/product\/golf-blueberry\/\" \/>\n<meta property=\"og:locale\" content=\"en_US\" \/>\n<meta property=\"og:type\" content=\"article\" \/>\n<meta property=\"og:title\" content=\"golf Blueberry - By The Moon EN\" \/>\n<meta property=\"og:description\" content=\"Stylowy golf w soczystym odcieniu fioletu, wykonany z delikatnej, wiskozowej dzianiny, kt\u00f3ra subtelnie otula cia\u0142o, zapewniaj\u0105c komfort i elegancj\u0119. Mi\u0142y w dotyku materia\u0142 oraz wyrazisty kolor nie tylko podkre\u015blaj\u0105 naturaln\u0105 urod\u0119, ale tak\u017ce dodaj\u0105 energii ka\u017cdej stylizacji. Ten ponadczasowy element garderoby doskonale pasuje do codziennych, jak i bardziej wyszukanych outfit\u00f3w. Sk\u0142ad: 92% wiskoza, 8% elastan [...]\" \/>\n<meta property=\"og:url\" content=\"https:\/\/bythemoon.eu\/en\/product\/golf-blueberry\/\" \/>\n<meta property=\"og:site_name\" content=\"By The Moon EN\" \/>\n<meta property=\"article:modified_time\" content=\"2025-11-14T13:17:09+00:00\" \/>\n<meta property=\"og:image\" content=\"https:\/\/bythemoon.eu\/en\/wp-content\/uploads\/2025\/06\/golf_fiolet_2.jpg\" \/>\n\t<meta property=\"og:image:width\" content=\"1000\" \/>\n\t<meta property=\"og:image:height\" content=\"1400\" \/>\n\t<meta property=\"og:image:type\" content=\"image\/jpeg\" \/>\n<script type=\"application\/ld+json\" class=\"yoast-schema-graph\">{\"@context\":\"https:\/\/schema.org\",\"@graph\":[{\"@type\":\"WebPage\",\"@id\":\"https:\/\/bythemoon.eu\/en\/product\/golf-blueberry\/\",\"url\":\"https:\/\/bythemoon.eu\/en\/product\/golf-blueberry\/\",\"name\":\"golf Blueberry - By The Moon EN\",\"isPartOf\":{\"@id\":\"https:\/\/bythemoon.eu\/en\/#website\"},\"primaryImageOfPage\":{\"@id\":\"https:\/\/bythemoon.eu\/en\/product\/golf-blueberry\/#primaryimage\"},\"image\":{\"@id\":\"https:\/\/bythemoon.eu\/en\/product\/golf-blueberry\/#primaryimage\"},\"thumbnailUrl\":\"https:\/\/bythemoon.eu\/en\/wp-content\/uploads\/2025\/06\/golf_fiolet_2.jpg\",\"datePublished\":\"2025-06-25T13:13:19+00:00\",\"dateModified\":\"2025-11-14T13:17:09+00:00\",\"breadcrumb\":{\"@id\":\"https:\/\/bythemoon.eu\/en\/product\/golf-blueberry\/#breadcrumb\"},\"inLanguage\":\"en-US\",\"potentialAction\":[{\"@type\":\"ReadAction\",\"target\":[\"https:\/\/bythemoon.eu\/en\/product\/golf-blueberry\/\"]}]},{\"@type\":\"ImageObject\",\"inLanguage\":\"en-US\",\"@id\":\"https:\/\/bythemoon.eu\/en\/product\/golf-blueberry\/#primaryimage\",\"url\":\"https:\/\/bythemoon.eu\/en\/wp-content\/uploads\/2025\/06\/golf_fiolet_2.jpg\",\"contentUrl\":\"https:\/\/bythemoon.eu\/en\/wp-content\/uploads\/2025\/06\/golf_fiolet_2.jpg\",\"width\":1000,\"height\":1400,\"caption\":\"fioletowy golf damski, cienki, z wiskozy, dzianinowy, polska marka, by the moon\"},{\"@type\":\"BreadcrumbList\",\"@id\":\"https:\/\/bythemoon.eu\/en\/product\/golf-blueberry\/#breadcrumb\",\"itemListElement\":[{\"@type\":\"ListItem\",\"position\":1,\"name\":\"Strona g\u0142\u00f3wna\",\"item\":\"https:\/\/bythemoon.eu\/en\/\"},{\"@type\":\"ListItem\",\"position\":2,\"name\":\"Shop\",\"item\":\"https:\/\/bythemoon.eu\/en\/shop\/\"},{\"@type\":\"ListItem\",\"position\":3,\"name\":\"golf Blueberry\"}]},{\"@type\":\"WebSite\",\"@id\":\"https:\/\/bythemoon.eu\/en\/#website\",\"url\":\"https:\/\/bythemoon.eu\/en\/\",\"name\":\"By The Moon EN\",\"description\":\"\",\"potentialAction\":[{\"@type\":\"SearchAction\",\"target\":{\"@type\":\"EntryPoint\",\"urlTemplate\":\"https:\/\/bythemoon.eu\/en\/?s={search_term_string}\"},\"query-input\":{\"@type\":\"PropertyValueSpecification\",\"valueRequired\":true,\"valueName\":\"search_term_string\"}}],\"inLanguage\":\"en-US\"}]}<\/script>\n<!-- \/ Yoast SEO plugin. -->","yoast_head_json":{"title":"golf Blueberry - By The Moon EN","robots":{"index":"index","follow":"follow","max-snippet":"max-snippet:-1","max-image-preview":"max-image-preview:large","max-video-preview":"max-video-preview:-1"},"canonical":"https:\/\/bythemoon.eu\/en\/product\/golf-blueberry\/","og_locale":"en_US","og_type":"article","og_title":"golf Blueberry - By The Moon EN","og_description":"Stylowy golf w soczystym odcieniu fioletu, wykonany z delikatnej, wiskozowej dzianiny, kt\u00f3ra subtelnie otula cia\u0142o, zapewniaj\u0105c komfort i elegancj\u0119. Mi\u0142y w dotyku materia\u0142 oraz wyrazisty kolor nie tylko podkre\u015blaj\u0105 naturaln\u0105 urod\u0119, ale tak\u017ce dodaj\u0105 energii ka\u017cdej stylizacji. Ten ponadczasowy element garderoby doskonale pasuje do codziennych, jak i bardziej wyszukanych outfit\u00f3w. Sk\u0142ad: 92% wiskoza, 8% elastan [...]","og_url":"https:\/\/bythemoon.eu\/en\/product\/golf-blueberry\/","og_site_name":"By The Moon EN","article_modified_time":"2025-11-14T13:17:09+00:00","og_image":[{"width":1000,"height":1400,"url":"https:\/\/bythemoon.eu\/en\/wp-content\/uploads\/2025\/06\/golf_fiolet_2.jpg","type":"image\/jpeg"}],"schema":{"@context":"https:\/\/schema.org","@graph":[{"@type":"WebPage","@id":"https:\/\/bythemoon.eu\/en\/product\/golf-blueberry\/","url":"https:\/\/bythemoon.eu\/en\/product\/golf-blueberry\/","name":"golf Blueberry - By The Moon EN","isPartOf":{"@id":"https:\/\/bythemoon.eu\/en\/#website"},"primaryImageOfPage":{"@id":"https:\/\/bythemoon.eu\/en\/product\/golf-blueberry\/#primaryimage"},"image":{"@id":"https:\/\/bythemoon.eu\/en\/product\/golf-blueberry\/#primaryimage"},"thumbnailUrl":"https:\/\/bythemoon.eu\/en\/wp-content\/uploads\/2025\/06\/golf_fiolet_2.jpg","datePublished":"2025-06-25T13:13:19+00:00","dateModified":"2025-11-14T13:17:09+00:00","breadcrumb":{"@id":"https:\/\/bythemoon.eu\/en\/product\/golf-blueberry\/#breadcrumb"},"inLanguage":"en-US","potentialAction":[{"@type":"ReadAction","target":["https:\/\/bythemoon.eu\/en\/product\/golf-blueberry\/"]}]},{"@type":"ImageObject","inLanguage":"en-US","@id":"https:\/\/bythemoon.eu\/en\/product\/golf-blueberry\/#primaryimage","url":"https:\/\/bythemoon.eu\/en\/wp-content\/uploads\/2025\/06\/golf_fiolet_2.jpg","contentUrl":"https:\/\/bythemoon.eu\/en\/wp-content\/uploads\/2025\/06\/golf_fiolet_2.jpg","width":1000,"height":1400,"caption":"fioletowy golf damski, cienki, z wiskozy, dzianinowy, polska marka, by the moon"},{"@type":"BreadcrumbList","@id":"https:\/\/bythemoon.eu\/en\/product\/golf-blueberry\/#breadcrumb","itemListElement":[{"@type":"ListItem","position":1,"name":"Strona g\u0142\u00f3wna","item":"https:\/\/bythemoon.eu\/en\/"},{"@type":"ListItem","position":2,"name":"Shop","item":"https:\/\/bythemoon.eu\/en\/shop\/"},{"@type":"ListItem","position":3,"name":"golf Blueberry"}]},{"@type":"WebSite","@id":"https:\/\/bythemoon.eu\/en\/#website","url":"https:\/\/bythemoon.eu\/en\/","name":"By The Moon EN","description":"","potentialAction":[{"@type":"SearchAction","target":{"@type":"EntryPoint","urlTemplate":"https:\/\/bythemoon.eu\/en\/?s={search_term_string}"},"query-input":{"@type":"PropertyValueSpecification","valueRequired":true,"valueName":"search_term_string"}}],"inLanguage":"en-US"}]}},"_links":{"self":[{"href":"https:\/\/bythemoon.eu\/en\/wp-json\/wp\/v2\/product\/6388","targetHints":{"allow":["GET"]}}],"collection":[{"href":"https:\/\/bythemoon.eu\/en\/wp-json\/wp\/v2\/product"}],"about":[{"href":"https:\/\/bythemoon.eu\/en\/wp-json\/wp\/v2\/types\/product"}],"wp:featuredmedia":[{"embeddable":true,"href":"https:\/\/bythemoon.eu\/en\/wp-json\/wp\/v2\/media\/6389"}],"wp:attachment":[{"href":"https:\/\/bythemoon.eu\/en\/wp-json\/wp\/v2\/media?parent=6388"}],"wp:term":[{"taxonomy":"product_brand","embeddable":true,"href":"https:\/\/bythemoon.eu\/en\/wp-json\/wp\/v2\/product_brand?post=6388"},{"taxonomy":"product_cat","embeddable":true,"href":"https:\/\/bythemoon.eu\/en\/wp-json\/wp\/v2\/product_cat?post=6388"},{"taxonomy":"product_tag","embeddable":true,"href":"https:\/\/bythemoon.eu\/en\/wp-json\/wp\/v2\/product_tag?post=6388"}],"curies":[{"name":"wp","href":"https:\/\/api.w.org\/{rel}","templated":true}]}}