{"id":6381,"date":"2025-06-25T15:13:12","date_gmt":"2025-06-25T13:13:12","guid":{"rendered":"https:\/\/bythemoon.eu\/en\/produkt\/golf-redberry\/"},"modified":"2025-11-14T14:17:09","modified_gmt":"2025-11-14T13:17:09","slug":"golf-redberry","status":"publish","type":"product","link":"https:\/\/bythemoon.eu\/en\/product\/golf-redberry\/","title":{"rendered":"golf Redberry"},"content":{"rendered":"<p>Damski golf z delikatnej, mi\u0142ej dzianiny wiskozowej. W kolorze gor\u0105cej, soczystej czerwieni. Otula cia\u0142o niczym druga sk\u00f3ra, zapewniaj\u0105c wyj\u0105tkowy komfort i elegancj\u0119. Podkre\u015bla ka\u017cd\u0105 stylizacj\u0119, nadaje charakteru prostym outfitom, a swoj\u0105 energetyczn\u0105 barw\u0105 poprawia nastr\u00f3j. Idealnie komponuje si\u0119 z klasycznymi niebieskimi jeansami, czarnymi spodniami oraz kolorowymi sp\u00f3dnicami.<\/p>\n<p><strong>Sk\u0142ad:<\/strong> 92% wiskoza, 8% elastan<\/p>\n<p><strong>Wymiary bluzki w cm:<\/strong><\/p>\n<table style=\"height: 136px\" width=\"529\">\n<tbody>\n<tr>\n<td width=\"143\"><\/td>\n<td style=\"text-align: center\" width=\"64\"><strong>XS<\/strong><\/td>\n<td style=\"text-align: center\" width=\"64\"><strong>S<\/strong><\/td>\n<td style=\"text-align: center\" width=\"64\"><strong>M<\/strong><\/td>\n<td style=\"text-align: center\" width=\"64\"><strong>L<\/strong><\/td>\n<\/tr>\n<tr>\n<td>szeroko\u015b\u0107 w biu\u015bcie<\/td>\n<td style=\"text-align: center\">47<\/td>\n<td style=\"text-align: center\">49<\/td>\n<td style=\"text-align: center\">51<\/td>\n<td style=\"text-align: center\">53<\/td>\n<\/tr>\n<tr>\n<td style=\"text-align: left\">d\u0142ugo\u015b\u0107<\/td>\n<td style=\"text-align: center\">60<\/td>\n<td style=\"text-align: center\">62<\/td>\n<td style=\"text-align: center\">64<\/td>\n<td style=\"text-align: center\">66<\/td>\n<\/tr>\n<\/tbody>\n<\/table>\n","protected":false},"excerpt":{"rendered":"<p>Damski golf z delikatnej, mi\u0142ej dzianiny wiskozowej. W kolorze gor\u0105cej, soczystej czerwieni. Otula cia\u0142o niczym druga sk\u00f3ra, zapewniaj\u0105c wyj\u0105tkowy komfort i elegancj\u0119. Podkre\u015bla ka\u017cd\u0105 stylizacj\u0119, nadaje charakteru prostym outfitom, a swoj\u0105 energetyczn\u0105 barw\u0105 poprawia nastr\u00f3j. Idealnie komponuje si\u0119 z klasycznymi niebieskimi jeansami, czarnymi spodniami oraz kolorowymi sp\u00f3dnicami. Sk\u0142ad: 92% wiskoza, 8% elastan Wymiary bluzki w [&#8230;]\n","protected":false},"featured_media":6382,"template":"","meta":[],"product_brand":[],"product_cat":[23,21],"product_tag":[],"class_list":{"0":"post-6381","1":"product","2":"type-product","3":"status-publish","4":"has-post-thumbnail","6":"product_cat-blouses-longsleeves","7":"product_cat-btm-en","9":"first","10":"instock","11":"sale","12":"taxable","13":"shipping-taxable","14":"purchasable","15":"product-type-variable"},"yoast_head":"<!-- This site is optimized with the Yoast SEO plugin v27.0 - https:\/\/yoast.com\/product\/yoast-seo-wordpress\/ -->\n<title>golf Redberry - By The Moon EN<\/title>\n<meta name=\"robots\" content=\"index, follow, max-snippet:-1, max-image-preview:large, max-video-preview:-1\" \/>\n<link rel=\"canonical\" href=\"https:\/\/bythemoon.eu\/en\/product\/golf-redberry\/\" \/>\n<meta property=\"og:locale\" content=\"en_US\" \/>\n<meta property=\"og:type\" content=\"article\" \/>\n<meta property=\"og:title\" content=\"golf Redberry - By The Moon EN\" \/>\n<meta property=\"og:description\" content=\"Damski golf z delikatnej, mi\u0142ej dzianiny wiskozowej. W kolorze gor\u0105cej, soczystej czerwieni. Otula cia\u0142o niczym druga sk\u00f3ra, zapewniaj\u0105c wyj\u0105tkowy komfort i elegancj\u0119. Podkre\u015bla ka\u017cd\u0105 stylizacj\u0119, nadaje charakteru prostym outfitom, a swoj\u0105 energetyczn\u0105 barw\u0105 poprawia nastr\u00f3j. Idealnie komponuje si\u0119 z klasycznymi niebieskimi jeansami, czarnymi spodniami oraz kolorowymi sp\u00f3dnicami. Sk\u0142ad: 92% wiskoza, 8% elastan Wymiary bluzki w [...]\" \/>\n<meta property=\"og:url\" content=\"https:\/\/bythemoon.eu\/en\/product\/golf-redberry\/\" \/>\n<meta property=\"og:site_name\" content=\"By The Moon EN\" \/>\n<meta property=\"article:modified_time\" content=\"2025-11-14T13:17:09+00:00\" \/>\n<meta property=\"og:image\" content=\"https:\/\/bythemoon.eu\/en\/wp-content\/uploads\/2025\/06\/golf_red_1.jpg\" \/>\n\t<meta property=\"og:image:width\" content=\"1000\" \/>\n\t<meta property=\"og:image:height\" content=\"1400\" \/>\n\t<meta property=\"og:image:type\" content=\"image\/jpeg\" \/>\n<script type=\"application\/ld+json\" class=\"yoast-schema-graph\">{\"@context\":\"https:\/\/schema.org\",\"@graph\":[{\"@type\":\"WebPage\",\"@id\":\"https:\/\/bythemoon.eu\/en\/product\/golf-redberry\/\",\"url\":\"https:\/\/bythemoon.eu\/en\/product\/golf-redberry\/\",\"name\":\"golf Redberry - By The Moon EN\",\"isPartOf\":{\"@id\":\"https:\/\/bythemoon.eu\/en\/#website\"},\"primaryImageOfPage\":{\"@id\":\"https:\/\/bythemoon.eu\/en\/product\/golf-redberry\/#primaryimage\"},\"image\":{\"@id\":\"https:\/\/bythemoon.eu\/en\/product\/golf-redberry\/#primaryimage\"},\"thumbnailUrl\":\"https:\/\/bythemoon.eu\/en\/wp-content\/uploads\/2025\/06\/golf_red_1.jpg\",\"datePublished\":\"2025-06-25T13:13:12+00:00\",\"dateModified\":\"2025-11-14T13:17:09+00:00\",\"breadcrumb\":{\"@id\":\"https:\/\/bythemoon.eu\/en\/product\/golf-redberry\/#breadcrumb\"},\"inLanguage\":\"en-US\",\"potentialAction\":[{\"@type\":\"ReadAction\",\"target\":[\"https:\/\/bythemoon.eu\/en\/product\/golf-redberry\/\"]}]},{\"@type\":\"ImageObject\",\"inLanguage\":\"en-US\",\"@id\":\"https:\/\/bythemoon.eu\/en\/product\/golf-redberry\/#primaryimage\",\"url\":\"https:\/\/bythemoon.eu\/en\/wp-content\/uploads\/2025\/06\/golf_red_1.jpg\",\"contentUrl\":\"https:\/\/bythemoon.eu\/en\/wp-content\/uploads\/2025\/06\/golf_red_1.jpg\",\"width\":1000,\"height\":1400,\"caption\":\"golf damski z dzianiny, dzianinowy, czerwony, wiskoza\"},{\"@type\":\"BreadcrumbList\",\"@id\":\"https:\/\/bythemoon.eu\/en\/product\/golf-redberry\/#breadcrumb\",\"itemListElement\":[{\"@type\":\"ListItem\",\"position\":1,\"name\":\"Strona g\u0142\u00f3wna\",\"item\":\"https:\/\/bythemoon.eu\/en\/\"},{\"@type\":\"ListItem\",\"position\":2,\"name\":\"Shop\",\"item\":\"https:\/\/bythemoon.eu\/en\/shop\/\"},{\"@type\":\"ListItem\",\"position\":3,\"name\":\"golf Redberry\"}]},{\"@type\":\"WebSite\",\"@id\":\"https:\/\/bythemoon.eu\/en\/#website\",\"url\":\"https:\/\/bythemoon.eu\/en\/\",\"name\":\"By The Moon EN\",\"description\":\"\",\"potentialAction\":[{\"@type\":\"SearchAction\",\"target\":{\"@type\":\"EntryPoint\",\"urlTemplate\":\"https:\/\/bythemoon.eu\/en\/?s={search_term_string}\"},\"query-input\":{\"@type\":\"PropertyValueSpecification\",\"valueRequired\":true,\"valueName\":\"search_term_string\"}}],\"inLanguage\":\"en-US\"}]}<\/script>\n<!-- \/ Yoast SEO plugin. -->","yoast_head_json":{"title":"golf Redberry - By The Moon EN","robots":{"index":"index","follow":"follow","max-snippet":"max-snippet:-1","max-image-preview":"max-image-preview:large","max-video-preview":"max-video-preview:-1"},"canonical":"https:\/\/bythemoon.eu\/en\/product\/golf-redberry\/","og_locale":"en_US","og_type":"article","og_title":"golf Redberry - By The Moon EN","og_description":"Damski golf z delikatnej, mi\u0142ej dzianiny wiskozowej. W kolorze gor\u0105cej, soczystej czerwieni. Otula cia\u0142o niczym druga sk\u00f3ra, zapewniaj\u0105c wyj\u0105tkowy komfort i elegancj\u0119. Podkre\u015bla ka\u017cd\u0105 stylizacj\u0119, nadaje charakteru prostym outfitom, a swoj\u0105 energetyczn\u0105 barw\u0105 poprawia nastr\u00f3j. Idealnie komponuje si\u0119 z klasycznymi niebieskimi jeansami, czarnymi spodniami oraz kolorowymi sp\u00f3dnicami. Sk\u0142ad: 92% wiskoza, 8% elastan Wymiary bluzki w [...]","og_url":"https:\/\/bythemoon.eu\/en\/product\/golf-redberry\/","og_site_name":"By The Moon EN","article_modified_time":"2025-11-14T13:17:09+00:00","og_image":[{"width":1000,"height":1400,"url":"https:\/\/bythemoon.eu\/en\/wp-content\/uploads\/2025\/06\/golf_red_1.jpg","type":"image\/jpeg"}],"schema":{"@context":"https:\/\/schema.org","@graph":[{"@type":"WebPage","@id":"https:\/\/bythemoon.eu\/en\/product\/golf-redberry\/","url":"https:\/\/bythemoon.eu\/en\/product\/golf-redberry\/","name":"golf Redberry - By The Moon EN","isPartOf":{"@id":"https:\/\/bythemoon.eu\/en\/#website"},"primaryImageOfPage":{"@id":"https:\/\/bythemoon.eu\/en\/product\/golf-redberry\/#primaryimage"},"image":{"@id":"https:\/\/bythemoon.eu\/en\/product\/golf-redberry\/#primaryimage"},"thumbnailUrl":"https:\/\/bythemoon.eu\/en\/wp-content\/uploads\/2025\/06\/golf_red_1.jpg","datePublished":"2025-06-25T13:13:12+00:00","dateModified":"2025-11-14T13:17:09+00:00","breadcrumb":{"@id":"https:\/\/bythemoon.eu\/en\/product\/golf-redberry\/#breadcrumb"},"inLanguage":"en-US","potentialAction":[{"@type":"ReadAction","target":["https:\/\/bythemoon.eu\/en\/product\/golf-redberry\/"]}]},{"@type":"ImageObject","inLanguage":"en-US","@id":"https:\/\/bythemoon.eu\/en\/product\/golf-redberry\/#primaryimage","url":"https:\/\/bythemoon.eu\/en\/wp-content\/uploads\/2025\/06\/golf_red_1.jpg","contentUrl":"https:\/\/bythemoon.eu\/en\/wp-content\/uploads\/2025\/06\/golf_red_1.jpg","width":1000,"height":1400,"caption":"golf damski z dzianiny, dzianinowy, czerwony, wiskoza"},{"@type":"BreadcrumbList","@id":"https:\/\/bythemoon.eu\/en\/product\/golf-redberry\/#breadcrumb","itemListElement":[{"@type":"ListItem","position":1,"name":"Strona g\u0142\u00f3wna","item":"https:\/\/bythemoon.eu\/en\/"},{"@type":"ListItem","position":2,"name":"Shop","item":"https:\/\/bythemoon.eu\/en\/shop\/"},{"@type":"ListItem","position":3,"name":"golf Redberry"}]},{"@type":"WebSite","@id":"https:\/\/bythemoon.eu\/en\/#website","url":"https:\/\/bythemoon.eu\/en\/","name":"By The Moon EN","description":"","potentialAction":[{"@type":"SearchAction","target":{"@type":"EntryPoint","urlTemplate":"https:\/\/bythemoon.eu\/en\/?s={search_term_string}"},"query-input":{"@type":"PropertyValueSpecification","valueRequired":true,"valueName":"search_term_string"}}],"inLanguage":"en-US"}]}},"_links":{"self":[{"href":"https:\/\/bythemoon.eu\/en\/wp-json\/wp\/v2\/product\/6381","targetHints":{"allow":["GET"]}}],"collection":[{"href":"https:\/\/bythemoon.eu\/en\/wp-json\/wp\/v2\/product"}],"about":[{"href":"https:\/\/bythemoon.eu\/en\/wp-json\/wp\/v2\/types\/product"}],"wp:featuredmedia":[{"embeddable":true,"href":"https:\/\/bythemoon.eu\/en\/wp-json\/wp\/v2\/media\/6382"}],"wp:attachment":[{"href":"https:\/\/bythemoon.eu\/en\/wp-json\/wp\/v2\/media?parent=6381"}],"wp:term":[{"taxonomy":"product_brand","embeddable":true,"href":"https:\/\/bythemoon.eu\/en\/wp-json\/wp\/v2\/product_brand?post=6381"},{"taxonomy":"product_cat","embeddable":true,"href":"https:\/\/bythemoon.eu\/en\/wp-json\/wp\/v2\/product_cat?post=6381"},{"taxonomy":"product_tag","embeddable":true,"href":"https:\/\/bythemoon.eu\/en\/wp-json\/wp\/v2\/product_tag?post=6381"}],"curies":[{"name":"wp","href":"https:\/\/api.w.org\/{rel}","templated":true}]}}