{"id":6352,"date":"2025-06-25T15:13:12","date_gmt":"2025-06-25T13:13:12","guid":{"rendered":"https:\/\/bythemoon.eu\/en\/produkt\/bluzka-z-bufkami-coquette\/"},"modified":"2025-11-14T14:17:10","modified_gmt":"2025-11-14T13:17:10","slug":"bluzka-z-bufkami-coquette","status":"publish","type":"product","link":"https:\/\/bythemoon.eu\/en\/product\/bluzka-z-bufkami-coquette\/","title":{"rendered":"bluzka z bufkami Coquette"},"content":{"rendered":"<p><span style=\"font-size: 13.5pt;font-family: 'Calibri',sans-serif\">Pe\u0142na uroku bluzka damska z geometrycznymi bufkami na ramionach i d\u0142ugimi r\u0119kawami. Na bokach ma pi\u0119knie podkre\u015blaj\u0105ce sylwetk\u0119 marszczenia. Uszyta z dzianiny bawe\u0142nianej z dodatkiem elastanu, przez co dopasowuje si\u0119 do sylwetki. Jest bardzo wygodna i komfortowa. Granatowo-czerwone paski to klasyczny francuski szyk, kt\u00f3ry \u015bwietnie pasuje do prostych denimowych spodni, jeansowej mini czy klasycznych kulot\u00f3w. Dzi\u0119ki marszczeniom w pasie mo\u017cna regulowa\u0107 jej d\u0142ugo\u015b\u0107.<\/span><\/p>\n<p><strong>Sk\u0142ad:<\/strong>\u00a092% bawe\u0142na, 8% elastan<\/p>\n<p><strong>Wymiary bluzki w cm:<\/strong><\/p>\n<table width=\"550\">\n<tbody>\n<tr>\n<td width=\"90\"><\/td>\n<td style=\"text-align: center\" width=\"64\"><strong>XS<\/strong><\/td>\n<td style=\"text-align: center\" width=\"64\"><strong>S<\/strong><\/td>\n<td style=\"text-align: center\" width=\"64\"><strong>M<\/strong><\/td>\n<td style=\"text-align: center\" width=\"64\"><strong>L<\/strong><\/td>\n<\/tr>\n<tr>\n<td style=\"text-align: left\">szer. w klatce<\/td>\n<td style=\"text-align: center\">43<\/td>\n<td style=\"text-align: center\">45<\/td>\n<td style=\"text-align: center\">47<\/td>\n<td style=\"text-align: center\">49<\/td>\n<\/tr>\n<tr>\n<td style=\"text-align: left\" width=\"90\">d\u0142ugo\u015b\u0107<\/td>\n<td style=\"text-align: center\">62<\/td>\n<td style=\"text-align: center\">64<\/td>\n<td style=\"text-align: center\">66<\/td>\n<td style=\"text-align: center\">68<\/td>\n<\/tr>\n<\/tbody>\n<\/table>\n","protected":false},"excerpt":{"rendered":"<p>Pe\u0142na uroku bluzka damska z geometrycznymi bufkami na ramionach i d\u0142ugimi r\u0119kawami. Na bokach ma pi\u0119knie podkre\u015blaj\u0105ce sylwetk\u0119 marszczenia. Uszyta z dzianiny bawe\u0142nianej z dodatkiem elastanu, przez co dopasowuje si\u0119 do sylwetki. Jest bardzo wygodna i komfortowa. Granatowo-czerwone paski to klasyczny francuski szyk, kt\u00f3ry \u015bwietnie pasuje do prostych denimowych spodni, jeansowej mini czy klasycznych kulot\u00f3w. [&#8230;]\n","protected":false},"featured_media":6341,"template":"","meta":[],"product_brand":[],"product_cat":[23,21,55],"product_tag":[],"class_list":{"0":"post-6352","1":"product","2":"type-product","3":"status-publish","4":"has-post-thumbnail","6":"product_cat-blouses-longsleeves","7":"product_cat-btm-en","8":"product_cat-sale","10":"first","11":"instock","12":"sale","13":"taxable","14":"shipping-taxable","15":"purchasable","16":"product-type-variable"},"yoast_head":"<!-- This site is optimized with the Yoast SEO plugin v27.0 - https:\/\/yoast.com\/product\/yoast-seo-wordpress\/ -->\n<title>bluzka z bufkami Coquette - By The Moon EN<\/title>\n<meta name=\"robots\" content=\"index, follow, max-snippet:-1, max-image-preview:large, max-video-preview:-1\" \/>\n<link rel=\"canonical\" href=\"https:\/\/bythemoon.eu\/en\/product\/bluzka-z-bufkami-coquette\/\" \/>\n<meta property=\"og:locale\" content=\"en_US\" \/>\n<meta property=\"og:type\" content=\"article\" \/>\n<meta property=\"og:title\" content=\"bluzka z bufkami Coquette - By The Moon EN\" \/>\n<meta property=\"og:description\" content=\"Pe\u0142na uroku bluzka damska z geometrycznymi bufkami na ramionach i d\u0142ugimi r\u0119kawami. Na bokach ma pi\u0119knie podkre\u015blaj\u0105ce sylwetk\u0119 marszczenia. Uszyta z dzianiny bawe\u0142nianej z dodatkiem elastanu, przez co dopasowuje si\u0119 do sylwetki. Jest bardzo wygodna i komfortowa. Granatowo-czerwone paski to klasyczny francuski szyk, kt\u00f3ry \u015bwietnie pasuje do prostych denimowych spodni, jeansowej mini czy klasycznych kulot\u00f3w. [...]\" \/>\n<meta property=\"og:url\" content=\"https:\/\/bythemoon.eu\/en\/product\/bluzka-z-bufkami-coquette\/\" \/>\n<meta property=\"og:site_name\" content=\"By The Moon EN\" \/>\n<meta property=\"article:modified_time\" content=\"2025-11-14T13:17:10+00:00\" \/>\n<meta property=\"og:image\" content=\"https:\/\/bythemoon.eu\/en\/wp-content\/uploads\/2025\/06\/bluzka_Coquette.jpg\" \/>\n\t<meta property=\"og:image:width\" content=\"1000\" \/>\n\t<meta property=\"og:image:height\" content=\"1400\" \/>\n\t<meta property=\"og:image:type\" content=\"image\/jpeg\" \/>\n<script type=\"application\/ld+json\" class=\"yoast-schema-graph\">{\"@context\":\"https:\/\/schema.org\",\"@graph\":[{\"@type\":\"WebPage\",\"@id\":\"https:\/\/bythemoon.eu\/en\/product\/bluzka-z-bufkami-coquette\/\",\"url\":\"https:\/\/bythemoon.eu\/en\/product\/bluzka-z-bufkami-coquette\/\",\"name\":\"bluzka z bufkami Coquette - By The Moon EN\",\"isPartOf\":{\"@id\":\"https:\/\/bythemoon.eu\/en\/#website\"},\"primaryImageOfPage\":{\"@id\":\"https:\/\/bythemoon.eu\/en\/product\/bluzka-z-bufkami-coquette\/#primaryimage\"},\"image\":{\"@id\":\"https:\/\/bythemoon.eu\/en\/product\/bluzka-z-bufkami-coquette\/#primaryimage\"},\"thumbnailUrl\":\"https:\/\/bythemoon.eu\/en\/wp-content\/uploads\/2025\/06\/bluzka_Coquette.jpg\",\"datePublished\":\"2025-06-25T13:13:12+00:00\",\"dateModified\":\"2025-11-14T13:17:10+00:00\",\"breadcrumb\":{\"@id\":\"https:\/\/bythemoon.eu\/en\/product\/bluzka-z-bufkami-coquette\/#breadcrumb\"},\"inLanguage\":\"en-US\",\"potentialAction\":[{\"@type\":\"ReadAction\",\"target\":[\"https:\/\/bythemoon.eu\/en\/product\/bluzka-z-bufkami-coquette\/\"]}]},{\"@type\":\"ImageObject\",\"inLanguage\":\"en-US\",\"@id\":\"https:\/\/bythemoon.eu\/en\/product\/bluzka-z-bufkami-coquette\/#primaryimage\",\"url\":\"https:\/\/bythemoon.eu\/en\/wp-content\/uploads\/2025\/06\/bluzka_Coquette.jpg\",\"contentUrl\":\"https:\/\/bythemoon.eu\/en\/wp-content\/uploads\/2025\/06\/bluzka_Coquette.jpg\",\"width\":1000,\"height\":1400,\"caption\":\"bluzka z bufkami paski granatowo-czerwone, top z dekoltem, z marszczeniami, longsleeve, dzianinowy, polska marka, paseczki czerwono-granatowe, coquette\"},{\"@type\":\"BreadcrumbList\",\"@id\":\"https:\/\/bythemoon.eu\/en\/product\/bluzka-z-bufkami-coquette\/#breadcrumb\",\"itemListElement\":[{\"@type\":\"ListItem\",\"position\":1,\"name\":\"Strona g\u0142\u00f3wna\",\"item\":\"https:\/\/bythemoon.eu\/en\/\"},{\"@type\":\"ListItem\",\"position\":2,\"name\":\"Shop\",\"item\":\"https:\/\/bythemoon.eu\/en\/shop\/\"},{\"@type\":\"ListItem\",\"position\":3,\"name\":\"bluzka z bufkami Coquette\"}]},{\"@type\":\"WebSite\",\"@id\":\"https:\/\/bythemoon.eu\/en\/#website\",\"url\":\"https:\/\/bythemoon.eu\/en\/\",\"name\":\"By The Moon EN\",\"description\":\"\",\"potentialAction\":[{\"@type\":\"SearchAction\",\"target\":{\"@type\":\"EntryPoint\",\"urlTemplate\":\"https:\/\/bythemoon.eu\/en\/?s={search_term_string}\"},\"query-input\":{\"@type\":\"PropertyValueSpecification\",\"valueRequired\":true,\"valueName\":\"search_term_string\"}}],\"inLanguage\":\"en-US\"}]}<\/script>\n<!-- \/ Yoast SEO plugin. -->","yoast_head_json":{"title":"bluzka z bufkami Coquette - By The Moon EN","robots":{"index":"index","follow":"follow","max-snippet":"max-snippet:-1","max-image-preview":"max-image-preview:large","max-video-preview":"max-video-preview:-1"},"canonical":"https:\/\/bythemoon.eu\/en\/product\/bluzka-z-bufkami-coquette\/","og_locale":"en_US","og_type":"article","og_title":"bluzka z bufkami Coquette - By The Moon EN","og_description":"Pe\u0142na uroku bluzka damska z geometrycznymi bufkami na ramionach i d\u0142ugimi r\u0119kawami. Na bokach ma pi\u0119knie podkre\u015blaj\u0105ce sylwetk\u0119 marszczenia. Uszyta z dzianiny bawe\u0142nianej z dodatkiem elastanu, przez co dopasowuje si\u0119 do sylwetki. Jest bardzo wygodna i komfortowa. Granatowo-czerwone paski to klasyczny francuski szyk, kt\u00f3ry \u015bwietnie pasuje do prostych denimowych spodni, jeansowej mini czy klasycznych kulot\u00f3w. [...]","og_url":"https:\/\/bythemoon.eu\/en\/product\/bluzka-z-bufkami-coquette\/","og_site_name":"By The Moon EN","article_modified_time":"2025-11-14T13:17:10+00:00","og_image":[{"width":1000,"height":1400,"url":"https:\/\/bythemoon.eu\/en\/wp-content\/uploads\/2025\/06\/bluzka_Coquette.jpg","type":"image\/jpeg"}],"schema":{"@context":"https:\/\/schema.org","@graph":[{"@type":"WebPage","@id":"https:\/\/bythemoon.eu\/en\/product\/bluzka-z-bufkami-coquette\/","url":"https:\/\/bythemoon.eu\/en\/product\/bluzka-z-bufkami-coquette\/","name":"bluzka z bufkami Coquette - By The Moon EN","isPartOf":{"@id":"https:\/\/bythemoon.eu\/en\/#website"},"primaryImageOfPage":{"@id":"https:\/\/bythemoon.eu\/en\/product\/bluzka-z-bufkami-coquette\/#primaryimage"},"image":{"@id":"https:\/\/bythemoon.eu\/en\/product\/bluzka-z-bufkami-coquette\/#primaryimage"},"thumbnailUrl":"https:\/\/bythemoon.eu\/en\/wp-content\/uploads\/2025\/06\/bluzka_Coquette.jpg","datePublished":"2025-06-25T13:13:12+00:00","dateModified":"2025-11-14T13:17:10+00:00","breadcrumb":{"@id":"https:\/\/bythemoon.eu\/en\/product\/bluzka-z-bufkami-coquette\/#breadcrumb"},"inLanguage":"en-US","potentialAction":[{"@type":"ReadAction","target":["https:\/\/bythemoon.eu\/en\/product\/bluzka-z-bufkami-coquette\/"]}]},{"@type":"ImageObject","inLanguage":"en-US","@id":"https:\/\/bythemoon.eu\/en\/product\/bluzka-z-bufkami-coquette\/#primaryimage","url":"https:\/\/bythemoon.eu\/en\/wp-content\/uploads\/2025\/06\/bluzka_Coquette.jpg","contentUrl":"https:\/\/bythemoon.eu\/en\/wp-content\/uploads\/2025\/06\/bluzka_Coquette.jpg","width":1000,"height":1400,"caption":"bluzka z bufkami paski granatowo-czerwone, top z dekoltem, z marszczeniami, longsleeve, dzianinowy, polska marka, paseczki czerwono-granatowe, coquette"},{"@type":"BreadcrumbList","@id":"https:\/\/bythemoon.eu\/en\/product\/bluzka-z-bufkami-coquette\/#breadcrumb","itemListElement":[{"@type":"ListItem","position":1,"name":"Strona g\u0142\u00f3wna","item":"https:\/\/bythemoon.eu\/en\/"},{"@type":"ListItem","position":2,"name":"Shop","item":"https:\/\/bythemoon.eu\/en\/shop\/"},{"@type":"ListItem","position":3,"name":"bluzka z bufkami Coquette"}]},{"@type":"WebSite","@id":"https:\/\/bythemoon.eu\/en\/#website","url":"https:\/\/bythemoon.eu\/en\/","name":"By The Moon EN","description":"","potentialAction":[{"@type":"SearchAction","target":{"@type":"EntryPoint","urlTemplate":"https:\/\/bythemoon.eu\/en\/?s={search_term_string}"},"query-input":{"@type":"PropertyValueSpecification","valueRequired":true,"valueName":"search_term_string"}}],"inLanguage":"en-US"}]}},"_links":{"self":[{"href":"https:\/\/bythemoon.eu\/en\/wp-json\/wp\/v2\/product\/6352","targetHints":{"allow":["GET"]}}],"collection":[{"href":"https:\/\/bythemoon.eu\/en\/wp-json\/wp\/v2\/product"}],"about":[{"href":"https:\/\/bythemoon.eu\/en\/wp-json\/wp\/v2\/types\/product"}],"wp:featuredmedia":[{"embeddable":true,"href":"https:\/\/bythemoon.eu\/en\/wp-json\/wp\/v2\/media\/6341"}],"wp:attachment":[{"href":"https:\/\/bythemoon.eu\/en\/wp-json\/wp\/v2\/media?parent=6352"}],"wp:term":[{"taxonomy":"product_brand","embeddable":true,"href":"https:\/\/bythemoon.eu\/en\/wp-json\/wp\/v2\/product_brand?post=6352"},{"taxonomy":"product_cat","embeddable":true,"href":"https:\/\/bythemoon.eu\/en\/wp-json\/wp\/v2\/product_cat?post=6352"},{"taxonomy":"product_tag","embeddable":true,"href":"https:\/\/bythemoon.eu\/en\/wp-json\/wp\/v2\/product_tag?post=6352"}],"curies":[{"name":"wp","href":"https:\/\/api.w.org\/{rel}","templated":true}]}}