{"id":6324,"date":"2025-06-25T15:13:06","date_gmt":"2025-06-25T13:13:06","guid":{"rendered":"https:\/\/bythemoon.eu\/en\/produkt\/sukienka-maxi-mila-black\/"},"modified":"2025-11-14T14:17:10","modified_gmt":"2025-11-14T13:17:10","slug":"sukienka-maxi-mila-black","status":"publish","type":"product","link":"https:\/\/bythemoon.eu\/en\/product\/sukienka-maxi-mila-black\/","title":{"rendered":"sukienka maxi Mila black"},"content":{"rendered":"<p>Klasyczna czer\u0144 w super kobiecym wydaniu. Sukienka maxi Mila black, to kwintesencja elegancji z nut\u0105 zmys\u0142owo\u015bci. Jej dopasowany kr\u00f3j subtelnie podkre\u015bla sylwetk\u0119, a delikatne drapowania po bokach i na r\u0119kawach modeluj\u0105 figur\u0119. G\u0142\u0119boki dekolt w kszta\u0142cie litery V oraz subtelne marszczenia na ramionach dodaj\u0105 sukience wyrafinowanego charakteru. Uszyta z mi\u0119kkiego, elastycznego jerseyu wiskozowego, jest niezwykle komfortowa w noszeniu. Mo\u017ce by\u0107 stylizowana na wiele sposob\u00f3w &#8211; minimalistycznie z balerinami lub botkami, zachwyci na co dzie\u0144, a z dodatkiem wysokich obcas\u00f3w i wyrazistej bi\u017cuterii stanie si\u0119 idealn\u0105 kreacj\u0105 wieczorow\u0105. Bardzo kobieca i zmys\u0142owa.<\/p>\n<p><strong>Wymiary sukienki <\/strong>&#8211; sukienka uszyta jest z elastycznej dzianiny, kt\u00f3ra rozci\u0105ga si\u0119. Poni\u017csze wymiary s\u0105 podane na p\u0142asko, bez rozci\u0105gania.<\/p>\n<table style=\"height: 275px\" width=\"727\">\n<tbody>\n<tr>\n<td width=\"143\"><\/td>\n<td style=\"text-align: center\" width=\"64\"><strong>XS<\/strong><\/td>\n<td style=\"text-align: center\" width=\"64\"><strong>S<\/strong><\/td>\n<td style=\"text-align: center\" width=\"64\"><strong>M<\/strong><\/td>\n<td style=\"text-align: center\" width=\"64\"><strong>L<\/strong><\/td>\n<\/tr>\n<tr>\n<td>szeroko\u015b\u0107 w biu\u015bcie<\/td>\n<td style=\"text-align: center\">43<\/td>\n<td style=\"text-align: center\">45<\/td>\n<td style=\"text-align: center\">47<\/td>\n<td style=\"text-align: center\">52<\/td>\n<\/tr>\n<tr>\n<td width=\"143\">szeroko\u015b\u0107 w biodrach<\/td>\n<td style=\"text-align: center\">40<\/td>\n<td style=\"text-align: center\">42<\/td>\n<td style=\"text-align: center\">44<\/td>\n<td style=\"text-align: center\">46<\/td>\n<\/tr>\n<tr>\n<td width=\"143\">d\u0142ugo\u015b\u0107 (mo\u017cliwo\u015b\u0107 regulacji dzi\u0119ki marszczeniom na biodrach)<\/td>\n<td style=\"text-align: center\">143<\/td>\n<td style=\"text-align: center\">146<\/td>\n<td style=\"text-align: center\">149<\/td>\n<td style=\"text-align: center\">152<\/td>\n<\/tr>\n<\/tbody>\n<\/table>\n","protected":false},"excerpt":{"rendered":"<p>Klasyczna czer\u0144 w super kobiecym wydaniu. Sukienka maxi Mila black, to kwintesencja elegancji z nut\u0105 zmys\u0142owo\u015bci. Jej dopasowany kr\u00f3j subtelnie podkre\u015bla sylwetk\u0119, a delikatne drapowania po bokach i na r\u0119kawach modeluj\u0105 figur\u0119. G\u0142\u0119boki dekolt w kszta\u0142cie litery V oraz subtelne marszczenia na ramionach dodaj\u0105 sukience wyrafinowanego charakteru. Uszyta z mi\u0119kkiego, elastycznego jerseyu wiskozowego, jest niezwykle [&#8230;]\n","protected":false},"featured_media":6325,"template":"","meta":[],"product_brand":[],"product_cat":[21,28,55],"product_tag":[],"class_list":{"0":"post-6324","1":"product","2":"type-product","3":"status-publish","4":"has-post-thumbnail","6":"product_cat-btm-en","7":"product_cat-dresses","8":"product_cat-sale","10":"first","11":"instock","12":"sale","13":"taxable","14":"shipping-taxable","15":"purchasable","16":"product-type-variable"},"yoast_head":"<!-- This site is optimized with the Yoast SEO plugin v27.0 - https:\/\/yoast.com\/product\/yoast-seo-wordpress\/ -->\n<title>sukienka maxi Mila black - By The Moon EN<\/title>\n<meta name=\"robots\" content=\"index, follow, max-snippet:-1, max-image-preview:large, max-video-preview:-1\" \/>\n<link rel=\"canonical\" href=\"https:\/\/bythemoon.eu\/en\/product\/sukienka-maxi-mila-black\/\" \/>\n<meta property=\"og:locale\" content=\"en_US\" \/>\n<meta property=\"og:type\" content=\"article\" \/>\n<meta property=\"og:title\" content=\"sukienka maxi Mila black - By The Moon EN\" \/>\n<meta property=\"og:description\" content=\"Klasyczna czer\u0144 w super kobiecym wydaniu. Sukienka maxi Mila black, to kwintesencja elegancji z nut\u0105 zmys\u0142owo\u015bci. Jej dopasowany kr\u00f3j subtelnie podkre\u015bla sylwetk\u0119, a delikatne drapowania po bokach i na r\u0119kawach modeluj\u0105 figur\u0119. G\u0142\u0119boki dekolt w kszta\u0142cie litery V oraz subtelne marszczenia na ramionach dodaj\u0105 sukience wyrafinowanego charakteru. Uszyta z mi\u0119kkiego, elastycznego jerseyu wiskozowego, jest niezwykle [...]\" \/>\n<meta property=\"og:url\" content=\"https:\/\/bythemoon.eu\/en\/product\/sukienka-maxi-mila-black\/\" \/>\n<meta property=\"og:site_name\" content=\"By The Moon EN\" \/>\n<meta property=\"article:modified_time\" content=\"2025-11-14T13:17:10+00:00\" \/>\n<meta property=\"og:image\" content=\"https:\/\/bythemoon.eu\/en\/wp-content\/uploads\/2025\/06\/sukienka_maxi_mila_black.jpg\" \/>\n\t<meta property=\"og:image:width\" content=\"1000\" \/>\n\t<meta property=\"og:image:height\" content=\"1400\" \/>\n\t<meta property=\"og:image:type\" content=\"image\/jpeg\" \/>\n<script type=\"application\/ld+json\" class=\"yoast-schema-graph\">{\"@context\":\"https:\/\/schema.org\",\"@graph\":[{\"@type\":\"WebPage\",\"@id\":\"https:\/\/bythemoon.eu\/en\/product\/sukienka-maxi-mila-black\/\",\"url\":\"https:\/\/bythemoon.eu\/en\/product\/sukienka-maxi-mila-black\/\",\"name\":\"sukienka maxi Mila black - By The Moon EN\",\"isPartOf\":{\"@id\":\"https:\/\/bythemoon.eu\/en\/#website\"},\"primaryImageOfPage\":{\"@id\":\"https:\/\/bythemoon.eu\/en\/product\/sukienka-maxi-mila-black\/#primaryimage\"},\"image\":{\"@id\":\"https:\/\/bythemoon.eu\/en\/product\/sukienka-maxi-mila-black\/#primaryimage\"},\"thumbnailUrl\":\"https:\/\/bythemoon.eu\/en\/wp-content\/uploads\/2025\/06\/sukienka_maxi_mila_black.jpg\",\"datePublished\":\"2025-06-25T13:13:06+00:00\",\"dateModified\":\"2025-11-14T13:17:10+00:00\",\"breadcrumb\":{\"@id\":\"https:\/\/bythemoon.eu\/en\/product\/sukienka-maxi-mila-black\/#breadcrumb\"},\"inLanguage\":\"en-US\",\"potentialAction\":[{\"@type\":\"ReadAction\",\"target\":[\"https:\/\/bythemoon.eu\/en\/product\/sukienka-maxi-mila-black\/\"]}]},{\"@type\":\"ImageObject\",\"inLanguage\":\"en-US\",\"@id\":\"https:\/\/bythemoon.eu\/en\/product\/sukienka-maxi-mila-black\/#primaryimage\",\"url\":\"https:\/\/bythemoon.eu\/en\/wp-content\/uploads\/2025\/06\/sukienka_maxi_mila_black.jpg\",\"contentUrl\":\"https:\/\/bythemoon.eu\/en\/wp-content\/uploads\/2025\/06\/sukienka_maxi_mila_black.jpg\",\"width\":1000,\"height\":1400,\"caption\":\"sukienka maxi, damska, czarna, dzianinowa, z wiskozy, polska marka, d\u0142ugi rekaw, sexy, d\u0142uga, by the moon\"},{\"@type\":\"BreadcrumbList\",\"@id\":\"https:\/\/bythemoon.eu\/en\/product\/sukienka-maxi-mila-black\/#breadcrumb\",\"itemListElement\":[{\"@type\":\"ListItem\",\"position\":1,\"name\":\"Strona g\u0142\u00f3wna\",\"item\":\"https:\/\/bythemoon.eu\/en\/\"},{\"@type\":\"ListItem\",\"position\":2,\"name\":\"Shop\",\"item\":\"https:\/\/bythemoon.eu\/en\/shop\/\"},{\"@type\":\"ListItem\",\"position\":3,\"name\":\"sukienka maxi Mila black\"}]},{\"@type\":\"WebSite\",\"@id\":\"https:\/\/bythemoon.eu\/en\/#website\",\"url\":\"https:\/\/bythemoon.eu\/en\/\",\"name\":\"By The Moon EN\",\"description\":\"\",\"potentialAction\":[{\"@type\":\"SearchAction\",\"target\":{\"@type\":\"EntryPoint\",\"urlTemplate\":\"https:\/\/bythemoon.eu\/en\/?s={search_term_string}\"},\"query-input\":{\"@type\":\"PropertyValueSpecification\",\"valueRequired\":true,\"valueName\":\"search_term_string\"}}],\"inLanguage\":\"en-US\"}]}<\/script>\n<!-- \/ Yoast SEO plugin. -->","yoast_head_json":{"title":"sukienka maxi Mila black - By The Moon EN","robots":{"index":"index","follow":"follow","max-snippet":"max-snippet:-1","max-image-preview":"max-image-preview:large","max-video-preview":"max-video-preview:-1"},"canonical":"https:\/\/bythemoon.eu\/en\/product\/sukienka-maxi-mila-black\/","og_locale":"en_US","og_type":"article","og_title":"sukienka maxi Mila black - By The Moon EN","og_description":"Klasyczna czer\u0144 w super kobiecym wydaniu. Sukienka maxi Mila black, to kwintesencja elegancji z nut\u0105 zmys\u0142owo\u015bci. Jej dopasowany kr\u00f3j subtelnie podkre\u015bla sylwetk\u0119, a delikatne drapowania po bokach i na r\u0119kawach modeluj\u0105 figur\u0119. G\u0142\u0119boki dekolt w kszta\u0142cie litery V oraz subtelne marszczenia na ramionach dodaj\u0105 sukience wyrafinowanego charakteru. Uszyta z mi\u0119kkiego, elastycznego jerseyu wiskozowego, jest niezwykle [...]","og_url":"https:\/\/bythemoon.eu\/en\/product\/sukienka-maxi-mila-black\/","og_site_name":"By The Moon EN","article_modified_time":"2025-11-14T13:17:10+00:00","og_image":[{"width":1000,"height":1400,"url":"https:\/\/bythemoon.eu\/en\/wp-content\/uploads\/2025\/06\/sukienka_maxi_mila_black.jpg","type":"image\/jpeg"}],"schema":{"@context":"https:\/\/schema.org","@graph":[{"@type":"WebPage","@id":"https:\/\/bythemoon.eu\/en\/product\/sukienka-maxi-mila-black\/","url":"https:\/\/bythemoon.eu\/en\/product\/sukienka-maxi-mila-black\/","name":"sukienka maxi Mila black - By The Moon EN","isPartOf":{"@id":"https:\/\/bythemoon.eu\/en\/#website"},"primaryImageOfPage":{"@id":"https:\/\/bythemoon.eu\/en\/product\/sukienka-maxi-mila-black\/#primaryimage"},"image":{"@id":"https:\/\/bythemoon.eu\/en\/product\/sukienka-maxi-mila-black\/#primaryimage"},"thumbnailUrl":"https:\/\/bythemoon.eu\/en\/wp-content\/uploads\/2025\/06\/sukienka_maxi_mila_black.jpg","datePublished":"2025-06-25T13:13:06+00:00","dateModified":"2025-11-14T13:17:10+00:00","breadcrumb":{"@id":"https:\/\/bythemoon.eu\/en\/product\/sukienka-maxi-mila-black\/#breadcrumb"},"inLanguage":"en-US","potentialAction":[{"@type":"ReadAction","target":["https:\/\/bythemoon.eu\/en\/product\/sukienka-maxi-mila-black\/"]}]},{"@type":"ImageObject","inLanguage":"en-US","@id":"https:\/\/bythemoon.eu\/en\/product\/sukienka-maxi-mila-black\/#primaryimage","url":"https:\/\/bythemoon.eu\/en\/wp-content\/uploads\/2025\/06\/sukienka_maxi_mila_black.jpg","contentUrl":"https:\/\/bythemoon.eu\/en\/wp-content\/uploads\/2025\/06\/sukienka_maxi_mila_black.jpg","width":1000,"height":1400,"caption":"sukienka maxi, damska, czarna, dzianinowa, z wiskozy, polska marka, d\u0142ugi rekaw, sexy, d\u0142uga, by the moon"},{"@type":"BreadcrumbList","@id":"https:\/\/bythemoon.eu\/en\/product\/sukienka-maxi-mila-black\/#breadcrumb","itemListElement":[{"@type":"ListItem","position":1,"name":"Strona g\u0142\u00f3wna","item":"https:\/\/bythemoon.eu\/en\/"},{"@type":"ListItem","position":2,"name":"Shop","item":"https:\/\/bythemoon.eu\/en\/shop\/"},{"@type":"ListItem","position":3,"name":"sukienka maxi Mila black"}]},{"@type":"WebSite","@id":"https:\/\/bythemoon.eu\/en\/#website","url":"https:\/\/bythemoon.eu\/en\/","name":"By The Moon EN","description":"","potentialAction":[{"@type":"SearchAction","target":{"@type":"EntryPoint","urlTemplate":"https:\/\/bythemoon.eu\/en\/?s={search_term_string}"},"query-input":{"@type":"PropertyValueSpecification","valueRequired":true,"valueName":"search_term_string"}}],"inLanguage":"en-US"}]}},"_links":{"self":[{"href":"https:\/\/bythemoon.eu\/en\/wp-json\/wp\/v2\/product\/6324","targetHints":{"allow":["GET"]}}],"collection":[{"href":"https:\/\/bythemoon.eu\/en\/wp-json\/wp\/v2\/product"}],"about":[{"href":"https:\/\/bythemoon.eu\/en\/wp-json\/wp\/v2\/types\/product"}],"wp:featuredmedia":[{"embeddable":true,"href":"https:\/\/bythemoon.eu\/en\/wp-json\/wp\/v2\/media\/6325"}],"wp:attachment":[{"href":"https:\/\/bythemoon.eu\/en\/wp-json\/wp\/v2\/media?parent=6324"}],"wp:term":[{"taxonomy":"product_brand","embeddable":true,"href":"https:\/\/bythemoon.eu\/en\/wp-json\/wp\/v2\/product_brand?post=6324"},{"taxonomy":"product_cat","embeddable":true,"href":"https:\/\/bythemoon.eu\/en\/wp-json\/wp\/v2\/product_cat?post=6324"},{"taxonomy":"product_tag","embeddable":true,"href":"https:\/\/bythemoon.eu\/en\/wp-json\/wp\/v2\/product_tag?post=6324"}],"curies":[{"name":"wp","href":"https:\/\/api.w.org\/{rel}","templated":true}]}}