{"id":6315,"date":"2025-06-25T15:13:06","date_gmt":"2025-06-25T13:13:06","guid":{"rendered":"https:\/\/bythemoon.eu\/en\/produkt\/sukienka-maxi-mila-leo\/"},"modified":"2025-11-14T14:17:11","modified_gmt":"2025-11-14T13:17:11","slug":"sukienka-maxi-mila-leo","status":"publish","type":"product","link":"https:\/\/bythemoon.eu\/en\/product\/sukienka-maxi-mila-leo\/","title":{"rendered":"sukienka maxi Mila Leo"},"content":{"rendered":"<p>Subtelna i wyrazista, dzianinowa sukienka damska w nasz bestsellerowy panterkowy print w stonowanym grafitowo-granatowym odcieniu. To idealne po\u0142\u0105czenie elegancji z odrobin\u0105 drapie\u017cno\u015bci. \u00ad\u00adDopasowany, kobiecy kr\u00f3j podkre\u015bla sylwetk\u0119, a mi\u0119kka, wiskozowa dzianina zapewnia wygod\u0119 i swobod\u0119 ruch\u00f3w. Drapowanie na bokach delikatnie ukrywa ewentualne niedoskona\u0142o\u015bci figury. Sukienka ma dekolt w kszta\u0142cie litery V oraz delikatne marszczenia na ramionach, kt\u00f3re dodaj\u0105 lekko\u015bci i kobiecego wdzi\u0119ku. Idealna zar\u00f3wno na co dzie\u0144, jak i na wieczorne wyj\u015bcia. Zestawiona z botkami na obcasie prezentuje si\u0119 stylowo i swobodnie, a w po\u0142\u0105czeniu z wysokimi szpilkami i bi\u017cuteri\u0105 nabiera eleganckiego charakteru. D\u0142uga sukienka Mila Leo, to kwintesencja kobieco\u015bci, elegancji, stylu i pewno\u015bci siebie.<\/p>\n<p>&nbsp;<\/p>\n<p><strong>Wymiary sukienki <\/strong>&#8211; sukienka uszyta jest z elastycznej dzianiny, kt\u00f3ra rozci\u0105ga si\u0119. Poni\u017csze wymiary s\u0105 podane na p\u0142asko, bez rozci\u0105gania. Rekomendujemy wybra\u0107 rozmiar mniejszy, je\u015bli jeste\u015b pomi\u0119dzy rozmiarami.<\/p>\n<table style=\"height: 275px\" width=\"727\">\n<tbody>\n<tr>\n<td width=\"143\"><\/td>\n<td style=\"text-align: center\" width=\"64\"><strong>XS<\/strong><\/td>\n<td style=\"text-align: center\" width=\"64\"><strong>S<\/strong><\/td>\n<td style=\"text-align: center\" width=\"64\"><strong>M<\/strong><\/td>\n<td style=\"text-align: center\" width=\"64\"><strong>L<\/strong><\/td>\n<\/tr>\n<tr>\n<td>szeroko\u015b\u0107 w biu\u015bcie<\/td>\n<td style=\"text-align: center\">47<\/td>\n<td style=\"text-align: center\">49<\/td>\n<td style=\"text-align: center\">51<\/td>\n<td style=\"text-align: center\">53<\/td>\n<\/tr>\n<tr>\n<td width=\"143\">szeroko\u015b\u0107 w biodrach<\/td>\n<td style=\"text-align: center\">42<\/td>\n<td style=\"text-align: center\">46<\/td>\n<td style=\"text-align: center\">50<\/td>\n<td style=\"text-align: center\">52<\/td>\n<\/tr>\n<tr>\n<td width=\"143\">d\u0142ugo\u015b\u0107 (mo\u017cliwo\u015b\u0107 regulacji dzi\u0119ki marszczeniom na biodrach)<\/td>\n<td style=\"text-align: center\">143<\/td>\n<td style=\"text-align: center\">146<\/td>\n<td style=\"text-align: center\">149<\/td>\n<td style=\"text-align: center\">152<\/td>\n<\/tr>\n<\/tbody>\n<\/table>\n","protected":false},"excerpt":{"rendered":"<p>Subtelna i wyrazista, dzianinowa sukienka damska w nasz bestsellerowy panterkowy print w stonowanym grafitowo-granatowym odcieniu. To idealne po\u0142\u0105czenie elegancji z odrobin\u0105 drapie\u017cno\u015bci. \u00ad\u00adDopasowany, kobiecy kr\u00f3j podkre\u015bla sylwetk\u0119, a mi\u0119kka, wiskozowa dzianina zapewnia wygod\u0119 i swobod\u0119 ruch\u00f3w. Drapowanie na bokach delikatnie ukrywa ewentualne niedoskona\u0142o\u015bci figury. Sukienka ma dekolt w kszta\u0142cie litery V oraz delikatne marszczenia na [&#8230;]\n","protected":false},"featured_media":6316,"template":"","meta":[],"product_brand":[],"product_cat":[21,28,55],"product_tag":[],"class_list":{"0":"post-6315","1":"product","2":"type-product","3":"status-publish","4":"has-post-thumbnail","6":"product_cat-btm-en","7":"product_cat-dresses","8":"product_cat-sale","10":"first","11":"instock","12":"sale","13":"taxable","14":"shipping-taxable","15":"purchasable","16":"product-type-variable"},"yoast_head":"<!-- This site is optimized with the Yoast SEO plugin v27.0 - https:\/\/yoast.com\/product\/yoast-seo-wordpress\/ -->\n<title>sukienka maxi Mila Leo - By The Moon EN<\/title>\n<meta name=\"robots\" content=\"index, follow, max-snippet:-1, max-image-preview:large, max-video-preview:-1\" \/>\n<link rel=\"canonical\" href=\"https:\/\/bythemoon.eu\/en\/product\/sukienka-maxi-mila-leo\/\" \/>\n<meta property=\"og:locale\" content=\"en_US\" \/>\n<meta property=\"og:type\" content=\"article\" \/>\n<meta property=\"og:title\" content=\"sukienka maxi Mila Leo - By The Moon EN\" \/>\n<meta property=\"og:description\" content=\"Subtelna i wyrazista, dzianinowa sukienka damska w nasz bestsellerowy panterkowy print w stonowanym grafitowo-granatowym odcieniu. To idealne po\u0142\u0105czenie elegancji z odrobin\u0105 drapie\u017cno\u015bci. \u00ad\u00adDopasowany, kobiecy kr\u00f3j podkre\u015bla sylwetk\u0119, a mi\u0119kka, wiskozowa dzianina zapewnia wygod\u0119 i swobod\u0119 ruch\u00f3w. Drapowanie na bokach delikatnie ukrywa ewentualne niedoskona\u0142o\u015bci figury. Sukienka ma dekolt w kszta\u0142cie litery V oraz delikatne marszczenia na [...]\" \/>\n<meta property=\"og:url\" content=\"https:\/\/bythemoon.eu\/en\/product\/sukienka-maxi-mila-leo\/\" \/>\n<meta property=\"og:site_name\" content=\"By The Moon EN\" \/>\n<meta property=\"article:modified_time\" content=\"2025-11-14T13:17:11+00:00\" \/>\n<meta property=\"og:image\" content=\"https:\/\/bythemoon.eu\/en\/wp-content\/uploads\/2025\/06\/sukienka_maxi_leo_detal.jpg\" \/>\n\t<meta property=\"og:image:width\" content=\"1000\" \/>\n\t<meta property=\"og:image:height\" content=\"1400\" \/>\n\t<meta property=\"og:image:type\" content=\"image\/jpeg\" \/>\n<script type=\"application\/ld+json\" class=\"yoast-schema-graph\">{\"@context\":\"https:\/\/schema.org\",\"@graph\":[{\"@type\":\"WebPage\",\"@id\":\"https:\/\/bythemoon.eu\/en\/product\/sukienka-maxi-mila-leo\/\",\"url\":\"https:\/\/bythemoon.eu\/en\/product\/sukienka-maxi-mila-leo\/\",\"name\":\"sukienka maxi Mila Leo - By The Moon EN\",\"isPartOf\":{\"@id\":\"https:\/\/bythemoon.eu\/en\/#website\"},\"primaryImageOfPage\":{\"@id\":\"https:\/\/bythemoon.eu\/en\/product\/sukienka-maxi-mila-leo\/#primaryimage\"},\"image\":{\"@id\":\"https:\/\/bythemoon.eu\/en\/product\/sukienka-maxi-mila-leo\/#primaryimage\"},\"thumbnailUrl\":\"https:\/\/bythemoon.eu\/en\/wp-content\/uploads\/2025\/06\/sukienka_maxi_leo_detal.jpg\",\"datePublished\":\"2025-06-25T13:13:06+00:00\",\"dateModified\":\"2025-11-14T13:17:11+00:00\",\"breadcrumb\":{\"@id\":\"https:\/\/bythemoon.eu\/en\/product\/sukienka-maxi-mila-leo\/#breadcrumb\"},\"inLanguage\":\"en-US\",\"potentialAction\":[{\"@type\":\"ReadAction\",\"target\":[\"https:\/\/bythemoon.eu\/en\/product\/sukienka-maxi-mila-leo\/\"]}]},{\"@type\":\"ImageObject\",\"inLanguage\":\"en-US\",\"@id\":\"https:\/\/bythemoon.eu\/en\/product\/sukienka-maxi-mila-leo\/#primaryimage\",\"url\":\"https:\/\/bythemoon.eu\/en\/wp-content\/uploads\/2025\/06\/sukienka_maxi_leo_detal.jpg\",\"contentUrl\":\"https:\/\/bythemoon.eu\/en\/wp-content\/uploads\/2025\/06\/sukienka_maxi_leo_detal.jpg\",\"width\":1000,\"height\":1400,\"caption\":\"damska sukienka w panterkowy print, panterka, leopard, leo, z wiskozy, d\u0142uga, maxi, midi, z dekoltem, obcis\u0142a, modna, polska marka by the moon\"},{\"@type\":\"BreadcrumbList\",\"@id\":\"https:\/\/bythemoon.eu\/en\/product\/sukienka-maxi-mila-leo\/#breadcrumb\",\"itemListElement\":[{\"@type\":\"ListItem\",\"position\":1,\"name\":\"Strona g\u0142\u00f3wna\",\"item\":\"https:\/\/bythemoon.eu\/en\/\"},{\"@type\":\"ListItem\",\"position\":2,\"name\":\"Shop\",\"item\":\"https:\/\/bythemoon.eu\/en\/shop\/\"},{\"@type\":\"ListItem\",\"position\":3,\"name\":\"sukienka maxi Mila Leo\"}]},{\"@type\":\"WebSite\",\"@id\":\"https:\/\/bythemoon.eu\/en\/#website\",\"url\":\"https:\/\/bythemoon.eu\/en\/\",\"name\":\"By The Moon EN\",\"description\":\"\",\"potentialAction\":[{\"@type\":\"SearchAction\",\"target\":{\"@type\":\"EntryPoint\",\"urlTemplate\":\"https:\/\/bythemoon.eu\/en\/?s={search_term_string}\"},\"query-input\":{\"@type\":\"PropertyValueSpecification\",\"valueRequired\":true,\"valueName\":\"search_term_string\"}}],\"inLanguage\":\"en-US\"}]}<\/script>\n<!-- \/ Yoast SEO plugin. -->","yoast_head_json":{"title":"sukienka maxi Mila Leo - By The Moon EN","robots":{"index":"index","follow":"follow","max-snippet":"max-snippet:-1","max-image-preview":"max-image-preview:large","max-video-preview":"max-video-preview:-1"},"canonical":"https:\/\/bythemoon.eu\/en\/product\/sukienka-maxi-mila-leo\/","og_locale":"en_US","og_type":"article","og_title":"sukienka maxi Mila Leo - By The Moon EN","og_description":"Subtelna i wyrazista, dzianinowa sukienka damska w nasz bestsellerowy panterkowy print w stonowanym grafitowo-granatowym odcieniu. To idealne po\u0142\u0105czenie elegancji z odrobin\u0105 drapie\u017cno\u015bci. \u00ad\u00adDopasowany, kobiecy kr\u00f3j podkre\u015bla sylwetk\u0119, a mi\u0119kka, wiskozowa dzianina zapewnia wygod\u0119 i swobod\u0119 ruch\u00f3w. Drapowanie na bokach delikatnie ukrywa ewentualne niedoskona\u0142o\u015bci figury. Sukienka ma dekolt w kszta\u0142cie litery V oraz delikatne marszczenia na [...]","og_url":"https:\/\/bythemoon.eu\/en\/product\/sukienka-maxi-mila-leo\/","og_site_name":"By The Moon EN","article_modified_time":"2025-11-14T13:17:11+00:00","og_image":[{"width":1000,"height":1400,"url":"https:\/\/bythemoon.eu\/en\/wp-content\/uploads\/2025\/06\/sukienka_maxi_leo_detal.jpg","type":"image\/jpeg"}],"schema":{"@context":"https:\/\/schema.org","@graph":[{"@type":"WebPage","@id":"https:\/\/bythemoon.eu\/en\/product\/sukienka-maxi-mila-leo\/","url":"https:\/\/bythemoon.eu\/en\/product\/sukienka-maxi-mila-leo\/","name":"sukienka maxi Mila Leo - By The Moon EN","isPartOf":{"@id":"https:\/\/bythemoon.eu\/en\/#website"},"primaryImageOfPage":{"@id":"https:\/\/bythemoon.eu\/en\/product\/sukienka-maxi-mila-leo\/#primaryimage"},"image":{"@id":"https:\/\/bythemoon.eu\/en\/product\/sukienka-maxi-mila-leo\/#primaryimage"},"thumbnailUrl":"https:\/\/bythemoon.eu\/en\/wp-content\/uploads\/2025\/06\/sukienka_maxi_leo_detal.jpg","datePublished":"2025-06-25T13:13:06+00:00","dateModified":"2025-11-14T13:17:11+00:00","breadcrumb":{"@id":"https:\/\/bythemoon.eu\/en\/product\/sukienka-maxi-mila-leo\/#breadcrumb"},"inLanguage":"en-US","potentialAction":[{"@type":"ReadAction","target":["https:\/\/bythemoon.eu\/en\/product\/sukienka-maxi-mila-leo\/"]}]},{"@type":"ImageObject","inLanguage":"en-US","@id":"https:\/\/bythemoon.eu\/en\/product\/sukienka-maxi-mila-leo\/#primaryimage","url":"https:\/\/bythemoon.eu\/en\/wp-content\/uploads\/2025\/06\/sukienka_maxi_leo_detal.jpg","contentUrl":"https:\/\/bythemoon.eu\/en\/wp-content\/uploads\/2025\/06\/sukienka_maxi_leo_detal.jpg","width":1000,"height":1400,"caption":"damska sukienka w panterkowy print, panterka, leopard, leo, z wiskozy, d\u0142uga, maxi, midi, z dekoltem, obcis\u0142a, modna, polska marka by the moon"},{"@type":"BreadcrumbList","@id":"https:\/\/bythemoon.eu\/en\/product\/sukienka-maxi-mila-leo\/#breadcrumb","itemListElement":[{"@type":"ListItem","position":1,"name":"Strona g\u0142\u00f3wna","item":"https:\/\/bythemoon.eu\/en\/"},{"@type":"ListItem","position":2,"name":"Shop","item":"https:\/\/bythemoon.eu\/en\/shop\/"},{"@type":"ListItem","position":3,"name":"sukienka maxi Mila Leo"}]},{"@type":"WebSite","@id":"https:\/\/bythemoon.eu\/en\/#website","url":"https:\/\/bythemoon.eu\/en\/","name":"By The Moon EN","description":"","potentialAction":[{"@type":"SearchAction","target":{"@type":"EntryPoint","urlTemplate":"https:\/\/bythemoon.eu\/en\/?s={search_term_string}"},"query-input":{"@type":"PropertyValueSpecification","valueRequired":true,"valueName":"search_term_string"}}],"inLanguage":"en-US"}]}},"_links":{"self":[{"href":"https:\/\/bythemoon.eu\/en\/wp-json\/wp\/v2\/product\/6315","targetHints":{"allow":["GET"]}}],"collection":[{"href":"https:\/\/bythemoon.eu\/en\/wp-json\/wp\/v2\/product"}],"about":[{"href":"https:\/\/bythemoon.eu\/en\/wp-json\/wp\/v2\/types\/product"}],"wp:featuredmedia":[{"embeddable":true,"href":"https:\/\/bythemoon.eu\/en\/wp-json\/wp\/v2\/media\/6316"}],"wp:attachment":[{"href":"https:\/\/bythemoon.eu\/en\/wp-json\/wp\/v2\/media?parent=6315"}],"wp:term":[{"taxonomy":"product_brand","embeddable":true,"href":"https:\/\/bythemoon.eu\/en\/wp-json\/wp\/v2\/product_brand?post=6315"},{"taxonomy":"product_cat","embeddable":true,"href":"https:\/\/bythemoon.eu\/en\/wp-json\/wp\/v2\/product_cat?post=6315"},{"taxonomy":"product_tag","embeddable":true,"href":"https:\/\/bythemoon.eu\/en\/wp-json\/wp\/v2\/product_tag?post=6315"}],"curies":[{"name":"wp","href":"https:\/\/api.w.org\/{rel}","templated":true}]}}