{"id":6309,"date":"2025-06-25T15:13:02","date_gmt":"2025-06-25T13:13:02","guid":{"rendered":"https:\/\/bythemoon.eu\/en\/produkt\/t-shirt-damski-party-animal\/"},"modified":"2025-11-14T14:17:11","modified_gmt":"2025-11-14T13:17:11","slug":"t-shirt-damski-party-animal","status":"publish","type":"product","link":"https:\/\/bythemoon.eu\/en\/product\/t-shirt-damski-party-animal\/","title":{"rendered":"t-shirt damski Party Animal"},"content":{"rendered":"<p>Bia\u0142y t-shirt z po\u0142yskuj\u0105cym brokatowym napisem Party Animal. Dla tych z Was, kt\u00f3re lubi\u0105 dobr\u0105 zabaw\u0119.\u00a0\u00a0Klasyk, kt\u00f3ry idealnie sprawdza si\u0119 na imprez\u0119. W po\u0142\u0105czeniu z b\u0142yszcz\u0105c\u0105 mini Mila silver, jeansami czy czarnym garniturem tworzy wieczorow\u0105 niezobowi\u0105zuj\u0105c\u0105 stylizacj\u0119, na luzie, z poczuciem humoru. Bawcie si\u0119 dobrze!<\/p>\n<p>&nbsp;<\/p>\n<p><strong>Wymiary t-shirtu w cm:<\/strong><\/p>\n<table width=\"579\">\n<tbody>\n<tr>\n<td width=\"90\"><\/td>\n<td width=\"64\"><strong>XS<\/strong><\/td>\n<td width=\"64\"><strong>S<\/strong><\/td>\n<td width=\"64\"><strong>M<\/strong><\/td>\n<td width=\"64\"><strong>L<\/strong><\/td>\n<\/tr>\n<tr>\n<td>szeroko\u015b\u0107 w biu\u015bcie<\/td>\n<td>48<\/td>\n<td>51<\/td>\n<td>54<\/td>\n<td>57<\/td>\n<\/tr>\n<tr>\n<td width=\"90\">d\u0142ugo\u015b\u0107<\/td>\n<td>58<\/td>\n<td>61<\/td>\n<td>64<\/td>\n<td>64<\/td>\n<\/tr>\n<\/tbody>\n<\/table>\n<p>&nbsp;<\/p>\n","protected":false},"excerpt":{"rendered":"<p>Bia\u0142y t-shirt z po\u0142yskuj\u0105cym brokatowym napisem Party Animal. Dla tych z Was, kt\u00f3re lubi\u0105 dobr\u0105 zabaw\u0119.\u00a0\u00a0Klasyk, kt\u00f3ry idealnie sprawdza si\u0119 na imprez\u0119. W po\u0142\u0105czeniu z b\u0142yszcz\u0105c\u0105 mini Mila silver, jeansami czy czarnym garniturem tworzy wieczorow\u0105 niezobowi\u0105zuj\u0105c\u0105 stylizacj\u0119, na luzie, z poczuciem humoru. Bawcie si\u0119 dobrze! &nbsp; Wymiary t-shirtu w cm: XS S M L szeroko\u015b\u0107 [&#8230;]\n","protected":false},"featured_media":6257,"template":"","meta":[],"product_brand":[],"product_cat":[21,55,24],"product_tag":[],"class_list":{"0":"post-6309","1":"product","2":"type-product","3":"status-publish","4":"has-post-thumbnail","6":"product_cat-btm-en","7":"product_cat-sale","8":"product_cat-t-shirts","10":"first","11":"instock","12":"sale","13":"taxable","14":"shipping-taxable","15":"purchasable","16":"product-type-variable"},"yoast_head":"<!-- This site is optimized with the Yoast SEO plugin v27.0 - https:\/\/yoast.com\/product\/yoast-seo-wordpress\/ -->\n<title>t-shirt damski Party Animal - By The Moon EN<\/title>\n<meta name=\"robots\" content=\"index, follow, max-snippet:-1, max-image-preview:large, max-video-preview:-1\" \/>\n<link rel=\"canonical\" href=\"https:\/\/bythemoon.eu\/en\/product\/t-shirt-damski-party-animal\/\" \/>\n<meta property=\"og:locale\" content=\"en_US\" \/>\n<meta property=\"og:type\" content=\"article\" \/>\n<meta property=\"og:title\" content=\"t-shirt damski Party Animal - By The Moon EN\" \/>\n<meta property=\"og:description\" content=\"Bia\u0142y t-shirt z po\u0142yskuj\u0105cym brokatowym napisem Party Animal. Dla tych z Was, kt\u00f3re lubi\u0105 dobr\u0105 zabaw\u0119.\u00a0\u00a0Klasyk, kt\u00f3ry idealnie sprawdza si\u0119 na imprez\u0119. W po\u0142\u0105czeniu z b\u0142yszcz\u0105c\u0105 mini Mila silver, jeansami czy czarnym garniturem tworzy wieczorow\u0105 niezobowi\u0105zuj\u0105c\u0105 stylizacj\u0119, na luzie, z poczuciem humoru. Bawcie si\u0119 dobrze! &nbsp; Wymiary t-shirtu w cm: XS S M L szeroko\u015b\u0107 [...]\" \/>\n<meta property=\"og:url\" content=\"https:\/\/bythemoon.eu\/en\/product\/t-shirt-damski-party-animal\/\" \/>\n<meta property=\"og:site_name\" content=\"By The Moon EN\" \/>\n<meta property=\"article:modified_time\" content=\"2025-11-14T13:17:11+00:00\" \/>\n<meta property=\"og:image\" content=\"https:\/\/bythemoon.eu\/en\/wp-content\/uploads\/2025\/06\/t-shirt_party-animal-cekin.jpg\" \/>\n\t<meta property=\"og:image:width\" content=\"1000\" \/>\n\t<meta property=\"og:image:height\" content=\"1400\" \/>\n\t<meta property=\"og:image:type\" content=\"image\/jpeg\" \/>\n<script type=\"application\/ld+json\" class=\"yoast-schema-graph\">{\"@context\":\"https:\/\/schema.org\",\"@graph\":[{\"@type\":\"WebPage\",\"@id\":\"https:\/\/bythemoon.eu\/en\/product\/t-shirt-damski-party-animal\/\",\"url\":\"https:\/\/bythemoon.eu\/en\/product\/t-shirt-damski-party-animal\/\",\"name\":\"t-shirt damski Party Animal - By The Moon EN\",\"isPartOf\":{\"@id\":\"https:\/\/bythemoon.eu\/en\/#website\"},\"primaryImageOfPage\":{\"@id\":\"https:\/\/bythemoon.eu\/en\/product\/t-shirt-damski-party-animal\/#primaryimage\"},\"image\":{\"@id\":\"https:\/\/bythemoon.eu\/en\/product\/t-shirt-damski-party-animal\/#primaryimage\"},\"thumbnailUrl\":\"https:\/\/bythemoon.eu\/en\/wp-content\/uploads\/2025\/06\/t-shirt_party-animal-cekin.jpg\",\"datePublished\":\"2025-06-25T13:13:02+00:00\",\"dateModified\":\"2025-11-14T13:17:11+00:00\",\"breadcrumb\":{\"@id\":\"https:\/\/bythemoon.eu\/en\/product\/t-shirt-damski-party-animal\/#breadcrumb\"},\"inLanguage\":\"en-US\",\"potentialAction\":[{\"@type\":\"ReadAction\",\"target\":[\"https:\/\/bythemoon.eu\/en\/product\/t-shirt-damski-party-animal\/\"]}]},{\"@type\":\"ImageObject\",\"inLanguage\":\"en-US\",\"@id\":\"https:\/\/bythemoon.eu\/en\/product\/t-shirt-damski-party-animal\/#primaryimage\",\"url\":\"https:\/\/bythemoon.eu\/en\/wp-content\/uploads\/2025\/06\/t-shirt_party-animal-cekin.jpg\",\"contentUrl\":\"https:\/\/bythemoon.eu\/en\/wp-content\/uploads\/2025\/06\/t-shirt_party-animal-cekin.jpg\",\"width\":1000,\"height\":1400,\"caption\":\"tshirt Party animal, na impreze, bia\u0142y z b\u0142yszcz\u0105cym nadrukiem, damski, bia\u0142a koszulka, polska marka, mini sp\u00f3dnica cekinowa, z cekin\u00f3w\"},{\"@type\":\"BreadcrumbList\",\"@id\":\"https:\/\/bythemoon.eu\/en\/product\/t-shirt-damski-party-animal\/#breadcrumb\",\"itemListElement\":[{\"@type\":\"ListItem\",\"position\":1,\"name\":\"Strona g\u0142\u00f3wna\",\"item\":\"https:\/\/bythemoon.eu\/en\/\"},{\"@type\":\"ListItem\",\"position\":2,\"name\":\"Shop\",\"item\":\"https:\/\/bythemoon.eu\/en\/shop\/\"},{\"@type\":\"ListItem\",\"position\":3,\"name\":\"t-shirt damski Party Animal\"}]},{\"@type\":\"WebSite\",\"@id\":\"https:\/\/bythemoon.eu\/en\/#website\",\"url\":\"https:\/\/bythemoon.eu\/en\/\",\"name\":\"By The Moon EN\",\"description\":\"\",\"potentialAction\":[{\"@type\":\"SearchAction\",\"target\":{\"@type\":\"EntryPoint\",\"urlTemplate\":\"https:\/\/bythemoon.eu\/en\/?s={search_term_string}\"},\"query-input\":{\"@type\":\"PropertyValueSpecification\",\"valueRequired\":true,\"valueName\":\"search_term_string\"}}],\"inLanguage\":\"en-US\"}]}<\/script>\n<!-- \/ Yoast SEO plugin. -->","yoast_head_json":{"title":"t-shirt damski Party Animal - By The Moon EN","robots":{"index":"index","follow":"follow","max-snippet":"max-snippet:-1","max-image-preview":"max-image-preview:large","max-video-preview":"max-video-preview:-1"},"canonical":"https:\/\/bythemoon.eu\/en\/product\/t-shirt-damski-party-animal\/","og_locale":"en_US","og_type":"article","og_title":"t-shirt damski Party Animal - By The Moon EN","og_description":"Bia\u0142y t-shirt z po\u0142yskuj\u0105cym brokatowym napisem Party Animal. Dla tych z Was, kt\u00f3re lubi\u0105 dobr\u0105 zabaw\u0119.\u00a0\u00a0Klasyk, kt\u00f3ry idealnie sprawdza si\u0119 na imprez\u0119. W po\u0142\u0105czeniu z b\u0142yszcz\u0105c\u0105 mini Mila silver, jeansami czy czarnym garniturem tworzy wieczorow\u0105 niezobowi\u0105zuj\u0105c\u0105 stylizacj\u0119, na luzie, z poczuciem humoru. Bawcie si\u0119 dobrze! &nbsp; Wymiary t-shirtu w cm: XS S M L szeroko\u015b\u0107 [...]","og_url":"https:\/\/bythemoon.eu\/en\/product\/t-shirt-damski-party-animal\/","og_site_name":"By The Moon EN","article_modified_time":"2025-11-14T13:17:11+00:00","og_image":[{"width":1000,"height":1400,"url":"https:\/\/bythemoon.eu\/en\/wp-content\/uploads\/2025\/06\/t-shirt_party-animal-cekin.jpg","type":"image\/jpeg"}],"schema":{"@context":"https:\/\/schema.org","@graph":[{"@type":"WebPage","@id":"https:\/\/bythemoon.eu\/en\/product\/t-shirt-damski-party-animal\/","url":"https:\/\/bythemoon.eu\/en\/product\/t-shirt-damski-party-animal\/","name":"t-shirt damski Party Animal - By The Moon EN","isPartOf":{"@id":"https:\/\/bythemoon.eu\/en\/#website"},"primaryImageOfPage":{"@id":"https:\/\/bythemoon.eu\/en\/product\/t-shirt-damski-party-animal\/#primaryimage"},"image":{"@id":"https:\/\/bythemoon.eu\/en\/product\/t-shirt-damski-party-animal\/#primaryimage"},"thumbnailUrl":"https:\/\/bythemoon.eu\/en\/wp-content\/uploads\/2025\/06\/t-shirt_party-animal-cekin.jpg","datePublished":"2025-06-25T13:13:02+00:00","dateModified":"2025-11-14T13:17:11+00:00","breadcrumb":{"@id":"https:\/\/bythemoon.eu\/en\/product\/t-shirt-damski-party-animal\/#breadcrumb"},"inLanguage":"en-US","potentialAction":[{"@type":"ReadAction","target":["https:\/\/bythemoon.eu\/en\/product\/t-shirt-damski-party-animal\/"]}]},{"@type":"ImageObject","inLanguage":"en-US","@id":"https:\/\/bythemoon.eu\/en\/product\/t-shirt-damski-party-animal\/#primaryimage","url":"https:\/\/bythemoon.eu\/en\/wp-content\/uploads\/2025\/06\/t-shirt_party-animal-cekin.jpg","contentUrl":"https:\/\/bythemoon.eu\/en\/wp-content\/uploads\/2025\/06\/t-shirt_party-animal-cekin.jpg","width":1000,"height":1400,"caption":"tshirt Party animal, na impreze, bia\u0142y z b\u0142yszcz\u0105cym nadrukiem, damski, bia\u0142a koszulka, polska marka, mini sp\u00f3dnica cekinowa, z cekin\u00f3w"},{"@type":"BreadcrumbList","@id":"https:\/\/bythemoon.eu\/en\/product\/t-shirt-damski-party-animal\/#breadcrumb","itemListElement":[{"@type":"ListItem","position":1,"name":"Strona g\u0142\u00f3wna","item":"https:\/\/bythemoon.eu\/en\/"},{"@type":"ListItem","position":2,"name":"Shop","item":"https:\/\/bythemoon.eu\/en\/shop\/"},{"@type":"ListItem","position":3,"name":"t-shirt damski Party Animal"}]},{"@type":"WebSite","@id":"https:\/\/bythemoon.eu\/en\/#website","url":"https:\/\/bythemoon.eu\/en\/","name":"By The Moon EN","description":"","potentialAction":[{"@type":"SearchAction","target":{"@type":"EntryPoint","urlTemplate":"https:\/\/bythemoon.eu\/en\/?s={search_term_string}"},"query-input":{"@type":"PropertyValueSpecification","valueRequired":true,"valueName":"search_term_string"}}],"inLanguage":"en-US"}]}},"_links":{"self":[{"href":"https:\/\/bythemoon.eu\/en\/wp-json\/wp\/v2\/product\/6309","targetHints":{"allow":["GET"]}}],"collection":[{"href":"https:\/\/bythemoon.eu\/en\/wp-json\/wp\/v2\/product"}],"about":[{"href":"https:\/\/bythemoon.eu\/en\/wp-json\/wp\/v2\/types\/product"}],"wp:featuredmedia":[{"embeddable":true,"href":"https:\/\/bythemoon.eu\/en\/wp-json\/wp\/v2\/media\/6257"}],"wp:attachment":[{"href":"https:\/\/bythemoon.eu\/en\/wp-json\/wp\/v2\/media?parent=6309"}],"wp:term":[{"taxonomy":"product_brand","embeddable":true,"href":"https:\/\/bythemoon.eu\/en\/wp-json\/wp\/v2\/product_brand?post=6309"},{"taxonomy":"product_cat","embeddable":true,"href":"https:\/\/bythemoon.eu\/en\/wp-json\/wp\/v2\/product_cat?post=6309"},{"taxonomy":"product_tag","embeddable":true,"href":"https:\/\/bythemoon.eu\/en\/wp-json\/wp\/v2\/product_tag?post=6309"}],"curies":[{"name":"wp","href":"https:\/\/api.w.org\/{rel}","templated":true}]}}