{"id":6273,"date":"2025-06-25T15:12:50","date_gmt":"2025-06-25T13:12:50","guid":{"rendered":"https:\/\/bythemoon.eu\/en\/produkt\/sukienka-mini-mila-leo\/"},"modified":"2025-11-14T14:17:12","modified_gmt":"2025-11-14T13:17:12","slug":"sukienka-mini-mila-leo","status":"publish","type":"product","link":"https:\/\/bythemoon.eu\/en\/product\/sukienka-mini-mila-leo\/","title":{"rendered":"sukienka mini Mila Leo"},"content":{"rendered":"<p>Kobieca mini sukienka uszyta z wiskozowej dzianiny, z naszym bestsellerowym printem leo w stonowanym grafitowo-granatowym odcieniu. Super zgrabna i niezwykle wygodna. Marszczenia na bokach i na pupie pi\u0119knie podkre\u015bl\u0105 sylwetk\u0119, jednocze\u015bnie ukrywaj\u0105c ewentualne ma\u0142e niedoskona\u0142o\u015bci figury.\u00a0\u00a0To sukienka, kt\u00f3ra \u0142\u0105czy swobod\u0119 i luz z nonszalancj\u0105 i seksapilem. Dzi\u0119ki marszczeniom, d\u0142ugo\u015b\u0107 sukienki mo\u017cna regulowa\u0107. Na plecach ma niewielkie, uwodzicielskie rozci\u0119cie w kszta\u0142cie \u0142ezki. Delikatne bufki dyskretnie podkre\u015blaj\u0105 ramiona. Na dole r\u0119kaw\u00f3w dekoracyjne marszczenia. Sukienka \u015bwietnie wygl\u0105da do szpilek, ale te\u017c kozak\u00f3w. Mo\u017cna j\u0105 \u0142\u0105czy\u0107 z karminowymi lub czarnymi rajstopami. Na wierzch zarzuci\u0107 marynark\u0119 lub rozpinany sweter. Sprawdzi si\u0119 na wiele okazji.<\/p>\n<p>&nbsp;<\/p>\n<p><strong>Wymiary sukienki <\/strong>&#8211; sukienka uszyta jest z elastycznej dzianiny, kt\u00f3ra rozci\u0105ga si\u0119. Poni\u017csze wymiary s\u0105 podane na p\u0142asko, bez rozci\u0105gania. Rekomendujemy wybra\u0107 rozmiar mniejszy, je\u015bli jeste\u015b pomi\u0119dzy rozmiarami.<\/p>\n<table style=\"height: 297px\" width=\"737\">\n<tbody>\n<tr>\n<td width=\"143\"><\/td>\n<td style=\"text-align: center\" width=\"64\"><strong>XS<\/strong><\/td>\n<td style=\"text-align: center\" width=\"64\"><strong>S<\/strong><\/td>\n<td style=\"text-align: center\" width=\"64\"><strong>M<\/strong><\/td>\n<td style=\"text-align: center\" width=\"64\"><strong>L<\/strong><\/td>\n<\/tr>\n<tr>\n<td>szeroko\u015b\u0107 w biu\u015bcie<\/td>\n<td style=\"text-align: center\">43<\/td>\n<td style=\"text-align: center\">45<\/td>\n<td style=\"text-align: center\">47<\/td>\n<td style=\"text-align: center\">49<\/td>\n<\/tr>\n<tr>\n<td width=\"143\">szeroko\u015b\u0107 w biodrach<\/td>\n<td style=\"text-align: center\">40<\/td>\n<td style=\"text-align: center\">42<\/td>\n<td style=\"text-align: center\">44<\/td>\n<td style=\"text-align: center\">46<\/td>\n<\/tr>\n<tr>\n<td width=\"143\">d\u0142ugo\u015b\u0107 (mo\u017cliwo\u015b\u0107 regulacji dzi\u0119ki marszczeniom na biodrach)<\/td>\n<td style=\"text-align: center\">90<\/td>\n<td style=\"text-align: center\">91<\/td>\n<td style=\"text-align: center\">92<\/td>\n<td style=\"text-align: center\">93<\/td>\n<\/tr>\n<\/tbody>\n<\/table>\n","protected":false},"excerpt":{"rendered":"<p>Kobieca mini sukienka uszyta z wiskozowej dzianiny, z naszym bestsellerowym printem leo w stonowanym grafitowo-granatowym odcieniu. Super zgrabna i niezwykle wygodna. Marszczenia na bokach i na pupie pi\u0119knie podkre\u015bl\u0105 sylwetk\u0119, jednocze\u015bnie ukrywaj\u0105c ewentualne ma\u0142e niedoskona\u0142o\u015bci figury.\u00a0\u00a0To sukienka, kt\u00f3ra \u0142\u0105czy swobod\u0119 i luz z nonszalancj\u0105 i seksapilem. Dzi\u0119ki marszczeniom, d\u0142ugo\u015b\u0107 sukienki mo\u017cna regulowa\u0107. Na plecach ma [&#8230;]\n","protected":false},"featured_media":6274,"template":"","meta":[],"product_brand":[],"product_cat":[21,28,55],"product_tag":[],"class_list":{"0":"post-6273","1":"product","2":"type-product","3":"status-publish","4":"has-post-thumbnail","6":"product_cat-btm-en","7":"product_cat-dresses","8":"product_cat-sale","10":"first","11":"instock","12":"sale","13":"taxable","14":"shipping-taxable","15":"purchasable","16":"product-type-variable"},"yoast_head":"<!-- This site is optimized with the Yoast SEO plugin v27.0 - https:\/\/yoast.com\/product\/yoast-seo-wordpress\/ -->\n<title>sukienka mini Mila Leo - By The Moon EN<\/title>\n<meta name=\"robots\" content=\"index, follow, max-snippet:-1, max-image-preview:large, max-video-preview:-1\" \/>\n<link rel=\"canonical\" href=\"https:\/\/bythemoon.eu\/en\/product\/sukienka-mini-mila-leo\/\" \/>\n<meta property=\"og:locale\" content=\"en_US\" \/>\n<meta property=\"og:type\" content=\"article\" \/>\n<meta property=\"og:title\" content=\"sukienka mini Mila Leo - By The Moon EN\" \/>\n<meta property=\"og:description\" content=\"Kobieca mini sukienka uszyta z wiskozowej dzianiny, z naszym bestsellerowym printem leo w stonowanym grafitowo-granatowym odcieniu. Super zgrabna i niezwykle wygodna. Marszczenia na bokach i na pupie pi\u0119knie podkre\u015bl\u0105 sylwetk\u0119, jednocze\u015bnie ukrywaj\u0105c ewentualne ma\u0142e niedoskona\u0142o\u015bci figury.\u00a0\u00a0To sukienka, kt\u00f3ra \u0142\u0105czy swobod\u0119 i luz z nonszalancj\u0105 i seksapilem. Dzi\u0119ki marszczeniom, d\u0142ugo\u015b\u0107 sukienki mo\u017cna regulowa\u0107. Na plecach ma [...]\" \/>\n<meta property=\"og:url\" content=\"https:\/\/bythemoon.eu\/en\/product\/sukienka-mini-mila-leo\/\" \/>\n<meta property=\"og:site_name\" content=\"By The Moon EN\" \/>\n<meta property=\"article:modified_time\" content=\"2025-11-14T13:17:12+00:00\" \/>\n<meta property=\"og:image\" content=\"https:\/\/bythemoon.eu\/en\/wp-content\/uploads\/2025\/06\/sukienka_mini_leo.jpg\" \/>\n\t<meta property=\"og:image:width\" content=\"1000\" \/>\n\t<meta property=\"og:image:height\" content=\"1400\" \/>\n\t<meta property=\"og:image:type\" content=\"image\/jpeg\" \/>\n<script type=\"application\/ld+json\" class=\"yoast-schema-graph\">{\"@context\":\"https:\/\/schema.org\",\"@graph\":[{\"@type\":\"WebPage\",\"@id\":\"https:\/\/bythemoon.eu\/en\/product\/sukienka-mini-mila-leo\/\",\"url\":\"https:\/\/bythemoon.eu\/en\/product\/sukienka-mini-mila-leo\/\",\"name\":\"sukienka mini Mila Leo - By The Moon EN\",\"isPartOf\":{\"@id\":\"https:\/\/bythemoon.eu\/en\/#website\"},\"primaryImageOfPage\":{\"@id\":\"https:\/\/bythemoon.eu\/en\/product\/sukienka-mini-mila-leo\/#primaryimage\"},\"image\":{\"@id\":\"https:\/\/bythemoon.eu\/en\/product\/sukienka-mini-mila-leo\/#primaryimage\"},\"thumbnailUrl\":\"https:\/\/bythemoon.eu\/en\/wp-content\/uploads\/2025\/06\/sukienka_mini_leo.jpg\",\"datePublished\":\"2025-06-25T13:12:50+00:00\",\"dateModified\":\"2025-11-14T13:17:12+00:00\",\"breadcrumb\":{\"@id\":\"https:\/\/bythemoon.eu\/en\/product\/sukienka-mini-mila-leo\/#breadcrumb\"},\"inLanguage\":\"en-US\",\"potentialAction\":[{\"@type\":\"ReadAction\",\"target\":[\"https:\/\/bythemoon.eu\/en\/product\/sukienka-mini-mila-leo\/\"]}]},{\"@type\":\"ImageObject\",\"inLanguage\":\"en-US\",\"@id\":\"https:\/\/bythemoon.eu\/en\/product\/sukienka-mini-mila-leo\/#primaryimage\",\"url\":\"https:\/\/bythemoon.eu\/en\/wp-content\/uploads\/2025\/06\/sukienka_mini_leo.jpg\",\"contentUrl\":\"https:\/\/bythemoon.eu\/en\/wp-content\/uploads\/2025\/06\/sukienka_mini_leo.jpg\",\"width\":1000,\"height\":1400,\"caption\":\"damska sukienka w granatowa panterke, mini, elegancka, na wyj\u015bcia, na imprez\u0119, obcis\u0142a, sexy, z marszczeniami, polska marka\"},{\"@type\":\"BreadcrumbList\",\"@id\":\"https:\/\/bythemoon.eu\/en\/product\/sukienka-mini-mila-leo\/#breadcrumb\",\"itemListElement\":[{\"@type\":\"ListItem\",\"position\":1,\"name\":\"Strona g\u0142\u00f3wna\",\"item\":\"https:\/\/bythemoon.eu\/en\/\"},{\"@type\":\"ListItem\",\"position\":2,\"name\":\"Shop\",\"item\":\"https:\/\/bythemoon.eu\/en\/shop\/\"},{\"@type\":\"ListItem\",\"position\":3,\"name\":\"sukienka mini Mila Leo\"}]},{\"@type\":\"WebSite\",\"@id\":\"https:\/\/bythemoon.eu\/en\/#website\",\"url\":\"https:\/\/bythemoon.eu\/en\/\",\"name\":\"By The Moon EN\",\"description\":\"\",\"potentialAction\":[{\"@type\":\"SearchAction\",\"target\":{\"@type\":\"EntryPoint\",\"urlTemplate\":\"https:\/\/bythemoon.eu\/en\/?s={search_term_string}\"},\"query-input\":{\"@type\":\"PropertyValueSpecification\",\"valueRequired\":true,\"valueName\":\"search_term_string\"}}],\"inLanguage\":\"en-US\"}]}<\/script>\n<!-- \/ Yoast SEO plugin. -->","yoast_head_json":{"title":"sukienka mini Mila Leo - By The Moon EN","robots":{"index":"index","follow":"follow","max-snippet":"max-snippet:-1","max-image-preview":"max-image-preview:large","max-video-preview":"max-video-preview:-1"},"canonical":"https:\/\/bythemoon.eu\/en\/product\/sukienka-mini-mila-leo\/","og_locale":"en_US","og_type":"article","og_title":"sukienka mini Mila Leo - By The Moon EN","og_description":"Kobieca mini sukienka uszyta z wiskozowej dzianiny, z naszym bestsellerowym printem leo w stonowanym grafitowo-granatowym odcieniu. Super zgrabna i niezwykle wygodna. Marszczenia na bokach i na pupie pi\u0119knie podkre\u015bl\u0105 sylwetk\u0119, jednocze\u015bnie ukrywaj\u0105c ewentualne ma\u0142e niedoskona\u0142o\u015bci figury.\u00a0\u00a0To sukienka, kt\u00f3ra \u0142\u0105czy swobod\u0119 i luz z nonszalancj\u0105 i seksapilem. Dzi\u0119ki marszczeniom, d\u0142ugo\u015b\u0107 sukienki mo\u017cna regulowa\u0107. Na plecach ma [...]","og_url":"https:\/\/bythemoon.eu\/en\/product\/sukienka-mini-mila-leo\/","og_site_name":"By The Moon EN","article_modified_time":"2025-11-14T13:17:12+00:00","og_image":[{"width":1000,"height":1400,"url":"https:\/\/bythemoon.eu\/en\/wp-content\/uploads\/2025\/06\/sukienka_mini_leo.jpg","type":"image\/jpeg"}],"schema":{"@context":"https:\/\/schema.org","@graph":[{"@type":"WebPage","@id":"https:\/\/bythemoon.eu\/en\/product\/sukienka-mini-mila-leo\/","url":"https:\/\/bythemoon.eu\/en\/product\/sukienka-mini-mila-leo\/","name":"sukienka mini Mila Leo - By The Moon EN","isPartOf":{"@id":"https:\/\/bythemoon.eu\/en\/#website"},"primaryImageOfPage":{"@id":"https:\/\/bythemoon.eu\/en\/product\/sukienka-mini-mila-leo\/#primaryimage"},"image":{"@id":"https:\/\/bythemoon.eu\/en\/product\/sukienka-mini-mila-leo\/#primaryimage"},"thumbnailUrl":"https:\/\/bythemoon.eu\/en\/wp-content\/uploads\/2025\/06\/sukienka_mini_leo.jpg","datePublished":"2025-06-25T13:12:50+00:00","dateModified":"2025-11-14T13:17:12+00:00","breadcrumb":{"@id":"https:\/\/bythemoon.eu\/en\/product\/sukienka-mini-mila-leo\/#breadcrumb"},"inLanguage":"en-US","potentialAction":[{"@type":"ReadAction","target":["https:\/\/bythemoon.eu\/en\/product\/sukienka-mini-mila-leo\/"]}]},{"@type":"ImageObject","inLanguage":"en-US","@id":"https:\/\/bythemoon.eu\/en\/product\/sukienka-mini-mila-leo\/#primaryimage","url":"https:\/\/bythemoon.eu\/en\/wp-content\/uploads\/2025\/06\/sukienka_mini_leo.jpg","contentUrl":"https:\/\/bythemoon.eu\/en\/wp-content\/uploads\/2025\/06\/sukienka_mini_leo.jpg","width":1000,"height":1400,"caption":"damska sukienka w granatowa panterke, mini, elegancka, na wyj\u015bcia, na imprez\u0119, obcis\u0142a, sexy, z marszczeniami, polska marka"},{"@type":"BreadcrumbList","@id":"https:\/\/bythemoon.eu\/en\/product\/sukienka-mini-mila-leo\/#breadcrumb","itemListElement":[{"@type":"ListItem","position":1,"name":"Strona g\u0142\u00f3wna","item":"https:\/\/bythemoon.eu\/en\/"},{"@type":"ListItem","position":2,"name":"Shop","item":"https:\/\/bythemoon.eu\/en\/shop\/"},{"@type":"ListItem","position":3,"name":"sukienka mini Mila Leo"}]},{"@type":"WebSite","@id":"https:\/\/bythemoon.eu\/en\/#website","url":"https:\/\/bythemoon.eu\/en\/","name":"By The Moon EN","description":"","potentialAction":[{"@type":"SearchAction","target":{"@type":"EntryPoint","urlTemplate":"https:\/\/bythemoon.eu\/en\/?s={search_term_string}"},"query-input":{"@type":"PropertyValueSpecification","valueRequired":true,"valueName":"search_term_string"}}],"inLanguage":"en-US"}]}},"_links":{"self":[{"href":"https:\/\/bythemoon.eu\/en\/wp-json\/wp\/v2\/product\/6273","targetHints":{"allow":["GET"]}}],"collection":[{"href":"https:\/\/bythemoon.eu\/en\/wp-json\/wp\/v2\/product"}],"about":[{"href":"https:\/\/bythemoon.eu\/en\/wp-json\/wp\/v2\/types\/product"}],"wp:featuredmedia":[{"embeddable":true,"href":"https:\/\/bythemoon.eu\/en\/wp-json\/wp\/v2\/media\/6274"}],"wp:attachment":[{"href":"https:\/\/bythemoon.eu\/en\/wp-json\/wp\/v2\/media?parent=6273"}],"wp:term":[{"taxonomy":"product_brand","embeddable":true,"href":"https:\/\/bythemoon.eu\/en\/wp-json\/wp\/v2\/product_brand?post=6273"},{"taxonomy":"product_cat","embeddable":true,"href":"https:\/\/bythemoon.eu\/en\/wp-json\/wp\/v2\/product_cat?post=6273"},{"taxonomy":"product_tag","embeddable":true,"href":"https:\/\/bythemoon.eu\/en\/wp-json\/wp\/v2\/product_tag?post=6273"}],"curies":[{"name":"wp","href":"https:\/\/api.w.org\/{rel}","templated":true}]}}