{"id":6262,"date":"2025-06-25T15:12:50","date_gmt":"2025-06-25T13:12:50","guid":{"rendered":"https:\/\/bythemoon.eu\/en\/produkt\/spodnie-dzianinowe-relax-navy\/"},"modified":"2025-11-14T14:17:13","modified_gmt":"2025-11-14T13:17:13","slug":"spodnie-dzianinowe-relax-navy","status":"publish","type":"product","link":"https:\/\/bythemoon.eu\/en\/product\/spodnie-dzianinowe-relax-navy\/","title":{"rendered":"spodnie dzianinowe Relax navy"},"content":{"rendered":"<p>Damskie spodnie dresowe z prostymi, szerokimi nogawkami. W kolorze g\u0142\u0119bokiego granatu. Uszyte z wyj\u0105tkowo mi\u0142ej w dotyku dzianiny drapanej. To po\u0142\u0105czenie wygody i komfortu ze sportow\u0105 elegancj\u0105. Idealne na ch\u0142odne dni. W pasie znajduje si\u0119 guma, po bokach kieszenie. Spodnie mo\u017cna \u0142\u0105czy\u0107 tak\u017ce z t-shirtami, bluzami czy swetrami. Niezwykle wygodne. Must-have w Twojej szafie.<\/p>\n<p><strong>Wymiary spodni:<\/strong><\/p>\n<table style=\"height: 172px\" width=\"555\">\n<tbody>\n<tr>\n<td width=\"143\"><\/td>\n<td style=\"text-align: center\" width=\"64\"><strong>XS<\/strong><\/td>\n<td style=\"text-align: center\" width=\"64\"><strong>S<\/strong><\/td>\n<td style=\"text-align: center\" width=\"64\"><strong>M<\/strong><\/td>\n<td style=\"text-align: center\" width=\"64\"><strong>L<\/strong><\/td>\n<\/tr>\n<tr>\n<td>szeroko\u015b\u0107 w pasie (na gumk\u0119)<\/td>\n<td style=\"text-align: center\">34<\/td>\n<td style=\"text-align: center\">36<\/td>\n<td style=\"text-align: center\">38<\/td>\n<td style=\"text-align: center\">40<\/td>\n<\/tr>\n<tr>\n<td width=\"143\">szeroko\u015b\u0107 w biodrach<\/td>\n<td style=\"text-align: center\">47<\/td>\n<td style=\"text-align: center\">49<\/td>\n<td style=\"text-align: center\">51<\/td>\n<td style=\"text-align: center\">53<\/td>\n<\/tr>\n<tr>\n<td style=\"text-align: left\">d\u0142ugo\u015b\u0107<\/td>\n<td style=\"text-align: center\">99,5<\/td>\n<td style=\"text-align: center\">100<\/td>\n<td style=\"text-align: center\">100,5<\/td>\n<td style=\"text-align: center\">101<\/td>\n<\/tr>\n<\/tbody>\n<\/table>\n","protected":false},"excerpt":{"rendered":"<p>Damskie spodnie dresowe z prostymi, szerokimi nogawkami. W kolorze g\u0142\u0119bokiego granatu. Uszyte z wyj\u0105tkowo mi\u0142ej w dotyku dzianiny drapanej. To po\u0142\u0105czenie wygody i komfortu ze sportow\u0105 elegancj\u0105. Idealne na ch\u0142odne dni. W pasie znajduje si\u0119 guma, po bokach kieszenie. Spodnie mo\u017cna \u0142\u0105czy\u0107 tak\u017ce z t-shirtami, bluzami czy swetrami. Niezwykle wygodne. Must-have w Twojej szafie. Wymiary [&#8230;]\n","protected":false},"featured_media":6263,"template":"","meta":[],"product_brand":[],"product_cat":[22,21,54],"product_tag":[],"class_list":{"0":"post-6262","1":"product","2":"type-product","3":"status-publish","4":"has-post-thumbnail","6":"product_cat-bottoms","7":"product_cat-btm-en","8":"product_cat-weekend-capsule","10":"first","11":"instock","12":"taxable","13":"shipping-taxable","14":"purchasable","15":"product-type-variable"},"yoast_head":"<!-- This site is optimized with the Yoast SEO plugin v27.0 - https:\/\/yoast.com\/product\/yoast-seo-wordpress\/ -->\n<title>spodnie dzianinowe Relax navy - By The Moon EN<\/title>\n<meta name=\"robots\" content=\"index, follow, max-snippet:-1, max-image-preview:large, max-video-preview:-1\" \/>\n<link rel=\"canonical\" href=\"https:\/\/bythemoon.eu\/en\/product\/spodnie-dzianinowe-relax-navy\/\" \/>\n<meta property=\"og:locale\" content=\"en_US\" \/>\n<meta property=\"og:type\" content=\"article\" \/>\n<meta property=\"og:title\" content=\"spodnie dzianinowe Relax navy - By The Moon EN\" \/>\n<meta property=\"og:description\" content=\"Damskie spodnie dresowe z prostymi, szerokimi nogawkami. W kolorze g\u0142\u0119bokiego granatu. Uszyte z wyj\u0105tkowo mi\u0142ej w dotyku dzianiny drapanej. To po\u0142\u0105czenie wygody i komfortu ze sportow\u0105 elegancj\u0105. Idealne na ch\u0142odne dni. W pasie znajduje si\u0119 guma, po bokach kieszenie. Spodnie mo\u017cna \u0142\u0105czy\u0107 tak\u017ce z t-shirtami, bluzami czy swetrami. Niezwykle wygodne. Must-have w Twojej szafie. Wymiary [...]\" \/>\n<meta property=\"og:url\" content=\"https:\/\/bythemoon.eu\/en\/product\/spodnie-dzianinowe-relax-navy\/\" \/>\n<meta property=\"og:site_name\" content=\"By The Moon EN\" \/>\n<meta property=\"article:modified_time\" content=\"2025-11-14T13:17:13+00:00\" \/>\n<meta property=\"og:image\" content=\"https:\/\/bythemoon.eu\/en\/wp-content\/uploads\/2025\/06\/set_weekend_2_.jpg\" \/>\n\t<meta property=\"og:image:width\" content=\"1000\" \/>\n\t<meta property=\"og:image:height\" content=\"1400\" \/>\n\t<meta property=\"og:image:type\" content=\"image\/jpeg\" \/>\n<script type=\"application\/ld+json\" class=\"yoast-schema-graph\">{\"@context\":\"https:\/\/schema.org\",\"@graph\":[{\"@type\":\"WebPage\",\"@id\":\"https:\/\/bythemoon.eu\/en\/product\/spodnie-dzianinowe-relax-navy\/\",\"url\":\"https:\/\/bythemoon.eu\/en\/product\/spodnie-dzianinowe-relax-navy\/\",\"name\":\"spodnie dzianinowe Relax navy - By The Moon EN\",\"isPartOf\":{\"@id\":\"https:\/\/bythemoon.eu\/en\/#website\"},\"primaryImageOfPage\":{\"@id\":\"https:\/\/bythemoon.eu\/en\/product\/spodnie-dzianinowe-relax-navy\/#primaryimage\"},\"image\":{\"@id\":\"https:\/\/bythemoon.eu\/en\/product\/spodnie-dzianinowe-relax-navy\/#primaryimage\"},\"thumbnailUrl\":\"https:\/\/bythemoon.eu\/en\/wp-content\/uploads\/2025\/06\/set_weekend_2_.jpg\",\"datePublished\":\"2025-06-25T13:12:50+00:00\",\"dateModified\":\"2025-11-14T13:17:13+00:00\",\"breadcrumb\":{\"@id\":\"https:\/\/bythemoon.eu\/en\/product\/spodnie-dzianinowe-relax-navy\/#breadcrumb\"},\"inLanguage\":\"en-US\",\"potentialAction\":[{\"@type\":\"ReadAction\",\"target\":[\"https:\/\/bythemoon.eu\/en\/product\/spodnie-dzianinowe-relax-navy\/\"]}]},{\"@type\":\"ImageObject\",\"inLanguage\":\"en-US\",\"@id\":\"https:\/\/bythemoon.eu\/en\/product\/spodnie-dzianinowe-relax-navy\/#primaryimage\",\"url\":\"https:\/\/bythemoon.eu\/en\/wp-content\/uploads\/2025\/06\/set_weekend_2_.jpg\",\"contentUrl\":\"https:\/\/bythemoon.eu\/en\/wp-content\/uploads\/2025\/06\/set_weekend_2_.jpg\",\"width\":1000,\"height\":1400,\"caption\":\"komplet dresowy damski granatowy, spodnie i top, bezrekawnik weekend\"},{\"@type\":\"BreadcrumbList\",\"@id\":\"https:\/\/bythemoon.eu\/en\/product\/spodnie-dzianinowe-relax-navy\/#breadcrumb\",\"itemListElement\":[{\"@type\":\"ListItem\",\"position\":1,\"name\":\"Strona g\u0142\u00f3wna\",\"item\":\"https:\/\/bythemoon.eu\/en\/\"},{\"@type\":\"ListItem\",\"position\":2,\"name\":\"Shop\",\"item\":\"https:\/\/bythemoon.eu\/en\/shop\/\"},{\"@type\":\"ListItem\",\"position\":3,\"name\":\"spodnie dzianinowe Relax navy\"}]},{\"@type\":\"WebSite\",\"@id\":\"https:\/\/bythemoon.eu\/en\/#website\",\"url\":\"https:\/\/bythemoon.eu\/en\/\",\"name\":\"By The Moon EN\",\"description\":\"\",\"potentialAction\":[{\"@type\":\"SearchAction\",\"target\":{\"@type\":\"EntryPoint\",\"urlTemplate\":\"https:\/\/bythemoon.eu\/en\/?s={search_term_string}\"},\"query-input\":{\"@type\":\"PropertyValueSpecification\",\"valueRequired\":true,\"valueName\":\"search_term_string\"}}],\"inLanguage\":\"en-US\"}]}<\/script>\n<!-- \/ Yoast SEO plugin. -->","yoast_head_json":{"title":"spodnie dzianinowe Relax navy - By The Moon EN","robots":{"index":"index","follow":"follow","max-snippet":"max-snippet:-1","max-image-preview":"max-image-preview:large","max-video-preview":"max-video-preview:-1"},"canonical":"https:\/\/bythemoon.eu\/en\/product\/spodnie-dzianinowe-relax-navy\/","og_locale":"en_US","og_type":"article","og_title":"spodnie dzianinowe Relax navy - By The Moon EN","og_description":"Damskie spodnie dresowe z prostymi, szerokimi nogawkami. W kolorze g\u0142\u0119bokiego granatu. Uszyte z wyj\u0105tkowo mi\u0142ej w dotyku dzianiny drapanej. To po\u0142\u0105czenie wygody i komfortu ze sportow\u0105 elegancj\u0105. Idealne na ch\u0142odne dni. W pasie znajduje si\u0119 guma, po bokach kieszenie. Spodnie mo\u017cna \u0142\u0105czy\u0107 tak\u017ce z t-shirtami, bluzami czy swetrami. Niezwykle wygodne. Must-have w Twojej szafie. Wymiary [...]","og_url":"https:\/\/bythemoon.eu\/en\/product\/spodnie-dzianinowe-relax-navy\/","og_site_name":"By The Moon EN","article_modified_time":"2025-11-14T13:17:13+00:00","og_image":[{"width":1000,"height":1400,"url":"https:\/\/bythemoon.eu\/en\/wp-content\/uploads\/2025\/06\/set_weekend_2_.jpg","type":"image\/jpeg"}],"schema":{"@context":"https:\/\/schema.org","@graph":[{"@type":"WebPage","@id":"https:\/\/bythemoon.eu\/en\/product\/spodnie-dzianinowe-relax-navy\/","url":"https:\/\/bythemoon.eu\/en\/product\/spodnie-dzianinowe-relax-navy\/","name":"spodnie dzianinowe Relax navy - By The Moon EN","isPartOf":{"@id":"https:\/\/bythemoon.eu\/en\/#website"},"primaryImageOfPage":{"@id":"https:\/\/bythemoon.eu\/en\/product\/spodnie-dzianinowe-relax-navy\/#primaryimage"},"image":{"@id":"https:\/\/bythemoon.eu\/en\/product\/spodnie-dzianinowe-relax-navy\/#primaryimage"},"thumbnailUrl":"https:\/\/bythemoon.eu\/en\/wp-content\/uploads\/2025\/06\/set_weekend_2_.jpg","datePublished":"2025-06-25T13:12:50+00:00","dateModified":"2025-11-14T13:17:13+00:00","breadcrumb":{"@id":"https:\/\/bythemoon.eu\/en\/product\/spodnie-dzianinowe-relax-navy\/#breadcrumb"},"inLanguage":"en-US","potentialAction":[{"@type":"ReadAction","target":["https:\/\/bythemoon.eu\/en\/product\/spodnie-dzianinowe-relax-navy\/"]}]},{"@type":"ImageObject","inLanguage":"en-US","@id":"https:\/\/bythemoon.eu\/en\/product\/spodnie-dzianinowe-relax-navy\/#primaryimage","url":"https:\/\/bythemoon.eu\/en\/wp-content\/uploads\/2025\/06\/set_weekend_2_.jpg","contentUrl":"https:\/\/bythemoon.eu\/en\/wp-content\/uploads\/2025\/06\/set_weekend_2_.jpg","width":1000,"height":1400,"caption":"komplet dresowy damski granatowy, spodnie i top, bezrekawnik weekend"},{"@type":"BreadcrumbList","@id":"https:\/\/bythemoon.eu\/en\/product\/spodnie-dzianinowe-relax-navy\/#breadcrumb","itemListElement":[{"@type":"ListItem","position":1,"name":"Strona g\u0142\u00f3wna","item":"https:\/\/bythemoon.eu\/en\/"},{"@type":"ListItem","position":2,"name":"Shop","item":"https:\/\/bythemoon.eu\/en\/shop\/"},{"@type":"ListItem","position":3,"name":"spodnie dzianinowe Relax navy"}]},{"@type":"WebSite","@id":"https:\/\/bythemoon.eu\/en\/#website","url":"https:\/\/bythemoon.eu\/en\/","name":"By The Moon EN","description":"","potentialAction":[{"@type":"SearchAction","target":{"@type":"EntryPoint","urlTemplate":"https:\/\/bythemoon.eu\/en\/?s={search_term_string}"},"query-input":{"@type":"PropertyValueSpecification","valueRequired":true,"valueName":"search_term_string"}}],"inLanguage":"en-US"}]}},"_links":{"self":[{"href":"https:\/\/bythemoon.eu\/en\/wp-json\/wp\/v2\/product\/6262","targetHints":{"allow":["GET"]}}],"collection":[{"href":"https:\/\/bythemoon.eu\/en\/wp-json\/wp\/v2\/product"}],"about":[{"href":"https:\/\/bythemoon.eu\/en\/wp-json\/wp\/v2\/types\/product"}],"wp:featuredmedia":[{"embeddable":true,"href":"https:\/\/bythemoon.eu\/en\/wp-json\/wp\/v2\/media\/6263"}],"wp:attachment":[{"href":"https:\/\/bythemoon.eu\/en\/wp-json\/wp\/v2\/media?parent=6262"}],"wp:term":[{"taxonomy":"product_brand","embeddable":true,"href":"https:\/\/bythemoon.eu\/en\/wp-json\/wp\/v2\/product_brand?post=6262"},{"taxonomy":"product_cat","embeddable":true,"href":"https:\/\/bythemoon.eu\/en\/wp-json\/wp\/v2\/product_cat?post=6262"},{"taxonomy":"product_tag","embeddable":true,"href":"https:\/\/bythemoon.eu\/en\/wp-json\/wp\/v2\/product_tag?post=6262"}],"curies":[{"name":"wp","href":"https:\/\/api.w.org\/{rel}","templated":true}]}}