{"id":6231,"date":"2025-06-25T15:12:42","date_gmt":"2025-06-25T13:12:42","guid":{"rendered":"https:\/\/bythemoon.eu\/en\/produkt\/spodnica-mini-mila-nude\/"},"modified":"2025-11-14T14:17:13","modified_gmt":"2025-11-14T13:17:13","slug":"spodnica-mini-mila-nude","status":"publish","type":"product","link":"https:\/\/bythemoon.eu\/en\/product\/spodnica-mini-mila-nude\/","title":{"rendered":"sp\u00f3dnica mini Mila nude"},"content":{"rendered":"<p>Marszczona, elastyczna mini sp\u00f3dniczka uszyta z mi\u0119kkiej dzianiny wiskozowej przeplatanej po\u0142yskuj\u0105c\u0105 nitk\u0105. W pi\u0119knym delikatnie mieni\u0105cym si\u0119 be\u017cu. Bardzo wygodna, na gumk\u0119, z mo\u017cliwo\u015bci\u0105 delikatnego regulowania d\u0142ugo\u015bci dzi\u0119ki marszczeniom po bokach. Wewn\u0105trz posiada delikatn\u0105 dzianinow\u0105 podszewk\u0119 z wiskozy. Marszczenia pi\u0119knie podkre\u015blaj\u0105 sylwetk\u0119, jednocze\u015bnie ukrywaj\u0105c ma\u0142e niedoskona\u0142o\u015bci figury. Sp\u00f3dnic\u0119 mo\u017cna stylizowa\u0107 na wiele sposob\u00f3w zar\u00f3wno z t-shirtem, jak i du\u017cym swetrem, czy marynark\u0105. Uzupe\u0142nij ca\u0142y look butami na obcasach lub wysokimi kozakami. Dost\u0119pna tak\u017ce w kolorze srebrnym.<\/p>\n<p><strong>Sk\u0142ad:<\/strong> 82% wiskoza 18% lurex, podszewka 92% wiskoza 8% elastan<\/p>\n<p><strong>Wymiary sp\u00f3dnicy <\/strong>&#8211; sp\u00f3dnica uszyta jest z elastycznej dzianiny, kt\u00f3ra rozci\u0105ga si\u0119. Poni\u017csze wymiary s\u0105 podane na p\u0142asko, bez rozci\u0105gania.<\/p>\n<table style=\"height: 240px\" width=\"545\">\n<tbody>\n<tr>\n<td width=\"143\"><\/td>\n<td style=\"text-align: center\" width=\"64\"><strong>XS<\/strong><\/td>\n<td style=\"text-align: center\" width=\"64\"><strong>S<\/strong><\/td>\n<td style=\"text-align: center\" width=\"64\"><strong>M<\/strong><\/td>\n<td style=\"text-align: center\" width=\"64\"><strong>L<\/strong><\/td>\n<\/tr>\n<tr>\n<td>pas (na gumk\u0119)<\/td>\n<td style=\"text-align: center\">31<\/td>\n<td style=\"text-align: center\">33<\/td>\n<td style=\"text-align: center\">35<\/td>\n<td style=\"text-align: center\">37<\/td>\n<\/tr>\n<tr>\n<td width=\"143\">szeroko\u015b\u0107 w biodrach<\/td>\n<td style=\"text-align: center\">41<\/td>\n<td style=\"text-align: center\">43<\/td>\n<td style=\"text-align: center\">45<\/td>\n<td style=\"text-align: center\">47<\/td>\n<\/tr>\n<tr>\n<td width=\"143\">d\u0142ugo\u015b\u0107 (mo\u017cliwo\u015b\u0107 regulacji)<\/td>\n<td style=\"text-align: center\">35,5<\/td>\n<td style=\"text-align: center\">36<\/td>\n<td style=\"text-align: center\">36,5<\/td>\n<td style=\"text-align: center\">37<\/td>\n<\/tr>\n<\/tbody>\n<\/table>\n","protected":false},"excerpt":{"rendered":"<p>Marszczona, elastyczna mini sp\u00f3dniczka uszyta z mi\u0119kkiej dzianiny wiskozowej przeplatanej po\u0142yskuj\u0105c\u0105 nitk\u0105. W pi\u0119knym delikatnie mieni\u0105cym si\u0119 be\u017cu. Bardzo wygodna, na gumk\u0119, z mo\u017cliwo\u015bci\u0105 delikatnego regulowania d\u0142ugo\u015bci dzi\u0119ki marszczeniom po bokach. Wewn\u0105trz posiada delikatn\u0105 dzianinow\u0105 podszewk\u0119 z wiskozy. Marszczenia pi\u0119knie podkre\u015blaj\u0105 sylwetk\u0119, jednocze\u015bnie ukrywaj\u0105c ma\u0142e niedoskona\u0142o\u015bci figury. Sp\u00f3dnic\u0119 mo\u017cna stylizowa\u0107 na wiele sposob\u00f3w zar\u00f3wno z [&#8230;]\n","protected":false},"featured_media":6208,"template":"","meta":[],"product_brand":[],"product_cat":[21,38],"product_tag":[],"class_list":{"0":"post-6231","1":"product","2":"type-product","3":"status-publish","4":"has-post-thumbnail","6":"product_cat-btm-en","7":"product_cat-skirts","9":"first","10":"instock","11":"sale","12":"taxable","13":"shipping-taxable","14":"purchasable","15":"product-type-variable"},"yoast_head":"<!-- This site is optimized with the Yoast SEO plugin v27.0 - https:\/\/yoast.com\/product\/yoast-seo-wordpress\/ -->\n<title>sp\u00f3dnica mini Mila nude - By The Moon EN<\/title>\n<meta name=\"robots\" content=\"index, follow, max-snippet:-1, max-image-preview:large, max-video-preview:-1\" \/>\n<link rel=\"canonical\" href=\"https:\/\/bythemoon.eu\/en\/product\/spodnica-mini-mila-nude\/\" \/>\n<meta property=\"og:locale\" content=\"en_US\" \/>\n<meta property=\"og:type\" content=\"article\" \/>\n<meta property=\"og:title\" content=\"sp\u00f3dnica mini Mila nude - By The Moon EN\" \/>\n<meta property=\"og:description\" content=\"Marszczona, elastyczna mini sp\u00f3dniczka uszyta z mi\u0119kkiej dzianiny wiskozowej przeplatanej po\u0142yskuj\u0105c\u0105 nitk\u0105. W pi\u0119knym delikatnie mieni\u0105cym si\u0119 be\u017cu. Bardzo wygodna, na gumk\u0119, z mo\u017cliwo\u015bci\u0105 delikatnego regulowania d\u0142ugo\u015bci dzi\u0119ki marszczeniom po bokach. Wewn\u0105trz posiada delikatn\u0105 dzianinow\u0105 podszewk\u0119 z wiskozy. Marszczenia pi\u0119knie podkre\u015blaj\u0105 sylwetk\u0119, jednocze\u015bnie ukrywaj\u0105c ma\u0142e niedoskona\u0142o\u015bci figury. Sp\u00f3dnic\u0119 mo\u017cna stylizowa\u0107 na wiele sposob\u00f3w zar\u00f3wno z [...]\" \/>\n<meta property=\"og:url\" content=\"https:\/\/bythemoon.eu\/en\/product\/spodnica-mini-mila-nude\/\" \/>\n<meta property=\"og:site_name\" content=\"By The Moon EN\" \/>\n<meta property=\"article:modified_time\" content=\"2025-11-14T13:17:13+00:00\" \/>\n<meta property=\"og:image\" content=\"https:\/\/bythemoon.eu\/en\/wp-content\/uploads\/2025\/06\/spodnica_mini_brokat3.jpg\" \/>\n\t<meta property=\"og:image:width\" content=\"1000\" \/>\n\t<meta property=\"og:image:height\" content=\"1400\" \/>\n\t<meta property=\"og:image:type\" content=\"image\/jpeg\" \/>\n<script type=\"application\/ld+json\" class=\"yoast-schema-graph\">{\"@context\":\"https:\/\/schema.org\",\"@graph\":[{\"@type\":\"WebPage\",\"@id\":\"https:\/\/bythemoon.eu\/en\/product\/spodnica-mini-mila-nude\/\",\"url\":\"https:\/\/bythemoon.eu\/en\/product\/spodnica-mini-mila-nude\/\",\"name\":\"sp\u00f3dnica mini Mila nude - By The Moon EN\",\"isPartOf\":{\"@id\":\"https:\/\/bythemoon.eu\/en\/#website\"},\"primaryImageOfPage\":{\"@id\":\"https:\/\/bythemoon.eu\/en\/product\/spodnica-mini-mila-nude\/#primaryimage\"},\"image\":{\"@id\":\"https:\/\/bythemoon.eu\/en\/product\/spodnica-mini-mila-nude\/#primaryimage\"},\"thumbnailUrl\":\"https:\/\/bythemoon.eu\/en\/wp-content\/uploads\/2025\/06\/spodnica_mini_brokat3.jpg\",\"datePublished\":\"2025-06-25T13:12:42+00:00\",\"dateModified\":\"2025-11-14T13:17:13+00:00\",\"breadcrumb\":{\"@id\":\"https:\/\/bythemoon.eu\/en\/product\/spodnica-mini-mila-nude\/#breadcrumb\"},\"inLanguage\":\"en-US\",\"potentialAction\":[{\"@type\":\"ReadAction\",\"target\":[\"https:\/\/bythemoon.eu\/en\/product\/spodnica-mini-mila-nude\/\"]}]},{\"@type\":\"ImageObject\",\"inLanguage\":\"en-US\",\"@id\":\"https:\/\/bythemoon.eu\/en\/product\/spodnica-mini-mila-nude\/#primaryimage\",\"url\":\"https:\/\/bythemoon.eu\/en\/wp-content\/uploads\/2025\/06\/spodnica_mini_brokat3.jpg\",\"contentUrl\":\"https:\/\/bythemoon.eu\/en\/wp-content\/uploads\/2025\/06\/spodnica_mini_brokat3.jpg\",\"width\":1000,\"height\":1400,\"caption\":\"mini sp\u00f3dnica, sp\u00f3dniczka damska, jasna, kremowa, b\u0142yszcz\u0105ca, z marszczeniami, drapowana, polska marka, brokatowa\"},{\"@type\":\"BreadcrumbList\",\"@id\":\"https:\/\/bythemoon.eu\/en\/product\/spodnica-mini-mila-nude\/#breadcrumb\",\"itemListElement\":[{\"@type\":\"ListItem\",\"position\":1,\"name\":\"Strona g\u0142\u00f3wna\",\"item\":\"https:\/\/bythemoon.eu\/en\/\"},{\"@type\":\"ListItem\",\"position\":2,\"name\":\"Shop\",\"item\":\"https:\/\/bythemoon.eu\/en\/shop\/\"},{\"@type\":\"ListItem\",\"position\":3,\"name\":\"sp\u00f3dnica mini Mila nude\"}]},{\"@type\":\"WebSite\",\"@id\":\"https:\/\/bythemoon.eu\/en\/#website\",\"url\":\"https:\/\/bythemoon.eu\/en\/\",\"name\":\"By The Moon EN\",\"description\":\"\",\"potentialAction\":[{\"@type\":\"SearchAction\",\"target\":{\"@type\":\"EntryPoint\",\"urlTemplate\":\"https:\/\/bythemoon.eu\/en\/?s={search_term_string}\"},\"query-input\":{\"@type\":\"PropertyValueSpecification\",\"valueRequired\":true,\"valueName\":\"search_term_string\"}}],\"inLanguage\":\"en-US\"}]}<\/script>\n<!-- \/ Yoast SEO plugin. -->","yoast_head_json":{"title":"sp\u00f3dnica mini Mila nude - By The Moon EN","robots":{"index":"index","follow":"follow","max-snippet":"max-snippet:-1","max-image-preview":"max-image-preview:large","max-video-preview":"max-video-preview:-1"},"canonical":"https:\/\/bythemoon.eu\/en\/product\/spodnica-mini-mila-nude\/","og_locale":"en_US","og_type":"article","og_title":"sp\u00f3dnica mini Mila nude - By The Moon EN","og_description":"Marszczona, elastyczna mini sp\u00f3dniczka uszyta z mi\u0119kkiej dzianiny wiskozowej przeplatanej po\u0142yskuj\u0105c\u0105 nitk\u0105. W pi\u0119knym delikatnie mieni\u0105cym si\u0119 be\u017cu. Bardzo wygodna, na gumk\u0119, z mo\u017cliwo\u015bci\u0105 delikatnego regulowania d\u0142ugo\u015bci dzi\u0119ki marszczeniom po bokach. Wewn\u0105trz posiada delikatn\u0105 dzianinow\u0105 podszewk\u0119 z wiskozy. Marszczenia pi\u0119knie podkre\u015blaj\u0105 sylwetk\u0119, jednocze\u015bnie ukrywaj\u0105c ma\u0142e niedoskona\u0142o\u015bci figury. Sp\u00f3dnic\u0119 mo\u017cna stylizowa\u0107 na wiele sposob\u00f3w zar\u00f3wno z [...]","og_url":"https:\/\/bythemoon.eu\/en\/product\/spodnica-mini-mila-nude\/","og_site_name":"By The Moon EN","article_modified_time":"2025-11-14T13:17:13+00:00","og_image":[{"width":1000,"height":1400,"url":"https:\/\/bythemoon.eu\/en\/wp-content\/uploads\/2025\/06\/spodnica_mini_brokat3.jpg","type":"image\/jpeg"}],"schema":{"@context":"https:\/\/schema.org","@graph":[{"@type":"WebPage","@id":"https:\/\/bythemoon.eu\/en\/product\/spodnica-mini-mila-nude\/","url":"https:\/\/bythemoon.eu\/en\/product\/spodnica-mini-mila-nude\/","name":"sp\u00f3dnica mini Mila nude - By The Moon EN","isPartOf":{"@id":"https:\/\/bythemoon.eu\/en\/#website"},"primaryImageOfPage":{"@id":"https:\/\/bythemoon.eu\/en\/product\/spodnica-mini-mila-nude\/#primaryimage"},"image":{"@id":"https:\/\/bythemoon.eu\/en\/product\/spodnica-mini-mila-nude\/#primaryimage"},"thumbnailUrl":"https:\/\/bythemoon.eu\/en\/wp-content\/uploads\/2025\/06\/spodnica_mini_brokat3.jpg","datePublished":"2025-06-25T13:12:42+00:00","dateModified":"2025-11-14T13:17:13+00:00","breadcrumb":{"@id":"https:\/\/bythemoon.eu\/en\/product\/spodnica-mini-mila-nude\/#breadcrumb"},"inLanguage":"en-US","potentialAction":[{"@type":"ReadAction","target":["https:\/\/bythemoon.eu\/en\/product\/spodnica-mini-mila-nude\/"]}]},{"@type":"ImageObject","inLanguage":"en-US","@id":"https:\/\/bythemoon.eu\/en\/product\/spodnica-mini-mila-nude\/#primaryimage","url":"https:\/\/bythemoon.eu\/en\/wp-content\/uploads\/2025\/06\/spodnica_mini_brokat3.jpg","contentUrl":"https:\/\/bythemoon.eu\/en\/wp-content\/uploads\/2025\/06\/spodnica_mini_brokat3.jpg","width":1000,"height":1400,"caption":"mini sp\u00f3dnica, sp\u00f3dniczka damska, jasna, kremowa, b\u0142yszcz\u0105ca, z marszczeniami, drapowana, polska marka, brokatowa"},{"@type":"BreadcrumbList","@id":"https:\/\/bythemoon.eu\/en\/product\/spodnica-mini-mila-nude\/#breadcrumb","itemListElement":[{"@type":"ListItem","position":1,"name":"Strona g\u0142\u00f3wna","item":"https:\/\/bythemoon.eu\/en\/"},{"@type":"ListItem","position":2,"name":"Shop","item":"https:\/\/bythemoon.eu\/en\/shop\/"},{"@type":"ListItem","position":3,"name":"sp\u00f3dnica mini Mila nude"}]},{"@type":"WebSite","@id":"https:\/\/bythemoon.eu\/en\/#website","url":"https:\/\/bythemoon.eu\/en\/","name":"By The Moon EN","description":"","potentialAction":[{"@type":"SearchAction","target":{"@type":"EntryPoint","urlTemplate":"https:\/\/bythemoon.eu\/en\/?s={search_term_string}"},"query-input":{"@type":"PropertyValueSpecification","valueRequired":true,"valueName":"search_term_string"}}],"inLanguage":"en-US"}]}},"_links":{"self":[{"href":"https:\/\/bythemoon.eu\/en\/wp-json\/wp\/v2\/product\/6231","targetHints":{"allow":["GET"]}}],"collection":[{"href":"https:\/\/bythemoon.eu\/en\/wp-json\/wp\/v2\/product"}],"about":[{"href":"https:\/\/bythemoon.eu\/en\/wp-json\/wp\/v2\/types\/product"}],"wp:featuredmedia":[{"embeddable":true,"href":"https:\/\/bythemoon.eu\/en\/wp-json\/wp\/v2\/media\/6208"}],"wp:attachment":[{"href":"https:\/\/bythemoon.eu\/en\/wp-json\/wp\/v2\/media?parent=6231"}],"wp:term":[{"taxonomy":"product_brand","embeddable":true,"href":"https:\/\/bythemoon.eu\/en\/wp-json\/wp\/v2\/product_brand?post=6231"},{"taxonomy":"product_cat","embeddable":true,"href":"https:\/\/bythemoon.eu\/en\/wp-json\/wp\/v2\/product_cat?post=6231"},{"taxonomy":"product_tag","embeddable":true,"href":"https:\/\/bythemoon.eu\/en\/wp-json\/wp\/v2\/product_tag?post=6231"}],"curies":[{"name":"wp","href":"https:\/\/api.w.org\/{rel}","templated":true}]}}