{"id":6216,"date":"2025-06-25T15:12:42","date_gmt":"2025-06-25T13:12:42","guid":{"rendered":"https:\/\/bythemoon.eu\/en\/produkt\/sukienka-mila-silver\/"},"modified":"2025-11-14T14:17:14","modified_gmt":"2025-11-14T13:17:14","slug":"sukienka-mila-silver","status":"publish","type":"product","link":"https:\/\/bythemoon.eu\/en\/product\/sukienka-mila-silver\/","title":{"rendered":"sukienka z po\u0142yskiem Mila silver"},"content":{"rendered":"<p>Zab\u0142y\u015bnij i przyci\u0105gnij spojrzenia innych!<\/p>\n<p>Srebrna mini sukienka damska, uszyta z mi\u0119kkiej, wiskozowej dzianiny przeplatanej po\u0142yskuj\u0105c\u0105 nitk\u0105 doda Ci blasku. Wieczorem sprawia wra\u017cenie obsypanej brokatem. Marszczenia na bokach i na tyle pi\u0119knie podkre\u015bl\u0105 sylwetk\u0119, jednocze\u015bnie ukrywaj\u0105c ma\u0142e niedoskona\u0142o\u015bci figury. Dzi\u0119ki marszczeniom d\u0142ugo\u015b\u0107 sukienki mo\u017cna znacznie regulowa\u0107. Na plecach sukienka ma niewielkie, uwodzicielskie rozci\u0119cie w kszta\u0142cie \u0142ezki. Bufki delikatnie podkre\u015blaj\u0105 ramiona, nadaj\u0105c bardziej wizytowego charakteru. Sukienka \u015bwietnie wygl\u0105da zar\u00f3wno do szpilek jak i wysokich kozak\u00f3w. Dost\u0119pna jest tak\u017ce w kolorze po\u0142yskuj\u0105cym kremowym.<\/p>\n<p>&nbsp;<\/p>\n<p><strong>Wymiary sukienki <\/strong>&#8211; sukienka uszyta jest z elastycznej dzianiny, kt\u00f3ra rozci\u0105ga si\u0119. Poni\u017csze wymiary s\u0105 podane na p\u0142asko, bez rozci\u0105gania.<\/p>\n<table style=\"height: 253px\" width=\"573\">\n<tbody>\n<tr>\n<td width=\"143\"><\/td>\n<td style=\"text-align: center\" width=\"64\"><strong>XS<\/strong><\/td>\n<td style=\"text-align: center\" width=\"64\"><strong>S<\/strong><\/td>\n<td style=\"text-align: center\" width=\"64\"><strong>M<\/strong><\/td>\n<td style=\"text-align: center\" width=\"64\"><strong>L<\/strong><\/td>\n<\/tr>\n<tr>\n<td>szeroko\u015b\u0107 w biu\u015bcie<\/td>\n<td style=\"text-align: center\">44<\/td>\n<td style=\"text-align: center\">46<\/td>\n<td style=\"text-align: center\">48<\/td>\n<td style=\"text-align: center\">50<\/td>\n<\/tr>\n<tr>\n<td width=\"143\">szeroko\u015b\u0107 w biodrach<\/td>\n<td style=\"text-align: center\">41<\/td>\n<td style=\"text-align: center\">43<\/td>\n<td style=\"text-align: center\">45<\/td>\n<td style=\"text-align: center\">47<\/td>\n<\/tr>\n<tr>\n<td width=\"143\">d\u0142ugo\u015b\u0107 (mo\u017cliwo\u015b\u0107 regulacji)<\/td>\n<td style=\"text-align: center\">88<\/td>\n<td style=\"text-align: center\">90<\/td>\n<td style=\"text-align: center\">92<\/td>\n<td style=\"text-align: center\">94<\/td>\n<\/tr>\n<\/tbody>\n<\/table>\n","protected":false},"excerpt":{"rendered":"<p>Zab\u0142y\u015bnij i przyci\u0105gnij spojrzenia innych! Srebrna mini sukienka damska, uszyta z mi\u0119kkiej, wiskozowej dzianiny przeplatanej po\u0142yskuj\u0105c\u0105 nitk\u0105 doda Ci blasku. Wieczorem sprawia wra\u017cenie obsypanej brokatem. Marszczenia na bokach i na tyle pi\u0119knie podkre\u015bl\u0105 sylwetk\u0119, jednocze\u015bnie ukrywaj\u0105c ma\u0142e niedoskona\u0142o\u015bci figury. Dzi\u0119ki marszczeniom d\u0142ugo\u015b\u0107 sukienki mo\u017cna znacznie regulowa\u0107. Na plecach sukienka ma niewielkie, uwodzicielskie rozci\u0119cie w kszta\u0142cie [&#8230;]\n","protected":false},"featured_media":6204,"template":"","meta":[],"product_brand":[],"product_cat":[21,28,55],"product_tag":[],"class_list":{"0":"post-6216","1":"product","2":"type-product","3":"status-publish","4":"has-post-thumbnail","6":"product_cat-btm-en","7":"product_cat-dresses","8":"product_cat-sale","10":"first","11":"instock","12":"sale","13":"taxable","14":"shipping-taxable","15":"purchasable","16":"product-type-variable"},"yoast_head":"<!-- This site is optimized with the Yoast SEO plugin v27.0 - https:\/\/yoast.com\/product\/yoast-seo-wordpress\/ -->\n<title>sukienka z po\u0142yskiem Mila silver - By The Moon EN<\/title>\n<meta name=\"robots\" content=\"index, follow, max-snippet:-1, max-image-preview:large, max-video-preview:-1\" \/>\n<link rel=\"canonical\" href=\"https:\/\/bythemoon.eu\/en\/product\/sukienka-mila-silver\/\" \/>\n<meta property=\"og:locale\" content=\"en_US\" \/>\n<meta property=\"og:type\" content=\"article\" \/>\n<meta property=\"og:title\" content=\"sukienka z po\u0142yskiem Mila silver - By The Moon EN\" \/>\n<meta property=\"og:description\" content=\"Zab\u0142y\u015bnij i przyci\u0105gnij spojrzenia innych! Srebrna mini sukienka damska, uszyta z mi\u0119kkiej, wiskozowej dzianiny przeplatanej po\u0142yskuj\u0105c\u0105 nitk\u0105 doda Ci blasku. Wieczorem sprawia wra\u017cenie obsypanej brokatem. Marszczenia na bokach i na tyle pi\u0119knie podkre\u015bl\u0105 sylwetk\u0119, jednocze\u015bnie ukrywaj\u0105c ma\u0142e niedoskona\u0142o\u015bci figury. Dzi\u0119ki marszczeniom d\u0142ugo\u015b\u0107 sukienki mo\u017cna znacznie regulowa\u0107. Na plecach sukienka ma niewielkie, uwodzicielskie rozci\u0119cie w kszta\u0142cie [...]\" \/>\n<meta property=\"og:url\" content=\"https:\/\/bythemoon.eu\/en\/product\/sukienka-mila-silver\/\" \/>\n<meta property=\"og:site_name\" content=\"By The Moon EN\" \/>\n<meta property=\"article:modified_time\" content=\"2025-11-14T13:17:14+00:00\" \/>\n<meta property=\"og:image\" content=\"https:\/\/bythemoon.eu\/en\/wp-content\/uploads\/2025\/06\/sukienka_mini_brokat3.jpg\" \/>\n\t<meta property=\"og:image:width\" content=\"1000\" \/>\n\t<meta property=\"og:image:height\" content=\"1400\" \/>\n\t<meta property=\"og:image:type\" content=\"image\/jpeg\" \/>\n<script type=\"application\/ld+json\" class=\"yoast-schema-graph\">{\"@context\":\"https:\/\/schema.org\",\"@graph\":[{\"@type\":\"WebPage\",\"@id\":\"https:\/\/bythemoon.eu\/en\/product\/sukienka-mila-silver\/\",\"url\":\"https:\/\/bythemoon.eu\/en\/product\/sukienka-mila-silver\/\",\"name\":\"sukienka z po\u0142yskiem Mila silver - By The Moon EN\",\"isPartOf\":{\"@id\":\"https:\/\/bythemoon.eu\/en\/#website\"},\"primaryImageOfPage\":{\"@id\":\"https:\/\/bythemoon.eu\/en\/product\/sukienka-mila-silver\/#primaryimage\"},\"image\":{\"@id\":\"https:\/\/bythemoon.eu\/en\/product\/sukienka-mila-silver\/#primaryimage\"},\"thumbnailUrl\":\"https:\/\/bythemoon.eu\/en\/wp-content\/uploads\/2025\/06\/sukienka_mini_brokat3.jpg\",\"datePublished\":\"2025-06-25T13:12:42+00:00\",\"dateModified\":\"2025-11-14T13:17:14+00:00\",\"breadcrumb\":{\"@id\":\"https:\/\/bythemoon.eu\/en\/product\/sukienka-mila-silver\/#breadcrumb\"},\"inLanguage\":\"en-US\",\"potentialAction\":[{\"@type\":\"ReadAction\",\"target\":[\"https:\/\/bythemoon.eu\/en\/product\/sukienka-mila-silver\/\"]}]},{\"@type\":\"ImageObject\",\"inLanguage\":\"en-US\",\"@id\":\"https:\/\/bythemoon.eu\/en\/product\/sukienka-mila-silver\/#primaryimage\",\"url\":\"https:\/\/bythemoon.eu\/en\/wp-content\/uploads\/2025\/06\/sukienka_mini_brokat3.jpg\",\"contentUrl\":\"https:\/\/bythemoon.eu\/en\/wp-content\/uploads\/2025\/06\/sukienka_mini_brokat3.jpg\",\"width\":1000,\"height\":1400,\"caption\":\"damska sukienka swiec\u0105ca, grafitowa, srebna, czarna, mini, kr\u00f3tka, obcis\u0142a, wizytowa, na wesel\u0119, imprez\u0119\"},{\"@type\":\"BreadcrumbList\",\"@id\":\"https:\/\/bythemoon.eu\/en\/product\/sukienka-mila-silver\/#breadcrumb\",\"itemListElement\":[{\"@type\":\"ListItem\",\"position\":1,\"name\":\"Strona g\u0142\u00f3wna\",\"item\":\"https:\/\/bythemoon.eu\/en\/\"},{\"@type\":\"ListItem\",\"position\":2,\"name\":\"Shop\",\"item\":\"https:\/\/bythemoon.eu\/en\/shop\/\"},{\"@type\":\"ListItem\",\"position\":3,\"name\":\"sukienka z po\u0142yskiem Mila silver\"}]},{\"@type\":\"WebSite\",\"@id\":\"https:\/\/bythemoon.eu\/en\/#website\",\"url\":\"https:\/\/bythemoon.eu\/en\/\",\"name\":\"By The Moon EN\",\"description\":\"\",\"potentialAction\":[{\"@type\":\"SearchAction\",\"target\":{\"@type\":\"EntryPoint\",\"urlTemplate\":\"https:\/\/bythemoon.eu\/en\/?s={search_term_string}\"},\"query-input\":{\"@type\":\"PropertyValueSpecification\",\"valueRequired\":true,\"valueName\":\"search_term_string\"}}],\"inLanguage\":\"en-US\"}]}<\/script>\n<!-- \/ Yoast SEO plugin. -->","yoast_head_json":{"title":"sukienka z po\u0142yskiem Mila silver - By The Moon EN","robots":{"index":"index","follow":"follow","max-snippet":"max-snippet:-1","max-image-preview":"max-image-preview:large","max-video-preview":"max-video-preview:-1"},"canonical":"https:\/\/bythemoon.eu\/en\/product\/sukienka-mila-silver\/","og_locale":"en_US","og_type":"article","og_title":"sukienka z po\u0142yskiem Mila silver - By The Moon EN","og_description":"Zab\u0142y\u015bnij i przyci\u0105gnij spojrzenia innych! Srebrna mini sukienka damska, uszyta z mi\u0119kkiej, wiskozowej dzianiny przeplatanej po\u0142yskuj\u0105c\u0105 nitk\u0105 doda Ci blasku. Wieczorem sprawia wra\u017cenie obsypanej brokatem. Marszczenia na bokach i na tyle pi\u0119knie podkre\u015bl\u0105 sylwetk\u0119, jednocze\u015bnie ukrywaj\u0105c ma\u0142e niedoskona\u0142o\u015bci figury. Dzi\u0119ki marszczeniom d\u0142ugo\u015b\u0107 sukienki mo\u017cna znacznie regulowa\u0107. Na plecach sukienka ma niewielkie, uwodzicielskie rozci\u0119cie w kszta\u0142cie [...]","og_url":"https:\/\/bythemoon.eu\/en\/product\/sukienka-mila-silver\/","og_site_name":"By The Moon EN","article_modified_time":"2025-11-14T13:17:14+00:00","og_image":[{"width":1000,"height":1400,"url":"https:\/\/bythemoon.eu\/en\/wp-content\/uploads\/2025\/06\/sukienka_mini_brokat3.jpg","type":"image\/jpeg"}],"schema":{"@context":"https:\/\/schema.org","@graph":[{"@type":"WebPage","@id":"https:\/\/bythemoon.eu\/en\/product\/sukienka-mila-silver\/","url":"https:\/\/bythemoon.eu\/en\/product\/sukienka-mila-silver\/","name":"sukienka z po\u0142yskiem Mila silver - By The Moon EN","isPartOf":{"@id":"https:\/\/bythemoon.eu\/en\/#website"},"primaryImageOfPage":{"@id":"https:\/\/bythemoon.eu\/en\/product\/sukienka-mila-silver\/#primaryimage"},"image":{"@id":"https:\/\/bythemoon.eu\/en\/product\/sukienka-mila-silver\/#primaryimage"},"thumbnailUrl":"https:\/\/bythemoon.eu\/en\/wp-content\/uploads\/2025\/06\/sukienka_mini_brokat3.jpg","datePublished":"2025-06-25T13:12:42+00:00","dateModified":"2025-11-14T13:17:14+00:00","breadcrumb":{"@id":"https:\/\/bythemoon.eu\/en\/product\/sukienka-mila-silver\/#breadcrumb"},"inLanguage":"en-US","potentialAction":[{"@type":"ReadAction","target":["https:\/\/bythemoon.eu\/en\/product\/sukienka-mila-silver\/"]}]},{"@type":"ImageObject","inLanguage":"en-US","@id":"https:\/\/bythemoon.eu\/en\/product\/sukienka-mila-silver\/#primaryimage","url":"https:\/\/bythemoon.eu\/en\/wp-content\/uploads\/2025\/06\/sukienka_mini_brokat3.jpg","contentUrl":"https:\/\/bythemoon.eu\/en\/wp-content\/uploads\/2025\/06\/sukienka_mini_brokat3.jpg","width":1000,"height":1400,"caption":"damska sukienka swiec\u0105ca, grafitowa, srebna, czarna, mini, kr\u00f3tka, obcis\u0142a, wizytowa, na wesel\u0119, imprez\u0119"},{"@type":"BreadcrumbList","@id":"https:\/\/bythemoon.eu\/en\/product\/sukienka-mila-silver\/#breadcrumb","itemListElement":[{"@type":"ListItem","position":1,"name":"Strona g\u0142\u00f3wna","item":"https:\/\/bythemoon.eu\/en\/"},{"@type":"ListItem","position":2,"name":"Shop","item":"https:\/\/bythemoon.eu\/en\/shop\/"},{"@type":"ListItem","position":3,"name":"sukienka z po\u0142yskiem Mila silver"}]},{"@type":"WebSite","@id":"https:\/\/bythemoon.eu\/en\/#website","url":"https:\/\/bythemoon.eu\/en\/","name":"By The Moon EN","description":"","potentialAction":[{"@type":"SearchAction","target":{"@type":"EntryPoint","urlTemplate":"https:\/\/bythemoon.eu\/en\/?s={search_term_string}"},"query-input":{"@type":"PropertyValueSpecification","valueRequired":true,"valueName":"search_term_string"}}],"inLanguage":"en-US"}]}},"_links":{"self":[{"href":"https:\/\/bythemoon.eu\/en\/wp-json\/wp\/v2\/product\/6216","targetHints":{"allow":["GET"]}}],"collection":[{"href":"https:\/\/bythemoon.eu\/en\/wp-json\/wp\/v2\/product"}],"about":[{"href":"https:\/\/bythemoon.eu\/en\/wp-json\/wp\/v2\/types\/product"}],"wp:featuredmedia":[{"embeddable":true,"href":"https:\/\/bythemoon.eu\/en\/wp-json\/wp\/v2\/media\/6204"}],"wp:attachment":[{"href":"https:\/\/bythemoon.eu\/en\/wp-json\/wp\/v2\/media?parent=6216"}],"wp:term":[{"taxonomy":"product_brand","embeddable":true,"href":"https:\/\/bythemoon.eu\/en\/wp-json\/wp\/v2\/product_brand?post=6216"},{"taxonomy":"product_cat","embeddable":true,"href":"https:\/\/bythemoon.eu\/en\/wp-json\/wp\/v2\/product_cat?post=6216"},{"taxonomy":"product_tag","embeddable":true,"href":"https:\/\/bythemoon.eu\/en\/wp-json\/wp\/v2\/product_tag?post=6216"}],"curies":[{"name":"wp","href":"https:\/\/api.w.org\/{rel}","templated":true}]}}