{"id":6191,"date":"2025-06-25T15:12:34","date_gmt":"2025-06-25T13:12:34","guid":{"rendered":"https:\/\/bythemoon.eu\/en\/produkt\/spodnie-sztruksowe-lizbona-royal-blue\/"},"modified":"2025-11-14T14:17:15","modified_gmt":"2025-11-14T13:17:15","slug":"spodnie-sztruksowe-lizbona-royal-blue","status":"publish","type":"product","link":"https:\/\/bythemoon.eu\/en\/product\/spodnie-sztruksowe-lizbona-royal-blue\/","title":{"rendered":"spodnie sztruksowe Lizbona royal blue"},"content":{"rendered":"<p>Damskie spodnie sztruksowe o lu\u017anym kroju. W g\u0142\u0119bokim i intensywnym kolorze royal blue. Uszyte z mi\u0119kkiego, bawe\u0142nianego sztruksu z dodatkiem elastanu. Z ty\u0142u wszyta jest guma, dzi\u0119ki kt\u00f3rej spodnie dobrze si\u0119 dopasowuj\u0105 do r\u00f3\u017cnych sylwetek. Fason i materia\u0142 sprawiaj\u0105, \u017ce spodnie s\u0105 super wygodne i uniwersalne. Dwie boczne i dwie tylne kieszenie. Spodnie zapinane s\u0105 na suwak i dwa nabijane guziki. \u015awietnie wygl\u0105daj\u0105 w po\u0142\u0105czeniu z jedn\u0105 z naszych ciep\u0142ych, kolorowych bluz lub T-shirtami. Dost\u0119pne tak\u017ce w wersji kremowej i lawendowej.<\/p>\n<p><strong>Wymiary spodni:<\/strong><\/p>\n<p>Spodnie maj\u0105 lu\u017any kr\u00f3j &#8211; przed wyborem rozmiaru, sprawd\u017a wymiary. Je\u015bli jeste\u015b pomi\u0119dzy rozmiarami, wybierz rozmiar mniejszy.<\/p>\n<table style=\"height: 141px\" width=\"520\">\n<tbody>\n<tr>\n<td width=\"109\"><\/td>\n<td style=\"text-align: center\" width=\"64\"><strong>XS<\/strong><\/td>\n<td style=\"text-align: center\" width=\"64\"><strong>S<\/strong><\/td>\n<td style=\"text-align: center\" width=\"64\"><strong>M<\/strong><\/td>\n<td style=\"text-align: center\" width=\"64\"><strong>L<\/strong><\/td>\n<\/tr>\n<tr>\n<td width=\"109\">szer. w pasie<\/td>\n<td style=\"text-align: center\" width=\"64\">36-41<\/td>\n<td style=\"text-align: center\" width=\"64\">38-43<\/td>\n<td style=\"text-align: center\" width=\"64\">40-45<\/td>\n<td style=\"text-align: center\" width=\"64\">42-47<\/td>\n<\/tr>\n<tr>\n<td style=\"text-align: left\" width=\"109\">szer. w biodrach<\/td>\n<td style=\"text-align: center\" width=\"64\">48<\/td>\n<td style=\"text-align: center\" width=\"64\">52<\/td>\n<td style=\"text-align: center\" width=\"64\">54<\/td>\n<td style=\"text-align: center\" width=\"64\">56<\/td>\n<\/tr>\n<tr>\n<td style=\"text-align: left\" width=\"109\">d\u0142ugo\u015b\u0107<\/td>\n<td style=\"text-align: center\" width=\"64\">103,5<\/td>\n<td style=\"text-align: center\" width=\"64\">104<\/td>\n<td style=\"text-align: center\" width=\"64\">104,5<\/td>\n<td style=\"text-align: center\" width=\"64\">105<\/td>\n<\/tr>\n<\/tbody>\n<\/table>\n","protected":false},"excerpt":{"rendered":"<p>Damskie spodnie sztruksowe o lu\u017anym kroju. W g\u0142\u0119bokim i intensywnym kolorze royal blue. Uszyte z mi\u0119kkiego, bawe\u0142nianego sztruksu z dodatkiem elastanu. Z ty\u0142u wszyta jest guma, dzi\u0119ki kt\u00f3rej spodnie dobrze si\u0119 dopasowuj\u0105 do r\u00f3\u017cnych sylwetek. Fason i materia\u0142 sprawiaj\u0105, \u017ce spodnie s\u0105 super wygodne i uniwersalne. Dwie boczne i dwie tylne kieszenie. Spodnie zapinane s\u0105 [&#8230;]\n","protected":false},"featured_media":6171,"template":"","meta":[],"product_brand":[],"product_cat":[22,21,55],"product_tag":[],"class_list":{"0":"post-6191","1":"product","2":"type-product","3":"status-publish","4":"has-post-thumbnail","6":"product_cat-bottoms","7":"product_cat-btm-en","8":"product_cat-sale","10":"first","11":"outofstock","12":"sale","13":"taxable","14":"shipping-taxable","15":"purchasable","16":"product-type-variable"},"yoast_head":"<!-- This site is optimized with the Yoast SEO plugin v27.0 - https:\/\/yoast.com\/product\/yoast-seo-wordpress\/ -->\n<title>spodnie sztruksowe Lizbona royal blue - By The Moon EN<\/title>\n<meta name=\"robots\" content=\"index, follow, max-snippet:-1, max-image-preview:large, max-video-preview:-1\" \/>\n<link rel=\"canonical\" href=\"https:\/\/bythemoon.eu\/en\/product\/spodnie-sztruksowe-lizbona-royal-blue\/\" \/>\n<meta property=\"og:locale\" content=\"en_US\" \/>\n<meta property=\"og:type\" content=\"article\" \/>\n<meta property=\"og:title\" content=\"spodnie sztruksowe Lizbona royal blue - By The Moon EN\" \/>\n<meta property=\"og:description\" content=\"Damskie spodnie sztruksowe o lu\u017anym kroju. W g\u0142\u0119bokim i intensywnym kolorze royal blue. Uszyte z mi\u0119kkiego, bawe\u0142nianego sztruksu z dodatkiem elastanu. Z ty\u0142u wszyta jest guma, dzi\u0119ki kt\u00f3rej spodnie dobrze si\u0119 dopasowuj\u0105 do r\u00f3\u017cnych sylwetek. Fason i materia\u0142 sprawiaj\u0105, \u017ce spodnie s\u0105 super wygodne i uniwersalne. Dwie boczne i dwie tylne kieszenie. Spodnie zapinane s\u0105 [...]\" \/>\n<meta property=\"og:url\" content=\"https:\/\/bythemoon.eu\/en\/product\/spodnie-sztruksowe-lizbona-royal-blue\/\" \/>\n<meta property=\"og:site_name\" content=\"By The Moon EN\" \/>\n<meta property=\"article:modified_time\" content=\"2025-11-14T13:17:15+00:00\" \/>\n<meta property=\"og:image\" content=\"https:\/\/bythemoon.eu\/en\/wp-content\/uploads\/2025\/06\/sztruksy_1.jpg\" \/>\n\t<meta property=\"og:image:width\" content=\"1000\" \/>\n\t<meta property=\"og:image:height\" content=\"1400\" \/>\n\t<meta property=\"og:image:type\" content=\"image\/jpeg\" \/>\n<script type=\"application\/ld+json\" class=\"yoast-schema-graph\">{\"@context\":\"https:\/\/schema.org\",\"@graph\":[{\"@type\":\"WebPage\",\"@id\":\"https:\/\/bythemoon.eu\/en\/product\/spodnie-sztruksowe-lizbona-royal-blue\/\",\"url\":\"https:\/\/bythemoon.eu\/en\/product\/spodnie-sztruksowe-lizbona-royal-blue\/\",\"name\":\"spodnie sztruksowe Lizbona royal blue - By The Moon EN\",\"isPartOf\":{\"@id\":\"https:\/\/bythemoon.eu\/en\/#website\"},\"primaryImageOfPage\":{\"@id\":\"https:\/\/bythemoon.eu\/en\/product\/spodnie-sztruksowe-lizbona-royal-blue\/#primaryimage\"},\"image\":{\"@id\":\"https:\/\/bythemoon.eu\/en\/product\/spodnie-sztruksowe-lizbona-royal-blue\/#primaryimage\"},\"thumbnailUrl\":\"https:\/\/bythemoon.eu\/en\/wp-content\/uploads\/2025\/06\/sztruksy_1.jpg\",\"datePublished\":\"2025-06-25T13:12:34+00:00\",\"dateModified\":\"2025-11-14T13:17:15+00:00\",\"breadcrumb\":{\"@id\":\"https:\/\/bythemoon.eu\/en\/product\/spodnie-sztruksowe-lizbona-royal-blue\/#breadcrumb\"},\"inLanguage\":\"en-US\",\"potentialAction\":[{\"@type\":\"ReadAction\",\"target\":[\"https:\/\/bythemoon.eu\/en\/product\/spodnie-sztruksowe-lizbona-royal-blue\/\"]}]},{\"@type\":\"ImageObject\",\"inLanguage\":\"en-US\",\"@id\":\"https:\/\/bythemoon.eu\/en\/product\/spodnie-sztruksowe-lizbona-royal-blue\/#primaryimage\",\"url\":\"https:\/\/bythemoon.eu\/en\/wp-content\/uploads\/2025\/06\/sztruksy_1.jpg\",\"contentUrl\":\"https:\/\/bythemoon.eu\/en\/wp-content\/uploads\/2025\/06\/sztruksy_1.jpg\",\"width\":1000,\"height\":1400,\"caption\":\"niebieskie sztruksy, spodnie sztruksowe, longsleeve w paski czerwono granatowe\"},{\"@type\":\"BreadcrumbList\",\"@id\":\"https:\/\/bythemoon.eu\/en\/product\/spodnie-sztruksowe-lizbona-royal-blue\/#breadcrumb\",\"itemListElement\":[{\"@type\":\"ListItem\",\"position\":1,\"name\":\"Strona g\u0142\u00f3wna\",\"item\":\"https:\/\/bythemoon.eu\/en\/\"},{\"@type\":\"ListItem\",\"position\":2,\"name\":\"Shop\",\"item\":\"https:\/\/bythemoon.eu\/en\/shop\/\"},{\"@type\":\"ListItem\",\"position\":3,\"name\":\"spodnie sztruksowe Lizbona royal blue\"}]},{\"@type\":\"WebSite\",\"@id\":\"https:\/\/bythemoon.eu\/en\/#website\",\"url\":\"https:\/\/bythemoon.eu\/en\/\",\"name\":\"By The Moon EN\",\"description\":\"\",\"potentialAction\":[{\"@type\":\"SearchAction\",\"target\":{\"@type\":\"EntryPoint\",\"urlTemplate\":\"https:\/\/bythemoon.eu\/en\/?s={search_term_string}\"},\"query-input\":{\"@type\":\"PropertyValueSpecification\",\"valueRequired\":true,\"valueName\":\"search_term_string\"}}],\"inLanguage\":\"en-US\"}]}<\/script>\n<!-- \/ Yoast SEO plugin. -->","yoast_head_json":{"title":"spodnie sztruksowe Lizbona royal blue - By The Moon EN","robots":{"index":"index","follow":"follow","max-snippet":"max-snippet:-1","max-image-preview":"max-image-preview:large","max-video-preview":"max-video-preview:-1"},"canonical":"https:\/\/bythemoon.eu\/en\/product\/spodnie-sztruksowe-lizbona-royal-blue\/","og_locale":"en_US","og_type":"article","og_title":"spodnie sztruksowe Lizbona royal blue - By The Moon EN","og_description":"Damskie spodnie sztruksowe o lu\u017anym kroju. W g\u0142\u0119bokim i intensywnym kolorze royal blue. Uszyte z mi\u0119kkiego, bawe\u0142nianego sztruksu z dodatkiem elastanu. Z ty\u0142u wszyta jest guma, dzi\u0119ki kt\u00f3rej spodnie dobrze si\u0119 dopasowuj\u0105 do r\u00f3\u017cnych sylwetek. Fason i materia\u0142 sprawiaj\u0105, \u017ce spodnie s\u0105 super wygodne i uniwersalne. Dwie boczne i dwie tylne kieszenie. Spodnie zapinane s\u0105 [...]","og_url":"https:\/\/bythemoon.eu\/en\/product\/spodnie-sztruksowe-lizbona-royal-blue\/","og_site_name":"By The Moon EN","article_modified_time":"2025-11-14T13:17:15+00:00","og_image":[{"width":1000,"height":1400,"url":"https:\/\/bythemoon.eu\/en\/wp-content\/uploads\/2025\/06\/sztruksy_1.jpg","type":"image\/jpeg"}],"schema":{"@context":"https:\/\/schema.org","@graph":[{"@type":"WebPage","@id":"https:\/\/bythemoon.eu\/en\/product\/spodnie-sztruksowe-lizbona-royal-blue\/","url":"https:\/\/bythemoon.eu\/en\/product\/spodnie-sztruksowe-lizbona-royal-blue\/","name":"spodnie sztruksowe Lizbona royal blue - By The Moon EN","isPartOf":{"@id":"https:\/\/bythemoon.eu\/en\/#website"},"primaryImageOfPage":{"@id":"https:\/\/bythemoon.eu\/en\/product\/spodnie-sztruksowe-lizbona-royal-blue\/#primaryimage"},"image":{"@id":"https:\/\/bythemoon.eu\/en\/product\/spodnie-sztruksowe-lizbona-royal-blue\/#primaryimage"},"thumbnailUrl":"https:\/\/bythemoon.eu\/en\/wp-content\/uploads\/2025\/06\/sztruksy_1.jpg","datePublished":"2025-06-25T13:12:34+00:00","dateModified":"2025-11-14T13:17:15+00:00","breadcrumb":{"@id":"https:\/\/bythemoon.eu\/en\/product\/spodnie-sztruksowe-lizbona-royal-blue\/#breadcrumb"},"inLanguage":"en-US","potentialAction":[{"@type":"ReadAction","target":["https:\/\/bythemoon.eu\/en\/product\/spodnie-sztruksowe-lizbona-royal-blue\/"]}]},{"@type":"ImageObject","inLanguage":"en-US","@id":"https:\/\/bythemoon.eu\/en\/product\/spodnie-sztruksowe-lizbona-royal-blue\/#primaryimage","url":"https:\/\/bythemoon.eu\/en\/wp-content\/uploads\/2025\/06\/sztruksy_1.jpg","contentUrl":"https:\/\/bythemoon.eu\/en\/wp-content\/uploads\/2025\/06\/sztruksy_1.jpg","width":1000,"height":1400,"caption":"niebieskie sztruksy, spodnie sztruksowe, longsleeve w paski czerwono granatowe"},{"@type":"BreadcrumbList","@id":"https:\/\/bythemoon.eu\/en\/product\/spodnie-sztruksowe-lizbona-royal-blue\/#breadcrumb","itemListElement":[{"@type":"ListItem","position":1,"name":"Strona g\u0142\u00f3wna","item":"https:\/\/bythemoon.eu\/en\/"},{"@type":"ListItem","position":2,"name":"Shop","item":"https:\/\/bythemoon.eu\/en\/shop\/"},{"@type":"ListItem","position":3,"name":"spodnie sztruksowe Lizbona royal blue"}]},{"@type":"WebSite","@id":"https:\/\/bythemoon.eu\/en\/#website","url":"https:\/\/bythemoon.eu\/en\/","name":"By The Moon EN","description":"","potentialAction":[{"@type":"SearchAction","target":{"@type":"EntryPoint","urlTemplate":"https:\/\/bythemoon.eu\/en\/?s={search_term_string}"},"query-input":{"@type":"PropertyValueSpecification","valueRequired":true,"valueName":"search_term_string"}}],"inLanguage":"en-US"}]}},"_links":{"self":[{"href":"https:\/\/bythemoon.eu\/en\/wp-json\/wp\/v2\/product\/6191","targetHints":{"allow":["GET"]}}],"collection":[{"href":"https:\/\/bythemoon.eu\/en\/wp-json\/wp\/v2\/product"}],"about":[{"href":"https:\/\/bythemoon.eu\/en\/wp-json\/wp\/v2\/types\/product"}],"wp:featuredmedia":[{"embeddable":true,"href":"https:\/\/bythemoon.eu\/en\/wp-json\/wp\/v2\/media\/6171"}],"wp:attachment":[{"href":"https:\/\/bythemoon.eu\/en\/wp-json\/wp\/v2\/media?parent=6191"}],"wp:term":[{"taxonomy":"product_brand","embeddable":true,"href":"https:\/\/bythemoon.eu\/en\/wp-json\/wp\/v2\/product_brand?post=6191"},{"taxonomy":"product_cat","embeddable":true,"href":"https:\/\/bythemoon.eu\/en\/wp-json\/wp\/v2\/product_cat?post=6191"},{"taxonomy":"product_tag","embeddable":true,"href":"https:\/\/bythemoon.eu\/en\/wp-json\/wp\/v2\/product_tag?post=6191"}],"curies":[{"name":"wp","href":"https:\/\/api.w.org\/{rel}","templated":true}]}}