{"id":6158,"date":"2025-06-25T15:12:34","date_gmt":"2025-06-25T13:12:34","guid":{"rendered":"https:\/\/bythemoon.eu\/en\/produkt\/kurtka-denimowa-ivy\/"},"modified":"2025-11-14T14:17:15","modified_gmt":"2025-11-14T13:17:15","slug":"kurtka-denimowa-ivy","status":"publish","type":"product","link":"https:\/\/bythemoon.eu\/en\/product\/kurtka-denimowa-ivy\/","title":{"rendered":"kurtka denimowa Ivy"},"content":{"rendered":"<p><span style=\"font-size: 13.5pt;font-family: 'Times New Roman',serif\">Kr\u00f3tka kurtka jeansowa o wyrazistym, westernowym charakterze, z mocnymi przeszyciami. Wykonana z ciemnego, lekko elastycznego denimu. Charakterystyczne bufki podkre\u015blaj\u0105 ramiona i nadaj\u0105 kobiecego, mocnego charakteru. Kszta\u0142t karczka nawi\u0105zuje do estetyki Dzikiego Zachodu, nadaj\u0105c ca\u0142o\u015bci super modnego wygl\u0105du. Zapi\u0119cie na guziki oraz przednie kieszenie podkre\u015blaj\u0105 klasyczny styl, a regulowany d\u00f3\u0142 pozwala na delikatne dopasowanie kurtki. Kurtka Ivy tworzy doskona\u0142\u0105 baz\u0119 do stylizacji \u2013 zar\u00f3wno w po\u0142\u0105czeniu z naszymi denimowymi spodniami, jak i kobiecymi sp\u00f3dnicami. Must-have jesiennego sezonu.<\/span><\/p>\n<p><strong>Wymiary kurtki:<\/strong><\/p>\n<table style=\"height: 144px\" width=\"633\">\n<tbody>\n<tr>\n<td width=\"165\"><\/td>\n<td style=\"text-align: center\" width=\"64\"><strong>XS<\/strong><\/td>\n<td style=\"text-align: center\" width=\"64\"><strong>S<\/strong><\/td>\n<td style=\"text-align: center\" width=\"64\"><strong>M<\/strong><\/td>\n<td style=\"text-align: center\" width=\"64\"><strong>L<\/strong><\/td>\n<\/tr>\n<tr>\n<td>d\u0142ugo\u015b\u0107<\/td>\n<td style=\"text-align: center\">52<\/td>\n<td style=\"text-align: center\">53<\/td>\n<td style=\"text-align: center\">54<\/td>\n<td style=\"text-align: center\">56<\/td>\n<\/tr>\n<tr>\n<td style=\"text-align: left\">d\u0142ugo\u015b\u0107 wewn\u0119trzna r\u0119kawa<\/td>\n<td style=\"text-align: center\">47,5<\/td>\n<td style=\"text-align: center\">48<\/td>\n<td style=\"text-align: center\">48,5<\/td>\n<td style=\"text-align: center\">49<\/td>\n<\/tr>\n<tr>\n<td style=\"text-align: left\">szeroko\u015b\u0107<\/td>\n<td style=\"text-align: center\">47<\/td>\n<td style=\"text-align: center\">49<\/td>\n<td style=\"text-align: center\">51<\/td>\n<td style=\"text-align: center\">53<\/td>\n<\/tr>\n<\/tbody>\n<\/table>\n<p>&nbsp;<\/p>\n<p>&nbsp;<\/p>\n","protected":false},"excerpt":{"rendered":"<p>Kr\u00f3tka kurtka jeansowa o wyrazistym, westernowym charakterze, z mocnymi przeszyciami. Wykonana z ciemnego, lekko elastycznego denimu. Charakterystyczne bufki podkre\u015blaj\u0105 ramiona i nadaj\u0105 kobiecego, mocnego charakteru. Kszta\u0142t karczka nawi\u0105zuje do estetyki Dzikiego Zachodu, nadaj\u0105c ca\u0142o\u015bci super modnego wygl\u0105du. Zapi\u0119cie na guziki oraz przednie kieszenie podkre\u015blaj\u0105 klasyczny styl, a regulowany d\u00f3\u0142 pozwala na delikatne dopasowanie kurtki. Kurtka [&#8230;]\n","protected":false},"featured_media":6159,"template":"","meta":[],"product_brand":[],"product_cat":[21,37],"product_tag":[],"class_list":{"0":"post-6158","1":"product","2":"type-product","3":"status-publish","4":"has-post-thumbnail","6":"product_cat-btm-en","7":"product_cat-jackets","9":"first","10":"instock","11":"taxable","12":"shipping-taxable","13":"purchasable","14":"product-type-variable"},"yoast_head":"<!-- This site is optimized with the Yoast SEO plugin v27.0 - https:\/\/yoast.com\/product\/yoast-seo-wordpress\/ -->\n<title>kurtka denimowa Ivy - By The Moon EN<\/title>\n<meta name=\"robots\" content=\"index, follow, max-snippet:-1, max-image-preview:large, max-video-preview:-1\" \/>\n<link rel=\"canonical\" href=\"https:\/\/bythemoon.eu\/en\/product\/kurtka-denimowa-ivy\/\" \/>\n<meta property=\"og:locale\" content=\"en_US\" \/>\n<meta property=\"og:type\" content=\"article\" \/>\n<meta property=\"og:title\" content=\"kurtka denimowa Ivy - By The Moon EN\" \/>\n<meta property=\"og:description\" content=\"Kr\u00f3tka kurtka jeansowa o wyrazistym, westernowym charakterze, z mocnymi przeszyciami. Wykonana z ciemnego, lekko elastycznego denimu. Charakterystyczne bufki podkre\u015blaj\u0105 ramiona i nadaj\u0105 kobiecego, mocnego charakteru. Kszta\u0142t karczka nawi\u0105zuje do estetyki Dzikiego Zachodu, nadaj\u0105c ca\u0142o\u015bci super modnego wygl\u0105du. Zapi\u0119cie na guziki oraz przednie kieszenie podkre\u015blaj\u0105 klasyczny styl, a regulowany d\u00f3\u0142 pozwala na delikatne dopasowanie kurtki. Kurtka [...]\" \/>\n<meta property=\"og:url\" content=\"https:\/\/bythemoon.eu\/en\/product\/kurtka-denimowa-ivy\/\" \/>\n<meta property=\"og:site_name\" content=\"By The Moon EN\" \/>\n<meta property=\"article:modified_time\" content=\"2025-11-14T13:17:15+00:00\" \/>\n<meta property=\"og:image\" content=\"https:\/\/bythemoon.eu\/en\/wp-content\/uploads\/2025\/06\/kurtka_ivy_mini1.jpg\" \/>\n\t<meta property=\"og:image:width\" content=\"1000\" \/>\n\t<meta property=\"og:image:height\" content=\"1400\" \/>\n\t<meta property=\"og:image:type\" content=\"image\/jpeg\" \/>\n<script type=\"application\/ld+json\" class=\"yoast-schema-graph\">{\"@context\":\"https:\/\/schema.org\",\"@graph\":[{\"@type\":\"WebPage\",\"@id\":\"https:\/\/bythemoon.eu\/en\/product\/kurtka-denimowa-ivy\/\",\"url\":\"https:\/\/bythemoon.eu\/en\/product\/kurtka-denimowa-ivy\/\",\"name\":\"kurtka denimowa Ivy - By The Moon EN\",\"isPartOf\":{\"@id\":\"https:\/\/bythemoon.eu\/en\/#website\"},\"primaryImageOfPage\":{\"@id\":\"https:\/\/bythemoon.eu\/en\/product\/kurtka-denimowa-ivy\/#primaryimage\"},\"image\":{\"@id\":\"https:\/\/bythemoon.eu\/en\/product\/kurtka-denimowa-ivy\/#primaryimage\"},\"thumbnailUrl\":\"https:\/\/bythemoon.eu\/en\/wp-content\/uploads\/2025\/06\/kurtka_ivy_mini1.jpg\",\"datePublished\":\"2025-06-25T13:12:34+00:00\",\"dateModified\":\"2025-11-14T13:17:15+00:00\",\"breadcrumb\":{\"@id\":\"https:\/\/bythemoon.eu\/en\/product\/kurtka-denimowa-ivy\/#breadcrumb\"},\"inLanguage\":\"en-US\",\"potentialAction\":[{\"@type\":\"ReadAction\",\"target\":[\"https:\/\/bythemoon.eu\/en\/product\/kurtka-denimowa-ivy\/\"]}]},{\"@type\":\"ImageObject\",\"inLanguage\":\"en-US\",\"@id\":\"https:\/\/bythemoon.eu\/en\/product\/kurtka-denimowa-ivy\/#primaryimage\",\"url\":\"https:\/\/bythemoon.eu\/en\/wp-content\/uploads\/2025\/06\/kurtka_ivy_mini1.jpg\",\"contentUrl\":\"https:\/\/bythemoon.eu\/en\/wp-content\/uploads\/2025\/06\/kurtka_ivy_mini1.jpg\",\"width\":1000,\"height\":1400,\"caption\":\"damska kurtka denimowa, z denimu, jeansowa, ciemny jeans, denim, klasyczna, z bufkami, polska marka\"},{\"@type\":\"BreadcrumbList\",\"@id\":\"https:\/\/bythemoon.eu\/en\/product\/kurtka-denimowa-ivy\/#breadcrumb\",\"itemListElement\":[{\"@type\":\"ListItem\",\"position\":1,\"name\":\"Strona g\u0142\u00f3wna\",\"item\":\"https:\/\/bythemoon.eu\/en\/\"},{\"@type\":\"ListItem\",\"position\":2,\"name\":\"Shop\",\"item\":\"https:\/\/bythemoon.eu\/en\/shop\/\"},{\"@type\":\"ListItem\",\"position\":3,\"name\":\"kurtka denimowa Ivy\"}]},{\"@type\":\"WebSite\",\"@id\":\"https:\/\/bythemoon.eu\/en\/#website\",\"url\":\"https:\/\/bythemoon.eu\/en\/\",\"name\":\"By The Moon EN\",\"description\":\"\",\"potentialAction\":[{\"@type\":\"SearchAction\",\"target\":{\"@type\":\"EntryPoint\",\"urlTemplate\":\"https:\/\/bythemoon.eu\/en\/?s={search_term_string}\"},\"query-input\":{\"@type\":\"PropertyValueSpecification\",\"valueRequired\":true,\"valueName\":\"search_term_string\"}}],\"inLanguage\":\"en-US\"}]}<\/script>\n<!-- \/ Yoast SEO plugin. -->","yoast_head_json":{"title":"kurtka denimowa Ivy - By The Moon EN","robots":{"index":"index","follow":"follow","max-snippet":"max-snippet:-1","max-image-preview":"max-image-preview:large","max-video-preview":"max-video-preview:-1"},"canonical":"https:\/\/bythemoon.eu\/en\/product\/kurtka-denimowa-ivy\/","og_locale":"en_US","og_type":"article","og_title":"kurtka denimowa Ivy - By The Moon EN","og_description":"Kr\u00f3tka kurtka jeansowa o wyrazistym, westernowym charakterze, z mocnymi przeszyciami. Wykonana z ciemnego, lekko elastycznego denimu. Charakterystyczne bufki podkre\u015blaj\u0105 ramiona i nadaj\u0105 kobiecego, mocnego charakteru. Kszta\u0142t karczka nawi\u0105zuje do estetyki Dzikiego Zachodu, nadaj\u0105c ca\u0142o\u015bci super modnego wygl\u0105du. Zapi\u0119cie na guziki oraz przednie kieszenie podkre\u015blaj\u0105 klasyczny styl, a regulowany d\u00f3\u0142 pozwala na delikatne dopasowanie kurtki. Kurtka [...]","og_url":"https:\/\/bythemoon.eu\/en\/product\/kurtka-denimowa-ivy\/","og_site_name":"By The Moon EN","article_modified_time":"2025-11-14T13:17:15+00:00","og_image":[{"width":1000,"height":1400,"url":"https:\/\/bythemoon.eu\/en\/wp-content\/uploads\/2025\/06\/kurtka_ivy_mini1.jpg","type":"image\/jpeg"}],"schema":{"@context":"https:\/\/schema.org","@graph":[{"@type":"WebPage","@id":"https:\/\/bythemoon.eu\/en\/product\/kurtka-denimowa-ivy\/","url":"https:\/\/bythemoon.eu\/en\/product\/kurtka-denimowa-ivy\/","name":"kurtka denimowa Ivy - By The Moon EN","isPartOf":{"@id":"https:\/\/bythemoon.eu\/en\/#website"},"primaryImageOfPage":{"@id":"https:\/\/bythemoon.eu\/en\/product\/kurtka-denimowa-ivy\/#primaryimage"},"image":{"@id":"https:\/\/bythemoon.eu\/en\/product\/kurtka-denimowa-ivy\/#primaryimage"},"thumbnailUrl":"https:\/\/bythemoon.eu\/en\/wp-content\/uploads\/2025\/06\/kurtka_ivy_mini1.jpg","datePublished":"2025-06-25T13:12:34+00:00","dateModified":"2025-11-14T13:17:15+00:00","breadcrumb":{"@id":"https:\/\/bythemoon.eu\/en\/product\/kurtka-denimowa-ivy\/#breadcrumb"},"inLanguage":"en-US","potentialAction":[{"@type":"ReadAction","target":["https:\/\/bythemoon.eu\/en\/product\/kurtka-denimowa-ivy\/"]}]},{"@type":"ImageObject","inLanguage":"en-US","@id":"https:\/\/bythemoon.eu\/en\/product\/kurtka-denimowa-ivy\/#primaryimage","url":"https:\/\/bythemoon.eu\/en\/wp-content\/uploads\/2025\/06\/kurtka_ivy_mini1.jpg","contentUrl":"https:\/\/bythemoon.eu\/en\/wp-content\/uploads\/2025\/06\/kurtka_ivy_mini1.jpg","width":1000,"height":1400,"caption":"damska kurtka denimowa, z denimu, jeansowa, ciemny jeans, denim, klasyczna, z bufkami, polska marka"},{"@type":"BreadcrumbList","@id":"https:\/\/bythemoon.eu\/en\/product\/kurtka-denimowa-ivy\/#breadcrumb","itemListElement":[{"@type":"ListItem","position":1,"name":"Strona g\u0142\u00f3wna","item":"https:\/\/bythemoon.eu\/en\/"},{"@type":"ListItem","position":2,"name":"Shop","item":"https:\/\/bythemoon.eu\/en\/shop\/"},{"@type":"ListItem","position":3,"name":"kurtka denimowa Ivy"}]},{"@type":"WebSite","@id":"https:\/\/bythemoon.eu\/en\/#website","url":"https:\/\/bythemoon.eu\/en\/","name":"By The Moon EN","description":"","potentialAction":[{"@type":"SearchAction","target":{"@type":"EntryPoint","urlTemplate":"https:\/\/bythemoon.eu\/en\/?s={search_term_string}"},"query-input":{"@type":"PropertyValueSpecification","valueRequired":true,"valueName":"search_term_string"}}],"inLanguage":"en-US"}]}},"_links":{"self":[{"href":"https:\/\/bythemoon.eu\/en\/wp-json\/wp\/v2\/product\/6158","targetHints":{"allow":["GET"]}}],"collection":[{"href":"https:\/\/bythemoon.eu\/en\/wp-json\/wp\/v2\/product"}],"about":[{"href":"https:\/\/bythemoon.eu\/en\/wp-json\/wp\/v2\/types\/product"}],"wp:featuredmedia":[{"embeddable":true,"href":"https:\/\/bythemoon.eu\/en\/wp-json\/wp\/v2\/media\/6159"}],"wp:attachment":[{"href":"https:\/\/bythemoon.eu\/en\/wp-json\/wp\/v2\/media?parent=6158"}],"wp:term":[{"taxonomy":"product_brand","embeddable":true,"href":"https:\/\/bythemoon.eu\/en\/wp-json\/wp\/v2\/product_brand?post=6158"},{"taxonomy":"product_cat","embeddable":true,"href":"https:\/\/bythemoon.eu\/en\/wp-json\/wp\/v2\/product_cat?post=6158"},{"taxonomy":"product_tag","embeddable":true,"href":"https:\/\/bythemoon.eu\/en\/wp-json\/wp\/v2\/product_tag?post=6158"}],"curies":[{"name":"wp","href":"https:\/\/api.w.org\/{rel}","templated":true}]}}