{"id":6109,"date":"2025-06-25T15:12:24","date_gmt":"2025-06-25T13:12:24","guid":{"rendered":"https:\/\/bythemoon.eu\/en\/produkt\/bluza-z-kapturem-red-relax-resort\/"},"modified":"2025-11-14T14:17:16","modified_gmt":"2025-11-14T13:17:16","slug":"bluza-z-kapturem-red-relax-resort","status":"publish","type":"product","link":"https:\/\/bythemoon.eu\/en\/product\/bluza-z-kapturem-red-relax-resort\/","title":{"rendered":"bluza z kapturem red Relax resort"},"content":{"rendered":"<p>Super ciep\u0142a, wygodna bluza damska z obszernym kapturem i kieszeni\u0105 na przodzie. Model tzw. &#8220;kangurka&#8221;. Z wyhaftowanym metod\u0105 chenille napisem <em>Relax resort<\/em>. Bluza jest lekko oversize&#8217;owa, z opuszczonymi r\u0119kawami, o d\u0142ugo\u015bci za pup\u0119. Uszyta z grubej, ale niezwykle mi\u0119kkiej w dotyku dzianiny drapanej, z meszkiem wewn\u0105trz. W spokojnym odcieniu b\u0142\u0119kitu, otulaj\u0105ca i relaksuj\u0105ca. Dost\u0119pna jest w dw\u00f3ch wersjach &#8211; z czerwonym i b\u0142\u0119kitnym haftem (sprawd\u017a te\u017c bluz\u0119 blue <em>Relax resort<\/em>).<\/p>\n<p>&nbsp;<\/p>\n<p><strong>Wymiary bluzy:<\/strong><\/p>\n<table style=\"height: 128px\" width=\"513\">\n<tbody>\n<tr>\n<td width=\"89\"><\/td>\n<td style=\"text-align: center\" width=\"64\"><strong>XS<\/strong><\/td>\n<td style=\"text-align: center\" width=\"64\"><strong>S<\/strong><\/td>\n<td style=\"text-align: center\" width=\"64\"><strong>M<\/strong><\/td>\n<td style=\"text-align: center\" width=\"64\"><strong>L<\/strong><\/td>\n<\/tr>\n<tr>\n<td>szer. w biu\u015bcie<\/td>\n<td style=\"text-align: center\">56<\/td>\n<td style=\"text-align: center\">58<\/td>\n<td style=\"text-align: center\">60<\/td>\n<td style=\"text-align: center\">62<\/td>\n<\/tr>\n<tr>\n<td style=\"text-align: left\">d\u0142ugo\u015b\u0107<\/td>\n<td style=\"text-align: center\">65<\/td>\n<td style=\"text-align: center\">67<\/td>\n<td style=\"text-align: center\">69<\/td>\n<td style=\"text-align: center\">71<\/td>\n<\/tr>\n<\/tbody>\n<\/table>\n<p>&nbsp;<\/p>\n","protected":false},"excerpt":{"rendered":"<p>Super ciep\u0142a, wygodna bluza damska z obszernym kapturem i kieszeni\u0105 na przodzie. Model tzw. &#8220;kangurka&#8221;. Z wyhaftowanym metod\u0105 chenille napisem Relax resort. Bluza jest lekko oversize&#8217;owa, z opuszczonymi r\u0119kawami, o d\u0142ugo\u015bci za pup\u0119. Uszyta z grubej, ale niezwykle mi\u0119kkiej w dotyku dzianiny drapanej, z meszkiem wewn\u0105trz. W spokojnym odcieniu b\u0142\u0119kitu, otulaj\u0105ca i relaksuj\u0105ca. Dost\u0119pna jest [&#8230;]\n","protected":false},"featured_media":6110,"template":"","meta":[],"product_brand":[],"product_cat":[21,55,52],"product_tag":[],"class_list":{"0":"post-6109","1":"product","2":"type-product","3":"status-publish","4":"has-post-thumbnail","6":"product_cat-btm-en","7":"product_cat-sale","8":"product_cat-sweatshirts","10":"first","11":"outofstock","12":"sale","13":"taxable","14":"shipping-taxable","15":"purchasable","16":"product-type-variable"},"yoast_head":"<!-- This site is optimized with the Yoast SEO plugin v27.0 - https:\/\/yoast.com\/product\/yoast-seo-wordpress\/ -->\n<title>bluza z kapturem red Relax resort - By The Moon EN<\/title>\n<meta name=\"robots\" content=\"index, follow, max-snippet:-1, max-image-preview:large, max-video-preview:-1\" \/>\n<link rel=\"canonical\" href=\"https:\/\/bythemoon.eu\/en\/product\/bluza-z-kapturem-red-relax-resort\/\" \/>\n<meta property=\"og:locale\" content=\"en_US\" \/>\n<meta property=\"og:type\" content=\"article\" \/>\n<meta property=\"og:title\" content=\"bluza z kapturem red Relax resort - By The Moon EN\" \/>\n<meta property=\"og:description\" content=\"Super ciep\u0142a, wygodna bluza damska z obszernym kapturem i kieszeni\u0105 na przodzie. Model tzw. &#8220;kangurka&#8221;. Z wyhaftowanym metod\u0105 chenille napisem Relax resort. Bluza jest lekko oversize&#8217;owa, z opuszczonymi r\u0119kawami, o d\u0142ugo\u015bci za pup\u0119. Uszyta z grubej, ale niezwykle mi\u0119kkiej w dotyku dzianiny drapanej, z meszkiem wewn\u0105trz. W spokojnym odcieniu b\u0142\u0119kitu, otulaj\u0105ca i relaksuj\u0105ca. Dost\u0119pna jest [...]\" \/>\n<meta property=\"og:url\" content=\"https:\/\/bythemoon.eu\/en\/product\/bluza-z-kapturem-red-relax-resort\/\" \/>\n<meta property=\"og:site_name\" content=\"By The Moon EN\" \/>\n<meta property=\"article:modified_time\" content=\"2025-11-14T13:17:16+00:00\" \/>\n<meta property=\"og:image\" content=\"https:\/\/bythemoon.eu\/en\/wp-content\/uploads\/2025\/06\/bluza_relaxresort_red2.jpg\" \/>\n\t<meta property=\"og:image:width\" content=\"1000\" \/>\n\t<meta property=\"og:image:height\" content=\"1400\" \/>\n\t<meta property=\"og:image:type\" content=\"image\/jpeg\" \/>\n<script type=\"application\/ld+json\" class=\"yoast-schema-graph\">{\"@context\":\"https:\/\/schema.org\",\"@graph\":[{\"@type\":\"WebPage\",\"@id\":\"https:\/\/bythemoon.eu\/en\/product\/bluza-z-kapturem-red-relax-resort\/\",\"url\":\"https:\/\/bythemoon.eu\/en\/product\/bluza-z-kapturem-red-relax-resort\/\",\"name\":\"bluza z kapturem red Relax resort - By The Moon EN\",\"isPartOf\":{\"@id\":\"https:\/\/bythemoon.eu\/en\/#website\"},\"primaryImageOfPage\":{\"@id\":\"https:\/\/bythemoon.eu\/en\/product\/bluza-z-kapturem-red-relax-resort\/#primaryimage\"},\"image\":{\"@id\":\"https:\/\/bythemoon.eu\/en\/product\/bluza-z-kapturem-red-relax-resort\/#primaryimage\"},\"thumbnailUrl\":\"https:\/\/bythemoon.eu\/en\/wp-content\/uploads\/2025\/06\/bluza_relaxresort_red2.jpg\",\"datePublished\":\"2025-06-25T13:12:24+00:00\",\"dateModified\":\"2025-11-14T13:17:16+00:00\",\"breadcrumb\":{\"@id\":\"https:\/\/bythemoon.eu\/en\/product\/bluza-z-kapturem-red-relax-resort\/#breadcrumb\"},\"inLanguage\":\"en-US\",\"potentialAction\":[{\"@type\":\"ReadAction\",\"target\":[\"https:\/\/bythemoon.eu\/en\/product\/bluza-z-kapturem-red-relax-resort\/\"]}]},{\"@type\":\"ImageObject\",\"inLanguage\":\"en-US\",\"@id\":\"https:\/\/bythemoon.eu\/en\/product\/bluza-z-kapturem-red-relax-resort\/#primaryimage\",\"url\":\"https:\/\/bythemoon.eu\/en\/wp-content\/uploads\/2025\/06\/bluza_relaxresort_red2.jpg\",\"contentUrl\":\"https:\/\/bythemoon.eu\/en\/wp-content\/uploads\/2025\/06\/bluza_relaxresort_red2.jpg\",\"width\":1000,\"height\":1400,\"caption\":\"bluza z kapturem, za pupe, damska, b\u0142ekitna, relax resort, polska marka\"},{\"@type\":\"BreadcrumbList\",\"@id\":\"https:\/\/bythemoon.eu\/en\/product\/bluza-z-kapturem-red-relax-resort\/#breadcrumb\",\"itemListElement\":[{\"@type\":\"ListItem\",\"position\":1,\"name\":\"Strona g\u0142\u00f3wna\",\"item\":\"https:\/\/bythemoon.eu\/en\/\"},{\"@type\":\"ListItem\",\"position\":2,\"name\":\"Shop\",\"item\":\"https:\/\/bythemoon.eu\/en\/shop\/\"},{\"@type\":\"ListItem\",\"position\":3,\"name\":\"bluza z kapturem red Relax resort\"}]},{\"@type\":\"WebSite\",\"@id\":\"https:\/\/bythemoon.eu\/en\/#website\",\"url\":\"https:\/\/bythemoon.eu\/en\/\",\"name\":\"By The Moon EN\",\"description\":\"\",\"potentialAction\":[{\"@type\":\"SearchAction\",\"target\":{\"@type\":\"EntryPoint\",\"urlTemplate\":\"https:\/\/bythemoon.eu\/en\/?s={search_term_string}\"},\"query-input\":{\"@type\":\"PropertyValueSpecification\",\"valueRequired\":true,\"valueName\":\"search_term_string\"}}],\"inLanguage\":\"en-US\"}]}<\/script>\n<!-- \/ Yoast SEO plugin. -->","yoast_head_json":{"title":"bluza z kapturem red Relax resort - By The Moon EN","robots":{"index":"index","follow":"follow","max-snippet":"max-snippet:-1","max-image-preview":"max-image-preview:large","max-video-preview":"max-video-preview:-1"},"canonical":"https:\/\/bythemoon.eu\/en\/product\/bluza-z-kapturem-red-relax-resort\/","og_locale":"en_US","og_type":"article","og_title":"bluza z kapturem red Relax resort - By The Moon EN","og_description":"Super ciep\u0142a, wygodna bluza damska z obszernym kapturem i kieszeni\u0105 na przodzie. Model tzw. &#8220;kangurka&#8221;. Z wyhaftowanym metod\u0105 chenille napisem Relax resort. Bluza jest lekko oversize&#8217;owa, z opuszczonymi r\u0119kawami, o d\u0142ugo\u015bci za pup\u0119. Uszyta z grubej, ale niezwykle mi\u0119kkiej w dotyku dzianiny drapanej, z meszkiem wewn\u0105trz. W spokojnym odcieniu b\u0142\u0119kitu, otulaj\u0105ca i relaksuj\u0105ca. Dost\u0119pna jest [...]","og_url":"https:\/\/bythemoon.eu\/en\/product\/bluza-z-kapturem-red-relax-resort\/","og_site_name":"By The Moon EN","article_modified_time":"2025-11-14T13:17:16+00:00","og_image":[{"width":1000,"height":1400,"url":"https:\/\/bythemoon.eu\/en\/wp-content\/uploads\/2025\/06\/bluza_relaxresort_red2.jpg","type":"image\/jpeg"}],"schema":{"@context":"https:\/\/schema.org","@graph":[{"@type":"WebPage","@id":"https:\/\/bythemoon.eu\/en\/product\/bluza-z-kapturem-red-relax-resort\/","url":"https:\/\/bythemoon.eu\/en\/product\/bluza-z-kapturem-red-relax-resort\/","name":"bluza z kapturem red Relax resort - By The Moon EN","isPartOf":{"@id":"https:\/\/bythemoon.eu\/en\/#website"},"primaryImageOfPage":{"@id":"https:\/\/bythemoon.eu\/en\/product\/bluza-z-kapturem-red-relax-resort\/#primaryimage"},"image":{"@id":"https:\/\/bythemoon.eu\/en\/product\/bluza-z-kapturem-red-relax-resort\/#primaryimage"},"thumbnailUrl":"https:\/\/bythemoon.eu\/en\/wp-content\/uploads\/2025\/06\/bluza_relaxresort_red2.jpg","datePublished":"2025-06-25T13:12:24+00:00","dateModified":"2025-11-14T13:17:16+00:00","breadcrumb":{"@id":"https:\/\/bythemoon.eu\/en\/product\/bluza-z-kapturem-red-relax-resort\/#breadcrumb"},"inLanguage":"en-US","potentialAction":[{"@type":"ReadAction","target":["https:\/\/bythemoon.eu\/en\/product\/bluza-z-kapturem-red-relax-resort\/"]}]},{"@type":"ImageObject","inLanguage":"en-US","@id":"https:\/\/bythemoon.eu\/en\/product\/bluza-z-kapturem-red-relax-resort\/#primaryimage","url":"https:\/\/bythemoon.eu\/en\/wp-content\/uploads\/2025\/06\/bluza_relaxresort_red2.jpg","contentUrl":"https:\/\/bythemoon.eu\/en\/wp-content\/uploads\/2025\/06\/bluza_relaxresort_red2.jpg","width":1000,"height":1400,"caption":"bluza z kapturem, za pupe, damska, b\u0142ekitna, relax resort, polska marka"},{"@type":"BreadcrumbList","@id":"https:\/\/bythemoon.eu\/en\/product\/bluza-z-kapturem-red-relax-resort\/#breadcrumb","itemListElement":[{"@type":"ListItem","position":1,"name":"Strona g\u0142\u00f3wna","item":"https:\/\/bythemoon.eu\/en\/"},{"@type":"ListItem","position":2,"name":"Shop","item":"https:\/\/bythemoon.eu\/en\/shop\/"},{"@type":"ListItem","position":3,"name":"bluza z kapturem red Relax resort"}]},{"@type":"WebSite","@id":"https:\/\/bythemoon.eu\/en\/#website","url":"https:\/\/bythemoon.eu\/en\/","name":"By The Moon EN","description":"","potentialAction":[{"@type":"SearchAction","target":{"@type":"EntryPoint","urlTemplate":"https:\/\/bythemoon.eu\/en\/?s={search_term_string}"},"query-input":{"@type":"PropertyValueSpecification","valueRequired":true,"valueName":"search_term_string"}}],"inLanguage":"en-US"}]}},"_links":{"self":[{"href":"https:\/\/bythemoon.eu\/en\/wp-json\/wp\/v2\/product\/6109","targetHints":{"allow":["GET"]}}],"collection":[{"href":"https:\/\/bythemoon.eu\/en\/wp-json\/wp\/v2\/product"}],"about":[{"href":"https:\/\/bythemoon.eu\/en\/wp-json\/wp\/v2\/types\/product"}],"wp:featuredmedia":[{"embeddable":true,"href":"https:\/\/bythemoon.eu\/en\/wp-json\/wp\/v2\/media\/6110"}],"wp:attachment":[{"href":"https:\/\/bythemoon.eu\/en\/wp-json\/wp\/v2\/media?parent=6109"}],"wp:term":[{"taxonomy":"product_brand","embeddable":true,"href":"https:\/\/bythemoon.eu\/en\/wp-json\/wp\/v2\/product_brand?post=6109"},{"taxonomy":"product_cat","embeddable":true,"href":"https:\/\/bythemoon.eu\/en\/wp-json\/wp\/v2\/product_cat?post=6109"},{"taxonomy":"product_tag","embeddable":true,"href":"https:\/\/bythemoon.eu\/en\/wp-json\/wp\/v2\/product_tag?post=6109"}],"curies":[{"name":"wp","href":"https:\/\/api.w.org\/{rel}","templated":true}]}}