{"id":6089,"date":"2025-06-25T15:12:15","date_gmt":"2025-06-25T13:12:15","guid":{"rendered":"https:\/\/bythemoon.eu\/en\/produkt\/sukienka-leopard\/"},"modified":"2025-11-14T14:17:18","modified_gmt":"2025-11-14T13:17:18","slug":"sukienka-leopard","status":"publish","type":"product","link":"https:\/\/bythemoon.eu\/en\/product\/sukienka-leopard\/","title":{"rendered":"sukienka Leopard"},"content":{"rendered":"<p>Pi\u0119kna, zwiewna damska sukienka Leopard, uszyta z tkaniny wiskozowej z panterkowym printem &#8211; hitem sezonu. Sukienka z du\u017cym dekoltem, kt\u00f3ry mo\u017cna zamkn\u0105\u0107 szalem, wi\u0105\u017c\u0105c j\u0105 w dowolny spos\u00f3b. Od pi\u0119knej wysokiej kokardy po nonszalancki \u201ekrawat\u201d. Odci\u0119cie w talii, delikatnie \u015bci\u0105gni\u0119te gumk\u0105, pi\u0119knie podkre\u015bla sylwetk\u0119. Niewielkie bufki na r\u0119kawach podkre\u015blaj\u0105 ramiona. Szeroki r\u0119kaw o d\u0142ugo\u015bci do \u0142okci, nadaje swobodnego looku. D\u00f3\u0142 sukienki uszyty jest z p\u00f3\u0142kola, dzi\u0119ki czemu jest niezwykle lekki i zwiewny. No\u015b j\u0105 do obcas\u00f3w, kowbojek czy balerinek. Na wierzch zarzu\u0107 nasz\u0105 czarn\u0105 marynark\u0119 Colette noir.<\/p>\n<p><strong>Wymiary sukienki:<\/strong><\/p>\n<table style=\"height: 197px\" width=\"614\">\n<tbody>\n<tr>\n<td style=\"text-align: center\" width=\"165\"><\/td>\n<td style=\"text-align: center\" width=\"64\"><strong>XS<\/strong><\/td>\n<td style=\"text-align: center\" width=\"64\"><strong>S<\/strong><\/td>\n<td style=\"text-align: center\" width=\"64\"><strong>M<\/strong><\/td>\n<td style=\"text-align: center\" width=\"64\"><strong>L<\/strong><\/td>\n<\/tr>\n<tr>\n<td>szer. w biu\u015bcie<\/td>\n<td style=\"text-align: center\">45<\/td>\n<td style=\"text-align: center\">47<\/td>\n<td style=\"text-align: center\">49<\/td>\n<td style=\"text-align: center\">51<\/td>\n<\/tr>\n<tr>\n<td>szer. w talii (gumka w pasie)<\/td>\n<td style=\"text-align: center\">40<\/td>\n<td style=\"text-align: center\">41<\/td>\n<td style=\"text-align: center\">42<\/td>\n<td style=\"text-align: center\">43<\/td>\n<\/tr>\n<tr>\n<td style=\"text-align: left\">szer. w biodrach<\/td>\n<td style=\"text-align: center\">59<\/td>\n<td style=\"text-align: center\">62<\/td>\n<td style=\"text-align: center\">65<\/td>\n<td style=\"text-align: center\">68<\/td>\n<\/tr>\n<tr>\n<td style=\"text-align: left\">d\u0142ugo\u015b\u0107<\/td>\n<td style=\"text-align: center\">123<\/td>\n<td style=\"text-align: center\">124<\/td>\n<td style=\"text-align: center\">125<\/td>\n<td style=\"text-align: center\">126<\/td>\n<\/tr>\n<\/tbody>\n<\/table>\n<p>&nbsp;<\/p>\n","protected":false},"excerpt":{"rendered":"<p>Pi\u0119kna, zwiewna damska sukienka Leopard, uszyta z tkaniny wiskozowej z panterkowym printem &#8211; hitem sezonu. Sukienka z du\u017cym dekoltem, kt\u00f3ry mo\u017cna zamkn\u0105\u0107 szalem, wi\u0105\u017c\u0105c j\u0105 w dowolny spos\u00f3b. Od pi\u0119knej wysokiej kokardy po nonszalancki \u201ekrawat\u201d. Odci\u0119cie w talii, delikatnie \u015bci\u0105gni\u0119te gumk\u0105, pi\u0119knie podkre\u015bla sylwetk\u0119. Niewielkie bufki na r\u0119kawach podkre\u015blaj\u0105 ramiona. Szeroki r\u0119kaw o d\u0142ugo\u015bci do [&#8230;]\n","protected":false},"featured_media":6080,"template":"","meta":[],"product_brand":[],"product_cat":[21,28],"product_tag":[],"class_list":{"0":"post-6089","1":"product","2":"type-product","3":"status-publish","4":"has-post-thumbnail","6":"product_cat-btm-en","7":"product_cat-dresses","9":"first","10":"instock","11":"sale","12":"taxable","13":"shipping-taxable","14":"purchasable","15":"product-type-variable"},"yoast_head":"<!-- This site is optimized with the Yoast SEO plugin v27.0 - https:\/\/yoast.com\/product\/yoast-seo-wordpress\/ -->\n<title>sukienka Leopard - By The Moon EN<\/title>\n<meta name=\"robots\" content=\"index, follow, max-snippet:-1, max-image-preview:large, max-video-preview:-1\" \/>\n<link rel=\"canonical\" href=\"https:\/\/bythemoon.eu\/en\/product\/sukienka-leopard\/\" \/>\n<meta property=\"og:locale\" content=\"en_US\" \/>\n<meta property=\"og:type\" content=\"article\" \/>\n<meta property=\"og:title\" content=\"sukienka Leopard - By The Moon EN\" \/>\n<meta property=\"og:description\" content=\"Pi\u0119kna, zwiewna damska sukienka Leopard, uszyta z tkaniny wiskozowej z panterkowym printem &#8211; hitem sezonu. Sukienka z du\u017cym dekoltem, kt\u00f3ry mo\u017cna zamkn\u0105\u0107 szalem, wi\u0105\u017c\u0105c j\u0105 w dowolny spos\u00f3b. Od pi\u0119knej wysokiej kokardy po nonszalancki \u201ekrawat\u201d. Odci\u0119cie w talii, delikatnie \u015bci\u0105gni\u0119te gumk\u0105, pi\u0119knie podkre\u015bla sylwetk\u0119. Niewielkie bufki na r\u0119kawach podkre\u015blaj\u0105 ramiona. Szeroki r\u0119kaw o d\u0142ugo\u015bci do [...]\" \/>\n<meta property=\"og:url\" content=\"https:\/\/bythemoon.eu\/en\/product\/sukienka-leopard\/\" \/>\n<meta property=\"og:site_name\" content=\"By The Moon EN\" \/>\n<meta property=\"article:modified_time\" content=\"2025-11-14T13:17:18+00:00\" \/>\n<meta property=\"og:image\" content=\"https:\/\/bythemoon.eu\/en\/wp-content\/uploads\/2025\/06\/sukienka_leopard_2.jpg\" \/>\n\t<meta property=\"og:image:width\" content=\"1000\" \/>\n\t<meta property=\"og:image:height\" content=\"1400\" \/>\n\t<meta property=\"og:image:type\" content=\"image\/jpeg\" \/>\n<script type=\"application\/ld+json\" class=\"yoast-schema-graph\">{\"@context\":\"https:\/\/schema.org\",\"@graph\":[{\"@type\":\"WebPage\",\"@id\":\"https:\/\/bythemoon.eu\/en\/product\/sukienka-leopard\/\",\"url\":\"https:\/\/bythemoon.eu\/en\/product\/sukienka-leopard\/\",\"name\":\"sukienka Leopard - By The Moon EN\",\"isPartOf\":{\"@id\":\"https:\/\/bythemoon.eu\/en\/#website\"},\"primaryImageOfPage\":{\"@id\":\"https:\/\/bythemoon.eu\/en\/product\/sukienka-leopard\/#primaryimage\"},\"image\":{\"@id\":\"https:\/\/bythemoon.eu\/en\/product\/sukienka-leopard\/#primaryimage\"},\"thumbnailUrl\":\"https:\/\/bythemoon.eu\/en\/wp-content\/uploads\/2025\/06\/sukienka_leopard_2.jpg\",\"datePublished\":\"2025-06-25T13:12:15+00:00\",\"dateModified\":\"2025-11-14T13:17:18+00:00\",\"breadcrumb\":{\"@id\":\"https:\/\/bythemoon.eu\/en\/product\/sukienka-leopard\/#breadcrumb\"},\"inLanguage\":\"en-US\",\"potentialAction\":[{\"@type\":\"ReadAction\",\"target\":[\"https:\/\/bythemoon.eu\/en\/product\/sukienka-leopard\/\"]}]},{\"@type\":\"ImageObject\",\"inLanguage\":\"en-US\",\"@id\":\"https:\/\/bythemoon.eu\/en\/product\/sukienka-leopard\/#primaryimage\",\"url\":\"https:\/\/bythemoon.eu\/en\/wp-content\/uploads\/2025\/06\/sukienka_leopard_2.jpg\",\"contentUrl\":\"https:\/\/bythemoon.eu\/en\/wp-content\/uploads\/2025\/06\/sukienka_leopard_2.jpg\",\"width\":1000,\"height\":1400,\"caption\":\"zwiewna, elegancka, z szalem, kokard\u0105, w panterk\u0119, leopard, leo, polska marka, z wiskozy\"},{\"@type\":\"BreadcrumbList\",\"@id\":\"https:\/\/bythemoon.eu\/en\/product\/sukienka-leopard\/#breadcrumb\",\"itemListElement\":[{\"@type\":\"ListItem\",\"position\":1,\"name\":\"Strona g\u0142\u00f3wna\",\"item\":\"https:\/\/bythemoon.eu\/en\/\"},{\"@type\":\"ListItem\",\"position\":2,\"name\":\"Shop\",\"item\":\"https:\/\/bythemoon.eu\/en\/shop\/\"},{\"@type\":\"ListItem\",\"position\":3,\"name\":\"sukienka Leopard\"}]},{\"@type\":\"WebSite\",\"@id\":\"https:\/\/bythemoon.eu\/en\/#website\",\"url\":\"https:\/\/bythemoon.eu\/en\/\",\"name\":\"By The Moon EN\",\"description\":\"\",\"potentialAction\":[{\"@type\":\"SearchAction\",\"target\":{\"@type\":\"EntryPoint\",\"urlTemplate\":\"https:\/\/bythemoon.eu\/en\/?s={search_term_string}\"},\"query-input\":{\"@type\":\"PropertyValueSpecification\",\"valueRequired\":true,\"valueName\":\"search_term_string\"}}],\"inLanguage\":\"en-US\"}]}<\/script>\n<!-- \/ Yoast SEO plugin. -->","yoast_head_json":{"title":"sukienka Leopard - By The Moon EN","robots":{"index":"index","follow":"follow","max-snippet":"max-snippet:-1","max-image-preview":"max-image-preview:large","max-video-preview":"max-video-preview:-1"},"canonical":"https:\/\/bythemoon.eu\/en\/product\/sukienka-leopard\/","og_locale":"en_US","og_type":"article","og_title":"sukienka Leopard - By The Moon EN","og_description":"Pi\u0119kna, zwiewna damska sukienka Leopard, uszyta z tkaniny wiskozowej z panterkowym printem &#8211; hitem sezonu. Sukienka z du\u017cym dekoltem, kt\u00f3ry mo\u017cna zamkn\u0105\u0107 szalem, wi\u0105\u017c\u0105c j\u0105 w dowolny spos\u00f3b. Od pi\u0119knej wysokiej kokardy po nonszalancki \u201ekrawat\u201d. Odci\u0119cie w talii, delikatnie \u015bci\u0105gni\u0119te gumk\u0105, pi\u0119knie podkre\u015bla sylwetk\u0119. Niewielkie bufki na r\u0119kawach podkre\u015blaj\u0105 ramiona. Szeroki r\u0119kaw o d\u0142ugo\u015bci do [...]","og_url":"https:\/\/bythemoon.eu\/en\/product\/sukienka-leopard\/","og_site_name":"By The Moon EN","article_modified_time":"2025-11-14T13:17:18+00:00","og_image":[{"width":1000,"height":1400,"url":"https:\/\/bythemoon.eu\/en\/wp-content\/uploads\/2025\/06\/sukienka_leopard_2.jpg","type":"image\/jpeg"}],"schema":{"@context":"https:\/\/schema.org","@graph":[{"@type":"WebPage","@id":"https:\/\/bythemoon.eu\/en\/product\/sukienka-leopard\/","url":"https:\/\/bythemoon.eu\/en\/product\/sukienka-leopard\/","name":"sukienka Leopard - By The Moon EN","isPartOf":{"@id":"https:\/\/bythemoon.eu\/en\/#website"},"primaryImageOfPage":{"@id":"https:\/\/bythemoon.eu\/en\/product\/sukienka-leopard\/#primaryimage"},"image":{"@id":"https:\/\/bythemoon.eu\/en\/product\/sukienka-leopard\/#primaryimage"},"thumbnailUrl":"https:\/\/bythemoon.eu\/en\/wp-content\/uploads\/2025\/06\/sukienka_leopard_2.jpg","datePublished":"2025-06-25T13:12:15+00:00","dateModified":"2025-11-14T13:17:18+00:00","breadcrumb":{"@id":"https:\/\/bythemoon.eu\/en\/product\/sukienka-leopard\/#breadcrumb"},"inLanguage":"en-US","potentialAction":[{"@type":"ReadAction","target":["https:\/\/bythemoon.eu\/en\/product\/sukienka-leopard\/"]}]},{"@type":"ImageObject","inLanguage":"en-US","@id":"https:\/\/bythemoon.eu\/en\/product\/sukienka-leopard\/#primaryimage","url":"https:\/\/bythemoon.eu\/en\/wp-content\/uploads\/2025\/06\/sukienka_leopard_2.jpg","contentUrl":"https:\/\/bythemoon.eu\/en\/wp-content\/uploads\/2025\/06\/sukienka_leopard_2.jpg","width":1000,"height":1400,"caption":"zwiewna, elegancka, z szalem, kokard\u0105, w panterk\u0119, leopard, leo, polska marka, z wiskozy"},{"@type":"BreadcrumbList","@id":"https:\/\/bythemoon.eu\/en\/product\/sukienka-leopard\/#breadcrumb","itemListElement":[{"@type":"ListItem","position":1,"name":"Strona g\u0142\u00f3wna","item":"https:\/\/bythemoon.eu\/en\/"},{"@type":"ListItem","position":2,"name":"Shop","item":"https:\/\/bythemoon.eu\/en\/shop\/"},{"@type":"ListItem","position":3,"name":"sukienka Leopard"}]},{"@type":"WebSite","@id":"https:\/\/bythemoon.eu\/en\/#website","url":"https:\/\/bythemoon.eu\/en\/","name":"By The Moon EN","description":"","potentialAction":[{"@type":"SearchAction","target":{"@type":"EntryPoint","urlTemplate":"https:\/\/bythemoon.eu\/en\/?s={search_term_string}"},"query-input":{"@type":"PropertyValueSpecification","valueRequired":true,"valueName":"search_term_string"}}],"inLanguage":"en-US"}]}},"_links":{"self":[{"href":"https:\/\/bythemoon.eu\/en\/wp-json\/wp\/v2\/product\/6089","targetHints":{"allow":["GET"]}}],"collection":[{"href":"https:\/\/bythemoon.eu\/en\/wp-json\/wp\/v2\/product"}],"about":[{"href":"https:\/\/bythemoon.eu\/en\/wp-json\/wp\/v2\/types\/product"}],"wp:featuredmedia":[{"embeddable":true,"href":"https:\/\/bythemoon.eu\/en\/wp-json\/wp\/v2\/media\/6080"}],"wp:attachment":[{"href":"https:\/\/bythemoon.eu\/en\/wp-json\/wp\/v2\/media?parent=6089"}],"wp:term":[{"taxonomy":"product_brand","embeddable":true,"href":"https:\/\/bythemoon.eu\/en\/wp-json\/wp\/v2\/product_brand?post=6089"},{"taxonomy":"product_cat","embeddable":true,"href":"https:\/\/bythemoon.eu\/en\/wp-json\/wp\/v2\/product_cat?post=6089"},{"taxonomy":"product_tag","embeddable":true,"href":"https:\/\/bythemoon.eu\/en\/wp-json\/wp\/v2\/product_tag?post=6089"}],"curies":[{"name":"wp","href":"https:\/\/api.w.org\/{rel}","templated":true}]}}