{"id":6070,"date":"2025-06-25T15:12:15","date_gmt":"2025-06-25T13:12:15","guid":{"rendered":"https:\/\/bythemoon.eu\/en\/produkt\/spodnie-denimowe-ivy\/"},"modified":"2025-11-14T14:17:18","modified_gmt":"2025-11-14T13:17:18","slug":"spodnie-denimowe-ivy","status":"publish","type":"product","link":"https:\/\/bythemoon.eu\/en\/product\/spodnie-denimowe-ivy\/","title":{"rendered":"spodnie denimowe Ivy"},"content":{"rendered":"<p>Bardzo kobiece spodnie z denimu w kolorze indygo. Wysoki stan, zaszewki z ty\u0142u i rozszerzane nogawki pi\u0119knie podkre\u015blaj\u0105 i wysmuklaj\u0105 sylwetk\u0119. Szeroko\u015b\u0107 nogawek na dole dodatkowo sprawia, \u017ce spodnie prezentuj\u0105 si\u0119 bardzo zgrabnie, kobieco i nowocze\u015bnie zarazem. Z kolorem denimu kontrastuj\u0105 rude przeszycia nadaj\u0105c spodniom mocnego charakteru. Dodatek elastanu w jeansie sprawia, \u017ce s\u0105 bardzo wygodne, dopasowuj\u0105 si\u0119 do sylwetki. Na przodzie i z ty\u0142u znajduj\u0105 si\u0119 kieszenie, w pasku szlufki. Spodnie zapinane s\u0105 na suwak i nabijany metalowy guzik.<\/p>\n<p>Podczas noszenia spodni zachowaj ostro\u017cno\u015b\u0107, jeans w kolorze indygo mo\u017ce lekko transferowa\u0107 kolor np. na jasn\u0105 bielizn\u0119. Pierz jeansy z podobnymi kolorami, zawsze wywracaj\u0105c je na lew\u0105 stron\u0119.<\/p>\n<p><strong>Wymiary spodni:<\/strong><\/p>\n<table style=\"height: 173px\" width=\"610\">\n<tbody>\n<tr>\n<td width=\"165\"><\/td>\n<td style=\"text-align: center\" width=\"64\"><strong>XS<\/strong><\/td>\n<td style=\"text-align: center\" width=\"64\"><strong>S<\/strong><\/td>\n<td style=\"text-align: center\" width=\"64\"><strong>M<\/strong><\/td>\n<td style=\"text-align: center\" width=\"64\"><strong>L<\/strong><\/td>\n<\/tr>\n<tr>\n<td>szer. w pasie<\/td>\n<td style=\"text-align: center\">36<\/td>\n<td style=\"text-align: center\">38<\/td>\n<td style=\"text-align: center\">40<\/td>\n<td style=\"text-align: center\">42<\/td>\n<\/tr>\n<tr>\n<td style=\"text-align: left\">szer. w biodrach<\/td>\n<td style=\"text-align: center\">44<\/td>\n<td style=\"text-align: center\">46<\/td>\n<td style=\"text-align: center\">48<\/td>\n<td style=\"text-align: center\">50<\/td>\n<\/tr>\n<tr>\n<td style=\"text-align: left\">d\u0142ugo\u015b\u0107 wewn\u0119trzna nogawki<\/td>\n<td style=\"text-align: center\">82<\/td>\n<td style=\"text-align: center\">82<\/td>\n<td style=\"text-align: center\">82<\/td>\n<td style=\"text-align: center\">82<\/td>\n<\/tr>\n<\/tbody>\n<\/table>\n<p>&nbsp;<\/p>\n","protected":false},"excerpt":{"rendered":"<p>Bardzo kobiece spodnie z denimu w kolorze indygo. Wysoki stan, zaszewki z ty\u0142u i rozszerzane nogawki pi\u0119knie podkre\u015blaj\u0105 i wysmuklaj\u0105 sylwetk\u0119. Szeroko\u015b\u0107 nogawek na dole dodatkowo sprawia, \u017ce spodnie prezentuj\u0105 si\u0119 bardzo zgrabnie, kobieco i nowocze\u015bnie zarazem. Z kolorem denimu kontrastuj\u0105 rude przeszycia nadaj\u0105c spodniom mocnego charakteru. Dodatek elastanu w jeansie sprawia, \u017ce s\u0105 bardzo [&#8230;]\n","protected":false},"featured_media":6071,"template":"","meta":[],"product_brand":[],"product_cat":[22,21],"product_tag":[],"class_list":{"0":"post-6070","1":"product","2":"type-product","3":"status-publish","4":"has-post-thumbnail","6":"product_cat-bottoms","7":"product_cat-btm-en","9":"first","10":"instock","11":"taxable","12":"shipping-taxable","13":"purchasable","14":"product-type-variable"},"yoast_head":"<!-- This site is optimized with the Yoast SEO plugin v27.0 - https:\/\/yoast.com\/product\/yoast-seo-wordpress\/ -->\n<title>spodnie denimowe Ivy - By The Moon EN<\/title>\n<meta name=\"robots\" content=\"index, follow, max-snippet:-1, max-image-preview:large, max-video-preview:-1\" \/>\n<link rel=\"canonical\" href=\"https:\/\/bythemoon.eu\/en\/product\/spodnie-denimowe-ivy\/\" \/>\n<meta property=\"og:locale\" content=\"en_US\" \/>\n<meta property=\"og:type\" content=\"article\" \/>\n<meta property=\"og:title\" content=\"spodnie denimowe Ivy - By The Moon EN\" \/>\n<meta property=\"og:description\" content=\"Bardzo kobiece spodnie z denimu w kolorze indygo. Wysoki stan, zaszewki z ty\u0142u i rozszerzane nogawki pi\u0119knie podkre\u015blaj\u0105 i wysmuklaj\u0105 sylwetk\u0119. Szeroko\u015b\u0107 nogawek na dole dodatkowo sprawia, \u017ce spodnie prezentuj\u0105 si\u0119 bardzo zgrabnie, kobieco i nowocze\u015bnie zarazem. Z kolorem denimu kontrastuj\u0105 rude przeszycia nadaj\u0105c spodniom mocnego charakteru. Dodatek elastanu w jeansie sprawia, \u017ce s\u0105 bardzo [...]\" \/>\n<meta property=\"og:url\" content=\"https:\/\/bythemoon.eu\/en\/product\/spodnie-denimowe-ivy\/\" \/>\n<meta property=\"og:site_name\" content=\"By The Moon EN\" \/>\n<meta property=\"article:modified_time\" content=\"2025-11-14T13:17:18+00:00\" \/>\n<meta property=\"og:image\" content=\"https:\/\/bythemoon.eu\/en\/wp-content\/uploads\/2025\/06\/denim_kurtka_spodnie.jpg\" \/>\n\t<meta property=\"og:image:width\" content=\"1000\" \/>\n\t<meta property=\"og:image:height\" content=\"1400\" \/>\n\t<meta property=\"og:image:type\" content=\"image\/jpeg\" \/>\n<script type=\"application\/ld+json\" class=\"yoast-schema-graph\">{\"@context\":\"https:\/\/schema.org\",\"@graph\":[{\"@type\":\"WebPage\",\"@id\":\"https:\/\/bythemoon.eu\/en\/product\/spodnie-denimowe-ivy\/\",\"url\":\"https:\/\/bythemoon.eu\/en\/product\/spodnie-denimowe-ivy\/\",\"name\":\"spodnie denimowe Ivy - By The Moon EN\",\"isPartOf\":{\"@id\":\"https:\/\/bythemoon.eu\/en\/#website\"},\"primaryImageOfPage\":{\"@id\":\"https:\/\/bythemoon.eu\/en\/product\/spodnie-denimowe-ivy\/#primaryimage\"},\"image\":{\"@id\":\"https:\/\/bythemoon.eu\/en\/product\/spodnie-denimowe-ivy\/#primaryimage\"},\"thumbnailUrl\":\"https:\/\/bythemoon.eu\/en\/wp-content\/uploads\/2025\/06\/denim_kurtka_spodnie.jpg\",\"datePublished\":\"2025-06-25T13:12:15+00:00\",\"dateModified\":\"2025-11-14T13:17:18+00:00\",\"breadcrumb\":{\"@id\":\"https:\/\/bythemoon.eu\/en\/product\/spodnie-denimowe-ivy\/#breadcrumb\"},\"inLanguage\":\"en-US\",\"potentialAction\":[{\"@type\":\"ReadAction\",\"target\":[\"https:\/\/bythemoon.eu\/en\/product\/spodnie-denimowe-ivy\/\"]}]},{\"@type\":\"ImageObject\",\"inLanguage\":\"en-US\",\"@id\":\"https:\/\/bythemoon.eu\/en\/product\/spodnie-denimowe-ivy\/#primaryimage\",\"url\":\"https:\/\/bythemoon.eu\/en\/wp-content\/uploads\/2025\/06\/denim_kurtka_spodnie.jpg\",\"contentUrl\":\"https:\/\/bythemoon.eu\/en\/wp-content\/uploads\/2025\/06\/denim_kurtka_spodnie.jpg\",\"width\":1000,\"height\":1400,\"caption\":\"ciemny denim, kurtka, spodnie szerokie nogawki, total denim look, polska marka\"},{\"@type\":\"BreadcrumbList\",\"@id\":\"https:\/\/bythemoon.eu\/en\/product\/spodnie-denimowe-ivy\/#breadcrumb\",\"itemListElement\":[{\"@type\":\"ListItem\",\"position\":1,\"name\":\"Strona g\u0142\u00f3wna\",\"item\":\"https:\/\/bythemoon.eu\/en\/\"},{\"@type\":\"ListItem\",\"position\":2,\"name\":\"Shop\",\"item\":\"https:\/\/bythemoon.eu\/en\/shop\/\"},{\"@type\":\"ListItem\",\"position\":3,\"name\":\"spodnie denimowe Ivy\"}]},{\"@type\":\"WebSite\",\"@id\":\"https:\/\/bythemoon.eu\/en\/#website\",\"url\":\"https:\/\/bythemoon.eu\/en\/\",\"name\":\"By The Moon EN\",\"description\":\"\",\"potentialAction\":[{\"@type\":\"SearchAction\",\"target\":{\"@type\":\"EntryPoint\",\"urlTemplate\":\"https:\/\/bythemoon.eu\/en\/?s={search_term_string}\"},\"query-input\":{\"@type\":\"PropertyValueSpecification\",\"valueRequired\":true,\"valueName\":\"search_term_string\"}}],\"inLanguage\":\"en-US\"}]}<\/script>\n<!-- \/ Yoast SEO plugin. -->","yoast_head_json":{"title":"spodnie denimowe Ivy - By The Moon EN","robots":{"index":"index","follow":"follow","max-snippet":"max-snippet:-1","max-image-preview":"max-image-preview:large","max-video-preview":"max-video-preview:-1"},"canonical":"https:\/\/bythemoon.eu\/en\/product\/spodnie-denimowe-ivy\/","og_locale":"en_US","og_type":"article","og_title":"spodnie denimowe Ivy - By The Moon EN","og_description":"Bardzo kobiece spodnie z denimu w kolorze indygo. Wysoki stan, zaszewki z ty\u0142u i rozszerzane nogawki pi\u0119knie podkre\u015blaj\u0105 i wysmuklaj\u0105 sylwetk\u0119. Szeroko\u015b\u0107 nogawek na dole dodatkowo sprawia, \u017ce spodnie prezentuj\u0105 si\u0119 bardzo zgrabnie, kobieco i nowocze\u015bnie zarazem. Z kolorem denimu kontrastuj\u0105 rude przeszycia nadaj\u0105c spodniom mocnego charakteru. Dodatek elastanu w jeansie sprawia, \u017ce s\u0105 bardzo [...]","og_url":"https:\/\/bythemoon.eu\/en\/product\/spodnie-denimowe-ivy\/","og_site_name":"By The Moon EN","article_modified_time":"2025-11-14T13:17:18+00:00","og_image":[{"width":1000,"height":1400,"url":"https:\/\/bythemoon.eu\/en\/wp-content\/uploads\/2025\/06\/denim_kurtka_spodnie.jpg","type":"image\/jpeg"}],"schema":{"@context":"https:\/\/schema.org","@graph":[{"@type":"WebPage","@id":"https:\/\/bythemoon.eu\/en\/product\/spodnie-denimowe-ivy\/","url":"https:\/\/bythemoon.eu\/en\/product\/spodnie-denimowe-ivy\/","name":"spodnie denimowe Ivy - By The Moon EN","isPartOf":{"@id":"https:\/\/bythemoon.eu\/en\/#website"},"primaryImageOfPage":{"@id":"https:\/\/bythemoon.eu\/en\/product\/spodnie-denimowe-ivy\/#primaryimage"},"image":{"@id":"https:\/\/bythemoon.eu\/en\/product\/spodnie-denimowe-ivy\/#primaryimage"},"thumbnailUrl":"https:\/\/bythemoon.eu\/en\/wp-content\/uploads\/2025\/06\/denim_kurtka_spodnie.jpg","datePublished":"2025-06-25T13:12:15+00:00","dateModified":"2025-11-14T13:17:18+00:00","breadcrumb":{"@id":"https:\/\/bythemoon.eu\/en\/product\/spodnie-denimowe-ivy\/#breadcrumb"},"inLanguage":"en-US","potentialAction":[{"@type":"ReadAction","target":["https:\/\/bythemoon.eu\/en\/product\/spodnie-denimowe-ivy\/"]}]},{"@type":"ImageObject","inLanguage":"en-US","@id":"https:\/\/bythemoon.eu\/en\/product\/spodnie-denimowe-ivy\/#primaryimage","url":"https:\/\/bythemoon.eu\/en\/wp-content\/uploads\/2025\/06\/denim_kurtka_spodnie.jpg","contentUrl":"https:\/\/bythemoon.eu\/en\/wp-content\/uploads\/2025\/06\/denim_kurtka_spodnie.jpg","width":1000,"height":1400,"caption":"ciemny denim, kurtka, spodnie szerokie nogawki, total denim look, polska marka"},{"@type":"BreadcrumbList","@id":"https:\/\/bythemoon.eu\/en\/product\/spodnie-denimowe-ivy\/#breadcrumb","itemListElement":[{"@type":"ListItem","position":1,"name":"Strona g\u0142\u00f3wna","item":"https:\/\/bythemoon.eu\/en\/"},{"@type":"ListItem","position":2,"name":"Shop","item":"https:\/\/bythemoon.eu\/en\/shop\/"},{"@type":"ListItem","position":3,"name":"spodnie denimowe Ivy"}]},{"@type":"WebSite","@id":"https:\/\/bythemoon.eu\/en\/#website","url":"https:\/\/bythemoon.eu\/en\/","name":"By The Moon EN","description":"","potentialAction":[{"@type":"SearchAction","target":{"@type":"EntryPoint","urlTemplate":"https:\/\/bythemoon.eu\/en\/?s={search_term_string}"},"query-input":{"@type":"PropertyValueSpecification","valueRequired":true,"valueName":"search_term_string"}}],"inLanguage":"en-US"}]}},"_links":{"self":[{"href":"https:\/\/bythemoon.eu\/en\/wp-json\/wp\/v2\/product\/6070","targetHints":{"allow":["GET"]}}],"collection":[{"href":"https:\/\/bythemoon.eu\/en\/wp-json\/wp\/v2\/product"}],"about":[{"href":"https:\/\/bythemoon.eu\/en\/wp-json\/wp\/v2\/types\/product"}],"wp:featuredmedia":[{"embeddable":true,"href":"https:\/\/bythemoon.eu\/en\/wp-json\/wp\/v2\/media\/6071"}],"wp:attachment":[{"href":"https:\/\/bythemoon.eu\/en\/wp-json\/wp\/v2\/media?parent=6070"}],"wp:term":[{"taxonomy":"product_brand","embeddable":true,"href":"https:\/\/bythemoon.eu\/en\/wp-json\/wp\/v2\/product_brand?post=6070"},{"taxonomy":"product_cat","embeddable":true,"href":"https:\/\/bythemoon.eu\/en\/wp-json\/wp\/v2\/product_cat?post=6070"},{"taxonomy":"product_tag","embeddable":true,"href":"https:\/\/bythemoon.eu\/en\/wp-json\/wp\/v2\/product_tag?post=6070"}],"curies":[{"name":"wp","href":"https:\/\/api.w.org\/{rel}","templated":true}]}}