{"id":6064,"date":"2025-06-25T15:12:15","date_gmt":"2025-06-25T13:12:15","guid":{"rendered":"https:\/\/bythemoon.eu\/en\/produkt\/spodnica-juliette-vanilla\/"},"modified":"2025-11-14T14:17:19","modified_gmt":"2025-11-14T13:17:19","slug":"spodnica-juliette-vanilla","status":"publish","type":"product","link":"https:\/\/bythemoon.eu\/en\/product\/spodnica-juliette-vanilla\/","title":{"rendered":"sp\u00f3dnica Juliette Vanilla"},"content":{"rendered":"<p><span style=\"font-size: 13.5pt;font-family: 'Calibri',sans-serif\">Pi\u0119kna, maxi sp\u00f3dnica w stylu slip skirt w niezwykle wyj\u0105tkowym odcieniu wanilii. Uszyta ze skosu, dzi\u0119ki czemu pi\u0119knie op\u0142ywa sylwetk\u0119, <\/span><span style=\"font-family: Calibri, sans-serif;font-size: 18px\">z gumk\u0105 w pasie<\/span><span style=\"font-family: Calibri, sans-serif;font-size: 13.5pt\">. Delikatny i ciep\u0142y kolor, a tak\u017ce nieoczywista i lekko po\u0142yskuj\u0105ca faktura tkaniny, dodaje jej oryginalno\u015bci i subtelnej elegancji. Bardzo uniwersalna. \u015awietnie wygl\u0105da zar\u00f3wno z mini topem, jak i T-shirtem lub grubym swetrem. Mo\u017cna j\u0105 nosi\u0107 ca\u0142y rok &#8211; do klapek, trampek lub balerinek. Idealna na letnie dni, ale tak\u017ce na ch\u0142odniejsze pory. Po\u0142\u0105cz z jednym z naszych 3 top\u00f3w Juliette, aby uzyska\u0107 pi\u0119kny, wakacyjny look.<\/span><\/p>\n<p>Modelka ma na sobie rozm. XS, ma 164 cm wzrostu.<\/p>\n<p><strong>Sk\u0142ad:<\/strong> 100% wiskoza<\/p>\n<p><strong>Wymiary sp\u00f3dnicy:<\/strong><\/p>\n<table style=\"height: 158px\" width=\"522\">\n<tbody>\n<tr>\n<td width=\"103\"><\/td>\n<td style=\"text-align: center\" width=\"64\"><strong>XS<\/strong><\/td>\n<td style=\"text-align: center\" width=\"64\"><strong>S<\/strong><\/td>\n<td style=\"text-align: center\" width=\"64\"><strong>M<\/strong><\/td>\n<td style=\"text-align: center\" width=\"64\"><strong>L<\/strong><\/td>\n<\/tr>\n<tr>\n<td style=\"text-align: center\">szer. w pasie<\/td>\n<td style=\"text-align: center\">31<\/td>\n<td style=\"text-align: center\">33<\/td>\n<td style=\"text-align: center\">35<\/td>\n<td style=\"text-align: center\">37<\/td>\n<\/tr>\n<tr>\n<td style=\"text-align: center\">szer. w biodrach<\/td>\n<td style=\"text-align: center\">42<\/td>\n<td style=\"text-align: center\">45<\/td>\n<td style=\"text-align: center\">48<\/td>\n<td style=\"text-align: center\">51<\/td>\n<\/tr>\n<tr>\n<td style=\"text-align: center\">d\u0142ugo\u015b\u0107<\/td>\n<td style=\"text-align: center\">92<\/td>\n<td style=\"text-align: center\">92<\/td>\n<td style=\"text-align: center\">92<\/td>\n<td style=\"text-align: center\">92<\/td>\n<\/tr>\n<\/tbody>\n<\/table>\n","protected":false},"excerpt":{"rendered":"<p>Pi\u0119kna, maxi sp\u00f3dnica w stylu slip skirt w niezwykle wyj\u0105tkowym odcieniu wanilii. Uszyta ze skosu, dzi\u0119ki czemu pi\u0119knie op\u0142ywa sylwetk\u0119, z gumk\u0105 w pasie. Delikatny i ciep\u0142y kolor, a tak\u017ce nieoczywista i lekko po\u0142yskuj\u0105ca faktura tkaniny, dodaje jej oryginalno\u015bci i subtelnej elegancji. Bardzo uniwersalna. \u015awietnie wygl\u0105da zar\u00f3wno z mini topem, jak i T-shirtem lub grubym [&#8230;]\n","protected":false},"featured_media":6023,"template":"","meta":[],"product_brand":[],"product_cat":[21,55,38],"product_tag":[],"class_list":{"0":"post-6064","1":"product","2":"type-product","3":"status-publish","4":"has-post-thumbnail","6":"product_cat-btm-en","7":"product_cat-sale","8":"product_cat-skirts","10":"first","11":"instock","12":"sale","13":"taxable","14":"shipping-taxable","15":"purchasable","16":"product-type-variable"},"yoast_head":"<!-- This site is optimized with the Yoast SEO plugin v27.0 - https:\/\/yoast.com\/product\/yoast-seo-wordpress\/ -->\n<title>sp\u00f3dnica Juliette Vanilla - By The Moon EN<\/title>\n<meta name=\"robots\" content=\"index, follow, max-snippet:-1, max-image-preview:large, max-video-preview:-1\" \/>\n<link rel=\"canonical\" href=\"https:\/\/bythemoon.eu\/en\/product\/spodnica-juliette-vanilla\/\" \/>\n<meta property=\"og:locale\" content=\"en_US\" \/>\n<meta property=\"og:type\" content=\"article\" \/>\n<meta property=\"og:title\" content=\"sp\u00f3dnica Juliette Vanilla - By The Moon EN\" \/>\n<meta property=\"og:description\" content=\"Pi\u0119kna, maxi sp\u00f3dnica w stylu slip skirt w niezwykle wyj\u0105tkowym odcieniu wanilii. Uszyta ze skosu, dzi\u0119ki czemu pi\u0119knie op\u0142ywa sylwetk\u0119, z gumk\u0105 w pasie. Delikatny i ciep\u0142y kolor, a tak\u017ce nieoczywista i lekko po\u0142yskuj\u0105ca faktura tkaniny, dodaje jej oryginalno\u015bci i subtelnej elegancji. Bardzo uniwersalna. \u015awietnie wygl\u0105da zar\u00f3wno z mini topem, jak i T-shirtem lub grubym [...]\" \/>\n<meta property=\"og:url\" content=\"https:\/\/bythemoon.eu\/en\/product\/spodnica-juliette-vanilla\/\" \/>\n<meta property=\"og:site_name\" content=\"By The Moon EN\" \/>\n<meta property=\"article:modified_time\" content=\"2025-11-14T13:17:19+00:00\" \/>\n<meta property=\"og:image\" content=\"https:\/\/bythemoon.eu\/en\/wp-content\/uploads\/2025\/06\/spodnica-vanilla1.jpg\" \/>\n\t<meta property=\"og:image:width\" content=\"1000\" \/>\n\t<meta property=\"og:image:height\" content=\"1400\" \/>\n\t<meta property=\"og:image:type\" content=\"image\/jpeg\" \/>\n<script type=\"application\/ld+json\" class=\"yoast-schema-graph\">{\"@context\":\"https:\/\/schema.org\",\"@graph\":[{\"@type\":\"WebPage\",\"@id\":\"https:\/\/bythemoon.eu\/en\/product\/spodnica-juliette-vanilla\/\",\"url\":\"https:\/\/bythemoon.eu\/en\/product\/spodnica-juliette-vanilla\/\",\"name\":\"sp\u00f3dnica Juliette Vanilla - By The Moon EN\",\"isPartOf\":{\"@id\":\"https:\/\/bythemoon.eu\/en\/#website\"},\"primaryImageOfPage\":{\"@id\":\"https:\/\/bythemoon.eu\/en\/product\/spodnica-juliette-vanilla\/#primaryimage\"},\"image\":{\"@id\":\"https:\/\/bythemoon.eu\/en\/product\/spodnica-juliette-vanilla\/#primaryimage\"},\"thumbnailUrl\":\"https:\/\/bythemoon.eu\/en\/wp-content\/uploads\/2025\/06\/spodnica-vanilla1.jpg\",\"datePublished\":\"2025-06-25T13:12:15+00:00\",\"dateModified\":\"2025-11-14T13:17:19+00:00\",\"breadcrumb\":{\"@id\":\"https:\/\/bythemoon.eu\/en\/product\/spodnica-juliette-vanilla\/#breadcrumb\"},\"inLanguage\":\"en-US\",\"potentialAction\":[{\"@type\":\"ReadAction\",\"target\":[\"https:\/\/bythemoon.eu\/en\/product\/spodnica-juliette-vanilla\/\"]}]},{\"@type\":\"ImageObject\",\"inLanguage\":\"en-US\",\"@id\":\"https:\/\/bythemoon.eu\/en\/product\/spodnica-juliette-vanilla\/#primaryimage\",\"url\":\"https:\/\/bythemoon.eu\/en\/wp-content\/uploads\/2025\/06\/spodnica-vanilla1.jpg\",\"contentUrl\":\"https:\/\/bythemoon.eu\/en\/wp-content\/uploads\/2025\/06\/spodnica-vanilla1.jpg\",\"width\":1000,\"height\":1400,\"caption\":\"top w panterk\u0119 na rami\u0105czkach, d\u0142uga sp\u00f3dnica slip skirt, jasna, ecru,, z wiskozy, polska marka\"},{\"@type\":\"BreadcrumbList\",\"@id\":\"https:\/\/bythemoon.eu\/en\/product\/spodnica-juliette-vanilla\/#breadcrumb\",\"itemListElement\":[{\"@type\":\"ListItem\",\"position\":1,\"name\":\"Strona g\u0142\u00f3wna\",\"item\":\"https:\/\/bythemoon.eu\/en\/\"},{\"@type\":\"ListItem\",\"position\":2,\"name\":\"Shop\",\"item\":\"https:\/\/bythemoon.eu\/en\/shop\/\"},{\"@type\":\"ListItem\",\"position\":3,\"name\":\"sp\u00f3dnica Juliette Vanilla\"}]},{\"@type\":\"WebSite\",\"@id\":\"https:\/\/bythemoon.eu\/en\/#website\",\"url\":\"https:\/\/bythemoon.eu\/en\/\",\"name\":\"By The Moon EN\",\"description\":\"\",\"potentialAction\":[{\"@type\":\"SearchAction\",\"target\":{\"@type\":\"EntryPoint\",\"urlTemplate\":\"https:\/\/bythemoon.eu\/en\/?s={search_term_string}\"},\"query-input\":{\"@type\":\"PropertyValueSpecification\",\"valueRequired\":true,\"valueName\":\"search_term_string\"}}],\"inLanguage\":\"en-US\"}]}<\/script>\n<!-- \/ Yoast SEO plugin. -->","yoast_head_json":{"title":"sp\u00f3dnica Juliette Vanilla - By The Moon EN","robots":{"index":"index","follow":"follow","max-snippet":"max-snippet:-1","max-image-preview":"max-image-preview:large","max-video-preview":"max-video-preview:-1"},"canonical":"https:\/\/bythemoon.eu\/en\/product\/spodnica-juliette-vanilla\/","og_locale":"en_US","og_type":"article","og_title":"sp\u00f3dnica Juliette Vanilla - By The Moon EN","og_description":"Pi\u0119kna, maxi sp\u00f3dnica w stylu slip skirt w niezwykle wyj\u0105tkowym odcieniu wanilii. Uszyta ze skosu, dzi\u0119ki czemu pi\u0119knie op\u0142ywa sylwetk\u0119, z gumk\u0105 w pasie. Delikatny i ciep\u0142y kolor, a tak\u017ce nieoczywista i lekko po\u0142yskuj\u0105ca faktura tkaniny, dodaje jej oryginalno\u015bci i subtelnej elegancji. Bardzo uniwersalna. \u015awietnie wygl\u0105da zar\u00f3wno z mini topem, jak i T-shirtem lub grubym [...]","og_url":"https:\/\/bythemoon.eu\/en\/product\/spodnica-juliette-vanilla\/","og_site_name":"By The Moon EN","article_modified_time":"2025-11-14T13:17:19+00:00","og_image":[{"width":1000,"height":1400,"url":"https:\/\/bythemoon.eu\/en\/wp-content\/uploads\/2025\/06\/spodnica-vanilla1.jpg","type":"image\/jpeg"}],"schema":{"@context":"https:\/\/schema.org","@graph":[{"@type":"WebPage","@id":"https:\/\/bythemoon.eu\/en\/product\/spodnica-juliette-vanilla\/","url":"https:\/\/bythemoon.eu\/en\/product\/spodnica-juliette-vanilla\/","name":"sp\u00f3dnica Juliette Vanilla - By The Moon EN","isPartOf":{"@id":"https:\/\/bythemoon.eu\/en\/#website"},"primaryImageOfPage":{"@id":"https:\/\/bythemoon.eu\/en\/product\/spodnica-juliette-vanilla\/#primaryimage"},"image":{"@id":"https:\/\/bythemoon.eu\/en\/product\/spodnica-juliette-vanilla\/#primaryimage"},"thumbnailUrl":"https:\/\/bythemoon.eu\/en\/wp-content\/uploads\/2025\/06\/spodnica-vanilla1.jpg","datePublished":"2025-06-25T13:12:15+00:00","dateModified":"2025-11-14T13:17:19+00:00","breadcrumb":{"@id":"https:\/\/bythemoon.eu\/en\/product\/spodnica-juliette-vanilla\/#breadcrumb"},"inLanguage":"en-US","potentialAction":[{"@type":"ReadAction","target":["https:\/\/bythemoon.eu\/en\/product\/spodnica-juliette-vanilla\/"]}]},{"@type":"ImageObject","inLanguage":"en-US","@id":"https:\/\/bythemoon.eu\/en\/product\/spodnica-juliette-vanilla\/#primaryimage","url":"https:\/\/bythemoon.eu\/en\/wp-content\/uploads\/2025\/06\/spodnica-vanilla1.jpg","contentUrl":"https:\/\/bythemoon.eu\/en\/wp-content\/uploads\/2025\/06\/spodnica-vanilla1.jpg","width":1000,"height":1400,"caption":"top w panterk\u0119 na rami\u0105czkach, d\u0142uga sp\u00f3dnica slip skirt, jasna, ecru,, z wiskozy, polska marka"},{"@type":"BreadcrumbList","@id":"https:\/\/bythemoon.eu\/en\/product\/spodnica-juliette-vanilla\/#breadcrumb","itemListElement":[{"@type":"ListItem","position":1,"name":"Strona g\u0142\u00f3wna","item":"https:\/\/bythemoon.eu\/en\/"},{"@type":"ListItem","position":2,"name":"Shop","item":"https:\/\/bythemoon.eu\/en\/shop\/"},{"@type":"ListItem","position":3,"name":"sp\u00f3dnica Juliette Vanilla"}]},{"@type":"WebSite","@id":"https:\/\/bythemoon.eu\/en\/#website","url":"https:\/\/bythemoon.eu\/en\/","name":"By The Moon EN","description":"","potentialAction":[{"@type":"SearchAction","target":{"@type":"EntryPoint","urlTemplate":"https:\/\/bythemoon.eu\/en\/?s={search_term_string}"},"query-input":{"@type":"PropertyValueSpecification","valueRequired":true,"valueName":"search_term_string"}}],"inLanguage":"en-US"}]}},"_links":{"self":[{"href":"https:\/\/bythemoon.eu\/en\/wp-json\/wp\/v2\/product\/6064","targetHints":{"allow":["GET"]}}],"collection":[{"href":"https:\/\/bythemoon.eu\/en\/wp-json\/wp\/v2\/product"}],"about":[{"href":"https:\/\/bythemoon.eu\/en\/wp-json\/wp\/v2\/types\/product"}],"wp:featuredmedia":[{"embeddable":true,"href":"https:\/\/bythemoon.eu\/en\/wp-json\/wp\/v2\/media\/6023"}],"wp:attachment":[{"href":"https:\/\/bythemoon.eu\/en\/wp-json\/wp\/v2\/media?parent=6064"}],"wp:term":[{"taxonomy":"product_brand","embeddable":true,"href":"https:\/\/bythemoon.eu\/en\/wp-json\/wp\/v2\/product_brand?post=6064"},{"taxonomy":"product_cat","embeddable":true,"href":"https:\/\/bythemoon.eu\/en\/wp-json\/wp\/v2\/product_cat?post=6064"},{"taxonomy":"product_tag","embeddable":true,"href":"https:\/\/bythemoon.eu\/en\/wp-json\/wp\/v2\/product_tag?post=6064"}],"curies":[{"name":"wp","href":"https:\/\/api.w.org\/{rel}","templated":true}]}}