{"id":6039,"date":"2025-06-25T15:12:11","date_gmt":"2025-06-25T13:12:11","guid":{"rendered":"https:\/\/bythemoon.eu\/en\/produkt\/top-na-ramiaczkach-juliette-noir\/"},"modified":"2025-11-14T14:17:20","modified_gmt":"2025-11-14T13:17:20","slug":"top-na-ramiaczkach-juliette-noir","status":"publish","type":"product","link":"https:\/\/bythemoon.eu\/en\/product\/top-na-ramiaczkach-juliette-noir\/","title":{"rendered":"top na rami\u0105czkach Juliette Noir"},"content":{"rendered":"<p>Czarny damski mini top na cienkich rami\u0105czkach, z g\u0142\u0119bokim dekoltem w kszta\u0142cie V to kwintesencja minimalistycznego szyku po\u0142\u0105czonego z prost\u0105 elegancj\u0105. Wykonany z ultralekkiej tkaniny, zwiewnie op\u0142ywa sylwetk\u0119, dodaj\u0105c stylizacji lekko\u015bci. G\u0142\u0119boki dekolt w kszta\u0142cie V pi\u0119knie eksponuje ramiona i dekolt, dodaj\u0105c subtelnego uroku. Lekko\u015b\u0107 i przewiewno\u015b\u0107 materia\u0142u czyni\u0105 go idealnym na ciep\u0142e dni i gor\u0105ce wieczory. Mo\u017cna go \u0142atwo z\u0142o\u017cy\u0107 i schowa\u0107 do torebki, co pozwala na szybk\u0105 zmian\u0119 stylizacji w ka\u017cdej chwili;-) Po\u0142\u0105cz go ze sp\u00f3dnic\u0105, szortami lub spodniami.<\/p>\n<p>&nbsp;<\/p>\n<p><strong>Wymiary topu<\/strong>:<\/p>\n<table style=\"height: 112px\" width=\"500\">\n<tbody>\n<tr>\n<td width=\"103\"><\/td>\n<td style=\"text-align: center\" width=\"64\"><strong>XS<\/strong><\/td>\n<td style=\"text-align: center\" width=\"64\"><strong>S<\/strong><\/td>\n<td style=\"text-align: center\" width=\"64\"><strong>M<\/strong><\/td>\n<td style=\"text-align: center\" width=\"64\"><strong>L<\/strong><\/td>\n<\/tr>\n<tr>\n<td style=\"text-align: center\">szer. w biu\u015bcie<\/td>\n<td style=\"text-align: center\">44<\/td>\n<td style=\"text-align: center\">46<\/td>\n<td style=\"text-align: center\">48<\/td>\n<td style=\"text-align: center\">50<\/td>\n<\/tr>\n<tr>\n<td style=\"text-align: center\">d\u0142ugo\u015b\u0107<\/td>\n<td style=\"text-align: center\">52<\/td>\n<td style=\"text-align: center\">54<\/td>\n<td style=\"text-align: center\">54<\/td>\n<td style=\"text-align: center\">56<\/td>\n<\/tr>\n<\/tbody>\n<\/table>\n","protected":false},"excerpt":{"rendered":"<p>Czarny damski mini top na cienkich rami\u0105czkach, z g\u0142\u0119bokim dekoltem w kszta\u0142cie V to kwintesencja minimalistycznego szyku po\u0142\u0105czonego z prost\u0105 elegancj\u0105. Wykonany z ultralekkiej tkaniny, zwiewnie op\u0142ywa sylwetk\u0119, dodaj\u0105c stylizacji lekko\u015bci. G\u0142\u0119boki dekolt w kszta\u0142cie V pi\u0119knie eksponuje ramiona i dekolt, dodaj\u0105c subtelnego uroku. Lekko\u015b\u0107 i przewiewno\u015b\u0107 materia\u0142u czyni\u0105 go idealnym na ciep\u0142e dni i [&#8230;]\n","protected":false},"featured_media":6040,"template":"","meta":[],"product_brand":[],"product_cat":[23,21],"product_tag":[],"class_list":{"0":"post-6039","1":"product","2":"type-product","3":"status-publish","4":"has-post-thumbnail","6":"product_cat-blouses-longsleeves","7":"product_cat-btm-en","9":"first","10":"instock","11":"sale","12":"taxable","13":"shipping-taxable","14":"purchasable","15":"product-type-variable"},"yoast_head":"<!-- This site is optimized with the Yoast SEO plugin v27.0 - https:\/\/yoast.com\/product\/yoast-seo-wordpress\/ -->\n<title>top na rami\u0105czkach Juliette Noir - By The Moon EN<\/title>\n<meta name=\"robots\" content=\"index, follow, max-snippet:-1, max-image-preview:large, max-video-preview:-1\" \/>\n<link rel=\"canonical\" href=\"https:\/\/bythemoon.eu\/en\/product\/top-na-ramiaczkach-juliette-noir\/\" \/>\n<meta property=\"og:locale\" content=\"en_US\" \/>\n<meta property=\"og:type\" content=\"article\" \/>\n<meta property=\"og:title\" content=\"top na rami\u0105czkach Juliette Noir - By The Moon EN\" \/>\n<meta property=\"og:description\" content=\"Czarny damski mini top na cienkich rami\u0105czkach, z g\u0142\u0119bokim dekoltem w kszta\u0142cie V to kwintesencja minimalistycznego szyku po\u0142\u0105czonego z prost\u0105 elegancj\u0105. Wykonany z ultralekkiej tkaniny, zwiewnie op\u0142ywa sylwetk\u0119, dodaj\u0105c stylizacji lekko\u015bci. G\u0142\u0119boki dekolt w kszta\u0142cie V pi\u0119knie eksponuje ramiona i dekolt, dodaj\u0105c subtelnego uroku. Lekko\u015b\u0107 i przewiewno\u015b\u0107 materia\u0142u czyni\u0105 go idealnym na ciep\u0142e dni i [...]\" \/>\n<meta property=\"og:url\" content=\"https:\/\/bythemoon.eu\/en\/product\/top-na-ramiaczkach-juliette-noir\/\" \/>\n<meta property=\"og:site_name\" content=\"By The Moon EN\" \/>\n<meta property=\"article:modified_time\" content=\"2025-11-14T13:17:20+00:00\" \/>\n<meta property=\"og:image\" content=\"https:\/\/bythemoon.eu\/en\/wp-content\/uploads\/2025\/06\/topspodnica-mix.jpg\" \/>\n\t<meta property=\"og:image:width\" content=\"1000\" \/>\n\t<meta property=\"og:image:height\" content=\"1400\" \/>\n\t<meta property=\"og:image:type\" content=\"image\/jpeg\" \/>\n<script type=\"application\/ld+json\" class=\"yoast-schema-graph\">{\"@context\":\"https:\/\/schema.org\",\"@graph\":[{\"@type\":\"WebPage\",\"@id\":\"https:\/\/bythemoon.eu\/en\/product\/top-na-ramiaczkach-juliette-noir\/\",\"url\":\"https:\/\/bythemoon.eu\/en\/product\/top-na-ramiaczkach-juliette-noir\/\",\"name\":\"top na rami\u0105czkach Juliette Noir - By The Moon EN\",\"isPartOf\":{\"@id\":\"https:\/\/bythemoon.eu\/en\/#website\"},\"primaryImageOfPage\":{\"@id\":\"https:\/\/bythemoon.eu\/en\/product\/top-na-ramiaczkach-juliette-noir\/#primaryimage\"},\"image\":{\"@id\":\"https:\/\/bythemoon.eu\/en\/product\/top-na-ramiaczkach-juliette-noir\/#primaryimage\"},\"thumbnailUrl\":\"https:\/\/bythemoon.eu\/en\/wp-content\/uploads\/2025\/06\/topspodnica-mix.jpg\",\"datePublished\":\"2025-06-25T13:12:11+00:00\",\"dateModified\":\"2025-11-14T13:17:20+00:00\",\"breadcrumb\":{\"@id\":\"https:\/\/bythemoon.eu\/en\/product\/top-na-ramiaczkach-juliette-noir\/#breadcrumb\"},\"inLanguage\":\"en-US\",\"potentialAction\":[{\"@type\":\"ReadAction\",\"target\":[\"https:\/\/bythemoon.eu\/en\/product\/top-na-ramiaczkach-juliette-noir\/\"]}]},{\"@type\":\"ImageObject\",\"inLanguage\":\"en-US\",\"@id\":\"https:\/\/bythemoon.eu\/en\/product\/top-na-ramiaczkach-juliette-noir\/#primaryimage\",\"url\":\"https:\/\/bythemoon.eu\/en\/wp-content\/uploads\/2025\/06\/topspodnica-mix.jpg\",\"contentUrl\":\"https:\/\/bythemoon.eu\/en\/wp-content\/uploads\/2025\/06\/topspodnica-mix.jpg\",\"width\":1000,\"height\":1400,\"caption\":\"czarny top na rami\u0105czkach, damski, z dekoltem, z wiskozy, polska marka, sexy, bluzka na lato, na upa\u0142, haleczka czarna, koszulka\"},{\"@type\":\"BreadcrumbList\",\"@id\":\"https:\/\/bythemoon.eu\/en\/product\/top-na-ramiaczkach-juliette-noir\/#breadcrumb\",\"itemListElement\":[{\"@type\":\"ListItem\",\"position\":1,\"name\":\"Strona g\u0142\u00f3wna\",\"item\":\"https:\/\/bythemoon.eu\/en\/\"},{\"@type\":\"ListItem\",\"position\":2,\"name\":\"Shop\",\"item\":\"https:\/\/bythemoon.eu\/en\/shop\/\"},{\"@type\":\"ListItem\",\"position\":3,\"name\":\"top na rami\u0105czkach Juliette Noir\"}]},{\"@type\":\"WebSite\",\"@id\":\"https:\/\/bythemoon.eu\/en\/#website\",\"url\":\"https:\/\/bythemoon.eu\/en\/\",\"name\":\"By The Moon EN\",\"description\":\"\",\"potentialAction\":[{\"@type\":\"SearchAction\",\"target\":{\"@type\":\"EntryPoint\",\"urlTemplate\":\"https:\/\/bythemoon.eu\/en\/?s={search_term_string}\"},\"query-input\":{\"@type\":\"PropertyValueSpecification\",\"valueRequired\":true,\"valueName\":\"search_term_string\"}}],\"inLanguage\":\"en-US\"}]}<\/script>\n<!-- \/ Yoast SEO plugin. -->","yoast_head_json":{"title":"top na rami\u0105czkach Juliette Noir - By The Moon EN","robots":{"index":"index","follow":"follow","max-snippet":"max-snippet:-1","max-image-preview":"max-image-preview:large","max-video-preview":"max-video-preview:-1"},"canonical":"https:\/\/bythemoon.eu\/en\/product\/top-na-ramiaczkach-juliette-noir\/","og_locale":"en_US","og_type":"article","og_title":"top na rami\u0105czkach Juliette Noir - By The Moon EN","og_description":"Czarny damski mini top na cienkich rami\u0105czkach, z g\u0142\u0119bokim dekoltem w kszta\u0142cie V to kwintesencja minimalistycznego szyku po\u0142\u0105czonego z prost\u0105 elegancj\u0105. Wykonany z ultralekkiej tkaniny, zwiewnie op\u0142ywa sylwetk\u0119, dodaj\u0105c stylizacji lekko\u015bci. G\u0142\u0119boki dekolt w kszta\u0142cie V pi\u0119knie eksponuje ramiona i dekolt, dodaj\u0105c subtelnego uroku. Lekko\u015b\u0107 i przewiewno\u015b\u0107 materia\u0142u czyni\u0105 go idealnym na ciep\u0142e dni i [...]","og_url":"https:\/\/bythemoon.eu\/en\/product\/top-na-ramiaczkach-juliette-noir\/","og_site_name":"By The Moon EN","article_modified_time":"2025-11-14T13:17:20+00:00","og_image":[{"width":1000,"height":1400,"url":"https:\/\/bythemoon.eu\/en\/wp-content\/uploads\/2025\/06\/topspodnica-mix.jpg","type":"image\/jpeg"}],"schema":{"@context":"https:\/\/schema.org","@graph":[{"@type":"WebPage","@id":"https:\/\/bythemoon.eu\/en\/product\/top-na-ramiaczkach-juliette-noir\/","url":"https:\/\/bythemoon.eu\/en\/product\/top-na-ramiaczkach-juliette-noir\/","name":"top na rami\u0105czkach Juliette Noir - By The Moon EN","isPartOf":{"@id":"https:\/\/bythemoon.eu\/en\/#website"},"primaryImageOfPage":{"@id":"https:\/\/bythemoon.eu\/en\/product\/top-na-ramiaczkach-juliette-noir\/#primaryimage"},"image":{"@id":"https:\/\/bythemoon.eu\/en\/product\/top-na-ramiaczkach-juliette-noir\/#primaryimage"},"thumbnailUrl":"https:\/\/bythemoon.eu\/en\/wp-content\/uploads\/2025\/06\/topspodnica-mix.jpg","datePublished":"2025-06-25T13:12:11+00:00","dateModified":"2025-11-14T13:17:20+00:00","breadcrumb":{"@id":"https:\/\/bythemoon.eu\/en\/product\/top-na-ramiaczkach-juliette-noir\/#breadcrumb"},"inLanguage":"en-US","potentialAction":[{"@type":"ReadAction","target":["https:\/\/bythemoon.eu\/en\/product\/top-na-ramiaczkach-juliette-noir\/"]}]},{"@type":"ImageObject","inLanguage":"en-US","@id":"https:\/\/bythemoon.eu\/en\/product\/top-na-ramiaczkach-juliette-noir\/#primaryimage","url":"https:\/\/bythemoon.eu\/en\/wp-content\/uploads\/2025\/06\/topspodnica-mix.jpg","contentUrl":"https:\/\/bythemoon.eu\/en\/wp-content\/uploads\/2025\/06\/topspodnica-mix.jpg","width":1000,"height":1400,"caption":"czarny top na rami\u0105czkach, damski, z dekoltem, z wiskozy, polska marka, sexy, bluzka na lato, na upa\u0142, haleczka czarna, koszulka"},{"@type":"BreadcrumbList","@id":"https:\/\/bythemoon.eu\/en\/product\/top-na-ramiaczkach-juliette-noir\/#breadcrumb","itemListElement":[{"@type":"ListItem","position":1,"name":"Strona g\u0142\u00f3wna","item":"https:\/\/bythemoon.eu\/en\/"},{"@type":"ListItem","position":2,"name":"Shop","item":"https:\/\/bythemoon.eu\/en\/shop\/"},{"@type":"ListItem","position":3,"name":"top na rami\u0105czkach Juliette Noir"}]},{"@type":"WebSite","@id":"https:\/\/bythemoon.eu\/en\/#website","url":"https:\/\/bythemoon.eu\/en\/","name":"By The Moon EN","description":"","potentialAction":[{"@type":"SearchAction","target":{"@type":"EntryPoint","urlTemplate":"https:\/\/bythemoon.eu\/en\/?s={search_term_string}"},"query-input":{"@type":"PropertyValueSpecification","valueRequired":true,"valueName":"search_term_string"}}],"inLanguage":"en-US"}]}},"_links":{"self":[{"href":"https:\/\/bythemoon.eu\/en\/wp-json\/wp\/v2\/product\/6039","targetHints":{"allow":["GET"]}}],"collection":[{"href":"https:\/\/bythemoon.eu\/en\/wp-json\/wp\/v2\/product"}],"about":[{"href":"https:\/\/bythemoon.eu\/en\/wp-json\/wp\/v2\/types\/product"}],"wp:featuredmedia":[{"embeddable":true,"href":"https:\/\/bythemoon.eu\/en\/wp-json\/wp\/v2\/media\/6040"}],"wp:attachment":[{"href":"https:\/\/bythemoon.eu\/en\/wp-json\/wp\/v2\/media?parent=6039"}],"wp:term":[{"taxonomy":"product_brand","embeddable":true,"href":"https:\/\/bythemoon.eu\/en\/wp-json\/wp\/v2\/product_brand?post=6039"},{"taxonomy":"product_cat","embeddable":true,"href":"https:\/\/bythemoon.eu\/en\/wp-json\/wp\/v2\/product_cat?post=6039"},{"taxonomy":"product_tag","embeddable":true,"href":"https:\/\/bythemoon.eu\/en\/wp-json\/wp\/v2\/product_tag?post=6039"}],"curies":[{"name":"wp","href":"https:\/\/api.w.org\/{rel}","templated":true}]}}